{"id":3521375,"date":"2024-07-31T09:57:03","date_gmt":"2024-07-31T07:57:03","guid":{"rendered":"https:\/\/start.finder-portal.com\/zahlungsmethoden\/"},"modified":"2024-07-31T11:40:59","modified_gmt":"2024-07-31T09:40:59","slug":"zahlungsmethoden","status":"publish","type":"page","link":"https:\/\/start.finder-portal.com\/de\/zahlungsmethoden\/","title":{"rendered":"Zahlungsmethoden"},"content":{"rendered":"\n<div class=\"row\"  id=\"row-237451333\">\n\n\n\t<div id=\"col-1618129509\" class=\"col small-12 large-12\"  >\n\t\t\t\t<div class=\"col-inner\"  >\n\t\t\t\n\t\t\t\n\n\t<div id=\"gap-1364324474\" class=\"gap-element clearfix\" style=\"display:block; height:auto;\">\n\t\t\n<style>\n#gap-1364324474 {\n  padding-top: 30px;\n}\n<\/style>\n\t<\/div>\n\t\n\n<h1 style=\"text-align: center;\"><span style=\"font-size: 120%;\">Zahlungsmethoden<\/span><\/h1>\n\t<div id=\"gap-652919949\" class=\"gap-element clearfix\" style=\"display:block; height:auto;\">\n\t\t\n<style>\n#gap-652919949 {\n  padding-top: 30px;\n}\n<\/style>\n\t<\/div>\n\t\n\n\n\t\t<\/div>\n\t\t\t\t\t<\/div>\n\n\t\n\n<\/div>\n<div class=\"row\"  id=\"row-855331775\">\n\n\n\t<div id=\"col-887011180\" class=\"col medium-3 small-12 large-3\"  >\n\t\t\t\t<div class=\"col-inner\"  >\n\t\t\t\n\t\t\t\n\n\t<div class=\"img has-hover x md-x lg-x y md-y lg-y\" id=\"image_441046721\">\n\t\t\t\t\t\t\t\t<div class=\"img-inner dark\" >\n\t\t\t<img loading=\"lazy\" decoding=\"async\" width=\"437\" height=\"115\" src=\"https:\/\/start.finder-portal.com\/wp-content\/uploads\/2024\/07\/paypal-logo.png\" class=\"attachment-original size-original\" alt=\"PayPal Logo\" srcset=\"https:\/\/start.finder-portal.com\/wp-content\/uploads\/2024\/07\/paypal-logo.png 437w, https:\/\/start.finder-portal.com\/wp-content\/uploads\/2024\/07\/paypal-logo-200x53.png 200w, https:\/\/start.finder-portal.com\/wp-content\/uploads\/2024\/07\/paypal-logo-50x13.png 50w, https:\/\/start.finder-portal.com\/wp-content\/uploads\/2024\/07\/paypal-logo-300x79.png 300w\" sizes=\"auto, (max-width: 437px) 100vw, 437px\" \/>\t\t\t\t\t\t\n\t\t\t\t\t<\/div>\n\t\t\t\t\t\t\t\t\n<style>\n#image_441046721 {\n  width: 100%;\n}\n<\/style>\n\t<\/div>\n\t\n\n\n\t\t<\/div>\n\t\t\t\t\t<\/div>\n\n\t\n\n\t<div id=\"col-848172893\" class=\"col medium-9 small-12 large-9\"  >\n\t\t\t\t<div class=\"col-inner\"  >\n\t\t\t\n\t\t\t\n\n<h2>PayPal<\/h2>\n<p class=\"cleaner\">Sie k\u00f6nnen auch mit PayPal bezahlen. Mit dem PayPal-K\u00e4uferschutz ist jede Zahlung \u00fcber PayPal gesichert und Sie erhalten bei Problemen immer Ihr Geld zur\u00fcck. <\/p>\n<p class=\"cleaner\">W\u00e4hlen Sie dazu bei der Auswahl der Zahlungsmethode PayPal aus. Sie werden am Ende des Bestellvorgangs automatisch zu PayPal weitergeleitet. Wenn Sie bereits PayPal-Kunde sind, k\u00f6nnen Sie sich mit Ihren Benutzerdaten einloggen und die Zahlung best\u00e4tigen.  <\/p>\n<p class=\"cleaner\">Wenn Sie neu bei PayPal sind, k\u00f6nnen Sie sich als Gast anmelden oder ein PayPal-Konto er\u00f6ffnen und dann die Zahlung best\u00e4tigen. Ihre Bank- und Kreditkartendaten werden nicht an Dritte weitergegeben. F\u00fcr K\u00e4ufer ist die Zahlung mit PayPal immer kostenlos.  <\/p>\n\n\t\t<\/div>\n\t\t\t\t\t<\/div>\n\n\t\n\n<\/div>\n<div class=\"row\"  id=\"row-246472720\">\n\n\n\t<div id=\"col-1894185093\" class=\"col medium-3 small-12 large-3\"  >\n\t\t\t\t<div class=\"col-inner\"  >\n\t\t\t\n\t\t\t\n\n\t<div class=\"img has-hover x md-x lg-x y md-y lg-y\" id=\"image_1794357893\">\n\t\t\t\t\t\t\t\t<div class=\"img-inner dark\" >\n\t\t\t<img loading=\"lazy\" decoding=\"async\" width=\"512\" height=\"98\" src=\"https:\/\/start.finder-portal.com\/wp-content\/uploads\/2024\/07\/amazon-pay-logo.png\" class=\"attachment-original size-original\" alt=\"Amazon Pay Logo\" srcset=\"https:\/\/start.finder-portal.com\/wp-content\/uploads\/2024\/07\/amazon-pay-logo.png 512w, https:\/\/start.finder-portal.com\/wp-content\/uploads\/2024\/07\/amazon-pay-logo-200x38.png 200w, https:\/\/start.finder-portal.com\/wp-content\/uploads\/2024\/07\/amazon-pay-logo-50x10.png 50w, https:\/\/start.finder-portal.com\/wp-content\/uploads\/2024\/07\/amazon-pay-logo-300x57.png 300w\" sizes=\"auto, (max-width: 512px) 100vw, 512px\" \/>\t\t\t\t\t\t\n\t\t\t\t\t<\/div>\n\t\t\t\t\t\t\t\t\n<style>\n#image_1794357893 {\n  width: 100%;\n}\n@media (min-width:850px) {\n  #image_1794357893 {\n    width: 70%;\n  }\n}\n<\/style>\n\t<\/div>\n\t\n\n\n\t\t<\/div>\n\t\t\t\t\t<\/div>\n\n\t\n\n\t<div id=\"col-1080420646\" class=\"col medium-9 small-12 large-9\"  >\n\t\t\t\t<div class=\"col-inner\"  >\n\t\t\t\n\t\t\t\n\n<h2 class=\"cleaner\">Amazon Pay<\/h2>\n<p class=\"cleaner\">Sie k\u00f6nnen auch ganz einfach mit Amazon Pay bezahlen.<\/p>\n<p class=\"cleaner\">W\u00e4hlen Sie dazu bei der Auswahl der Zahlungsmethode Amazon Pay aus. Sie werden am Ende des Bestellvorgangs automatisch zu Amazon weitergeleitet und aufgefordert, sich mit Ihrem Amazon-Konto anzumelden. Dann k\u00f6nnen Sie bequem mit den bereits in Ihrem Amazon-Konto hinterlegten Zahlungsarten bezahlen.  <\/p>\n\n\t\t<\/div>\n\t\t\t\t\t<\/div>\n\n\t\n\n<\/div>\n<div class=\"row\"  id=\"row-1290313665\">\n\n\n\t<div id=\"col-702537789\" class=\"col medium-3 small-12 large-3\"  >\n\t\t\t\t<div class=\"col-inner\"  >\n\t\t\t\n\t\t\t\n\n\t<div class=\"img has-hover x md-x lg-x y md-y lg-y\" id=\"image_1546544868\">\n\t\t\t\t\t\t\t\t<div class=\"img-inner dark\" >\n\t\t\t<img loading=\"lazy\" decoding=\"async\" width=\"593\" height=\"153\" src=\"https:\/\/start.finder-portal.com\/wp-content\/uploads\/2024\/07\/credit-card-logo-1.png\" class=\"attachment-original size-original\" alt=\"\" srcset=\"https:\/\/start.finder-portal.com\/wp-content\/uploads\/2024\/07\/credit-card-logo-1.png 593w, https:\/\/start.finder-portal.com\/wp-content\/uploads\/2024\/07\/credit-card-logo-1-200x52.png 200w, https:\/\/start.finder-portal.com\/wp-content\/uploads\/2024\/07\/credit-card-logo-1-50x13.png 50w, https:\/\/start.finder-portal.com\/wp-content\/uploads\/2024\/07\/credit-card-logo-1-300x77.png 300w\" sizes=\"auto, (max-width: 593px) 100vw, 593px\" \/>\t\t\t\t\t\t\n\t\t\t\t\t<\/div>\n\t\t\t\t\t\t\t\t\n<style>\n#image_1546544868 {\n  width: 100%;\n}\n@media (min-width:850px) {\n  #image_1546544868 {\n    width: 80%;\n  }\n}\n<\/style>\n\t<\/div>\n\t\n\n\n\t\t<\/div>\n\t\t\t\t\t<\/div>\n\n\t\n\n\t<div id=\"col-1885375290\" class=\"col medium-9 small-12 large-9\"  >\n\t\t\t\t<div class=\"col-inner\"  >\n\t\t\t\n\t\t\t\n\n<h2 class=\"cleaner\">Kreditkarte<\/h2>\n<p class=\"cleaner\">Sie k\u00f6nnen auch mit Ihrer Kreditkarte bezahlen.<\/p>\n<p class=\"cleaner\">W\u00e4hlen Sie dazu bei der Auswahl der Zahlungsart Kreditkarte aus und geben Sie einfach die Daten Ihrer Karte ein.<\/p>\n\n\t\t<\/div>\n\t\t\t\t\t<\/div>\n\n\t\n\n<\/div>\n\n","protected":false},"excerpt":{"rendered":"","protected":false},"author":16015,"featured_media":0,"parent":0,"menu_order":0,"comment_status":"closed","ping_status":"closed","template":"","meta":{"footnotes":""},"class_list":["post-3521375","page","type-page","status-publish","hentry"],"_links":{"self":[{"href":"https:\/\/start.finder-portal.com\/de\/wp-json\/wp\/v2\/pages\/3521375","targetHints":{"allow":["GET"]}}],"collection":[{"href":"https:\/\/start.finder-portal.com\/de\/wp-json\/wp\/v2\/pages"}],"about":[{"href":"https:\/\/start.finder-portal.com\/de\/wp-json\/wp\/v2\/types\/page"}],"author":[{"embeddable":true,"href":"https:\/\/start.finder-portal.com\/de\/wp-json\/wp\/v2\/users\/16015"}],"replies":[{"embeddable":true,"href":"https:\/\/start.finder-portal.com\/de\/wp-json\/wp\/v2\/comments?post=3521375"}],"version-history":[{"count":4,"href":"https:\/\/start.finder-portal.com\/de\/wp-json\/wp\/v2\/pages\/3521375\/revisions"}],"predecessor-version":[{"id":3521601,"href":"https:\/\/start.finder-portal.com\/de\/wp-json\/wp\/v2\/pages\/3521375\/revisions\/3521601"}],"wp:attachment":[{"href":"https:\/\/start.finder-portal.com\/de\/wp-json\/wp\/v2\/media?parent=3521375"}],"curies":[{"name":"wp","href":"https:\/\/api.w.org\/{rel}","templated":true}]}}