{"id":52,"date":"2017-11-17T17:13:38","date_gmt":"2017-11-17T16:13:38","guid":{"rendered":"http:\/\/start.finder-portal.com\/?page_id=52"},"modified":"2024-01-03T12:31:12","modified_gmt":"2024-01-03T11:31:12","slug":"widerrufsrecht","status":"publish","type":"page","link":"https:\/\/start.finder-portal.com\/de\/widerrufsrecht\/","title":{"rendered":"Anleitung zur Stornierung &amp; Stornierungsformular"},"content":{"rendered":"\n<div class=\"row\"  id=\"row-1555362264\">\n\n\n\t<div id=\"col-1764129938\" class=\"col small-12 large-12\"  >\n\t\t\t\t<div class=\"col-inner\"  >\n\t\t\t\n\t\t\t\n\n\t<div id=\"gap-1401732423\" class=\"gap-element clearfix\" style=\"display:block; height:auto;\">\n\t\t\n<style>\n#gap-1401732423 {\n  padding-top: 30px;\n}\n<\/style>\n\t<\/div>\n\t\n\n<h1>Anleitung zum Widerruf &amp; Widerrufsformular<\/h1>\n<p>Verbraucher, d.h. jede nat\u00fcrliche Person, die zu Zwecken handelt, die ganz oder \u00fcberwiegend nicht ihrer gewerblichen, gesch\u00e4ftlichen, handwerklichen oder beruflichen T\u00e4tigkeit zugerechnet werden k\u00f6nnen, haben das Recht, jeden Vertrag unter den folgenden Bedingungen zu widerrufen:<\/p>\n<h2>A. Anweisungen f\u00fcr den Widerruf<\/h2>\n<h3>Widerrufsrecht<\/h3>\n<p>Sie haben das Recht, binnen 30 Tagen ohne Angabe von Gr\u00fcnden diesen Vertrag zu widerrufen.<\/p>\n<p>Die Widerrufsfrist l\u00e4uft nach 30 Tagen ab dem Tag des Vertragsabschlusses ab.<\/p>\n<p>Um Ihr Widerrufsrecht auszu\u00fcben, m\u00fcssen Sie uns (PAJ UG (haftungsbeschr\u00e4nkt), Am Wieschen 1, 51570 Windeck, Deutschland, Tel.: +49 (0) 2292 39 499 59, E-Mail: info@paj-gps.de) mittels einer eindeutigen Erkl\u00e4rung (z. B. ein mit der Post versandter Brief, Telefax oder E-Mail) \u00fcber Ihren Entschluss, diesen Vertrag zu widerrufen, informieren. Sie k\u00f6nnen daf\u00fcr das beigef\u00fcgte Muster-Widerrufsformular verwenden, das jedoch nicht vorgeschrieben ist.<\/p>\n<p>Zur Wahrung der Widerrufsfrist reicht es aus, dass Sie die Mitteilung \u00fcber die Aus\u00fcbung des Widerrufsrechts vor Ablauf der Widerrufsfrist absenden.<\/p>\n<h3>Auswirkungen des Widerrufs<\/h3>\n<p>Wenn Sie diesen Vertrag widerrufen, haben wir Ihnen alle Zahlungen, die wir von Ihnen erhalten haben, einschlie\u00dflich der Lieferkosten (mit Ausnahme der zus\u00e4tzlichen Kosten, die sich daraus ergeben, dass Sie eine andere Art der Lieferung als die von uns angebotene, g\u00fcnstigste Standardlieferung gew\u00e4hlt haben), zur\u00fcckzuerstatten. Wir werden Ihnen die R\u00fcckzahlung unverz\u00fcglich und sp\u00e4testens binnen vierzehn Tagen ab dem Tag, an dem Sie uns \u00fcber Ihren Entschluss, diesen Vertrag zu widerrufen, informieren, vornehmen. F\u00fcr diese R\u00fcckzahlung verwenden wir dasselbe Zahlungsmittel, das Sie bei der urspr\u00fcnglichen Transaktion eingesetzt haben, es sei denn, mit Ihnen wurde ausdr\u00fccklich etwas anderes vereinbart; in keinem Fall werden Ihnen wegen dieser R\u00fcckzahlung Entgelte berechnet.<\/p>\n<h3>Erl\u00f6schen des Widerrufsrechts<\/h3>\n<p>Das Widerrufsrecht erlischt vorzeitig, wenn wir mit der Ausf\u00fchrung des Vertrages begonnen haben, nachdem Sie ausdr\u00fccklich zugestimmt haben, dass wir mit der Ausf\u00fchrung des Vertrages vor Ablauf der Widerrufsfrist beginnen, und Sie uns Ihre Kenntnis davon best\u00e4tigt haben, dass Sie durch die Zustimmung zum Beginn der Ausf\u00fchrung des Vertrages Ihr Widerrufsrecht verlieren, und wenn wir Ihnen eine Vertragsbest\u00e4tigung auf einem dauerhaften Datentr\u00e4ger ausgeh\u00e4ndigt haben, die den Inhalt des Vertrages einschlie\u00dflich der vorgenannten Bedingungen f\u00fcr das vorzeitige Erl\u00f6schen des Widerrufsrechts enth\u00e4lt.<\/p>\n<h2>B. Widerrufsformular<\/h2>\n<p>Wenn Sie diesen Vertrag widerrufen wollen, dann f\u00fcllen Sie bitte dieses Formular aus und senden Sie es ab.<\/p>\n<p>PAJ UG (haftungsbeschr\u00e4nkt)<br>\nAm Wieschen 1<br>\n51570 Windeck<br>\nDeutschland<\/p>\n<p>E-Mail: info@paj-gps.de<\/p>\n<p>Hiermit k\u00fcndige(n) ich\/wir (*) meinen\/unseren (*) Vertrag \u00fcber den Kauf der folgenden Ware (*) \/ die Erbringung der folgenden Dienstleistung (*),<\/p>\n<p>_______________________________________________________<\/p>\n<p>_______________________________________________________<\/p>\n<p>Bestellt am (*) ____________ \/ erhalten am (*) __________________<\/p>\n<p>________________________________________________________<br>\nName des\/der K\u00e4ufer(s)<\/p>\n<p>________________________________________________________<br>\nAnschrift des\/der K\u00e4ufer(s)<\/p>\n<p>________________________________________________________<br>\nUnterschrift des\/der K\u00e4ufer(s) (nur wenn dieses Formular in Papierform \u00fcbermittelt wird)<\/p>\n<p>_________________________<br>\nDatum<\/p>\n<p>(*) Nichtzutreffendes streichen<\/p>\n\n\n\t\t<\/div>\n\t\t\t\t\t<\/div>\n\n\t\n\n<\/div>\n\n","protected":false},"excerpt":{"rendered":"","protected":false},"author":2,"featured_media":0,"parent":0,"menu_order":0,"comment_status":"closed","ping_status":"closed","template":"","meta":{"footnotes":""},"class_list":["post-52","page","type-page","status-publish","hentry"],"_links":{"self":[{"href":"https:\/\/start.finder-portal.com\/de\/wp-json\/wp\/v2\/pages\/52","targetHints":{"allow":["GET"]}}],"collection":[{"href":"https:\/\/start.finder-portal.com\/de\/wp-json\/wp\/v2\/pages"}],"about":[{"href":"https:\/\/start.finder-portal.com\/de\/wp-json\/wp\/v2\/types\/page"}],"author":[{"embeddable":true,"href":"https:\/\/start.finder-portal.com\/de\/wp-json\/wp\/v2\/users\/2"}],"replies":[{"embeddable":true,"href":"https:\/\/start.finder-portal.com\/de\/wp-json\/wp\/v2\/comments?post=52"}],"version-history":[{"count":10,"href":"https:\/\/start.finder-portal.com\/de\/wp-json\/wp\/v2\/pages\/52\/revisions"}],"predecessor-version":[{"id":2759929,"href":"https:\/\/start.finder-portal.com\/de\/wp-json\/wp\/v2\/pages\/52\/revisions\/2759929"}],"wp:attachment":[{"href":"https:\/\/start.finder-portal.com\/de\/wp-json\/wp\/v2\/media?parent=52"}],"curies":[{"name":"wp","href":"https:\/\/api.w.org\/{rel}","templated":true}]}}