{"id":3572431,"date":"2024-08-07T10:59:34","date_gmt":"2024-08-07T08:59:34","guid":{"rendered":"https:\/\/start.finder-portal.com\/?post_type=product&#038;p=3572431"},"modified":"2026-04-16T10:49:05","modified_gmt":"2026-04-16T08:49:05","slug":"portal-basic-lizenz","status":"publish","type":"product","link":"https:\/\/start.finder-portal.com\/de\/produkt\/portal-basic-lizenz\/","title":{"rendered":"Portal Basic Lizenz"},"content":{"rendered":"<h2 style=\"text-align: center;\">FINDER-Portal Basic-Abonnement<\/h2>\n<p style=\"text-align: center;\">Um Ihren PAJ GPS-Tracker verwenden zu k\u00f6nnen, m\u00fcssen Sie ein Abonnementmodell f\u00fcr die Aktivierung ausw\u00e4hlen. F\u00fcr jedes Ger\u00e4t muss eine FINDER-Portallizenz erworben werden. Mehrere FINDER k\u00f6nnen \u00fcber ein einziges Konto verwaltet werden.  <\/p>\n\t<div id=\"gap-621014100\" class=\"gap-element clearfix\" style=\"display:block; height:auto;\">\n\t\t\n<style>\n#gap-621014100 {\n  padding-top: 30px;\n}\n<\/style>\n\t<\/div>\n\t\n<div class=\"row align-equal align-right row-box-shadow-2 row-box-shadow-5-hover\"  id=\"row-1606459453\">\r\n\r\n\n\t<div id=\"col-1096255339\" class=\"col medium-4 small-12 large-4\"  >\n\t\t\t\t<div class=\"col-inner text-left\"  >\n\t\t\t\n\t\t\t\r\n\r\n<div class=\"pricing-table-wrapper\">\n  <div class=\"pricing-table ux_price_table text-center\">\n    <div class=\"pricing-table-header\">\n      <div class=\"title uppercase strong\">F\u00dcR 1 MONAT<\/div>\n      <div class=\"price is-xxlarge\"><\/div>\n          <\/div>\n    <div class=\"pricing-table-items items\">\n      \r\n<ul>\n \t<li class=\"bullet-checkmark\" style=\"text-align: left;\">Die Abbuchung erfolgt monatlich im Voraus<\/li>\n \t<li class=\"bullet-checkmark\" style=\"text-align: left;\">Monatlich k\u00fcndbar<\/li>\n \t<li class=\"bullet-checkmark\" style=\"text-align: left;\">Verl\u00e4ngert sich automatisch um jeweils einen Monat, bis Sie k\u00fcndigen<\/li>\n \t<li class=\"bullet-checkmark\" style=\"text-align: left;\">30-Tage-Geld-zur\u00fcck-Garantie<\/li>\n<\/ul>\r\n    <\/div>\n      <\/div>\n<\/div>\n\n\r\n\r\n\t\t<\/div>\n\t\t\t\t\t<\/div>\n\n\t\r\n\n\t<div id=\"col-1262892984\" class=\"col medium-4 small-12 large-4\"  >\n\t\t\t\t<div class=\"col-inner\"  >\n\t\t\t\n\t\t\t\r\n\r\n<div class=\"pricing-table-wrapper\">\n  <div class=\"pricing-table ux_price_table text-center\">\n    <div class=\"pricing-table-header\">\n      <div class=\"title uppercase strong\">F\u00dcR 1 JAHR<\/div>\n      <div class=\"price is-xxlarge\"><\/div>\n          <\/div>\n    <div class=\"pricing-table-items items\">\n      \r\n<ul>\n \t<li class=\"bullet-checkmark\" style=\"text-align: left;\">Die Abbuchung erfolgt einmal pro Jahr im Voraus<\/li>\n \t<li class=\"bullet-checkmark\" style=\"text-align: left;\">J\u00e4hrlich k\u00fcndbar<\/li>\n \t<li class=\"bullet-checkmark\" style=\"text-align: left;\">Verl\u00e4ngert sich automatisch um jeweils ein Jahr, bis Sie k\u00fcndigen<\/li>\n \t<li class=\"bullet-checkmark\" style=\"text-align: left;\">30-Tage-Geld-zur\u00fcck-Garantie<\/li>\n \t<li class=\"bullet-checkmark\" style=\"text-align: left;\"><strong>Sie sparen 60\u20ac im Vergleich zu einer 1-Monats-Lizenz (entspricht 5 Monaten)<\/strong><\/li>\n<\/ul>\r\n    <\/div>\n      <\/div>\n<\/div>\n\n\r\n\r\n\t\t<\/div>\n\t\t\t\t\t<\/div>\n\n\t\r\n\n\t<div id=\"col-628355493\" class=\"col medium-4 small-12 large-4\"  >\n\t\t\t\t<div class=\"col-inner\"  >\n\t\t\t\n\t\t\t\r\n\r\n<div class=\"pricing-table-wrapper\">\n  <div class=\"pricing-table ux_price_table text-center\">\n    <div class=\"pricing-table-header\">\n      <div class=\"title uppercase strong\">F\u00dcR 2 JAHRE<\/div>\n      <div class=\"price is-xxlarge\"><\/div>\n          <\/div>\n    <div class=\"pricing-table-items items\">\n      \r\n<ul>\n \t<li class=\"bullet-checkmark\" style=\"text-align: left;\">Die Abbuchung erfolgt alle 2 Jahre im Voraus<\/li>\n \t<li class=\"bullet-checkmark\" style=\"text-align: left;\">Alle 2 Jahre k\u00fcndbar<\/li>\n \t<li class=\"bullet-checkmark\" style=\"text-align: left;\">Verl\u00e4ngert sich automatisch um jeweils 2 Jahre, bis Sie k\u00fcndigen<\/li>\n \t<li class=\"bullet-checkmark\" style=\"text-align: left;\">30-Tage-Geld-zur\u00fcck-Garantie<\/li>\n \t<li class=\"bullet-checkmark\" style=\"text-align: left;\"><strong>Sie sparen 168\u20ac im Vergleich zu einer 1-Monats-Lizenz (entspricht 14 Monaten)<\/strong><\/li>\n<\/ul>\r\n    <\/div>\n      <\/div>\n<\/div>\n\n\r\n\r\n\t\t<\/div>\n\t\t\t\t\t<\/div>\n\n\t\r\n\r\n<\/div>\r\n<div class=\"row align-middle align-center\"  id=\"row-867509222\">\r\n\r\n\n\t<div id=\"col-1362326010\" class=\"col medium-4 small-12 large-4\"  >\n\t\t\t\t<div class=\"col-inner\"  >\n\t\t\t\n\t\t\t\r\n<p style=\"text-align: center;\"><p class=\"product woocommerce add_to_cart_inline \" style=\"border:4px solid #ccc; padding: 12px;\"><span class=\"woocommerce-Price-amount amount\"><bdi><span class=\"woocommerce-Price-currencySymbol\">&#36;<\/span>13,00<\/bdi><\/span><span class=\"price-suffix\"><\/span> <span class=\"subscription-details\"> \/ Monat<\/span><a href=\"https:\/\/start.finder-portal.com\/product\/portal-licence-basic\/?attribute_pa_subscription-duration=1-month&#038;variation_id=3545937&#038;add-to-cart=3545903\" aria-describedby=\"woocommerce_loop_add_to_cart_link_describedby_3545937\" data-quantity=\"1\" class=\"button product_type_subscription_variation add_to_cart_button ajax_add_to_cart\" data-product_id=\"3545937\" data-product_sku=\"83001\" aria-label=\"In den Warenkorb legen: \u201ePortal Basic License - License for 1 month\u201c\" rel=\"nofollow\" data-success_message=\"\u201ePortal Basic License - License for 1 month\u201c wurde deinem Warenkorb hinzugef\u00fcgt\">Jetzt freischalten<\/a>\t<span id=\"woocommerce_loop_add_to_cart_link_describedby_3545937\" class=\"screen-reader-text\">\n\t\t\t<\/span>\n<\/p><\/p>\r\n\t\t<\/div>\n\t\t\t\t\t<\/div>\n\n\t\r\n\n\t<div id=\"col-1692348296\" class=\"col medium-4 small-12 large-4\"  >\n\t\t\t\t<div class=\"col-inner\"  >\n\t\t\t\n\t\t\t\r\n<p style=\"text-align: center;\"><p class=\"product woocommerce add_to_cart_inline \" style=\"border:4px solid #ccc; padding: 12px;\"><span class=\"woocommerce-Price-amount amount\"><bdi><span class=\"woocommerce-Price-currencySymbol\">&#36;<\/span>90,00<\/bdi><\/span><span class=\"price-suffix\"><\/span> <span class=\"subscription-details\"> \/ Jahr<\/span><a href=\"https:\/\/start.finder-portal.com\/product\/portal-licence-basic\/?attribute_pa_subscription-duration=1-year&#038;variation_id=3545938&#038;add-to-cart=3545903\" aria-describedby=\"woocommerce_loop_add_to_cart_link_describedby_3545938\" data-quantity=\"1\" class=\"button product_type_subscription_variation add_to_cart_button ajax_add_to_cart\" data-product_id=\"3545938\" data-product_sku=\"83002\" aria-label=\"In den Warenkorb legen: \u201ePortal Basic License - License for 1 Year\u201c\" rel=\"nofollow\" data-success_message=\"\u201ePortal Basic License - License for 1 Year\u201c wurde deinem Warenkorb hinzugef\u00fcgt\">Jetzt freischalten<\/a>\t<span id=\"woocommerce_loop_add_to_cart_link_describedby_3545938\" class=\"screen-reader-text\">\n\t\t\t<\/span>\n<\/p><\/p>\r\n\t\t<\/div>\n\t\t\t\t\t<\/div>\n\n\t\r\n\n\t<div id=\"col-776595802\" class=\"col medium-4 small-12 large-4\"  >\n\t\t\t\t<div class=\"col-inner\"  >\n\t\t\t\n\t\t\t\r\n<p style=\"text-align: center;\"><p class=\"product woocommerce add_to_cart_inline \" style=\"border:4px solid #ccc; padding: 12px;\"><span class=\"woocommerce-Price-amount amount\"><bdi><span class=\"woocommerce-Price-currencySymbol\">&#36;<\/span>132,00<\/bdi><\/span><span class=\"price-suffix\"><\/span> <span class=\"subscription-details\">  \/  2 Jahre<\/span><a href=\"https:\/\/start.finder-portal.com\/product\/portal-licence-basic\/?attribute_pa_subscription-duration=2-years&#038;variation_id=3545939&#038;add-to-cart=3545903\" aria-describedby=\"woocommerce_loop_add_to_cart_link_describedby_3545939\" data-quantity=\"1\" class=\"button product_type_subscription_variation add_to_cart_button ajax_add_to_cart\" data-product_id=\"3545939\" data-product_sku=\"83003\" aria-label=\"In den Warenkorb legen: \u201ePortal Basic License - License for 2 years\u201c\" rel=\"nofollow\" data-success_message=\"\u201ePortal Basic License - License for 2 years\u201c wurde deinem Warenkorb hinzugef\u00fcgt\">Jetzt freischalten<\/a>\t<span id=\"woocommerce_loop_add_to_cart_link_describedby_3545939\" class=\"screen-reader-text\">\n\t\t\t<\/span>\n<\/p><\/p>\r\n\t\t<\/div>\n\t\t\t\t\t<\/div>\n\n\t\r\n\r\n<\/div>\r\n<p style=\"text-align: center;\">Informationen \u00fcber die 30-t\u00e4gige Geld-zur\u00fcck-Garantie <a href=\"\/?page_id=720\">finden Sie hier<\/a>.<\/p>\n\t<div id=\"gap-2073169366\" class=\"gap-element clearfix\" style=\"display:block; height:auto;\">\n\t\t\n<style>\n#gap-2073169366 {\n  padding-top: 40px;\n}\n<\/style>\n\t<\/div>\n\t\n","protected":false},"excerpt":{"rendered":"<p>Die Basic-Portallizenz f\u00fcr Ihr PAJ GPS FINDER Ger\u00e4t. Inklusive 3 Tage Datenspeicherung und Standardkarten. <\/p>\n","protected":false},"featured_media":3761849,"template":"","meta":[],"product_brand":[],"product_cat":[236],"product_tag":[],"class_list":{"0":"post-3572431","1":"product","2":"type-product","3":"status-publish","4":"has-post-thumbnail","6":"product_cat-new-pricing-model-de","8":"first","9":"instock","10":"taxable","11":"shipping-taxable","12":"purchasable","13":"product-type-variable-subscription"},"bundled_by":["3887435"],"bundle_stock_status":"instock","bundle_stock_quantity":null,"bundle_virtual":false,"bundle_layout":"","bundle_add_to_cart_form_location":"","bundle_editable_in_cart":false,"bundle_sold_individually_context":"","bundle_item_grouping":"","bundle_min_size":"","bundle_max_size":"","bundle_price":[],"bundled_items":[],"bundle_sell_ids":[],"exclude_global_add_ons":true,"addons":[{"name":"Servicepaket Abo - L\u00e4ngere Freude an Ihrem Ger\u00e4t","type":"checkbox","position":0,"required":false,"title_format":"label","default":"","description_enable":true,"description":"{\"title\":\"Service Package\",\"image\":\"https:\/\/start.finder-portal.com\/wp-content\/uploads\/2018\/04\/service-Package-grey-ICON1.svg\",\"features\":[\"Free repairs\",\"Lost Device Replacement\",\"Comprehensive Coverage\",\"Hassle-Free Billing\"],\"popup_info\":{\"title\":\"Service Package Subscription:\",\"subtitle\":\"Complete Protection for Your GPS Tracker\",\"includes\":[{\"title\":\"Free Repairs\",\"subtitle\":\"For property damage by:\",\"image\":\"https:\/\/start.finder-portal.com\/wp-content\/uploads\/2018\/04\/Free-Repair-2.svg\",\"features\":[\"Material defects\",\"Manufacturing errors\",\"Wear (for original batteries)\",\"Accidents (shock and fall)\",\"Water, moisture and sand damage\"]},{\"title\":\"Device Replacement\",\"subtitle\":\"In case of total loss:\",\"image\":\"https:\/\/start.finder-portal.com\/wp-content\/uploads\/2018\/04\/Device-replacement.svg\",\"features\":[\"One free replacement per year with refurbished unit of same type and quality\"]},{\"title\":\"No Deductibles\",\"image\":\"https:\/\/start.finder-portal.com\/wp-content\/uploads\/2018\/04\/No-Deductible.svg\",\"features\":[\"No customer self-participation\",\"Immediate coverage\"]}],\"footer_text\":\"The cost of the Service Package Subscription is collected along with your Finder Portal license fee. The subscription term aligns with that of your Finder Portal license; different terms are not possible. If your Finder Portal license is cancelled, the service package will also end concurrently.\"}}","placeholder_enable":false,"placeholder":"","display":"select","restrictions_type":"any_text","adjust_price":false,"price":"","price_type":"flat_fee","restrictions":false,"min":"0","max":"0","options":[{"label":"Inklusive Servicepaket PLUS - 1 Monat","price":"3.5","price_type":"flat_fee","image":0,"visibility":true}],"id":1723196040},{"name":"Servicepaket Abo - L\u00e4ngere Freude an Ihrem Ger\u00e4t","type":"checkbox","position":1,"required":false,"title_format":"label","default":"","description_enable":true,"description":"{\"title\":\"Service Package\",\"image\":\"https:\/\/start.finder-portal.com\/wp-content\/uploads\/2018\/04\/service-Package-grey-ICON1.svg\",\"features\":[\"Free repairs\",\"Lost Device Replacement\",\"Comprehensive Coverage\",\"Hassle-Free Billing\"],\"popup_info\":{\"title\":\"Service Package Subscription:\",\"subtitle\":\"Complete Protection for Your GPS Tracker\",\"includes\":[{\"title\":\"Free Repairs\",\"subtitle\":\"For property damage by:\",\"image\":\"https:\/\/start.finder-portal.com\/wp-content\/uploads\/2018\/04\/Free-Repair-2.svg\",\"features\":[\"Material defects\",\"Manufacturing errors\",\"Wear (for original batteries)\",\"Accidents (shock and fall)\",\"Water, moisture and sand damage\"]},{\"title\":\"Device Replacement\",\"subtitle\":\"In case of total loss:\",\"image\":\"https:\/\/start.finder-portal.com\/wp-content\/uploads\/2018\/04\/Device-replacement.svg\",\"features\":[\"One free replacement per year with refurbished unit of same type and quality\"]},{\"title\":\"No Deductibles\",\"image\":\"https:\/\/start.finder-portal.com\/wp-content\/uploads\/2018\/04\/No-Deductible.svg\",\"features\":[\"No customer self-participation\",\"Immediate coverage\"]}],\"footer_text\":\"The cost of the Service Package Subscription is collected along with your Finder Portal license fee. The subscription term aligns with that of your Finder Portal license; different terms are not possible. If your Finder Portal license is cancelled, the service package will also end concurrently.\"}}","placeholder_enable":false,"placeholder":"","display":"select","restrictions_type":"any_text","adjust_price":false,"price":"","price_type":"flat_fee","restrictions":false,"min":"0","max":"0","options":[{"label":"Inklusive Servicepaket PLUS - 1 Jahr","price":"30","price_type":"flat_fee","image":0,"visibility":true}],"id":1723200051},{"name":"Servicepaket Abo - L\u00e4ngere Freude an Ihrem Ger\u00e4t","type":"checkbox","position":2,"required":false,"title_format":"label","default":"","description_enable":true,"description":"{\"title\":\"Service Package\",\"image\":\"https:\/\/start.finder-portal.com\/wp-content\/uploads\/2018\/04\/service-Package-grey-ICON1.svg\",\"features\":[\"Free repairs\",\"Lost Device Replacement\",\"Comprehensive Coverage\",\"Hassle-Free Billing\"],\"popup_info\":{\"title\":\"Service Package Subscription:\",\"subtitle\":\"Complete Protection for Your GPS Tracker\",\"includes\":[{\"title\":\"Free Repairs\",\"subtitle\":\"For property damage by:\",\"image\":\"https:\/\/start.finder-portal.com\/wp-content\/uploads\/2018\/04\/Free-Repair-2.svg\",\"features\":[\"Material defects\",\"Manufacturing errors\",\"Wear (for original batteries)\",\"Accidents (shock and fall)\",\"Water, moisture and sand damage\"]},{\"title\":\"Device Replacement\",\"subtitle\":\"In case of total loss:\",\"image\":\"https:\/\/start.finder-portal.com\/wp-content\/uploads\/2018\/04\/Device-replacement.svg\",\"features\":[\"One free replacement per year with refurbished unit of same type and quality\"]},{\"title\":\"No Deductibles\",\"image\":\"https:\/\/start.finder-portal.com\/wp-content\/uploads\/2018\/04\/No-Deductible.svg\",\"features\":[\"No customer self-participation\",\"Immediate coverage\"]}],\"footer_text\":\"The cost of the Service Package Subscription is collected along with your Finder Portal license fee. The subscription term aligns with that of your Finder Portal license; different terms are not possible. If your Finder Portal license is cancelled, the service package will also end concurrently.\"}}","placeholder_enable":false,"placeholder":"","display":"select","restrictions_type":"any_text","adjust_price":false,"price":"","price_type":"flat_fee","restrictions":false,"min":"0","max":"0","options":[{"label":"Inklusive Servicepaket PLUS - 2 Jahre","price":"48","price_type":"flat_fee","image":0,"visibility":true}],"id":1723200199}],"_links":{"self":[{"href":"https:\/\/start.finder-portal.com\/de\/wp-json\/wp\/v2\/product\/3572431","targetHints":{"allow":["GET"]}}],"collection":[{"href":"https:\/\/start.finder-portal.com\/de\/wp-json\/wp\/v2\/product"}],"about":[{"href":"https:\/\/start.finder-portal.com\/de\/wp-json\/wp\/v2\/types\/product"}],"wp:featuredmedia":[{"embeddable":true,"href":"https:\/\/start.finder-portal.com\/de\/wp-json\/wp\/v2\/media\/3761849"}],"wp:attachment":[{"href":"https:\/\/start.finder-portal.com\/de\/wp-json\/wp\/v2\/media?parent=3572431"}],"wp:term":[{"taxonomy":"product_brand","embeddable":true,"href":"https:\/\/start.finder-portal.com\/de\/wp-json\/wp\/v2\/product_brand?post=3572431"},{"taxonomy":"product_cat","embeddable":true,"href":"https:\/\/start.finder-portal.com\/de\/wp-json\/wp\/v2\/product_cat?post=3572431"},{"taxonomy":"product_tag","embeddable":true,"href":"https:\/\/start.finder-portal.com\/de\/wp-json\/wp\/v2\/product_tag?post=3572431"}],"curies":[{"name":"wp","href":"https:\/\/api.w.org\/{rel}","templated":true}]}}