{"id":3775495,"date":"2024-09-23T15:25:59","date_gmt":"2024-09-23T13:25:59","guid":{"rendered":"https:\/\/start.finder-portal.com\/product\/device-guard-lizenz\/"},"modified":"2026-04-16T10:49:00","modified_gmt":"2026-04-16T08:49:00","slug":"device-guard-license","status":"publish","type":"product","link":"https:\/\/start.finder-portal.com\/de\/produkt\/device-guard-license\/","title":{"rendered":"Add-on: Device Guard-Lizenz"},"content":{"rendered":"<div class=\"modal-dialog modal-dialog--device-guard-subscription\">\n    <div class=\"modal-dialog__content\">\n        <h2>\n            <span>Device Guard-Abonnement:<\/span>\n        <\/h2>\n        <p class=\"dialog-subheadline\">\n Ihr 24\/7 Notfall-Support f\u00fcr PAJ GPS Tracker Benutzer\n        <\/p>\n\n        <p class=\"dialog-included\">\n            <svg aria-hidden=\"true\">\n                <use href=\"#pajgps-icon-check-mark\"\/>\n            <\/svg>\n            <span>Was ist inbegriffen?<\/span>\n        <\/p>\n\n        <ul class=\"service-add-ons-features\">\n            <li class=\"add-on-feature\">\n                <svg aria-hidden=\"true\">\n                    <use href=\"#pajgps-icon-clock-24-7\"\/>\n                <\/svg>\n                <h3>\n 24\/7 rund um die Uhr Alarm Support\n                <\/h3>\n                <div class=\"add-on-feature-details\">\n                    <p>\n Unser engagiertes Team bietet:\n                    <\/p>\n                    <ul>\n                        <li>\n                            <svg aria-label=\"Included\">\n                                <use href=\"#pajgps-icon-check-mark\"\/>\n                            <\/svg>\n Kontinuierliche \u00dcberwachung\n                        <\/li>\n                        <li>\n                            <svg aria-label=\"Included\">\n                                <use href=\"#pajgps-icon-check-mark\"\/>\n                            <\/svg>\n Sofortige Reaktion auf Alarme\n                        <\/li>\n                    <\/ul>\n                <\/div>\n            <\/li>\n\n            <li class=\"add-on-feature\">\n                <svg aria-label=\"Included\">\n                    <use href=\"#pajgps-icon-person-circled-check\"\/>\n                <\/svg>\n                <h3>\n \u00dcberwachung durch geschultes Personal\n                <\/h3>\n                <div class=\"add-on-feature-details\">\n                    <ul>\n                        <li>\n                            <svg aria-label=\"Included\">\n                                <use href=\"#pajgps-icon-check-mark\"\/>\n                            <\/svg>\n Alarme werden von qualifizierten Fachleuten sorgf\u00e4ltig \u00fcberwacht\n                        <\/li>\n                        <li>\n                            <svg aria-label=\"Included\">\n                                <use href=\"#pajgps-icon-check-mark\"\/>\n                            <\/svg>\n Schnelles Handeln im Notfall\n                        <\/li>\n                    <\/ul>\n                <\/div>\n            <\/li>\n\n            <li class=\"add-on-feature\">\n                <svg aria-hidden=\"true\">\n                    <use href=\"#pajgps-icon-phone-alert\"\/>\n                <\/svg>\n                <h3>\n Direkte telefonische Alarmierung von Notfallkontakten\n                <\/h3>\n                <div class=\"add-on-feature-details\">\n                    <ul>\n                        <li>\n                            <svg aria-label=\"Included\">\n                                <use href=\"#pajgps-icon-check-mark\"\/>\n                            <\/svg>\n Schnelle Alarmierung von benannten Notfallkontakten im Alarmfall\n                        <\/li>\n                    <\/ul>\n                <\/div>\n            <\/li>\n\n            <li class=\"add-on-feature\">\n                <svg aria-hidden=\"true\">\n                    <use href=\"#pajgps-icon-person-above-hands\"\/>\n                <\/svg>\n                <h3>\n Professionelle Hilfe bei der Bew\u00e4ltigung von Notf\u00e4llen\n                <\/h3>\n                <div class=\"add-on-feature-details\">\n                    <ul>\n                        <li>\n                            <svg aria-label=\"Included\">\n                                <use href=\"#pajgps-icon-check-mark\"\/>\n                            <\/svg>\n Fachkundige Anleitung und Unterst\u00fctzung\n                        <\/li>\n                        <li>\n                            <svg aria-label=\"Included\">\n                                <use href=\"#pajgps-icon-check-mark\"\/>\n                            <\/svg>\n Effektive L\u00f6sung von Notf\u00e4llen\n                        <\/li>\n                    <\/ul>\n                <\/div>\n            <\/li>\n        <\/ul>\n    <\/div>\n\n\n    <div class=\"modal-dialog__content modal-dialog--bottom\">\n        <div class=\"billing-information\">\n            <h3 class=\"billing-headline\">\n                <svg aria-hidden=\"true\">\n                    <use href=\"#pajgps-icon-bill\"\/>\n                <\/svg>\n Informationen zur Rechnungsstellung\n            <\/h3>\n\n            <ul class=\"billing-options\">\n                <li>1 Monat: <strong>49,99 \u20ac monatlich<\/strong> <span>(49,99 \u20ac monatlich abgerechnet)<\/span><\/li>\n                <li>6 Monate: <strong>29,99 \u20ac monatlich<\/strong> <span>(179,94 \u20ac alle 6 Monate abgerechnet)<\/span><\/li>\n                <li>1 Jahr: <strong>19,99 \u20ac monatlich<\/strong> <span>(239,88 \u20ac j\u00e4hrlich abgerechnet)<\/span><\/li>\n                <li>2 Jahre: <strong>14,99 \u20ac monatlich<\/strong> <span>(359,76 \u20ac alle 2 Jahre)<\/span><\/li>\n            <\/ul>\n\n            <p>\n Die Kosten f\u00fcr das Device Guard-Abonnement werden zusammen mit Ihrer Finder-Portal-Lizenzgeb\u00fchr\neingezogen. Die Laufzeit des Abonnements entspricht der Laufzeit Ihrer Finder Portal-Lizenz.\nAbweichende Laufzeiten sind nicht m\u00f6glich. Wenn Ihre Finder-Portal-Lizenz gek\u00fcndigt wird, endet gleichzeitig auch das Service-Paket\n.  \n            <\/p>\n\n            <p style=\"font-weight: bold;\">\n Ben\u00f6tigen Sie weitere Hilfe? F\u00fcr weitere Unterst\u00fctzung oder Fragen wenden Sie sich bitte an unser\nSupport-Team oder besuchen Sie unseren FAQ-Bereich. \n            <\/p>\n        <\/div>\n    <\/div>\n<\/div>\n\n","protected":false},"excerpt":{"rendered":"<ul>\n<li class=\"tick\">24\/7 rund um die Uhr Alarm-Support<\/li>\n<li class=\"tick\">\u00dcberwachung Ihrer Alarme durch geschultes Personal<\/li>\n<li class=\"tick\">Direkte telefonische Alarmierung Ihrer Notfallkontakte<\/li>\n<li class=\"tick\">Professionelle telefonische Hilfe bei der Behebung von Notf\u00e4llen<\/li>\n<\/ul>\n","protected":false},"featured_media":4876660,"template":"","meta":[],"product_brand":[],"product_cat":[236],"product_tag":[],"class_list":{"0":"post-3775495","1":"product","2":"type-product","3":"status-publish","4":"has-post-thumbnail","6":"product_cat-new-pricing-model-de","8":"first","9":"instock","10":"taxable","11":"shipping-taxable","12":"purchasable","13":"product-type-variable-subscription"},"bundled_by":["3887435","3887484","5024417"],"bundle_stock_status":"instock","bundle_stock_quantity":null,"bundle_virtual":false,"bundle_layout":"","bundle_add_to_cart_form_location":"","bundle_editable_in_cart":false,"bundle_sold_individually_context":"","bundle_item_grouping":"","bundle_min_size":"","bundle_max_size":"","bundle_price":[],"bundled_items":[],"bundle_sell_ids":[],"exclude_global_add_ons":[],"addons":[],"_links":{"self":[{"href":"https:\/\/start.finder-portal.com\/de\/wp-json\/wp\/v2\/product\/3775495","targetHints":{"allow":["GET"]}}],"collection":[{"href":"https:\/\/start.finder-portal.com\/de\/wp-json\/wp\/v2\/product"}],"about":[{"href":"https:\/\/start.finder-portal.com\/de\/wp-json\/wp\/v2\/types\/product"}],"wp:featuredmedia":[{"embeddable":true,"href":"https:\/\/start.finder-portal.com\/de\/wp-json\/wp\/v2\/media\/4876660"}],"wp:attachment":[{"href":"https:\/\/start.finder-portal.com\/de\/wp-json\/wp\/v2\/media?parent=3775495"}],"wp:term":[{"taxonomy":"product_brand","embeddable":true,"href":"https:\/\/start.finder-portal.com\/de\/wp-json\/wp\/v2\/product_brand?post=3775495"},{"taxonomy":"product_cat","embeddable":true,"href":"https:\/\/start.finder-portal.com\/de\/wp-json\/wp\/v2\/product_cat?post=3775495"},{"taxonomy":"product_tag","embeddable":true,"href":"https:\/\/start.finder-portal.com\/de\/wp-json\/wp\/v2\/product_tag?post=3775495"}],"curies":[{"name":"wp","href":"https:\/\/api.w.org\/{rel}","templated":true}]}}