{"id":3887484,"date":"2024-09-23T15:28:58","date_gmt":"2024-09-23T13:28:58","guid":{"rendered":"https:\/\/start.finder-portal.com\/?post_type=product&#038;p=3887484"},"modified":"2026-03-06T16:07:46","modified_gmt":"2026-03-06T15:07:46","slug":"portal-premium-paket","status":"publish","type":"product","link":"https:\/\/start.finder-portal.com\/de\/produkt\/portal-premium-paket\/","title":{"rendered":"Portal Premium-Paket"},"content":{"rendered":"<h2 style=\"text-align: center;\">Premium-Abonnement f\u00fcr das FINDER-Portal<\/h2>\n<p style=\"text-align: center;\">Um Ihren PAJ-GPS-Tracker nutzen zu k\u00f6nnen, m\u00fcssen Sie ein Abonnementmodell zur Aktivierung ausw\u00e4hlen. F\u00fcr jedes Ger\u00e4t ist eine FINDER-Portallizenz erforderlich. Mehrere FINDER-Ger\u00e4te k\u00f6nnen \u00fcber ein einziges Konto verwaltet werden.  <\/p>\n\t<div id=\"gap-1024420053\" class=\"gap-element clearfix\" style=\"display:block; height:auto;\">\n\t\t\n<style>\n#gap-1024420053 {\n  padding-top: 30px;\n}\n<\/style>\n\t<\/div>\n\t\n<div class=\"row align-equal align-right row-box-shadow-2 row-box-shadow-5-hover\"  id=\"row-1219888962\">\r\n\r\n\n\t<div id=\"col-472827323\" class=\"col medium-4 small-12 large-4\"  >\n\t\t\t\t<div class=\"col-inner text-left\"  >\n\t\t\t\n\t\t\t\r\n\r\n<div class=\"pricing-table-wrapper\">\n  <div class=\"pricing-table ux_price_table text-center\">\n    <div class=\"pricing-table-header\">\n      <div class=\"title uppercase strong\">F\u00dcR 6 MONATE<\/div>\n      <div class=\"price is-xxlarge\"><\/div>\n          <\/div>\n    <div class=\"pricing-table-items items\">\n      \r\n\r\n<ul>\n<li class=\"bullet-checkmark\" style=\"text-align: left;\">Die Abrechnung erfolgt 6 Monate im Voraus<\/li>\n<li class=\"bullet-checkmark\" style=\"text-align: left;\">6-monatige K\u00fcndigungsfrist<\/li>\n<li class=\"bullet-checkmark\" style=\"text-align: left;\">Verl\u00e4ngert sich automatisch um jeweils 6 Monate, bis Sie k\u00fcndigen<\/li>\n<li class=\"bullet-checkmark\" style=\"text-align: left;\">30-Tage-Geld-zur\u00fcck-Garantie<\/li>\n<\/ul>\r\n\r\n    <\/div>\n      <\/div>\n<\/div>\n\n\r\n\r\n\t\t<\/div>\n\t\t\t\t\t<\/div>\n\n\t\r\n\n\t<div id=\"col-665880509\" class=\"col medium-4 small-12 large-4\"  >\n\t\t\t\t<div class=\"col-inner\"  >\n\t\t\t\n\t\t\t\r\n\r\n<div class=\"pricing-table-wrapper\">\n  <div class=\"pricing-table ux_price_table text-center\">\n    <div class=\"pricing-table-header\">\n      <div class=\"title uppercase strong\">F\u00dcR 1 JAHR<\/div>\n      <div class=\"price is-xxlarge\"><\/div>\n          <\/div>\n    <div class=\"pricing-table-items items\">\n      \r\n\r\n<ul>\n<li class=\"bullet-checkmark\" style=\"text-align: left;\">Einmal pro Jahr im Voraus abgebucht<\/li>\n<li class=\"bullet-checkmark\" style=\"text-align: left;\">J\u00e4hrlich k\u00fcndbar.<\/li>\n<li class=\"bullet-checkmark\" style=\"text-align: left;\">Verl\u00e4ngert sich automatisch von Jahr zu Jahr bis zur K\u00fcndigung<\/li>\n<li class=\"bullet-checkmark\" style=\"text-align: left;\">30-Tage-Geld-zur\u00fcck-Garantie<\/li>\n<li class=\"bullet-checkmark\" style=\"text-align: left;\"><strong>Sie sparen 24\u20ac im Vergleich zur 6-Monats-Lizenz <\/strong><\/li>\n<\/ul>\r\n\r\n    <\/div>\n      <\/div>\n<\/div>\n\n\r\n\r\n\t\t<\/div>\n\t\t\t\t\t<\/div>\n\n\t\r\n\n\t<div id=\"col-50693579\" class=\"col medium-4 small-12 large-4\"  >\n\t\t\t\t<div class=\"col-inner\"  >\n\t\t\t\n\t\t\t\r\n\r\n<div class=\"pricing-table-wrapper\">\n  <div class=\"pricing-table ux_price_table text-center\">\n    <div class=\"pricing-table-header\">\n      <div class=\"title uppercase strong\">F\u00dcR 2 JAHRE<\/div>\n      <div class=\"price is-xxlarge\"><\/div>\n          <\/div>\n    <div class=\"pricing-table-items items\">\n      \r\n\r\n<ul>\n<li class=\"bullet-checkmark\" style=\"text-align: left;\">Alle 2 Jahre im Voraus abgebucht<\/li>\n<li class=\"bullet-checkmark\" style=\"text-align: left;\">Alle 2 Jahre k\u00fcndbar<\/li>\n<li class=\"bullet-checkmark\" style=\"text-align: left;\">Verl\u00e4ngert sich automatisch um jeweils 2 Jahre bis zur K\u00fcndigung<\/li>\n<li class=\"bullet-checkmark\" style=\"text-align: left;\">30-Tage-Geld-zur\u00fcck-Garantie<\/li>\n<li class=\"bullet-checkmark\" style=\"text-align: left;\"><strong>Sie sparen 96\u20ac gegen\u00fcber der 6-Monats-Lizenz<\/strong><\/li>\n<\/ul>\r\n\r\n    <\/div>\n      <\/div>\n<\/div>\n\n\r\n\r\n\t\t<\/div>\n\t\t\t\t\t<\/div>\n\n\t\r\n\r\n<\/div>\r\n<div class=\"row align-middle align-center\"  id=\"row-310202761\">\r\n\r\n\n\t<div id=\"col-842914415\" class=\"col medium-4 small-12 large-4\"  >\n\t\t\t\t<div class=\"col-inner\"  >\n\t\t\t\n\t\t\t\r\n\r\n<p style=\"text-align: center;\"><p class=\"product woocommerce add_to_cart_inline \" style=\"border:4px solid #ccc; padding: 12px;\"><span class=\"woocommerce-Price-amount amount\"><bdi><span class=\"woocommerce-Price-currencySymbol\">&#36;<\/span>66,00<\/bdi><\/span><span class=\"price-suffix\"><\/span> <span class=\"subscription-details\">  \/  6 Monate<\/span><a href=\"https:\/\/start.finder-portal.com\/product\/portal-premium-license\/?attribute_pa_subscription-duration=6-months&#038;variation_id=3546047&#038;add-to-cart=3546042\" aria-describedby=\"woocommerce_loop_add_to_cart_link_describedby_3546047\" data-quantity=\"1\" class=\"button product_type_subscription_variation add_to_cart_button ajax_add_to_cart\" data-product_id=\"3546047\" data-product_sku=\"84001\" aria-label=\"In den Warenkorb legen: \u201ePortal Premium License - Lizenz f\u00fcr 6 Monate\u201c\" rel=\"nofollow\" data-success_message=\"\u201ePortal Premium License - Lizenz f\u00fcr 6 Monate\u201c wurde deinem Warenkorb hinzugef\u00fcgt\">Jetzt freischalten<\/a>\t<span id=\"woocommerce_loop_add_to_cart_link_describedby_3546047\" class=\"screen-reader-text\">\n\t\t\t<\/span>\n<\/p><\/p>\r\n\r\n\t\t<\/div>\n\t\t\t\t\t<\/div>\n\n\t\r\n\n\t<div id=\"col-955287525\" class=\"col medium-4 small-12 large-4\"  >\n\t\t\t\t<div class=\"col-inner\"  >\n\t\t\t\n\t\t\t\r\n\r\n<p style=\"text-align: center;\"><p class=\"product woocommerce add_to_cart_inline \" style=\"border:4px solid #ccc; padding: 12px;\"><span class=\"woocommerce-Price-amount amount\"><bdi><span class=\"woocommerce-Price-currencySymbol\">&#36;<\/span>102,00<\/bdi><\/span><span class=\"price-suffix\"><\/span> <span class=\"subscription-details\"> \/ Jahr<\/span><a href=\"https:\/\/start.finder-portal.com\/product\/portal-premium-license\/?attribute_pa_subscription-duration=1-year&#038;variation_id=3546048&#038;add-to-cart=3546042\" aria-describedby=\"woocommerce_loop_add_to_cart_link_describedby_3546048\" data-quantity=\"1\" class=\"button product_type_subscription_variation add_to_cart_button ajax_add_to_cart\" data-product_id=\"3546048\" data-product_sku=\"84002\" aria-label=\"In den Warenkorb legen: \u201ePortal Premium License - License for 1 Year\u201c\" rel=\"nofollow\" data-success_message=\"\u201ePortal Premium License - License for 1 Year\u201c wurde deinem Warenkorb hinzugef\u00fcgt\">Jetzt freischalten<\/a>\t<span id=\"woocommerce_loop_add_to_cart_link_describedby_3546048\" class=\"screen-reader-text\">\n\t\t\t<\/span>\n<\/p><\/p>\r\n\r\n\t\t<\/div>\n\t\t\t\t\t<\/div>\n\n\t\r\n\n\t<div id=\"col-1924006264\" class=\"col medium-4 small-12 large-4\"  >\n\t\t\t\t<div class=\"col-inner\"  >\n\t\t\t\n\t\t\t\r\n\r\n<p style=\"text-align: center;\"><p class=\"product woocommerce add_to_cart_inline \" style=\"border:4px solid #ccc; padding: 12px;\"><span class=\"woocommerce-Price-amount amount\"><bdi><span class=\"woocommerce-Price-currencySymbol\">&#36;<\/span>156,00<\/bdi><\/span><span class=\"price-suffix\"><\/span> <span class=\"subscription-details\">  \/  2 Jahre<\/span><a href=\"https:\/\/start.finder-portal.com\/product\/portal-premium-license\/?attribute_pa_subscription-duration=2-years&#038;variation_id=3546049&#038;add-to-cart=3546042\" aria-describedby=\"woocommerce_loop_add_to_cart_link_describedby_3546049\" data-quantity=\"1\" class=\"button product_type_subscription_variation add_to_cart_button ajax_add_to_cart\" data-product_id=\"3546049\" data-product_sku=\"84003\" aria-label=\"In den Warenkorb legen: \u201ePortal Premium License - License for 2 years\u201c\" rel=\"nofollow\" data-success_message=\"\u201ePortal Premium License - License for 2 years\u201c wurde deinem Warenkorb hinzugef\u00fcgt\">Jetzt freischalten<\/a>\t<span id=\"woocommerce_loop_add_to_cart_link_describedby_3546049\" class=\"screen-reader-text\">\n\t\t\t<\/span>\n<\/p><\/p>\r\n\r\n\t\t<\/div>\n\t\t\t\t\t<\/div>\n\n\t\r\n\r\n<\/div>\r\n<p style=\"text-align: center;\">Informationen \u00fcber die 30-t\u00e4gige Geld-zur\u00fcck-Garantie <a href=\"\/?page_id=720\">finden Sie hier<\/a>.<\/p>\n\t<div id=\"gap-275531956\" class=\"gap-element clearfix\" style=\"display:block; height:auto;\">\n\t\t\n<style>\n#gap-275531956 {\n  padding-top: 40px;\n}\n<\/style>\n\t<\/div>\n\t\n","protected":false},"excerpt":{"rendered":"<p style=\"text-align: left;\">Um Ihren PAJ-GPS-Tracker nutzen zu k\u00f6nnen, m\u00fcssen Sie ein Abonnementmodell zur Aktivierung ausw\u00e4hlen. F\u00fcr jedes Ger\u00e4t ist eine FINDER-Portallizenz erforderlich. Mehrere FINDER-Ger\u00e4te k\u00f6nnen \u00fcber ein einziges Konto verwaltet werden.  <\/p>\n\t<div id=\"gap-575987755\" class=\"gap-element clearfix\" style=\"display:block; height:auto;\">\n\t\t\n<style>\n#gap-575987755 {\n  padding-top: 30px;\n}\n<\/style>\n\t<\/div>\n\t\n<div class=\"row align-equal align-right row-box-shadow-2 row-box-shadow-5-hover\"  id=\"row-326083362\">\r\n\r\n\n\t<div id=\"col-950688379\" class=\"col medium-4 small-12 large-4\"  >\n\t\t\t\t<div class=\"col-inner text-left\"  >\n\t\t\t\n\t\t\t\r\n\r\n<div class=\"pricing-table-wrapper\">\n  <div class=\"pricing-table ux_price_table text-center\">\n    <div class=\"pricing-table-header\">\n      <div class=\"title uppercase strong\">F\u00dcR 6 MONATE<\/div>\n      <div class=\"price is-xxlarge\"><\/div>\n          <\/div>\n    <div class=\"pricing-table-items items\">\n      \r\n\r\n<ul>\n<li class=\"bullet-checkmark\" style=\"text-align: left;\">Die Abrechnung erfolgt 6 Monate im Voraus<\/li>\n<li class=\"bullet-checkmark\" style=\"text-align: left;\">6-monatige K\u00fcndigungsfrist<\/li>\n<li class=\"bullet-checkmark\" style=\"text-align: left;\">Verl\u00e4ngert sich automatisch um jeweils 6 Monate, bis Sie k\u00fcndigen<\/li>\n<li class=\"bullet-checkmark\" style=\"text-align: left;\">30-Tage-Geld-zur\u00fcck-Garantie<\/li>\n<\/ul>\r\n\r\n    <\/div>\n      <\/div>\n<\/div>\n\n\r\n\r\n\t\t<\/div>\n\t\t\t\t\t<\/div>\n\n\t\r\n\n\t<div id=\"col-1530484663\" class=\"col medium-4 small-12 large-4\"  >\n\t\t\t\t<div class=\"col-inner\"  >\n\t\t\t\n\t\t\t\r\n\r\n<div class=\"pricing-table-wrapper\">\n  <div class=\"pricing-table ux_price_table text-center\">\n    <div class=\"pricing-table-header\">\n      <div class=\"title uppercase strong\">F\u00dcR 1 JAHR<\/div>\n      <div class=\"price is-xxlarge\"><\/div>\n          <\/div>\n    <div class=\"pricing-table-items items\">\n      \r\n\r\n<ul>\n<li class=\"bullet-checkmark\" style=\"text-align: left;\">Einmal pro Jahr im Voraus abgebucht<\/li>\n<li class=\"bullet-checkmark\" style=\"text-align: left;\">J\u00e4hrlich k\u00fcndbar.<\/li>\n<li class=\"bullet-checkmark\" style=\"text-align: left;\">Verl\u00e4ngert sich automatisch von Jahr zu Jahr bis zur K\u00fcndigung<\/li>\n<li class=\"bullet-checkmark\" style=\"text-align: left;\">30-Tage-Geld-zur\u00fcck-Garantie<\/li>\n<li class=\"bullet-checkmark\" style=\"text-align: left;\"><strong>Sie sparen 24\u20ac im Vergleich zur 6-Monats-Lizenz <\/strong><\/li>\n<\/ul>\r\n\r\n    <\/div>\n      <\/div>\n<\/div>\n\n\r\n\r\n\t\t<\/div>\n\t\t\t\t\t<\/div>\n\n\t\r\n\n\t<div id=\"col-256233924\" class=\"col medium-4 small-12 large-4\"  >\n\t\t\t\t<div class=\"col-inner\"  >\n\t\t\t\n\t\t\t\r\n\r\n<div class=\"pricing-table-wrapper\">\n  <div class=\"pricing-table ux_price_table text-center\">\n    <div class=\"pricing-table-header\">\n      <div class=\"title uppercase strong\">F\u00dcR 2 JAHRE<\/div>\n      <div class=\"price is-xxlarge\"><\/div>\n          <\/div>\n    <div class=\"pricing-table-items items\">\n      \r\n\r\n<ul>\n<li class=\"bullet-checkmark\" style=\"text-align: left;\">Alle 2 Jahre im Voraus abgebucht<\/li>\n<li class=\"bullet-checkmark\" style=\"text-align: left;\">Alle 2 Jahre k\u00fcndbar<\/li>\n<li class=\"bullet-checkmark\" style=\"text-align: left;\">Verl\u00e4ngert sich automatisch um jeweils 2 Jahre bis zur K\u00fcndigung<\/li>\n<li class=\"bullet-checkmark\" style=\"text-align: left;\">30-Tage-Geld-zur\u00fcck-Garantie<\/li>\n<li class=\"bullet-checkmark\" style=\"text-align: left;\"><strong>Sie sparen 96\u20ac gegen\u00fcber der 6-Monats-Lizenz<\/strong><\/li>\n<\/ul>\r\n\r\n    <\/div>\n      <\/div>\n<\/div>\n\n\r\n\r\n\t\t<\/div>\n\t\t\t\t\t<\/div>\n\n\t\r\n\r\n<\/div>\r\n<div class=\"row align-middle align-center\"  id=\"row-1675660287\">\r\n\r\n\n\t<div id=\"col-95318135\" class=\"col medium-4 small-12 large-4\"  >\n\t\t\t\t<div class=\"col-inner\"  >\n\t\t\t\n\t\t\t\r\n\r\n<p style=\"text-align: center;\"><p class=\"product woocommerce add_to_cart_inline \" style=\"border:4px solid #ccc; padding: 12px;\"><span class=\"woocommerce-Price-amount amount\"><bdi><span class=\"woocommerce-Price-currencySymbol\">&#36;<\/span>66,00<\/bdi><\/span><span class=\"price-suffix\"><\/span> <span class=\"subscription-details\">  \/  6 Monate<\/span><a href=\"https:\/\/start.finder-portal.com\/product\/portal-premium-license\/?attribute_pa_subscription-duration=6-months&#038;variation_id=3546047&#038;add-to-cart=3546042\" aria-describedby=\"woocommerce_loop_add_to_cart_link_describedby_3546047\" data-quantity=\"1\" class=\"button product_type_subscription_variation add_to_cart_button ajax_add_to_cart\" data-product_id=\"3546047\" data-product_sku=\"84001\" aria-label=\"In den Warenkorb legen: \u201ePortal Premium License - Lizenz f\u00fcr 6 Monate\u201c\" rel=\"nofollow\" data-success_message=\"\u201ePortal Premium License - Lizenz f\u00fcr 6 Monate\u201c wurde deinem Warenkorb hinzugef\u00fcgt\">Jetzt freischalten<\/a>\t<span id=\"woocommerce_loop_add_to_cart_link_describedby_3546047\" class=\"screen-reader-text\">\n\t\t\t<\/span>\n<\/p><\/p>\r\n\r\n\t\t<\/div>\n\t\t\t\t\t<\/div>\n\n\t\r\n\n\t<div id=\"col-391508392\" class=\"col medium-4 small-12 large-4\"  >\n\t\t\t\t<div class=\"col-inner\"  >\n\t\t\t\n\t\t\t\r\n\r\n<p style=\"text-align: center;\"><p class=\"product woocommerce add_to_cart_inline \" style=\"border:4px solid #ccc; padding: 12px;\"><span class=\"woocommerce-Price-amount amount\"><bdi><span class=\"woocommerce-Price-currencySymbol\">&#36;<\/span>102,00<\/bdi><\/span><span class=\"price-suffix\"><\/span> <span class=\"subscription-details\"> \/ Jahr<\/span><a href=\"https:\/\/start.finder-portal.com\/product\/portal-premium-license\/?attribute_pa_subscription-duration=1-year&#038;variation_id=3546048&#038;add-to-cart=3546042\" aria-describedby=\"woocommerce_loop_add_to_cart_link_describedby_3546048\" data-quantity=\"1\" class=\"button product_type_subscription_variation add_to_cart_button ajax_add_to_cart\" data-product_id=\"3546048\" data-product_sku=\"84002\" aria-label=\"In den Warenkorb legen: \u201ePortal Premium License - License for 1 Year\u201c\" rel=\"nofollow\" data-success_message=\"\u201ePortal Premium License - License for 1 Year\u201c wurde deinem Warenkorb hinzugef\u00fcgt\">Jetzt freischalten<\/a>\t<span id=\"woocommerce_loop_add_to_cart_link_describedby_3546048\" class=\"screen-reader-text\">\n\t\t\t<\/span>\n<\/p><\/p>\r\n\r\n\t\t<\/div>\n\t\t\t\t\t<\/div>\n\n\t\r\n\n\t<div id=\"col-742825158\" class=\"col medium-4 small-12 large-4\"  >\n\t\t\t\t<div class=\"col-inner\"  >\n\t\t\t\n\t\t\t\r\n\r\n<p style=\"text-align: center;\"><p class=\"product woocommerce add_to_cart_inline \" style=\"border:4px solid #ccc; padding: 12px;\"><span class=\"woocommerce-Price-amount amount\"><bdi><span class=\"woocommerce-Price-currencySymbol\">&#36;<\/span>156,00<\/bdi><\/span><span class=\"price-suffix\"><\/span> <span class=\"subscription-details\">  \/  2 Jahre<\/span><a href=\"https:\/\/start.finder-portal.com\/product\/portal-premium-license\/?attribute_pa_subscription-duration=2-years&#038;variation_id=3546049&#038;add-to-cart=3546042\" aria-describedby=\"woocommerce_loop_add_to_cart_link_describedby_3546049\" data-quantity=\"1\" class=\"button product_type_subscription_variation add_to_cart_button ajax_add_to_cart\" data-product_id=\"3546049\" data-product_sku=\"84003\" aria-label=\"In den Warenkorb legen: \u201ePortal Premium License - License for 2 years\u201c\" rel=\"nofollow\" data-success_message=\"\u201ePortal Premium License - License for 2 years\u201c wurde deinem Warenkorb hinzugef\u00fcgt\">Jetzt freischalten<\/a>\t<span id=\"woocommerce_loop_add_to_cart_link_describedby_3546049\" class=\"screen-reader-text\">\n\t\t\t<\/span>\n<\/p><\/p>\r\n\r\n\t\t<\/div>\n\t\t\t\t\t<\/div>\n\n\t\r\n\r\n<\/div>\r\n<p style=\"text-align: center;\">Informationen \u00fcber die 30-t\u00e4gige Geld-zur\u00fcck-Garantie <a href=\"\/?page_id=720\">finden Sie hier<\/a>.<\/p>\n\t<div id=\"gap-998315887\" class=\"gap-element clearfix\" style=\"display:block; height:auto;\">\n\t\t\n<style>\n#gap-998315887 {\n  padding-top: 40px;\n}\n<\/style>\n\t<\/div>\n\t\n","protected":false},"featured_media":3472208,"template":"","meta":[],"product_brand":[],"product_cat":[236],"product_tag":[],"class_list":{"0":"post-3887484","1":"product","2":"type-product","3":"status-publish","4":"has-post-thumbnail","6":"product_cat-new-pricing-model-de","8":"first","9":"instock","10":"virtual","11":"taxable","12":"purchasable","13":"product-type-bundle"},"bundled_by":[],"bundle_stock_status":"instock","bundle_stock_quantity":"","bundle_virtual":false,"bundle_layout":"default","bundle_add_to_cart_form_location":"default","bundle_editable_in_cart":false,"bundle_sold_individually_context":"product","bundle_item_grouping":"parent","bundle_min_size":"","bundle_max_size":"","bundle_price":{"price":{"min":{"incl_tax":"0","excl_tax":"0"},"max":{"incl_tax":"0","excl_tax":"0"}},"regular_price":{"min":{"incl_tax":"0","excl_tax":"0"},"max":{"incl_tax":"0","excl_tax":"0"}}},"bundled_items":[{"bundled_item_id":11,"product_id":3565507,"menu_order":0,"quantity_min":1,"quantity_max":1,"quantity_default":1,"priced_individually":true,"shipped_individually":true,"override_title":false,"title":"Portal Premium Lizenz","override_description":false,"description":"Portal Premium Lizenz","optional":false,"hide_thumbnail":false,"discount":"","override_variations":false,"allowed_variations":[""],"override_default_variation_attributes":false,"default_variation_attributes":[],"single_product_visibility":"visible","cart_visibility":"visible","order_visibility":"visible","single_product_price_visibility":"visible","cart_price_visibility":"visible","order_price_visibility":"visible","stock_status":"in_stock"},{"bundled_item_id":12,"product_id":3775495,"menu_order":1,"quantity_min":1,"quantity_max":1,"quantity_default":1,"priced_individually":true,"shipped_individually":true,"override_title":false,"title":"Add-on: Device Guard-Lizenz","override_description":false,"description":"Add-on: Device Guard-Lizenz","optional":true,"hide_thumbnail":false,"discount":"","override_variations":false,"allowed_variations":[""],"override_default_variation_attributes":false,"default_variation_attributes":[],"single_product_visibility":"visible","cart_visibility":"visible","order_visibility":"visible","single_product_price_visibility":"visible","cart_price_visibility":"visible","order_price_visibility":"visible","stock_status":"in_stock"}],"bundle_sell_ids":[],"exclude_global_add_ons":[],"addons":[],"_links":{"self":[{"href":"https:\/\/start.finder-portal.com\/de\/wp-json\/wp\/v2\/product\/3887484","targetHints":{"allow":["GET"]}}],"collection":[{"href":"https:\/\/start.finder-portal.com\/de\/wp-json\/wp\/v2\/product"}],"about":[{"href":"https:\/\/start.finder-portal.com\/de\/wp-json\/wp\/v2\/types\/product"}],"wp:featuredmedia":[{"embeddable":true,"href":"https:\/\/start.finder-portal.com\/de\/wp-json\/wp\/v2\/media\/3472208"}],"wp:attachment":[{"href":"https:\/\/start.finder-portal.com\/de\/wp-json\/wp\/v2\/media?parent=3887484"}],"wp:term":[{"taxonomy":"product_brand","embeddable":true,"href":"https:\/\/start.finder-portal.com\/de\/wp-json\/wp\/v2\/product_brand?post=3887484"},{"taxonomy":"product_cat","embeddable":true,"href":"https:\/\/start.finder-portal.com\/de\/wp-json\/wp\/v2\/product_cat?post=3887484"},{"taxonomy":"product_tag","embeddable":true,"href":"https:\/\/start.finder-portal.com\/de\/wp-json\/wp\/v2\/product_tag?post=3887484"}],"curies":[{"name":"wp","href":"https:\/\/api.w.org\/{rel}","templated":true}]}}