{"id":4987926,"date":"2025-08-01T08:49:02","date_gmt":"2025-08-01T06:49:02","guid":{"rendered":"https:\/\/start.finder-portal.com\/?post_type=product&#038;p=4987926"},"modified":"2026-04-16T10:49:01","modified_gmt":"2026-04-16T08:49:01","slug":"service-package","status":"publish","type":"product","link":"https:\/\/start.finder-portal.com\/de\/produkt\/service-package\/","title":{"rendered":"Add-On: Servicepaket"},"content":{"rendered":"<div class=\"modal-dialog modal-dialog--service-package-subscription\">\n    <div class=\"modal-dialog__content\">\n        <h2>\n            <span>Service-Paket Abo:<\/span>\n        <\/h2>\n        <p class=\"dialog-subheadline\">\n  Vollst\u00e4ndiger Schutz f\u00fcr Ihren GPS-Tracker\n        <\/p>\n\n        <p class=\"dialog-included\">\n            <svg aria-hidden=\"true\">\n                <use href=\"#pajgps-icon-check-mark\"\/>\n            <\/svg>\n            <span>Was ist inbegriffen?<\/span>\n        <\/p>\n\n        <ul class=\"service-add-ons-features\">\n            <li class=\"add-on-feature\">\n                <svg aria-hidden=\"true\">\n                    <use href=\"#pajgps-icon-gear-with-wrench\"\/>\n                <\/svg>\n                <h3>\n  Kostenlose Reparaturen\n                <\/h3>\n                <div class=\"add-on-feature-details\">\n                    <p>\n  F\u00fcr Sachsch\u00e4den durch:\n                    <\/p>\n                    <ul>\n                        <li>\n                            <svg aria-label=\"Included\">\n                                <use href=\"#pajgps-icon-check-mark\"\/>\n                            <\/svg>\n  Materialfehler\n                        <\/li>\n                        <li>\n                            <svg aria-label=\"Included\">\n                                <use href=\"#pajgps-icon-check-mark\"\/>\n                            <\/svg>\n  Herstellungsfehler\n                        <\/li>\n                        <li>\n                            <svg aria-label=\"Included\">\n                                <use href=\"#pajgps-icon-check-mark\"\/>\n                            <\/svg>\n  Verschlei\u00df (bei Originalbatterien)\n                        <\/li>\n                        <li>\n                            <svg aria-label=\"Included\">\n                                <use href=\"#pajgps-icon-check-mark\"\/>\n                            <\/svg>\n  Unf\u00e4lle (Schock und Sturz)\n                        <\/li>\n                        <li>\n                            <svg aria-label=\"Included\">\n                                <use href=\"#pajgps-icon-check-mark\"\/>\n                            <\/svg>\n  Wasser-, Feuchtigkeits- und Sandsch\u00e4den\n                        <\/li>\n                    <\/ul>\n                <\/div>\n            <\/li>\n\n            <li class=\"add-on-feature\">\n                <svg aria-hidden=\"true\">\n                    <use href=\"#pajgps-icon-packages-with-arrows\"\/>\n                <\/svg>\n                <h3>\n  Austausch von Ger\u00e4ten\n                <\/h3>\n                <div class=\"add-on-feature-details\">\n                    <p>Im Falle eines Totalverlustes:<\/p>\n                    <ul>\n                        <li>\n                            <svg aria-label=\"Included\">\n                                <use href=\"#pajgps-icon-check-mark\"\/>\n                            <\/svg>\n  Ein kostenloser Austausch pro Jahr mit general\u00fcberholten Ger\u00e4ten gleichen Typs und gleicher Qualit\u00e4t\n                        <\/li>\n                    <\/ul>\n                <\/div>\n            <\/li>\n\n            <li class=\"add-on-feature\">\n                <svg aria-hidden=\"true\">\n                    <use href=\"#pajgps-icon-money-refund\"\/>\n                <\/svg>\n                <h3>\n  Keine Selbstbeteiligung\n                <\/h3>\n                <div class=\"add-on-feature-details\">\n                    <ul>\n                        <li>\n                            <svg aria-label=\"Included\">\n                                <use href=\"#pajgps-icon-check-mark\"\/>\n                            <\/svg>\n  Keine Selbstbeteiligung der Kunden\n                        <\/li>\n                        <li>\n                            <svg aria-label=\"Included\">\n                                <use href=\"#pajgps-icon-check-mark\"\/>\n                            <\/svg>\n  Sofortige Abdeckung\n                        <\/li>\n                    <\/ul>\n                <\/div>\n            <\/li>\n        <\/ul>\n    <\/div>\n\n\n    <div class=\"modal-dialog__content modal-dialog--bottom\">\n        <div class=\"billing-information\">\n            <h3 class=\"billing-headline\">\n                <svg aria-hidden=\"true\">\n                    <use href=\"#pajgps-icon-bill\"\/>\n                <\/svg>\n Informationen zur Rechnungsstellung\n            <\/h3>\n\n            <ul class=\"billing-options\">\n                <li>1 Monat: <strong>3,50 \u20ac monatlich<\/strong> <span>(3,50 \u20ac monatlich abgerechnet)<\/span><\/li>\n                <li>6 Monate: <strong>3,00 \u20ac monatlich<\/strong> <span>(18,00 \u20ac alle 6 Monate abgerechnet)<\/span><\/li>\n                <li>1 Jahr: <strong>2,50 \u20ac monatlich<\/strong> <span>(30,00 \u20ac j\u00e4hrlich abgerechnet)<\/span><\/li>\n                <li>2 Jahre: <strong>2,00 \u20ac monatlich<\/strong> <span>(48,00 \u20ac alle 2 Jahre)<\/span><\/li>\n            <\/ul>\n\n            <p>\n  Die Kosten f\u00fcr das Service-Paket-Abonnement werden zusammen mit Ihrer Finder-Portal-Lizenzgeb\u00fchr\n erhoben. Die Laufzeit des Abonnements entspricht der Laufzeit Ihrer Finder Portal-Lizenz.<x id=\"gid_1\"><\/x> Abweichende Laufzeiten sind nicht m\u00f6glich. Wenn Ihre Finder-Portal-Lizenz gek\u00fcndigt wird, endet gleichzeitig auch das\n Service-Paket.  \n            <\/p>\n\n            <p style=\"font-weight: bold;\">\n Ben\u00f6tigen Sie weitere Hilfe? F\u00fcr weitere Unterst\u00fctzung oder Fragen wenden Sie sich bitte an unser\nSupport-Team oder besuchen Sie unseren FAQ-Bereich. \n            <\/p>\n        <\/div>\n    <\/div>\n<\/div>\n\n","protected":false},"excerpt":{"rendered":"<ul>\n<li class=\"tick\">Kostenlose Reparaturen<\/li>\n<li class=\"tick\">Ersatz verlorener Ger\u00e4te<\/li>\n<li class=\"tick\">Umfassender Versicherungsschutz<\/li>\n<li class=\"tick\">Keine Selbstbeteiligung der Kunden<\/li>\n<\/ul>\n","protected":false},"featured_media":4876649,"template":"","meta":[],"product_brand":[],"product_cat":[],"product_tag":[],"class_list":{"0":"post-4987926","1":"product","2":"type-product","3":"status-publish","4":"has-post-thumbnail","7":"first","8":"instock","9":"taxable","10":"shipping-taxable","11":"purchasable","12":"product-type-variable-subscription"},"bundled_by":["5024417"],"bundle_stock_status":"instock","bundle_stock_quantity":null,"bundle_virtual":false,"bundle_layout":"","bundle_add_to_cart_form_location":"","bundle_editable_in_cart":false,"bundle_sold_individually_context":"","bundle_item_grouping":"","bundle_min_size":"","bundle_max_size":"","bundle_price":[],"bundled_items":[],"bundle_sell_ids":[],"exclude_global_add_ons":[],"addons":[],"_links":{"self":[{"href":"https:\/\/start.finder-portal.com\/de\/wp-json\/wp\/v2\/product\/4987926","targetHints":{"allow":["GET"]}}],"collection":[{"href":"https:\/\/start.finder-portal.com\/de\/wp-json\/wp\/v2\/product"}],"about":[{"href":"https:\/\/start.finder-portal.com\/de\/wp-json\/wp\/v2\/types\/product"}],"wp:featuredmedia":[{"embeddable":true,"href":"https:\/\/start.finder-portal.com\/de\/wp-json\/wp\/v2\/media\/4876649"}],"wp:attachment":[{"href":"https:\/\/start.finder-portal.com\/de\/wp-json\/wp\/v2\/media?parent=4987926"}],"wp:term":[{"taxonomy":"product_brand","embeddable":true,"href":"https:\/\/start.finder-portal.com\/de\/wp-json\/wp\/v2\/product_brand?post=4987926"},{"taxonomy":"product_cat","embeddable":true,"href":"https:\/\/start.finder-portal.com\/de\/wp-json\/wp\/v2\/product_cat?post=4987926"},{"taxonomy":"product_tag","embeddable":true,"href":"https:\/\/start.finder-portal.com\/de\/wp-json\/wp\/v2\/product_tag?post=4987926"}],"curies":[{"name":"wp","href":"https:\/\/api.w.org\/{rel}","templated":true}]}}