{"id":1468249,"date":"2022-07-13T17:59:37","date_gmt":"2022-07-13T15:59:37","guid":{"rendered":"https:\/\/start.finder-portal.com\/volver-a-suscribirse\/"},"modified":"2022-07-13T18:35:47","modified_gmt":"2022-07-13T16:35:47","slug":"volver-a-suscribirse","status":"publish","type":"page","link":"https:\/\/start.finder-portal.com\/es\/volver-a-suscribirse\/","title":{"rendered":"Volver a suscribirse"},"content":{"rendered":"\n\n\t<section class=\"section\" id=\"section_487716161\">\n\t\t<div class=\"section-bg fill\" >\n\t\t\t\t\t\t\t\t\t\n\t\t\t\n\n\t\t<\/div>\n\n\t\t\n\n\t\t<div class=\"section-content relative\">\n\t\t\t\n\n<div class=\"container section-title-container\" ><h2 class=\"section-title section-title-bold-center\"><b aria-hidden=\"true\"><\/b><span class=\"section-title-main\" >Instrucciones para reactivar la suscripci\u00f3n<\/span><b aria-hidden=\"true\"><\/b><\/h2><\/div>\n\n<div class=\"row\"  id=\"row-1270541184\">\n\n\n\t<div id=\"col-658083129\" class=\"col small-12 large-12\"  >\n\t\t\t\t<div class=\"col-inner text-center\"  >\n\t\t\t\n\t\t\t\n\n\t<div id=\"text-1565343556\" class=\"text\">\n\t\t\n\n<p>\u00bfHa pausado su suscripci\u00f3n al portal Finder y desea reactivarlo? Simplemente siga los pasos a continuaci\u00f3n y reactive su suscripci\u00f3n para poder volver a utilizar el portal con todas sus funciones.<\/p>\n\n\t\t\n<style>\n#text-1565343556 {\n  text-align: center;\n}\n<\/style>\n\t<\/div>\n\t\n\n\t\t<\/div>\n\t\t\t\t\n<style>\n#col-658083129 > .col-inner {\n  padding: 0px 190px 0px 190px;\n}\n<\/style>\n\t<\/div>\n\n\t\n\n<\/div>\n\n\t\t<\/div>\n\n\t\t\n<style>\n#section_487716161 {\n  padding-top: 30px;\n  padding-bottom: 30px;\n  min-height: 0px;\n}\n<\/style>\n\t<\/section>\n\t\n\n\t<section class=\"section\" id=\"section_1119032820\">\n\t\t<div class=\"section-bg fill\" >\n\t\t\t\t\t\t\t\t\t\n\t\t\t\n\n\t\t<\/div>\n\n\t\t\n\n\t\t<div class=\"section-content relative\">\n\t\t\t\n\n<div class=\"row align-center\"  id=\"row-22194415\">\n\n\n\t<div id=\"col-1504632668\" class=\"col medium-4 small-12 large-4\"  >\n\t\t\t\t<div class=\"col-inner\"  >\n\t\t\t\n\t\t\t\n\n\t<div id=\"text-2333713932\" class=\"text\">\n\t\t\n\n<h3>1. Paso<\/h3>\n<h2>Elegir licencia<\/h2>\n<p>Llame a la licencia en pausa en el elemento <a href=\"https:\/\/start.finder-portal.com\/my-account\/subscriptions\/\" target=\"_blank\" rel=\"noopener\">\u00abLicencias de portal\u00bb.<\/a><\/p>\n\n\t\t\n<style>\n#text-2333713932 {\n  text-align: center;\n}\n<\/style>\n\t<\/div>\n\t\n\n\t\t<\/div>\n\t\t\t\t\t<\/div>\n\n\t\n\n\t<div id=\"col-938808357\" class=\"col medium-4 small-12 large-4\"  >\n\t\t\t\t<div class=\"col-inner\"  >\n\t\t\t\n\t\t\t\n\n\t<div id=\"text-685947451\" class=\"text\">\n\t\t\n\n<h3>2. Paso<\/h3>\n<h2>Volver a suscribirse<\/h2>\n<p>Haga clic en el bot\u00f3n \u00abVolver a suscribirse\u00bb  <\/p>\n\n\t\t\n<style>\n#text-685947451 {\n  text-align: center;\n}\n<\/style>\n\t<\/div>\n\t\n\n\t\t<\/div>\n\t\t\t\t\t<\/div>\n\n\t\n\n\t<div id=\"col-1300838861\" class=\"col medium-4 small-12 large-4\"  >\n\t\t\t\t<div class=\"col-inner\"  >\n\t\t\t\n\t\t\t\n\n\t<div id=\"text-1657077377\" class=\"text\">\n\t\t\n\n<h3>3. Paso<\/h3>\n<h2>Caja<\/h2>\n<p>Actualiza tus datos de pago y completa la compra.<\/p>\n\n\t\t\n<style>\n#text-1657077377 {\n  text-align: center;\n}\n<\/style>\n\t<\/div>\n\t\n\n\t\t<\/div>\n\t\t\t\t\t<\/div>\n\n\t\n\n\n<style>\n#row-22194415 > .col > .col-inner {\n  background-color: rgb(238, 238, 238);\n}\n<\/style>\n<\/div>\n\n\t\t<\/div>\n\n\t\t\n<style>\n#section_1119032820 {\n  padding-top: 30px;\n  padding-bottom: 30px;\n  background-color: rgb(238, 238, 238);\n}\n<\/style>\n\t<\/section>\n\t\n","protected":false},"excerpt":{"rendered":"","protected":false},"author":57988,"featured_media":0,"parent":0,"menu_order":0,"comment_status":"closed","ping_status":"closed","template":"","meta":{"footnotes":""},"class_list":["post-1468249","page","type-page","status-publish","hentry"],"_links":{"self":[{"href":"https:\/\/start.finder-portal.com\/es\/wp-json\/wp\/v2\/pages\/1468249","targetHints":{"allow":["GET"]}}],"collection":[{"href":"https:\/\/start.finder-portal.com\/es\/wp-json\/wp\/v2\/pages"}],"about":[{"href":"https:\/\/start.finder-portal.com\/es\/wp-json\/wp\/v2\/types\/page"}],"author":[{"embeddable":true,"href":"https:\/\/start.finder-portal.com\/es\/wp-json\/wp\/v2\/users\/57988"}],"replies":[{"embeddable":true,"href":"https:\/\/start.finder-portal.com\/es\/wp-json\/wp\/v2\/comments?post=1468249"}],"version-history":[{"count":4,"href":"https:\/\/start.finder-portal.com\/es\/wp-json\/wp\/v2\/pages\/1468249\/revisions"}],"predecessor-version":[{"id":1468306,"href":"https:\/\/start.finder-portal.com\/es\/wp-json\/wp\/v2\/pages\/1468249\/revisions\/1468306"}],"wp:attachment":[{"href":"https:\/\/start.finder-portal.com\/es\/wp-json\/wp\/v2\/media?parent=1468249"}],"curies":[{"name":"wp","href":"https:\/\/api.w.org\/{rel}","templated":true}]}}