{"id":3849,"date":"2018-06-18T11:32:33","date_gmt":"2018-06-18T09:32:33","guid":{"rendered":"https:\/\/start.finder-portal.com\/que-variantes-de-portales-finder-puedo-elegir\/"},"modified":"2019-09-24T08:48:04","modified_gmt":"2019-09-24T06:48:04","slug":"que-variantes-de-portales-finder-puedo-elegir","status":"publish","type":"page","link":"https:\/\/start.finder-portal.com\/es\/que-variantes-de-portales-finder-puedo-elegir\/","title":{"rendered":"\u00bfQu\u00e9 opciones de FINDER Portal puedo elegir?"},"content":{"rendered":"\n<div class=\"row\"  id=\"row-1507817714\">\n\n\n\t<div id=\"col-1997826731\" class=\"col medium-4 small-12 large-4\"  >\n\t\t\t\t<div class=\"col-inner\"  >\n\t\t\t\n\t\t\t\n\n<div class=\"pricing-table-wrapper\">\n  <div class=\"pricing-table ux_price_table text-center box-shadow-3-hover\">\n    <div class=\"pricing-table-header\">\n      <div class=\"title uppercase strong\">Portal FINDER durante 1 mes<\/div>\n      <div class=\"price is-xxlarge\"><\/div>\n          <\/div>\n    <div class=\"pricing-table-items items\">\n      \n\n<div class=\"bullet-item\" title=\"\"><span class=\"text\">El d\u00e9bito se realiza mensualmente por adelantado<\/span><\/div>\n\n<div class=\"bullet-item\" title=\"\"><span class=\"text\">Cancelable mensualmente<\/span><\/div>\n\n<div class=\"bullet-item\" title=\"\"><span class=\"text\">Se renueva autom\u00e1ticamente un mes a la vez hasta que cancele<\/span><\/div>\n\n<div class=\"bullet-item\" title=\"\"><span class=\"text\">Garant\u00eda de devoluci\u00f3n de dinero de 30 d\u00edas<\/span><\/div>\n\n    <\/div>\n      <\/div>\n<\/div>\n\n\n\n\t\t<\/div>\n\t\t\t\t\t<\/div>\n\n\t\n\n\n\t<div id=\"col-200819637\" class=\"col medium-4 small-12 large-4\"  >\n\t\t\t\t<div class=\"col-inner\"  >\n\t\t\t\n\t\t\t\n\n<div class=\"pricing-table-wrapper\">\n  <div class=\"pricing-table ux_price_table text-center box-shadow-3-hover\">\n    <div class=\"pricing-table-header\">\n      <div class=\"title uppercase strong\">Portal FINDER durante 3 meses<\/div>\n      <div class=\"price is-xxlarge\"><\/div>\n          <\/div>\n    <div class=\"pricing-table-items items\">\n      \n\n<div class=\"bullet-item\" title=\"\"><span class=\"text\">El d\u00e9bito se realiza cada 3 meses<\/span><\/div>\n\n<div class=\"bullet-item\" title=\"\"><span class=\"text\">3 mensualmente cancelables<\/span><\/div>\n\n<div class=\"bullet-item\" title=\"\"><span class=\"text\">Se renueva autom\u00e1ticamente por 3 meses a la vez hasta que cancele<\/span><\/div>\n\n<div class=\"bullet-item\" title=\"\"><span class=\"text\">Garant\u00eda de devoluci\u00f3n de dinero de 30 d\u00edas<\/span><\/div>\n\n<div class=\"bullet-item\" title=\"\"><span class=\"text\">Obtenga un mes adicional por cada quinta renovaci\u00f3n.<\/span><\/div>\n\n    <\/div>\n      <\/div>\n<\/div>\n\n\n\n\t\t<\/div>\n\t\t\t\t\t<\/div>\n\n\t\n\n\n\t<div id=\"col-1862976072\" class=\"col medium-4 small-12 large-4\"  >\n\t\t\t\t<div class=\"col-inner\"  >\n\t\t\t\n\t\t\t\n\n<div class=\"pricing-table-wrapper\">\n  <div class=\"pricing-table ux_price_table text-center box-shadow-3-hover\">\n    <div class=\"pricing-table-header\">\n      <div class=\"title uppercase strong\">Portal FINDER durante 1 a\u00f1o<\/div>\n      <div class=\"price is-xxlarge\"><\/div>\n          <\/div>\n    <div class=\"pricing-table-items items\">\n      \n\n<div class=\"bullet-item\" title=\"\"><span class=\"text\">El adeudo se realiza anualmente por adelantado<\/span><\/div>\n\n<div class=\"bullet-item\" title=\"\"><span class=\"text\">Cancelable anualmente<\/span><\/div>\n\n<div class=\"bullet-item\" title=\"\"><span class=\"text\">Se renueva autom\u00e1ticamente un a\u00f1o a la vez hasta que cancele<\/span><\/div>\n\n<div class=\"bullet-item\" title=\"\"><span class=\"text\">Garant\u00eda de devoluci\u00f3n de dinero de 30 d\u00edas<\/span><\/div>\n\n<div class=\"bullet-item\" title=\"\"><span class=\"text\">2 meses gratis en comparaci\u00f3n con la variante mensual<\/span><\/div>\n\n    <\/div>\n      <\/div>\n<\/div>\n\n\n\n\t\t<\/div>\n\t\t\t\t\t<\/div>\n\n\t\n\n<\/div>\n\n\n\n\n\t<section class=\"section\" id=\"section_1977276739\">\n\t\t<div class=\"section-bg fill\" >\n\t\t\t\t\t\t\t\t\t\n\t\t\t\n\n\t\t<\/div>\n\n\t\t\n\n\t\t<div class=\"section-content relative\">\n\t\t\t\n<a href=\"https:\/\/start.finder-portal.com\/product\/portal-finder-lizenz-en\/\" class=\"button secondary is-large box-shadow-3 box-shadow-5-hover reveal-icon expand\" style=\"border-radius:5px;\">\n\t\t<span>Activar FINDER ahora<\/span>\n\t<i class=\"icon-checkmark\" aria-hidden=\"true\"><\/i><\/a>\n\n\t\t<\/div>\n\n\t\t\n<style>\n#section_1977276739 {\n  padding-top: 30px;\n  padding-bottom: 30px;\n}\n<\/style>\n\t<\/section>\n\t\n","protected":false},"excerpt":{"rendered":"","protected":false},"author":17,"featured_media":0,"parent":0,"menu_order":0,"comment_status":"closed","ping_status":"closed","template":"","meta":{"footnotes":""},"class_list":["post-3849","page","type-page","status-publish","hentry"],"_links":{"self":[{"href":"https:\/\/start.finder-portal.com\/es\/wp-json\/wp\/v2\/pages\/3849","targetHints":{"allow":["GET"]}}],"collection":[{"href":"https:\/\/start.finder-portal.com\/es\/wp-json\/wp\/v2\/pages"}],"about":[{"href":"https:\/\/start.finder-portal.com\/es\/wp-json\/wp\/v2\/types\/page"}],"author":[{"embeddable":true,"href":"https:\/\/start.finder-portal.com\/es\/wp-json\/wp\/v2\/users\/17"}],"replies":[{"embeddable":true,"href":"https:\/\/start.finder-portal.com\/es\/wp-json\/wp\/v2\/comments?post=3849"}],"version-history":[{"count":0,"href":"https:\/\/start.finder-portal.com\/es\/wp-json\/wp\/v2\/pages\/3849\/revisions"}],"wp:attachment":[{"href":"https:\/\/start.finder-portal.com\/es\/wp-json\/wp\/v2\/media?parent=3849"}],"curies":[{"name":"wp","href":"https:\/\/api.w.org\/{rel}","templated":true}]}}