{"id":4368,"date":"2018-06-25T17:46:14","date_gmt":"2018-06-25T15:46:14","guid":{"rendered":"https:\/\/start.finder-portal.com\/derecho-de-desestimiento\/"},"modified":"2024-01-03T12:33:05","modified_gmt":"2024-01-03T11:33:05","slug":"derecho-de-desestimiento","status":"publish","type":"page","link":"https:\/\/start.finder-portal.com\/es\/derecho-de-desestimiento\/","title":{"rendered":"Instrucciones de cancelaci\u00f3n y formulario de cancelaci\u00f3n"},"content":{"rendered":"\n<div class=\"row\"  id=\"row-1866038199\">\n\n\n\t<div id=\"col-938463141\" class=\"col small-12 large-12\"  >\n\t\t\t\t<div class=\"col-inner\"  >\n\t\t\t\n\t\t\t\n\n\t<div id=\"gap-1281244020\" class=\"gap-element clearfix\" style=\"display:block; height:auto;\">\n\t\t\n<style>\n#gap-1281244020 {\n  padding-top: 30px;\n}\n<\/style>\n\t<\/div>\n\t\n\n<h1>Instrucciones para la cancelaci\u00f3n y formulario de cancelaci\u00f3n<\/h1>\n<p>Los consumidores, es decir, cualquier persona f\u00edsica que act\u00fae con fines que sean total o principalmente ajenos a su actividad comercial, empresarial, artesanal o profesional, tienen derecho a rescindir cualquier contrato en las siguientes condiciones:<\/p>\n<h2>A. Instrucciones para la anulaci\u00f3n<\/h2>\n<h3>Derecho de desistimiento<\/h3>\n<p>Tiene derecho a rescindir este contrato en un plazo de 30 d\u00edas sin necesidad de justificaci\u00f3n.<\/p>\n<p>El plazo de desistimiento expirar\u00e1 a los 30 d\u00edas de la celebraci\u00f3n del contrato.<\/p>\n<p>Para ejercer el derecho de desistimiento, deber\u00e1 informarnos (PAJ UG (haftungsbeschr\u00e4nkt), Am Wieschen 1, 51570 Windeck, Deutschland, Tel.: +49 (0) 2292 39 499 59, E-Mail: info@paj-gps.de) de su decisi\u00f3n de cancelar este contrato mediante una declaraci\u00f3n clara (por ejemplo, mediante una carta enviada por correo postal, fax o correo electr\u00f3nico). Puede utilizar el modelo de formulario de cancelaci\u00f3n adjunto, pero no es obligatorio. Traducci\u00f3n realizada con la versi\u00f3n gratuita del traductor DeepL.com<\/p>\n<p>Para cumplir el plazo de cancelaci\u00f3n, basta con que env\u00ede su comunicaci\u00f3n relativa al ejercicio del derecho de cancelaci\u00f3n antes de que expire el plazo de desistimiento.<\/p>\n<h3>Efectos de la anulaci\u00f3n<\/h3>\n<p>Si rescinde este contrato, le reembolsaremos todos los pagos que hayamos recibido de usted, incluidos los gastos de env\u00edo (excepto los gastos suplementarios que se produzcan si elige un tipo de env\u00edo distinto del tipo menos costoso de env\u00edo est\u00e1ndar que ofrezcamos). Efectuaremos el reembolso sin demoras indebidas y, a m\u00e1s tardar, 14 d\u00edas despu\u00e9s del d\u00eda en que se nos informe de su decisi\u00f3n de rescindir el presente contrato. Efectuaremos el reembolso utilizando el mismo medio de pago que usted utiliz\u00f3 para la transacci\u00f3n inicial, salvo que usted haya acordado expresamente lo contrario; en cualquier caso, usted no incurrir\u00e1 en ning\u00fan gasto como consecuencia de dicho reembolso.<\/p>\n<h3>Expiraci\u00f3n del derecho de cancelaci\u00f3n<\/h3>\n<p>El derecho de desistimiento expirar\u00e1 prematuramente si hemos iniciado la ejecuci\u00f3n del contrato despu\u00e9s de que usted haya aceptado expresamente que iniciemos la ejecuci\u00f3n del contrato antes de que expire el plazo de desistimiento, y usted nos ha confirmado su conocimiento de que pierde su derecho de desistimiento al aceptar iniciar la ejecuci\u00f3n del contrato, y si le hemos facilitado una confirmaci\u00f3n del contrato en un soporte duradero que contenga el contenido del contrato, incluidas las condiciones antes mencionadas relativas a la expiraci\u00f3n prematura del derecho de desistimiento.<\/p>\n<h2>B. Formulario de anulaci\u00f3n<\/h2>\n<p>Si desea cancelar este contrato, rellene y env\u00ede este formulario.<\/p>\n<p>PAJ UG (haftungsbeschr\u00e4nkt)<br>\nAm Wieschen 1<br>\n51570 Windeck<br>\nAlemania<\/p>\n<p>Correo electr\u00f3nico: info@paj-gps.de<\/p>\n<p>Por la presente (*) notifico\/notificamos que (*) cancelo\/cancelamos mi\/nuestro (*) contrato de venta de los siguientes bienes (*) \/para la prestaci\u00f3n del siguiente servicio (*),<\/p>\n<p>_______________________________________________________<\/p>\n<p>_______________________________________________________<\/p>\n<p>Pedido el (*) ____________ \/ recibido el (*) __________________<\/p>\n<p>________________________________________________________<br>\nNombre del consumidor<\/p>\n<p>________________________________________________________<br>\nDirecci\u00f3n del consumidor<\/p>\n<p>________________________________________________________<br>\nFirma del consumidor o consumidores (s\u00f3lo si este formulario se notifica en papel)<\/p>\n<p>_________________________<br>\nFecha<\/p>\n<p>(*) T\u00e1chese lo que no proceda<\/p>\n\n\n\t\t<\/div>\n\t\t\t\t\t<\/div>\n\n\t\n\n<\/div>\n\n","protected":false},"excerpt":{"rendered":"","protected":false},"author":2,"featured_media":0,"parent":0,"menu_order":0,"comment_status":"closed","ping_status":"closed","template":"","meta":{"footnotes":""},"class_list":["post-4368","page","type-page","status-publish","hentry"],"_links":{"self":[{"href":"https:\/\/start.finder-portal.com\/es\/wp-json\/wp\/v2\/pages\/4368","targetHints":{"allow":["GET"]}}],"collection":[{"href":"https:\/\/start.finder-portal.com\/es\/wp-json\/wp\/v2\/pages"}],"about":[{"href":"https:\/\/start.finder-portal.com\/es\/wp-json\/wp\/v2\/types\/page"}],"author":[{"embeddable":true,"href":"https:\/\/start.finder-portal.com\/es\/wp-json\/wp\/v2\/users\/2"}],"replies":[{"embeddable":true,"href":"https:\/\/start.finder-portal.com\/es\/wp-json\/wp\/v2\/comments?post=4368"}],"version-history":[{"count":10,"href":"https:\/\/start.finder-portal.com\/es\/wp-json\/wp\/v2\/pages\/4368\/revisions"}],"predecessor-version":[{"id":2759939,"href":"https:\/\/start.finder-portal.com\/es\/wp-json\/wp\/v2\/pages\/4368\/revisions\/2759939"}],"wp:attachment":[{"href":"https:\/\/start.finder-portal.com\/es\/wp-json\/wp\/v2\/media?parent=4368"}],"curies":[{"name":"wp","href":"https:\/\/api.w.org\/{rel}","templated":true}]}}