{"id":4978071,"date":"2025-09-01T13:44:18","date_gmt":"2025-09-01T11:44:18","guid":{"rendered":"https:\/\/start.finder-portal.com\/mas-de-diez-dispositivos\/"},"modified":"2025-10-06T16:29:11","modified_gmt":"2025-10-06T14:29:11","slug":"mas-de-diez-dispositivos","status":"publish","type":"page","link":"https:\/\/start.finder-portal.com\/es\/mas-de-diez-dispositivos\/","title":{"rendered":"\u00bfM\u00e1s de diez dispositivos?"},"content":{"rendered":"\n\n        <a class=\"contact-back-button\" id=\"back-button\" href=\"\">\n            <svg><use href=\"#pajgps-icon-circled-left-arrow\" \/><\/svg>\n            Atr\u00e1s\n        <\/a>\n\n<div class=\"row activation-wizard contact-form\"  id=\"row-1913809810\">\n\n\n\t<div id=\"col-1888100035\" class=\"col small-12 large-12\"  >\n\t\t\t\t<div class=\"col-inner\"  >\n\t\t\t\n\t\t\t\n\n<h2>\u00bfQuieres activar <span>m\u00e1s de 10 dispositivos?<\/span><\/h2>\n<p>P\u00f3ngase en contacto con nuestro equipo de servicio profesional para que le ayude con la activaci\u00f3n y <strong>obtenga un descuento para m\u00e1s de 10 dispositivos<\/strong>.<\/p>\n<style id=\"wpforms-css-vars-4876742\">\n\t\t\t\t#wpforms-4876742 {\n\t\t\t\t--wpforms-field-size-input-height: 43px;\n--wpforms-field-size-input-spacing: 15px;\n--wpforms-field-size-font-size: 16px;\n--wpforms-field-size-line-height: 19px;\n--wpforms-field-size-padding-h: 14px;\n--wpforms-field-size-checkbox-size: 16px;\n--wpforms-field-size-sublabel-spacing: 5px;\n--wpforms-field-size-icon-size: 1;\n--wpforms-label-size-font-size: 16px;\n--wpforms-label-size-line-height: 19px;\n--wpforms-label-size-sublabel-font-size: 14px;\n--wpforms-label-size-sublabel-line-height: 17px;\n--wpforms-button-size-font-size: 17px;\n--wpforms-button-size-height: 41px;\n--wpforms-button-size-padding-h: 15px;\n--wpforms-button-size-margin-top: 10px;\n--wpforms-container-shadow-size-box-shadow: none;\n\t\t\t}\n\t\t\t<\/style><div class=\"wpforms-container wpforms-container-full wpforms-render-modern\" id=\"wpforms-4876742\"><form id=\"wpforms-form-4876742\" class=\"wpforms-validate wpforms-form wpforms-ajax-form\" data-formid=\"4876742\" method=\"post\" enctype=\"multipart\/form-data\" action=\"\/es\/wp-json\/wp\/v2\/pages\/4978071\" data-token=\"28cdfe1b24f33c618f2b8b948ee9ce76\" data-token-time=\"1776386978\"><noscript class=\"wpforms-error-noscript\">Por favor, activa JavaScript en tu navegador para completar este formulario.<\/noscript><div id=\"wpforms-error-noscript\" style=\"display: none;\">Por favor, activa JavaScript en tu navegador para completar este formulario.<\/div><div class=\"wpforms-field-container\"><div id=\"wpforms-4876742-field_1-container\" class=\"wpforms-field wpforms-field-name paj-input-name\" data-field-id=\"1\"><label class=\"wpforms-field-label\" for=\"wpforms-4876742-field_1\">Nombre <span class=\"wpforms-required-label\" aria-hidden=\"true\">*<\/span><\/label><input type=\"text\" id=\"wpforms-4876742-field_1\" class=\"wpforms-field-large wpforms-field-required\" name=\"wpforms[fields][1]\" aria-errormessage=\"wpforms-4876742-field_1-error\" required><\/div>\t\t<div id=\"wpforms-4876742-field_5-container\"\n\t\t\tclass=\"wpforms-field wpforms-field-text\"\n\t\t\tdata-field-type=\"text\"\n\t\t\tdata-field-id=\"5\"\n\t\t\t>\n\t\t\t<label class=\"wpforms-field-label\" for=\"wpforms-4876742-field_5\" >Correo electr\u00f3nico Tel\u00e9fono<\/label>\n\t\t\t<input type=\"text\" id=\"wpforms-4876742-field_5\" class=\"wpforms-field-medium\" name=\"wpforms[fields][5]\" >\n\t\t<\/div>\n\t\t<div id=\"wpforms-4876742-field_2-container\" class=\"wpforms-field wpforms-field-email paj-input-email\" data-field-id=\"2\"><label class=\"wpforms-field-label\" for=\"wpforms-4876742-field_2\">Correo electr\u00f3nico <span class=\"wpforms-required-label\" aria-hidden=\"true\">*<\/span><\/label><input type=\"email\" id=\"wpforms-4876742-field_2\" class=\"wpforms-field-large wpforms-field-required\" name=\"wpforms[fields][2]\" spellcheck=\"false\" aria-errormessage=\"wpforms-4876742-field_2-error\" required><\/div><div id=\"wpforms-4876742-field_4-container\" class=\"wpforms-field wpforms-field-text paj-input-phone\" data-field-id=\"4\"><label class=\"wpforms-field-label\" for=\"wpforms-4876742-field_4\">Tel\u00e9fono<\/label><input type=\"text\" id=\"wpforms-4876742-field_4\" class=\"wpforms-field-large\" name=\"wpforms[fields][4]\" aria-errormessage=\"wpforms-4876742-field_4-error\" ><\/div><div id=\"wpforms-4876742-field_3-container\" class=\"wpforms-field wpforms-field-textarea\" data-field-id=\"3\"><label class=\"wpforms-field-label\" for=\"wpforms-4876742-field_3\">ID DEL BUSCADOR <span class=\"wpforms-required-label\" aria-hidden=\"true\">*<\/span><\/label><textarea id=\"wpforms-4876742-field_3\" class=\"wpforms-field-medium wpforms-field-required\" name=\"wpforms[fields][3]\" aria-errormessage=\"wpforms-4876742-field_3-error\" required><\/textarea><\/div><script>\n\t\t\t\t( function() {\n\t\t\t\t\tconst style = document.createElement( 'style' );\n\t\t\t\t\tstyle.appendChild( document.createTextNode( '#wpforms-4876742-field_5-container { position: absolute !important; overflow: hidden !important; display: inline !important; height: 1px !important; width: 1px !important; z-index: -1000 !important; padding: 0 !important; } #wpforms-4876742-field_5-container input { visibility: hidden; } #wpforms-conversational-form-page #wpforms-4876742-field_5-container label { counter-increment: none; }' ) );\n\t\t\t\t\tdocument.head.appendChild( style );\n\t\t\t\t\tdocument.currentScript?.remove();\n\t\t\t\t} )();\n\t\t\t<\/script><\/div><!-- .wpforms-field-container --><div class=\"wpforms-recaptcha-container wpforms-is-recaptcha wpforms-is-recaptcha-type-v2\" ><div class=\"g-recaptcha\" data-sitekey=\"6LclofgrAAAAANwRcWuxAZEDxuLynjCdyL9Kt8Gg\"><\/div><input type=\"text\" name=\"g-recaptcha-hidden\" class=\"wpforms-recaptcha-hidden\" style=\"position:absolute!important;clip:rect(0,0,0,0)!important;height:1px!important;width:1px!important;border:0!important;overflow:hidden!important;padding:0!important;margin:0!important;\" data-rule-recaptcha=\"1\"><\/div><div class=\"wpforms-submit-container\" ><input type=\"hidden\" name=\"wpforms[id]\" value=\"4876742\"><input type=\"hidden\" name=\"page_title\" value=\"\"><input type=\"hidden\" name=\"page_url\" value=\"https:\/\/start.finder-portal.com\/es\/wp-json\/wp\/v2\/pages\/4978071\"><input type=\"hidden\" name=\"url_referer\" value=\"\"><button type=\"submit\" name=\"wpforms[submit]\" id=\"wpforms-submit-4876742\" class=\"wpforms-submit\" data-alt-text=\"Env\u00edo...\" data-submit-text=\"Enviar\" aria-live=\"assertive\" value=\"wpforms-submit\">Enviar<\/button><img loading=\"lazy\" decoding=\"async\" src=\"https:\/\/start.finder-portal.com\/wp-content\/plugins\/wpforms\/assets\/images\/submit-spin.svg\" class=\"wpforms-submit-spinner\" style=\"display: none;\" width=\"26\" height=\"26\" alt=\"Cargando\"><\/div><\/form><\/div>  <!-- .wpforms-container -->\n\n\t\t<\/div>\n\t\t\t\t\t<\/div>\n\n\t\n\n<\/div>\n\t<div id=\"gap-206972343\" class=\"gap-element clearfix\" style=\"display:block; height:auto;\">\n\t\t\n<style>\n#gap-206972343 {\n  padding-top: 100px;\n}\n<\/style>\n\t<\/div>\n\t\n\n\n","protected":false},"excerpt":{"rendered":"","protected":false},"author":2,"featured_media":0,"parent":0,"menu_order":0,"comment_status":"closed","ping_status":"closed","template":"","meta":{"footnotes":""},"class_list":["post-4978071","page","type-page","status-publish","hentry"],"_links":{"self":[{"href":"https:\/\/start.finder-portal.com\/es\/wp-json\/wp\/v2\/pages\/4978071","targetHints":{"allow":["GET"]}}],"collection":[{"href":"https:\/\/start.finder-portal.com\/es\/wp-json\/wp\/v2\/pages"}],"about":[{"href":"https:\/\/start.finder-portal.com\/es\/wp-json\/wp\/v2\/types\/page"}],"author":[{"embeddable":true,"href":"https:\/\/start.finder-portal.com\/es\/wp-json\/wp\/v2\/users\/2"}],"replies":[{"embeddable":true,"href":"https:\/\/start.finder-portal.com\/es\/wp-json\/wp\/v2\/comments?post=4978071"}],"version-history":[{"count":2,"href":"https:\/\/start.finder-portal.com\/es\/wp-json\/wp\/v2\/pages\/4978071\/revisions"}],"predecessor-version":[{"id":5096524,"href":"https:\/\/start.finder-portal.com\/es\/wp-json\/wp\/v2\/pages\/4978071\/revisions\/5096524"}],"wp:attachment":[{"href":"https:\/\/start.finder-portal.com\/es\/wp-json\/wp\/v2\/media?parent=4978071"}],"curies":[{"name":"wp","href":"https:\/\/api.w.org\/{rel}","templated":true}]}}