{"id":5057540,"date":"2025-09-25T10:55:54","date_gmt":"2025-09-25T08:55:54","guid":{"rendered":"https:\/\/start.finder-portal.com\/intercambia-tus-dispositivos\/"},"modified":"2025-09-25T10:55:54","modified_gmt":"2025-09-25T08:55:54","slug":"intercambia-tus-dispositivos","status":"publish","type":"page","link":"https:\/\/start.finder-portal.com\/es\/intercambia-tus-dispositivos\/","title":{"rendered":"Intercambia tus dispositivos"},"content":{"rendered":"            <div class=\"tracker-exchange-container\">\n                <h2>Se requiere inicio de sesi\u00f3n<\/h2>\n                <p>Inicie sesi\u00f3n para acceder a la funcionalidad de intercambio de rastreadores.<\/p>\n                \n                <div class=\"woocommerce-login-form\">\n                    <form class=\"woocommerce-form woocommerce-form-login login\" method=\"post\" >\n\n    \n    \n    <div class=\"form-row\">\n        <label for=\"username\">Nombre de usuario o correo electr\u00f3nico&nbsp;<span class=\"required\" aria-hidden=\"true\">*<\/span><span class=\"screen-reader-text\">Requerido<\/span><\/label>\n        <input type=\"text\" class=\"input-text\" name=\"username\" id=\"username\" autocomplete=\"username\" required aria-required=\"true\" \/>\n    <\/div>\n    <div class=\"form-row\">\n        <label for=\"password\">Contrase\u00f1a&nbsp;<span class=\"required\" aria-hidden=\"true\">*<\/span><span class=\"screen-reader-text\">Requerido<\/span><\/label>\n        <input class=\"input-text woocommerce-Input\" type=\"password\" name=\"password\" id=\"password\" autocomplete=\"current-password\" required aria-required=\"true\" \/>\n    <\/div>\n\n\n    \n    <div class=\"form-row\">\n        <input type=\"hidden\" id=\"woocommerce-login-nonce\" name=\"woocommerce-login-nonce\" value=\"4486a54d8a\" \/><input type=\"hidden\" name=\"_wp_http_referer\" value=\"\/es\/wp-json\/wp\/v2\/pages\/5057540\" \/>        <input type=\"hidden\" name=\"redirect\" value=\"https:\/\/start.finder-portal.com\/es\/wp-json\/wp\/v2\/pages\/5057540\/\" \/>\n        <button type=\"submit\" class=\"woocommerce-button button woocommerce-form-login__submit\" name=\"login\" value=\"Acceder\">Acceder<\/button>\n    <\/div>\n\n\t<div class=\"form-row\">\n\t\t<label class=\"woocommerce-form__label woocommerce-form__label-for-checkbox woocommerce-form-login__rememberme\">\n\t\t\t<input class=\"woocommerce-form__input woocommerce-form__input-checkbox\" name=\"rememberme\" type=\"checkbox\" id=\"rememberme\" value=\"forever\" \/> <span>Recu\u00e9rdame<\/span>\n\t\t<\/label>\n\t<\/div>\n\n\t<div class=\"form-row lost-password\">\n\t\t<a href=\"#lost-password\" onclick=\"document.getElementById('lost-password').showModal();\">\n            \u00bfOlvidaste la contrase\u00f1a?\t\t<\/a>\n\t<\/div>\n\n    \n<\/form>\n\n\n<dialog id=\"lost-password\">\n    <div class=\"modal-dialog modal-dialog--lost-password\">\n        <div class=\"modal-dialog__content\">\n            <h3>\n                <span class=\"colored\">Contrase\u00f1a<\/span> perdida            <\/h3>\n            <div class=\"woocommerce-notices-wrapper\"><\/div>\n<form method=\"post\" class=\"woocommerce-ResetPassword lost_reset_password\">\n\n\t<p>\u00bfPerdiste tu contrase\u00f1a? Por favor, introduce tu nombre de usuario o correo electr\u00f3nico. Recibir\u00e1s un enlace para crear una contrase\u00f1a nueva por correo electr\u00f3nico. <\/p>\n\t<p class=\"woocommerce-form-row woocommerce-form-row--first form-row form-row-first\">\n\t\t<label for=\"user_login\">Nombre de usuario o correo electr\u00f3nico&nbsp;<span class=\"required\" aria-hidden=\"true\">*<\/span><span class=\"screen-reader-text\">Requerido<\/span><\/label>\n\t\t<input class=\"woocommerce-Input woocommerce-Input--text input-text\" type=\"text\" name=\"user_login\" id=\"user_login\" autocomplete=\"username\" required aria-required=\"true\" \/>\n\t<\/p>\n\n\t<div class=\"clear\"><\/div>\n\n\t\n\t<p class=\"woocommerce-form-row form-row\">\n\t\t<input type=\"hidden\" name=\"wc_reset_password\" value=\"true\" \/>\n\t\t<button type=\"submit\" class=\"woocommerce-Button button\" value=\"Restablecer contrase\u00f1a\">Restablecer contrase\u00f1a<\/button>\n\t<\/p>\n\n\t<input type=\"hidden\" id=\"woocommerce-lost-password-nonce\" name=\"woocommerce-lost-password-nonce\" value=\"7db9e9bc06\" \/><input type=\"hidden\" name=\"_wp_http_referer\" value=\"\/es\/wp-json\/wp\/v2\/pages\/5057540\" \/>\n<\/form>\n            <form method=\"dialog\" class=\"modal-dialog__close\">\n                <button class=\"close-dialog\" type=\"button\">\n                    <svg><use href=\"#pajgps-icon-cross\" \/><\/svg>\n                    <span class=\"screen-reader-text\">\n                        Cerca                    <\/span>\n                <\/button>\n            <\/form>\n        <\/div>\n    <\/div>\n<\/dialog>\n                <\/div>\n            <\/div>\n            \n","protected":false},"excerpt":{"rendered":"","protected":false},"author":2,"featured_media":0,"parent":0,"menu_order":0,"comment_status":"closed","ping_status":"closed","template":"","meta":{"footnotes":""},"class_list":["post-5057540","page","type-page","status-publish","hentry"],"_links":{"self":[{"href":"https:\/\/start.finder-portal.com\/es\/wp-json\/wp\/v2\/pages\/5057540","targetHints":{"allow":["GET"]}}],"collection":[{"href":"https:\/\/start.finder-portal.com\/es\/wp-json\/wp\/v2\/pages"}],"about":[{"href":"https:\/\/start.finder-portal.com\/es\/wp-json\/wp\/v2\/types\/page"}],"author":[{"embeddable":true,"href":"https:\/\/start.finder-portal.com\/es\/wp-json\/wp\/v2\/users\/2"}],"replies":[{"embeddable":true,"href":"https:\/\/start.finder-portal.com\/es\/wp-json\/wp\/v2\/comments?post=5057540"}],"version-history":[{"count":1,"href":"https:\/\/start.finder-portal.com\/es\/wp-json\/wp\/v2\/pages\/5057540\/revisions"}],"predecessor-version":[{"id":5057541,"href":"https:\/\/start.finder-portal.com\/es\/wp-json\/wp\/v2\/pages\/5057540\/revisions\/5057541"}],"wp:attachment":[{"href":"https:\/\/start.finder-portal.com\/es\/wp-json\/wp\/v2\/media?parent=5057540"}],"curies":[{"name":"wp","href":"https:\/\/api.w.org\/{rel}","templated":true}]}}