{"id":3572396,"date":"2024-08-07T10:59:34","date_gmt":"2024-08-07T08:59:34","guid":{"rendered":"https:\/\/start.finder-portal.com\/?post_type=product&#038;p=3572396"},"modified":"2026-04-16T10:49:05","modified_gmt":"2026-04-16T08:49:05","slug":"licencia-basica-del-portal","status":"publish","type":"product","link":"https:\/\/start.finder-portal.com\/es\/producto\/licencia-basica-del-portal\/","title":{"rendered":"Licencia b\u00e1sica del portal"},"content":{"rendered":"<h2 style=\"text-align: center;\">Suscripci\u00f3n b\u00e1sica al portal FINDER<\/h2>\n<p style=\"text-align: center;\">Para utilizar su rastreador GPS PAJ, debe seleccionar un modelo de suscripci\u00f3n para la activaci\u00f3n. Se debe comprar una licencia del portal FINDER para cada dispositivo. Se pueden gestionar varios FINDER a trav\u00e9s de una sola cuenta.<\/p>\n\t<div id=\"gap-1935813461\" class=\"gap-element clearfix\" style=\"display:block; height:auto;\">\n\t\t\n<style>\n#gap-1935813461 {\n  padding-top: 30px;\n}\n<\/style>\n\t<\/div>\n\t\n<div class=\"row align-equal align-right row-box-shadow-2 row-box-shadow-5-hover\"  id=\"row-892075022\">\r\n\r\n\n\t<div id=\"col-552734750\" class=\"col medium-4 small-12 large-4\"  >\n\t\t\t\t<div class=\"col-inner text-left\"  >\n\t\t\t\n\t\t\t\r\n\r\n<div class=\"pricing-table-wrapper\">\n  <div class=\"pricing-table ux_price_table text-center\">\n    <div class=\"pricing-table-header\">\n      <div class=\"title uppercase strong\">POR 1 MES<\/div>\n      <div class=\"price is-xxlarge\"><\/div>\n          <\/div>\n    <div class=\"pricing-table-items items\">\n      \r\n<ul>\n \t<li class=\"bullet-checkmark\" style=\"text-align: left;\">El d\u00e9bito se efect\u00faa mensualmente por adelantado<\/li>\n \t<li class=\"bullet-checkmark\" style=\"text-align: left;\">Cancelaci\u00f3n mensual<\/li>\n \t<li class=\"bullet-checkmark\" style=\"text-align: left;\">Se renueva autom\u00e1ticamente de mes en mes hasta que lo cancele<\/li>\n \t<li class=\"bullet-checkmark\" style=\"text-align: left;\">Garant\u00eda de devoluci\u00f3n de dinero de 30 d\u00edas<\/li>\n<\/ul>\r\n    <\/div>\n      <\/div>\n<\/div>\n\n\r\n\r\n\t\t<\/div>\n\t\t\t\t\t<\/div>\n\n\t\r\n\n\t<div id=\"col-1093197424\" class=\"col medium-4 small-12 large-4\"  >\n\t\t\t\t<div class=\"col-inner\"  >\n\t\t\t\n\t\t\t\r\n\r\n<div class=\"pricing-table-wrapper\">\n  <div class=\"pricing-table ux_price_table text-center\">\n    <div class=\"pricing-table-header\">\n      <div class=\"title uppercase strong\">POR 1 A\u00d1O<\/div>\n      <div class=\"price is-xxlarge\"><\/div>\n          <\/div>\n    <div class=\"pricing-table-items items\">\n      \r\n<ul>\n \t<li class=\"bullet-checkmark\" style=\"text-align: left;\">El adeudo se efect\u00faa una vez al a\u00f1o por adelantado<\/li>\n \t<li class=\"bullet-checkmark\" style=\"text-align: left;\">Cancelable anualmente<\/li>\n \t<li class=\"bullet-checkmark\" style=\"text-align: left;\">Se renueva autom\u00e1ticamente por un a\u00f1o hasta que lo cancele<\/li>\n \t<li class=\"bullet-checkmark\" style=\"text-align: left;\">Garant\u00eda de devoluci\u00f3n de dinero de 30 d\u00edas<\/li>\n \t<li class=\"bullet-checkmark\" style=\"text-align: left;\"><strong>Ahorras 60\u20ac en comparaci\u00f3n con la licencia de 1 mes (equivale a 5 meses)<\/strong><\/li>\n<\/ul>\r\n    <\/div>\n      <\/div>\n<\/div>\n\n\r\n\r\n\t\t<\/div>\n\t\t\t\t\t<\/div>\n\n\t\r\n\n\t<div id=\"col-968872067\" class=\"col medium-4 small-12 large-4\"  >\n\t\t\t\t<div class=\"col-inner\"  >\n\t\t\t\n\t\t\t\r\n\r\n<div class=\"pricing-table-wrapper\">\n  <div class=\"pricing-table ux_price_table text-center\">\n    <div class=\"pricing-table-header\">\n      <div class=\"title uppercase strong\">POR 2 A\u00d1OS<\/div>\n      <div class=\"price is-xxlarge\"><\/div>\n          <\/div>\n    <div class=\"pricing-table-items items\">\n      \r\n<ul>\n \t<li class=\"bullet-checkmark\" style=\"text-align: left;\">La domiciliaci\u00f3n se realiza cada 2 a\u00f1os por adelantado<\/li>\n \t<li class=\"bullet-checkmark\" style=\"text-align: left;\">Puede cancelarse cada 2 a\u00f1os<\/li>\n \t<li class=\"bullet-checkmark\" style=\"text-align: left;\">Se renueva autom\u00e1ticamente cada 2 a\u00f1os hasta que lo cancele<\/li>\n \t<li class=\"bullet-checkmark\" style=\"text-align: left;\">Garant\u00eda de devoluci\u00f3n de dinero de 30 d\u00edas<\/li>\n \t<li class=\"bullet-checkmark\" style=\"text-align: left;\"><strong>Ahorras 168\u20ac en comparaci\u00f3n con la licencia de 1 mes (equivale a 14 meses)<\/strong><\/li>\n<\/ul>\r\n    <\/div>\n      <\/div>\n<\/div>\n\n\r\n\r\n\t\t<\/div>\n\t\t\t\t\t<\/div>\n\n\t\r\n\r\n<\/div>\r\n<div class=\"row align-middle align-center\"  id=\"row-161765370\">\r\n\r\n\n\t<div id=\"col-148171452\" class=\"col medium-4 small-12 large-4\"  >\n\t\t\t\t<div class=\"col-inner\"  >\n\t\t\t\n\t\t\t\r\n<p style=\"text-align: center;\"><p class=\"product woocommerce add_to_cart_inline \" style=\"border:4px solid #ccc; padding: 12px;\"><span class=\"woocommerce-Price-amount amount\"><bdi><span class=\"woocommerce-Price-currencySymbol\">&#36;<\/span>13,00<\/bdi><\/span><span class=\"price-suffix\"><\/span> <span class=\"subscription-details\"> \/ mes<\/span><a href=\"https:\/\/start.finder-portal.com\/product\/portal-licence-basic\/?attribute_pa_subscription-duration=1-month&#038;variation_id=3545937&#038;add-to-cart=3545903\" aria-describedby=\"woocommerce_loop_add_to_cart_link_describedby_3545937\" data-quantity=\"1\" class=\"button product_type_subscription_variation add_to_cart_button ajax_add_to_cart\" data-product_id=\"3545937\" data-product_sku=\"83001\" aria-label=\"A\u00f1adir al carrito: &ldquo;Portal Basic License - License for 1 month&rdquo;\" rel=\"nofollow\" data-success_message=\"\u00abPortal Basic License - License for 1 month\u00bb se ha a\u00f1adido a tu carrito\">Desbloquear ahora<\/a>\t<span id=\"woocommerce_loop_add_to_cart_link_describedby_3545937\" class=\"screen-reader-text\">\n\t\t\t<\/span>\n<\/p><\/p>\r\n\t\t<\/div>\n\t\t\t\t\t<\/div>\n\n\t\r\n\n\t<div id=\"col-231300524\" class=\"col medium-4 small-12 large-4\"  >\n\t\t\t\t<div class=\"col-inner\"  >\n\t\t\t\n\t\t\t\r\n<p style=\"text-align: center;\"><p class=\"product woocommerce add_to_cart_inline \" style=\"border:4px solid #ccc; padding: 12px;\"><span class=\"woocommerce-Price-amount amount\"><bdi><span class=\"woocommerce-Price-currencySymbol\">&#36;<\/span>90,00<\/bdi><\/span><span class=\"price-suffix\"><\/span> <span class=\"subscription-details\"> \/ a\u00f1o<\/span><a href=\"https:\/\/start.finder-portal.com\/product\/portal-licence-basic\/?attribute_pa_subscription-duration=1-year&#038;variation_id=3545938&#038;add-to-cart=3545903\" aria-describedby=\"woocommerce_loop_add_to_cart_link_describedby_3545938\" data-quantity=\"1\" class=\"button product_type_subscription_variation add_to_cart_button ajax_add_to_cart\" data-product_id=\"3545938\" data-product_sku=\"83002\" aria-label=\"A\u00f1adir al carrito: &ldquo;Portal Basic License - License for 1 Year&rdquo;\" rel=\"nofollow\" data-success_message=\"\u00abPortal Basic License - License for 1 Year\u00bb se ha a\u00f1adido a tu carrito\">Desbloquear ahora<\/a>\t<span id=\"woocommerce_loop_add_to_cart_link_describedby_3545938\" class=\"screen-reader-text\">\n\t\t\t<\/span>\n<\/p><\/p>\r\n\t\t<\/div>\n\t\t\t\t\t<\/div>\n\n\t\r\n\n\t<div id=\"col-332360448\" class=\"col medium-4 small-12 large-4\"  >\n\t\t\t\t<div class=\"col-inner\"  >\n\t\t\t\n\t\t\t\r\n<p style=\"text-align: center;\"><p class=\"product woocommerce add_to_cart_inline \" style=\"border:4px solid #ccc; padding: 12px;\"><span class=\"woocommerce-Price-amount amount\"><bdi><span class=\"woocommerce-Price-currencySymbol\">&#36;<\/span>132,00<\/bdi><\/span><span class=\"price-suffix\"><\/span> <span class=\"subscription-details\"> cada 2 a\u00f1os <\/span><a href=\"https:\/\/start.finder-portal.com\/product\/portal-licence-basic\/?attribute_pa_subscription-duration=2-years&#038;variation_id=3545939&#038;add-to-cart=3545903\" aria-describedby=\"woocommerce_loop_add_to_cart_link_describedby_3545939\" data-quantity=\"1\" class=\"button product_type_subscription_variation add_to_cart_button ajax_add_to_cart\" data-product_id=\"3545939\" data-product_sku=\"83003\" aria-label=\"A\u00f1adir al carrito: &ldquo;Portal Basic License - License for 2 years&rdquo;\" rel=\"nofollow\" data-success_message=\"\u00abPortal Basic License - License for 2 years\u00bb se ha a\u00f1adido a tu carrito\">Desbloquear ahora<\/a>\t<span id=\"woocommerce_loop_add_to_cart_link_describedby_3545939\" class=\"screen-reader-text\">\n\t\t\t<\/span>\n<\/p><\/p>\r\n\t\t<\/div>\n\t\t\t\t\t<\/div>\n\n\t\r\n\r\n<\/div>\r\n<p style=\"text-align: center;\">Encontrar\u00e1 informaci\u00f3n sobre la garant\u00eda de devoluci\u00f3n del dinero de 30 d\u00edas <a href=\"\/?page_id=3846\">aqu\u00ed<\/a>.<\/p>\n\t<div id=\"gap-851534469\" class=\"gap-element clearfix\" style=\"display:block; height:auto;\">\n\t\t\n<style>\n#gap-851534469 {\n  padding-top: 40px;\n}\n<\/style>\n\t<\/div>\n\t\n","protected":false},"excerpt":{"rendered":"<p>La Licencia B\u00e1sica del Portal para su Dispositivo PAJ GPS FINDER. Incluye 3 d\u00edas de almacenamiento de datos y mapas est\u00e1ndar. <\/p>\n","protected":false},"featured_media":3761856,"template":"","meta":[],"product_brand":[],"product_cat":[228],"product_tag":[],"class_list":{"0":"post-3572396","1":"product","2":"type-product","3":"status-publish","4":"has-post-thumbnail","6":"product_cat-new-pricing-model-es","8":"first","9":"instock","10":"taxable","11":"shipping-taxable","12":"purchasable","13":"product-type-variable-subscription"},"bundled_by":["5569249"],"bundle_stock_status":"instock","bundle_stock_quantity":null,"bundle_virtual":false,"bundle_layout":"","bundle_add_to_cart_form_location":"","bundle_editable_in_cart":false,"bundle_sold_individually_context":"","bundle_item_grouping":"","bundle_min_size":"","bundle_max_size":"","bundle_price":[],"bundled_items":[],"bundle_sell_ids":[],"exclude_global_add_ons":true,"addons":[{"name":"Suscripci\u00f3n al paquete de servicios: disfrute m\u00e1s largo con su dispositivo","type":"checkbox","position":0,"required":false,"title_format":"label","default":"","description_enable":true,"description":"{\"title\":\"Service Package\",\"image\":\"https:\/\/start.finder-portal.com\/wp-content\/uploads\/2018\/04\/service-Package-grey-ICON1.svg\",\"features\":[\"Free repairs\",\"Lost Device Replacement\",\"Comprehensive Coverage\",\"Hassle-Free Billing\"],\"popup_info\":{\"title\":\"Service Package Subscription:\",\"subtitle\":\"Complete Protection for Your GPS Tracker\",\"includes\":[{\"title\":\"Free Repairs\",\"subtitle\":\"For property damage by:\",\"image\":\"https:\/\/start.finder-portal.com\/wp-content\/uploads\/2018\/04\/Free-Repair-2.svg\",\"features\":[\"Material defects\",\"Manufacturing errors\",\"Wear (for original batteries)\",\"Accidents (shock and fall)\",\"Water, moisture and sand damage\"]},{\"title\":\"Device Replacement\",\"subtitle\":\"In case of total loss:\",\"image\":\"https:\/\/start.finder-portal.com\/wp-content\/uploads\/2018\/04\/Device-replacement.svg\",\"features\":[\"One free replacement per year with refurbished unit of same type and quality\"]},{\"title\":\"No Deductibles\",\"image\":\"https:\/\/start.finder-portal.com\/wp-content\/uploads\/2018\/04\/No-Deductible.svg\",\"features\":[\"No customer self-participation\",\"Immediate coverage\"]}],\"footer_text\":\"The cost of the Service Package Subscription is collected along with your Finder Portal license fee. The subscription term aligns with that of your Finder Portal license; different terms are not possible. If your Finder Portal license is cancelled, the service package will also end concurrently.\"}}","placeholder_enable":false,"placeholder":null,"display":"select","restrictions_type":"any_text","adjust_price":false,"price":"","price_type":"flat_fee","restrictions":false,"min":"0","max":"0","options":[{"label":"Incluido paquete de servicios PLUS - 1 mes","price":"3.5","price_type":"flat_fee","image":0,"visibility":true}],"id":1723196040},{"name":"Suscripci\u00f3n al paquete de servicios: disfrute m\u00e1s largo con su dispositivo","type":"checkbox","position":1,"required":false,"title_format":"label","default":"","description_enable":true,"description":"{\"title\":\"Service Package\",\"image\":\"https:\/\/start.finder-portal.com\/wp-content\/uploads\/2018\/04\/service-Package-grey-ICON1.svg\",\"features\":[\"Free repairs\",\"Lost Device Replacement\",\"Comprehensive Coverage\",\"Hassle-Free Billing\"],\"popup_info\":{\"title\":\"Service Package Subscription:\",\"subtitle\":\"Complete Protection for Your GPS Tracker\",\"includes\":[{\"title\":\"Free Repairs\",\"subtitle\":\"For property damage by:\",\"image\":\"https:\/\/start.finder-portal.com\/wp-content\/uploads\/2018\/04\/Free-Repair-2.svg\",\"features\":[\"Material defects\",\"Manufacturing errors\",\"Wear (for original batteries)\",\"Accidents (shock and fall)\",\"Water, moisture and sand damage\"]},{\"title\":\"Device Replacement\",\"subtitle\":\"In case of total loss:\",\"image\":\"https:\/\/start.finder-portal.com\/wp-content\/uploads\/2018\/04\/Device-replacement.svg\",\"features\":[\"One free replacement per year with refurbished unit of same type and quality\"]},{\"title\":\"No Deductibles\",\"image\":\"https:\/\/start.finder-portal.com\/wp-content\/uploads\/2018\/04\/No-Deductible.svg\",\"features\":[\"No customer self-participation\",\"Immediate coverage\"]}],\"footer_text\":\"The cost of the Service Package Subscription is collected along with your Finder Portal license fee. The subscription term aligns with that of your Finder Portal license; different terms are not possible. If your Finder Portal license is cancelled, the service package will also end concurrently.\"}}","placeholder_enable":false,"placeholder":null,"display":"select","restrictions_type":"any_text","adjust_price":false,"price":"","price_type":"flat_fee","restrictions":false,"min":"0","max":"0","options":[{"label":"Incluido paquete de servicio PLUS - 1 a\u00f1o","price":"30","price_type":"flat_fee","image":0,"visibility":true}],"id":1723200051},{"name":"Suscripci\u00f3n al paquete de servicios: disfrute m\u00e1s largo con su dispositivo","type":"checkbox","position":2,"required":false,"title_format":"label","default":"","description_enable":true,"description":"{\"title\":\"Service Package\",\"image\":\"https:\/\/start.finder-portal.com\/wp-content\/uploads\/2018\/04\/service-Package-grey-ICON1.svg\",\"features\":[\"Free repairs\",\"Lost Device Replacement\",\"Comprehensive Coverage\",\"Hassle-Free Billing\"],\"popup_info\":{\"title\":\"Service Package Subscription:\",\"subtitle\":\"Complete Protection for Your GPS Tracker\",\"includes\":[{\"title\":\"Free Repairs\",\"subtitle\":\"For property damage by:\",\"image\":\"https:\/\/start.finder-portal.com\/wp-content\/uploads\/2018\/04\/Free-Repair-2.svg\",\"features\":[\"Material defects\",\"Manufacturing errors\",\"Wear (for original batteries)\",\"Accidents (shock and fall)\",\"Water, moisture and sand damage\"]},{\"title\":\"Device Replacement\",\"subtitle\":\"In case of total loss:\",\"image\":\"https:\/\/start.finder-portal.com\/wp-content\/uploads\/2018\/04\/Device-replacement.svg\",\"features\":[\"One free replacement per year with refurbished unit of same type and quality\"]},{\"title\":\"No Deductibles\",\"image\":\"https:\/\/start.finder-portal.com\/wp-content\/uploads\/2018\/04\/No-Deductible.svg\",\"features\":[\"No customer self-participation\",\"Immediate coverage\"]}],\"footer_text\":\"The cost of the Service Package Subscription is collected along with your Finder Portal license fee. The subscription term aligns with that of your Finder Portal license; different terms are not possible. If your Finder Portal license is cancelled, the service package will also end concurrently.\"}}","placeholder_enable":false,"placeholder":null,"display":"select","restrictions_type":"any_text","adjust_price":false,"price":"","price_type":"flat_fee","restrictions":false,"min":"0","max":"0","options":[{"label":"Incluido paquete de servicio PLUS - 2 a\u00f1os","price":"48","price_type":"flat_fee","image":0,"visibility":true}],"id":1723200199}],"_links":{"self":[{"href":"https:\/\/start.finder-portal.com\/es\/wp-json\/wp\/v2\/product\/3572396","targetHints":{"allow":["GET"]}}],"collection":[{"href":"https:\/\/start.finder-portal.com\/es\/wp-json\/wp\/v2\/product"}],"about":[{"href":"https:\/\/start.finder-portal.com\/es\/wp-json\/wp\/v2\/types\/product"}],"wp:featuredmedia":[{"embeddable":true,"href":"https:\/\/start.finder-portal.com\/es\/wp-json\/wp\/v2\/media\/3761856"}],"wp:attachment":[{"href":"https:\/\/start.finder-portal.com\/es\/wp-json\/wp\/v2\/media?parent=3572396"}],"wp:term":[{"taxonomy":"product_brand","embeddable":true,"href":"https:\/\/start.finder-portal.com\/es\/wp-json\/wp\/v2\/product_brand?post=3572396"},{"taxonomy":"product_cat","embeddable":true,"href":"https:\/\/start.finder-portal.com\/es\/wp-json\/wp\/v2\/product_cat?post=3572396"},{"taxonomy":"product_tag","embeddable":true,"href":"https:\/\/start.finder-portal.com\/es\/wp-json\/wp\/v2\/product_tag?post=3572396"}],"curies":[{"name":"wp","href":"https:\/\/api.w.org\/{rel}","templated":true}]}}