{"id":5016913,"date":"2025-08-01T08:49:02","date_gmt":"2025-08-01T06:49:02","guid":{"rendered":"https:\/\/start.finder-portal.com\/?post_type=product&#038;p=5016913"},"modified":"2026-04-16T10:49:01","modified_gmt":"2026-04-16T08:49:01","slug":"service-package","status":"publish","type":"product","link":"https:\/\/start.finder-portal.com\/es\/producto\/service-package\/","title":{"rendered":"Complemento: Paquete de servicios"},"content":{"rendered":"<div class=\"modal-dialog modal-dialog--service-package-subscription\">\n    <div class=\"modal-dialog__content\">\n        <h2>\n            <span>Suscripci\u00f3n al paquete de servicios:<\/span>\n        <\/h2>\n        <p class=\"dialog-subheadline\">\n  Protecci\u00f3n completa para su rastreador GPS\n        <\/p>\n\n        <p class=\"dialog-included\">\n            <svg aria-hidden=\"true\">\n                <use href=\"#pajgps-icon-check-mark\"\/>\n            <\/svg>\n            <span>\u00bfQu\u00e9 incluye?<\/span>\n        <\/p>\n\n        <ul class=\"service-add-ons-features\">\n            <li class=\"add-on-feature\">\n                <svg aria-hidden=\"true\">\n                    <use href=\"#pajgps-icon-gear-with-wrench\"\/>\n                <\/svg>\n                <h3>\n  Reparaciones gratuitas\n                <\/h3>\n                <div class=\"add-on-feature-details\">\n                    <p>\n  Por da\u00f1os a la propiedad por:\n                    <\/p>\n                    <ul>\n                        <li>\n                            <svg aria-label=\"Included\">\n                                <use href=\"#pajgps-icon-check-mark\"\/>\n                            <\/svg>\n  Defectos materiales\n                        <\/li>\n                        <li>\n                            <svg aria-label=\"Included\">\n                                <use href=\"#pajgps-icon-check-mark\"\/>\n                            <\/svg>\n  Errores de fabricaci\u00f3n\n                        <\/li>\n                        <li>\n                            <svg aria-label=\"Included\">\n                                <use href=\"#pajgps-icon-check-mark\"\/>\n                            <\/svg>\n  Desgaste (para bater\u00edas originales)\n                        <\/li>\n                        <li>\n                            <svg aria-label=\"Included\">\n                                <use href=\"#pajgps-icon-check-mark\"\/>\n                            <\/svg>\n  Accidentes (choque y ca\u00edda)\n                        <\/li>\n                        <li>\n                            <svg aria-label=\"Included\">\n                                <use href=\"#pajgps-icon-check-mark\"\/>\n                            <\/svg>\n  Da\u00f1os por agua, humedad y arena\n                        <\/li>\n                    <\/ul>\n                <\/div>\n            <\/li>\n\n            <li class=\"add-on-feature\">\n                <svg aria-hidden=\"true\">\n                    <use href=\"#pajgps-icon-packages-with-arrows\"\/>\n                <\/svg>\n                <h3>\n  Reemplazo de dispositivos\n                <\/h3>\n                <div class=\"add-on-feature-details\">\n                    <p>En caso de p\u00e9rdida total:<\/p>\n                    <ul>\n                        <li>\n                            <svg aria-label=\"Included\">\n                                <use href=\"#pajgps-icon-check-mark\"\/>\n                            <\/svg>\n  Un reemplazo gratuito por a\u00f1o con unidad reacondicionada del mismo tipo y calidad\n                        <\/li>\n                    <\/ul>\n                <\/div>\n            <\/li>\n\n            <li class=\"add-on-feature\">\n                <svg aria-hidden=\"true\">\n                    <use href=\"#pajgps-icon-money-refund\"\/>\n                <\/svg>\n                <h3>\n  Sin deducibles\n                <\/h3>\n                <div class=\"add-on-feature-details\">\n                    <ul>\n                        <li>\n                            <svg aria-label=\"Included\">\n                                <use href=\"#pajgps-icon-check-mark\"\/>\n                            <\/svg>\n  Sin participaci\u00f3n del cliente\n                        <\/li>\n                        <li>\n                            <svg aria-label=\"Included\">\n                                <use href=\"#pajgps-icon-check-mark\"\/>\n                            <\/svg>\n  Cobertura inmediata\n                        <\/li>\n                    <\/ul>\n                <\/div>\n            <\/li>\n        <\/ul>\n    <\/div>\n\n\n    <div class=\"modal-dialog__content modal-dialog--bottom\">\n        <div class=\"billing-information\">\n            <h3 class=\"billing-headline\">\n                <svg aria-hidden=\"true\">\n                    <use href=\"#pajgps-icon-bill\"\/>\n                <\/svg>\n  Informaci\u00f3n de facturaci\u00f3n\n            <\/h3>\n\n            <ul class=\"billing-options\">\n                <li>1 mes: <strong>3,50 \u20ac mensuales<\/strong> <span>(3,50 \u20ac facturados mensualmente)<\/span><\/li>\n                <li>6 meses: <strong>3,00 \u20ac mensuales<\/strong> <span>(18,00 \u20ac facturados cada 6 meses)<\/span><\/li>\n                <li>1 a\u00f1o: <strong>2,50 \u20ac mensuales<\/strong> <span>(30,00 \u20ac facturados anualmente)<\/span><\/li>\n                <li>2 a\u00f1os: <strong>2,00 \u20ac mensuales<\/strong> <span>(48,00 \u20ac facturados cada 2 a\u00f1os)<\/span><\/li>\n            <\/ul>\n\n            <p>\n  El costo de la suscripci\u00f3n al paquete de servicios se cobra junto con la tarifa de licencia del portal\n Finder. El plazo de suscripci\u00f3n se alinea con el de su licencia del Portal Finder;\n No es posible establecer t\u00e9rminos diferentes. Si se cancela su licencia del Portal del Finder, el paquete de\n servicios tambi\u00e9n finalizar\u00e1 simult\u00e1neamente.  \n            <\/p>\n\n            <p style=\"font-weight: bold;\">\n  \u00bfNecesita m\u00e1s ayuda? Para obtener m\u00e1s ayuda o para resolver cualquier consulta, comun\u00edquese con nuestro\n equipo de soporte o visite nuestra secci\u00f3n de preguntas frecuentes. \n            <\/p>\n        <\/div>\n    <\/div>\n<\/div>\n\n","protected":false},"excerpt":{"rendered":"<ul>\n<li class=\"tick\">Reparaciones gratuitas<\/li>\n<li class=\"tick\">Reemplazo de dispositivos perdidos<\/li>\n<li class=\"tick\">Cobertura de seguro integral<\/li>\n<li class=\"tick\">Sin participaci\u00f3n del cliente<\/li>\n<\/ul>\n","protected":false},"featured_media":4876656,"template":"","meta":[],"product_brand":[],"product_cat":[62],"product_tag":[],"class_list":{"0":"post-5016913","1":"product","2":"type-product","3":"status-publish","4":"has-post-thumbnail","6":"product_cat-unkategorisiert","8":"first","9":"instock","10":"taxable","11":"shipping-taxable","12":"purchasable","13":"product-type-variable-subscription"},"bundled_by":["5025474"],"bundle_stock_status":"instock","bundle_stock_quantity":null,"bundle_virtual":false,"bundle_layout":"","bundle_add_to_cart_form_location":"","bundle_editable_in_cart":false,"bundle_sold_individually_context":"","bundle_item_grouping":"","bundle_min_size":"","bundle_max_size":"","bundle_price":[],"bundled_items":[],"bundle_sell_ids":[],"exclude_global_add_ons":[],"addons":[],"_links":{"self":[{"href":"https:\/\/start.finder-portal.com\/es\/wp-json\/wp\/v2\/product\/5016913","targetHints":{"allow":["GET"]}}],"collection":[{"href":"https:\/\/start.finder-portal.com\/es\/wp-json\/wp\/v2\/product"}],"about":[{"href":"https:\/\/start.finder-portal.com\/es\/wp-json\/wp\/v2\/types\/product"}],"wp:featuredmedia":[{"embeddable":true,"href":"https:\/\/start.finder-portal.com\/es\/wp-json\/wp\/v2\/media\/4876656"}],"wp:attachment":[{"href":"https:\/\/start.finder-portal.com\/es\/wp-json\/wp\/v2\/media?parent=5016913"}],"wp:term":[{"taxonomy":"product_brand","embeddable":true,"href":"https:\/\/start.finder-portal.com\/es\/wp-json\/wp\/v2\/product_brand?post=5016913"},{"taxonomy":"product_cat","embeddable":true,"href":"https:\/\/start.finder-portal.com\/es\/wp-json\/wp\/v2\/product_cat?post=5016913"},{"taxonomy":"product_tag","embeddable":true,"href":"https:\/\/start.finder-portal.com\/es\/wp-json\/wp\/v2\/product_tag?post=5016913"}],"curies":[{"name":"wp","href":"https:\/\/api.w.org\/{rel}","templated":true}]}}