{"id":5581457,"date":"2024-09-23T15:28:58","date_gmt":"2024-09-23T13:28:58","guid":{"rendered":"https:\/\/start.finder-portal.com\/product\/paquete-portal-premium\/"},"modified":"2026-03-06T16:07:41","modified_gmt":"2026-03-06T15:07:41","slug":"paquete-portal-premium","status":"publish","type":"product","link":"https:\/\/start.finder-portal.com\/es\/producto\/paquete-portal-premium\/","title":{"rendered":"Paquete Portal Premium"},"content":{"rendered":"<h2 style=\"text-align: center;\">Portal FINDER Suscripci\u00f3n Premium<\/h2>\n<p style=\"text-align: center;\">Para utilizar su rastreador GPS PAJ, debe seleccionar un modelo de suscripci\u00f3n para la activaci\u00f3n. Se debe comprar una licencia del portal FINDER para cada dispositivo. Se pueden gestionar varios FINDER a trav\u00e9s de una sola cuenta.  <\/p>\n\t<div id=\"gap-1616376973\" class=\"gap-element clearfix\" style=\"display:block; height:auto;\">\n\t\t\n<style>\n#gap-1616376973 {\n  padding-top: 30px;\n}\n<\/style>\n\t<\/div>\n\t\n<div class=\"row align-equal align-right row-box-shadow-2 row-box-shadow-5-hover\"  id=\"row-1134375575\">\r\n\r\n\n\t<div id=\"col-4801273\" class=\"col medium-4 small-12 large-4\"  >\n\t\t\t\t<div class=\"col-inner text-left\"  >\n\t\t\t\n\t\t\t\r\n\r\n<div class=\"pricing-table-wrapper\">\n  <div class=\"pricing-table ux_price_table text-center\">\n    <div class=\"pricing-table-header\">\n      <div class=\"title uppercase strong\">POR 6 MESES<\/div>\n      <div class=\"price is-xxlarge\"><\/div>\n          <\/div>\n    <div class=\"pricing-table-items items\">\n      \r\n\r\n<ul>\n<li class=\"bullet-checkmark\" style=\"text-align: left;\">Facturaci\u00f3n con 6 meses de antelaci\u00f3n<\/li>\n<li class=\"bullet-checkmark\" style=\"text-align: left;\">Cancelaci\u00f3n de 6 meses<\/li>\n<li class=\"bullet-checkmark\" style=\"text-align: left;\">Se renueva autom\u00e1ticamente cada 6 meses hasta que lo cancele<\/li>\n<li class=\"bullet-checkmark\" style=\"text-align: left;\">Garant\u00eda de devoluci\u00f3n de dinero de 30 d\u00edas<\/li>\n<\/ul>\r\n\r\n    <\/div>\n      <\/div>\n<\/div>\n\n\r\n\r\n\t\t<\/div>\n\t\t\t\t\t<\/div>\n\n\t\r\n\n\t<div id=\"col-672357688\" class=\"col medium-4 small-12 large-4\"  >\n\t\t\t\t<div class=\"col-inner\"  >\n\t\t\t\n\t\t\t\r\n\r\n<div class=\"pricing-table-wrapper\">\n  <div class=\"pricing-table ux_price_table text-center\">\n    <div class=\"pricing-table-header\">\n      <div class=\"title uppercase strong\">POR 1 A\u00d1O<\/div>\n      <div class=\"price is-xxlarge\"><\/div>\n          <\/div>\n    <div class=\"pricing-table-items items\">\n      \r\n\r\n<ul>\n<li class=\"bullet-checkmark\" style=\"text-align: left;\">Cargado una vez al a\u00f1o por adelantado<\/li>\n<li class=\"bullet-checkmark\" style=\"text-align: left;\">Se puede cancelar anualmente<\/li>\n<li class=\"bullet-checkmark\" style=\"text-align: left;\">Se renueva autom\u00e1ticamente a\u00f1o tras a\u00f1o hasta que se cancela<\/li>\n<li class=\"bullet-checkmark\" style=\"text-align: left;\">Garant\u00eda de devoluci\u00f3n de dinero de 30 d\u00edas<\/li>\n<li class=\"bullet-checkmark\" style=\"text-align: left;\"><strong>Ahorra 24\u20ac en comparaci\u00f3n con la licencia de 6 meses <\/strong><\/li>\n<\/ul>\r\n\r\n    <\/div>\n      <\/div>\n<\/div>\n\n\r\n\r\n\t\t<\/div>\n\t\t\t\t\t<\/div>\n\n\t\r\n\n\t<div id=\"col-797190600\" class=\"col medium-4 small-12 large-4\"  >\n\t\t\t\t<div class=\"col-inner\"  >\n\t\t\t\n\t\t\t\r\n\r\n<div class=\"pricing-table-wrapper\">\n  <div class=\"pricing-table ux_price_table text-center\">\n    <div class=\"pricing-table-header\">\n      <div class=\"title uppercase strong\">POR 2 A\u00d1OS<\/div>\n      <div class=\"price is-xxlarge\"><\/div>\n          <\/div>\n    <div class=\"pricing-table-items items\">\n      \r\n\r\n<ul>\n<li class=\"bullet-checkmark\" style=\"text-align: left;\">Cobro anticipado cada 2 a\u00f1os<\/li>\n<li class=\"bullet-checkmark\" style=\"text-align: left;\">Puede cancelarse cada 2 a\u00f1os<\/li>\n<li class=\"bullet-checkmark\" style=\"text-align: left;\">Se renueva autom\u00e1ticamente cada 2 a\u00f1os hasta que se cancele<\/li>\n<li class=\"bullet-checkmark\" style=\"text-align: left;\">Garant\u00eda de devoluci\u00f3n de dinero de 30 d\u00edas<\/li>\n<li class=\"bullet-checkmark\" style=\"text-align: left;\"><strong>Ahorra 96\u20ac en comparaci\u00f3n con la licencia de 6 meses<\/strong><\/li>\n<\/ul>\r\n\r\n    <\/div>\n      <\/div>\n<\/div>\n\n\r\n\r\n\t\t<\/div>\n\t\t\t\t\t<\/div>\n\n\t\r\n\r\n<\/div>\r\n<div class=\"row align-middle align-center\"  id=\"row-92523204\">\r\n\r\n\n\t<div id=\"col-921457045\" class=\"col medium-4 small-12 large-4\"  >\n\t\t\t\t<div class=\"col-inner\"  >\n\t\t\t\n\t\t\t\r\n\r\n<p style=\"text-align: center;\"><p class=\"product woocommerce add_to_cart_inline \" style=\"border:4px solid #ccc; padding: 12px;\"><span class=\"woocommerce-Price-amount amount\"><bdi><span class=\"woocommerce-Price-currencySymbol\">&#36;<\/span>66,00<\/bdi><\/span><span class=\"price-suffix\"><\/span> <span class=\"subscription-details\"> cada 6 meses <\/span><a href=\"https:\/\/start.finder-portal.com\/product\/portal-premium-license\/?attribute_pa_subscription-duration=6-months&#038;variation_id=3546047&#038;add-to-cart=3546042\" aria-describedby=\"woocommerce_loop_add_to_cart_link_describedby_3546047\" data-quantity=\"1\" class=\"button product_type_subscription_variation add_to_cart_button ajax_add_to_cart\" data-product_id=\"3546047\" data-product_sku=\"84001\" aria-label=\"A\u00f1adir al carrito: &ldquo;Portal Premium License - Licencia durante 6 meses&rdquo;\" rel=\"nofollow\" data-success_message=\"\u00abPortal Premium License - Licencia durante 6 meses\u00bb se ha a\u00f1adido a tu carrito\">Desbloquear ahora<\/a>\t<span id=\"woocommerce_loop_add_to_cart_link_describedby_3546047\" class=\"screen-reader-text\">\n\t\t\t<\/span>\n<\/p><\/p>\r\n\r\n\t\t<\/div>\n\t\t\t\t\t<\/div>\n\n\t\r\n\n\t<div id=\"col-749484986\" class=\"col medium-4 small-12 large-4\"  >\n\t\t\t\t<div class=\"col-inner\"  >\n\t\t\t\n\t\t\t\r\n\r\n<p style=\"text-align: center;\"><p class=\"product woocommerce add_to_cart_inline \" style=\"border:4px solid #ccc; padding: 12px;\"><span class=\"woocommerce-Price-amount amount\"><bdi><span class=\"woocommerce-Price-currencySymbol\">&#36;<\/span>102,00<\/bdi><\/span><span class=\"price-suffix\"><\/span> <span class=\"subscription-details\"> \/ a\u00f1o<\/span><a href=\"https:\/\/start.finder-portal.com\/product\/portal-premium-license\/?attribute_pa_subscription-duration=1-year&#038;variation_id=3546048&#038;add-to-cart=3546042\" aria-describedby=\"woocommerce_loop_add_to_cart_link_describedby_3546048\" data-quantity=\"1\" class=\"button product_type_subscription_variation add_to_cart_button ajax_add_to_cart\" data-product_id=\"3546048\" data-product_sku=\"84002\" aria-label=\"A\u00f1adir al carrito: &ldquo;Portal Premium License - License for 1 Year&rdquo;\" rel=\"nofollow\" data-success_message=\"\u00abPortal Premium License - License for 1 Year\u00bb se ha a\u00f1adido a tu carrito\">Desbloquear ahora<\/a>\t<span id=\"woocommerce_loop_add_to_cart_link_describedby_3546048\" class=\"screen-reader-text\">\n\t\t\t<\/span>\n<\/p><\/p>\r\n\r\n\t\t<\/div>\n\t\t\t\t\t<\/div>\n\n\t\r\n\n\t<div id=\"col-1094032631\" class=\"col medium-4 small-12 large-4\"  >\n\t\t\t\t<div class=\"col-inner\"  >\n\t\t\t\n\t\t\t\r\n\r\n<p style=\"text-align: center;\"><p class=\"product woocommerce add_to_cart_inline \" style=\"border:4px solid #ccc; padding: 12px;\"><span class=\"woocommerce-Price-amount amount\"><bdi><span class=\"woocommerce-Price-currencySymbol\">&#36;<\/span>156,00<\/bdi><\/span><span class=\"price-suffix\"><\/span> <span class=\"subscription-details\"> cada 2 a\u00f1os <\/span><a href=\"https:\/\/start.finder-portal.com\/product\/portal-premium-license\/?attribute_pa_subscription-duration=2-years&#038;variation_id=3546049&#038;add-to-cart=3546042\" aria-describedby=\"woocommerce_loop_add_to_cart_link_describedby_3546049\" data-quantity=\"1\" class=\"button product_type_subscription_variation add_to_cart_button ajax_add_to_cart\" data-product_id=\"3546049\" data-product_sku=\"84003\" aria-label=\"A\u00f1adir al carrito: &ldquo;Portal Premium License - License for 2 years&rdquo;\" rel=\"nofollow\" data-success_message=\"\u00abPortal Premium License - License for 2 years\u00bb se ha a\u00f1adido a tu carrito\">Desbloquear ahora<\/a>\t<span id=\"woocommerce_loop_add_to_cart_link_describedby_3546049\" class=\"screen-reader-text\">\n\t\t\t<\/span>\n<\/p><\/p>\r\n\r\n\t\t<\/div>\n\t\t\t\t\t<\/div>\n\n\t\r\n\r\n<\/div>\r\n<p style=\"text-align: center;\">Encontrar\u00e1 informaci\u00f3n sobre la garant\u00eda de devoluci\u00f3n del dinero de 30 d\u00edas <a href=\"\/?page_id=3846\">aqu\u00ed<\/a>.<\/p>\n\t<div id=\"gap-1821077080\" class=\"gap-element clearfix\" style=\"display:block; height:auto;\">\n\t\t\n<style>\n#gap-1821077080 {\n  padding-top: 40px;\n}\n<\/style>\n\t<\/div>\n\t\n","protected":false},"excerpt":{"rendered":"<p style=\"text-align: left;\">Para utilizar su rastreador GPS PAJ, debe seleccionar un modelo de suscripci\u00f3n para la activaci\u00f3n. Se debe comprar una licencia del portal FINDER para cada dispositivo. Se pueden gestionar varios FINDER a trav\u00e9s de una sola cuenta.  <\/p>\n\t<div id=\"gap-1998434996\" class=\"gap-element clearfix\" style=\"display:block; height:auto;\">\n\t\t\n<style>\n#gap-1998434996 {\n  padding-top: 30px;\n}\n<\/style>\n\t<\/div>\n\t\n<div class=\"row align-equal align-right row-box-shadow-2 row-box-shadow-5-hover\"  id=\"row-319845048\">\r\n\r\n\n\t<div id=\"col-2104921481\" class=\"col medium-4 small-12 large-4\"  >\n\t\t\t\t<div class=\"col-inner text-left\"  >\n\t\t\t\n\t\t\t\r\n\r\n<div class=\"pricing-table-wrapper\">\n  <div class=\"pricing-table ux_price_table text-center\">\n    <div class=\"pricing-table-header\">\n      <div class=\"title uppercase strong\">POR 6 MESES<\/div>\n      <div class=\"price is-xxlarge\"><\/div>\n          <\/div>\n    <div class=\"pricing-table-items items\">\n      \r\n\r\n<ul>\n<li class=\"bullet-checkmark\" style=\"text-align: left;\">Facturaci\u00f3n con 6 meses de antelaci\u00f3n<\/li>\n<li class=\"bullet-checkmark\" style=\"text-align: left;\">Cancelaci\u00f3n de 6 meses<\/li>\n<li class=\"bullet-checkmark\" style=\"text-align: left;\">Se renueva autom\u00e1ticamente cada 6 meses hasta que lo cancele<\/li>\n<li class=\"bullet-checkmark\" style=\"text-align: left;\">Garant\u00eda de devoluci\u00f3n de dinero de 30 d\u00edas<\/li>\n<\/ul>\r\n\r\n    <\/div>\n      <\/div>\n<\/div>\n\n\r\n\r\n\t\t<\/div>\n\t\t\t\t\t<\/div>\n\n\t\r\n\n\t<div id=\"col-612581127\" class=\"col medium-4 small-12 large-4\"  >\n\t\t\t\t<div class=\"col-inner\"  >\n\t\t\t\n\t\t\t\r\n\r\n<div class=\"pricing-table-wrapper\">\n  <div class=\"pricing-table ux_price_table text-center\">\n    <div class=\"pricing-table-header\">\n      <div class=\"title uppercase strong\">POR 1 A\u00d1O<\/div>\n      <div class=\"price is-xxlarge\"><\/div>\n          <\/div>\n    <div class=\"pricing-table-items items\">\n      \r\n\r\n<ul>\n<li class=\"bullet-checkmark\" style=\"text-align: left;\">Cargado una vez al a\u00f1o por adelantado<\/li>\n<li class=\"bullet-checkmark\" style=\"text-align: left;\">Se puede cancelar anualmente<\/li>\n<li class=\"bullet-checkmark\" style=\"text-align: left;\">Se renueva autom\u00e1ticamente a\u00f1o tras a\u00f1o hasta que se cancela<\/li>\n<li class=\"bullet-checkmark\" style=\"text-align: left;\">Garant\u00eda de devoluci\u00f3n de dinero de 30 d\u00edas<\/li>\n<li class=\"bullet-checkmark\" style=\"text-align: left;\"><strong>Ahorra 24\u20ac en comparaci\u00f3n con la licencia de 6 meses <\/strong><\/li>\n<\/ul>\r\n\r\n    <\/div>\n      <\/div>\n<\/div>\n\n\r\n\r\n\t\t<\/div>\n\t\t\t\t\t<\/div>\n\n\t\r\n\n\t<div id=\"col-1926604426\" class=\"col medium-4 small-12 large-4\"  >\n\t\t\t\t<div class=\"col-inner\"  >\n\t\t\t\n\t\t\t\r\n\r\n<div class=\"pricing-table-wrapper\">\n  <div class=\"pricing-table ux_price_table text-center\">\n    <div class=\"pricing-table-header\">\n      <div class=\"title uppercase strong\">POR 2 A\u00d1OS<\/div>\n      <div class=\"price is-xxlarge\"><\/div>\n          <\/div>\n    <div class=\"pricing-table-items items\">\n      \r\n\r\n<ul>\n<li class=\"bullet-checkmark\" style=\"text-align: left;\">Cobro anticipado cada 2 a\u00f1os<\/li>\n<li class=\"bullet-checkmark\" style=\"text-align: left;\">Puede cancelarse cada 2 a\u00f1os<\/li>\n<li class=\"bullet-checkmark\" style=\"text-align: left;\">Se renueva autom\u00e1ticamente cada 2 a\u00f1os hasta que se cancele<\/li>\n<li class=\"bullet-checkmark\" style=\"text-align: left;\">Garant\u00eda de devoluci\u00f3n de dinero de 30 d\u00edas<\/li>\n<li class=\"bullet-checkmark\" style=\"text-align: left;\"><strong>Ahorra 96\u20ac en comparaci\u00f3n con la licencia de 6 meses<\/strong><\/li>\n<\/ul>\r\n\r\n    <\/div>\n      <\/div>\n<\/div>\n\n\r\n\r\n\t\t<\/div>\n\t\t\t\t\t<\/div>\n\n\t\r\n\r\n<\/div>\r\n<div class=\"row align-middle align-center\"  id=\"row-1208548668\">\r\n\r\n\n\t<div id=\"col-550999088\" class=\"col medium-4 small-12 large-4\"  >\n\t\t\t\t<div class=\"col-inner\"  >\n\t\t\t\n\t\t\t\r\n\r\n<p style=\"text-align: center;\"><p class=\"product woocommerce add_to_cart_inline \" style=\"border:4px solid #ccc; padding: 12px;\"><span class=\"woocommerce-Price-amount amount\"><bdi><span class=\"woocommerce-Price-currencySymbol\">&#36;<\/span>66,00<\/bdi><\/span><span class=\"price-suffix\"><\/span> <span class=\"subscription-details\"> cada 6 meses <\/span><a href=\"https:\/\/start.finder-portal.com\/product\/portal-premium-license\/?attribute_pa_subscription-duration=6-months&#038;variation_id=3546047&#038;add-to-cart=3546042\" aria-describedby=\"woocommerce_loop_add_to_cart_link_describedby_3546047\" data-quantity=\"1\" class=\"button product_type_subscription_variation add_to_cart_button ajax_add_to_cart\" data-product_id=\"3546047\" data-product_sku=\"84001\" aria-label=\"A\u00f1adir al carrito: &ldquo;Portal Premium License - Licencia durante 6 meses&rdquo;\" rel=\"nofollow\" data-success_message=\"\u00abPortal Premium License - Licencia durante 6 meses\u00bb se ha a\u00f1adido a tu carrito\">Desbloquear ahora<\/a>\t<span id=\"woocommerce_loop_add_to_cart_link_describedby_3546047\" class=\"screen-reader-text\">\n\t\t\t<\/span>\n<\/p><\/p>\r\n\r\n\t\t<\/div>\n\t\t\t\t\t<\/div>\n\n\t\r\n\n\t<div id=\"col-2081323818\" class=\"col medium-4 small-12 large-4\"  >\n\t\t\t\t<div class=\"col-inner\"  >\n\t\t\t\n\t\t\t\r\n\r\n<p style=\"text-align: center;\"><p class=\"product woocommerce add_to_cart_inline \" style=\"border:4px solid #ccc; padding: 12px;\"><span class=\"woocommerce-Price-amount amount\"><bdi><span class=\"woocommerce-Price-currencySymbol\">&#36;<\/span>102,00<\/bdi><\/span><span class=\"price-suffix\"><\/span> <span class=\"subscription-details\"> \/ a\u00f1o<\/span><a href=\"https:\/\/start.finder-portal.com\/product\/portal-premium-license\/?attribute_pa_subscription-duration=1-year&#038;variation_id=3546048&#038;add-to-cart=3546042\" aria-describedby=\"woocommerce_loop_add_to_cart_link_describedby_3546048\" data-quantity=\"1\" class=\"button product_type_subscription_variation add_to_cart_button ajax_add_to_cart\" data-product_id=\"3546048\" data-product_sku=\"84002\" aria-label=\"A\u00f1adir al carrito: &ldquo;Portal Premium License - License for 1 Year&rdquo;\" rel=\"nofollow\" data-success_message=\"\u00abPortal Premium License - License for 1 Year\u00bb se ha a\u00f1adido a tu carrito\">Desbloquear ahora<\/a>\t<span id=\"woocommerce_loop_add_to_cart_link_describedby_3546048\" class=\"screen-reader-text\">\n\t\t\t<\/span>\n<\/p><\/p>\r\n\r\n\t\t<\/div>\n\t\t\t\t\t<\/div>\n\n\t\r\n\n\t<div id=\"col-454915937\" class=\"col medium-4 small-12 large-4\"  >\n\t\t\t\t<div class=\"col-inner\"  >\n\t\t\t\n\t\t\t\r\n\r\n<p style=\"text-align: center;\"><p class=\"product woocommerce add_to_cart_inline \" style=\"border:4px solid #ccc; padding: 12px;\"><span class=\"woocommerce-Price-amount amount\"><bdi><span class=\"woocommerce-Price-currencySymbol\">&#36;<\/span>156,00<\/bdi><\/span><span class=\"price-suffix\"><\/span> <span class=\"subscription-details\"> cada 2 a\u00f1os <\/span><a href=\"https:\/\/start.finder-portal.com\/product\/portal-premium-license\/?attribute_pa_subscription-duration=2-years&#038;variation_id=3546049&#038;add-to-cart=3546042\" aria-describedby=\"woocommerce_loop_add_to_cart_link_describedby_3546049\" data-quantity=\"1\" class=\"button product_type_subscription_variation add_to_cart_button ajax_add_to_cart\" data-product_id=\"3546049\" data-product_sku=\"84003\" aria-label=\"A\u00f1adir al carrito: &ldquo;Portal Premium License - License for 2 years&rdquo;\" rel=\"nofollow\" data-success_message=\"\u00abPortal Premium License - License for 2 years\u00bb se ha a\u00f1adido a tu carrito\">Desbloquear ahora<\/a>\t<span id=\"woocommerce_loop_add_to_cart_link_describedby_3546049\" class=\"screen-reader-text\">\n\t\t\t<\/span>\n<\/p><\/p>\r\n\r\n\t\t<\/div>\n\t\t\t\t\t<\/div>\n\n\t\r\n\r\n<\/div>\r\n<p style=\"text-align: center;\">Encontrar\u00e1 informaci\u00f3n sobre la garant\u00eda de devoluci\u00f3n del dinero de 30 d\u00edas <a href=\"\/?page_id=3846\">aqu\u00ed<\/a>.<\/p>\n\t<div id=\"gap-1930336855\" class=\"gap-element clearfix\" style=\"display:block; height:auto;\">\n\t\t\n<style>\n#gap-1930336855 {\n  padding-top: 40px;\n}\n<\/style>\n\t<\/div>\n\t\n","protected":false},"featured_media":3472214,"template":"","meta":[],"product_brand":[],"product_cat":[228],"product_tag":[],"class_list":{"0":"post-5581457","1":"product","2":"type-product","3":"status-publish","4":"has-post-thumbnail","6":"product_cat-new-pricing-model-es","8":"first","9":"instock","10":"virtual","11":"taxable","12":"purchasable","13":"product-type-bundle"},"bundled_by":[],"bundle_stock_status":"instock","bundle_stock_quantity":"","bundle_virtual":false,"bundle_layout":"default","bundle_add_to_cart_form_location":"default","bundle_editable_in_cart":false,"bundle_sold_individually_context":"product","bundle_item_grouping":"parent","bundle_min_size":"","bundle_max_size":"","bundle_price":{"price":{"min":{"incl_tax":"0","excl_tax":"0"},"max":{"incl_tax":"0","excl_tax":"0"}},"regular_price":{"min":{"incl_tax":"0","excl_tax":"0"},"max":{"incl_tax":"0","excl_tax":"0"}}},"bundled_items":[{"bundled_item_id":1208,"product_id":3562501,"menu_order":0,"quantity_min":1,"quantity_max":1,"quantity_default":1,"priced_individually":true,"shipped_individually":true,"override_title":false,"title":null,"override_description":false,"description":null,"optional":false,"hide_thumbnail":false,"discount":"","override_variations":false,"allowed_variations":[""],"override_default_variation_attributes":false,"default_variation_attributes":[],"single_product_visibility":"visible","cart_visibility":"visible","order_visibility":"visible","single_product_price_visibility":"visible","cart_price_visibility":"visible","order_price_visibility":"visible","stock_status":"in_stock"}],"bundle_sell_ids":[],"exclude_global_add_ons":[],"addons":[],"_links":{"self":[{"href":"https:\/\/start.finder-portal.com\/es\/wp-json\/wp\/v2\/product\/5581457","targetHints":{"allow":["GET"]}}],"collection":[{"href":"https:\/\/start.finder-portal.com\/es\/wp-json\/wp\/v2\/product"}],"about":[{"href":"https:\/\/start.finder-portal.com\/es\/wp-json\/wp\/v2\/types\/product"}],"wp:featuredmedia":[{"embeddable":true,"href":"https:\/\/start.finder-portal.com\/es\/wp-json\/wp\/v2\/media\/3472214"}],"wp:attachment":[{"href":"https:\/\/start.finder-portal.com\/es\/wp-json\/wp\/v2\/media?parent=5581457"}],"wp:term":[{"taxonomy":"product_brand","embeddable":true,"href":"https:\/\/start.finder-portal.com\/es\/wp-json\/wp\/v2\/product_brand?post=5581457"},{"taxonomy":"product_cat","embeddable":true,"href":"https:\/\/start.finder-portal.com\/es\/wp-json\/wp\/v2\/product_cat?post=5581457"},{"taxonomy":"product_tag","embeddable":true,"href":"https:\/\/start.finder-portal.com\/es\/wp-json\/wp\/v2\/product_tag?post=5581457"}],"curies":[{"name":"wp","href":"https:\/\/api.w.org\/{rel}","templated":true}]}}