{"id":12006,"date":"2018-08-29T17:47:29","date_gmt":"2018-08-29T15:47:29","guid":{"rendered":"https:\/\/start.finder-portal.com\/mentions-legales\/"},"modified":"2026-01-20T16:00:12","modified_gmt":"2026-01-20T15:00:12","slug":"mentions-legales","status":"publish","type":"page","link":"https:\/\/start.finder-portal.com\/fr\/mentions-legales\/","title":{"rendered":"Empreinte"},"content":{"rendered":"\n<div class=\"row\"  id=\"row-1747679643\">\n\n\n\t<div id=\"col-1301191479\" class=\"col small-12 large-12\"  >\n\t\t\t\t<div class=\"col-inner\"  >\n\t\t\t\n\t\t\t\n\n<h1>Empreinte<\/h1>\n<p>PAJ UG (haftungsbeschr\u00e4nkt)<br>Am Wieschen 1<br>51570 Windeck<br>Windeck, Allemagne<\/p>\n<p>T\u00e9l\u00e9phone : +49 (0) 2292 39 499 59<br>E-mail : info@paj-gps.de<\/p>\n<p>Tribunal d\u2019appel : Tribunal local de Siegburg<br>Num\u00e9ro d\u2019enregistrement : HRB 11677<\/p>\n<p>Directeur g\u00e9n\u00e9ral : Jakob Lindner<\/p>\n<p>Num\u00e9ro d\u2019identification de la taxe de vente : DE291602455<\/p>\n<p>DEEE reg. N\u00b0. DE33887550<br>Obligations d\u2019information conform\u00e9ment \u00e0 l\u2019article 18, paragraphe 4 phrase 3 ElektroG :<br><a href=\"https:\/\/www.bmuv.de\/themen\/wasser-ressourcen-abfall\/kreislaufwirtschaft\/statistiken\/elektro-und-elektronikaltgeraete\">https:\/\/www.bmuv.de\/themen\/wasser-ressourcen-abfall\/kreislaufwirtschaft\/statistiken\/elektro-und-elektronikaltgeraete<\/a><\/p>\n<p>Personne responsable au sens de l\u2019article 18 alin\u00e9a 2 MStV :<br>Alexander Sarellas, Am Wieschen 1, 51570 Windeck<\/p>\n<p>Plateforme de la Commission europ\u00e9enne pour le r\u00e8glement en ligne des litiges : <a href=\"https:\/\/ec.europa.eu\/odr\">https:\/\/ec.europa.eu\/odr<\/a><\/p>\n<p>Nous ne sommes ni oblig\u00e9s ni dispos\u00e9s \u00e0 participer \u00e0 une proc\u00e9dure de r\u00e8glement des litiges devant une commission d\u2019arbitrage des consommateurs.<\/p>\n<p class=\"clearfix\"> <\/p>\n<p><img loading=\"lazy\" decoding=\"async\" class=\"\" src=\"https:\/\/www.it-recht-kanzlei.de\/gfx\/Logos\/logo-fairness-160.png\" alt=\"\" width=\"77\" height=\"87\">  Membre de l\u2019initiative \u00ab \u00c9quit\u00e9 dans le commerce \u00bb. Pour plus <a href=\"https:\/\/www.fairness-im-handel.de\">d\u2019informations : https:\/\/www.fairness-im-handel.de<\/a><\/p>\n\n\t\t<\/div>\n\t\t\t\t\t<\/div>\n\n\t\n\n<\/div>\n\n","protected":false},"excerpt":{"rendered":"","protected":false},"author":2,"featured_media":0,"parent":0,"menu_order":0,"comment_status":"closed","ping_status":"closed","template":"","meta":{"footnotes":""},"class_list":["post-12006","page","type-page","status-publish","hentry"],"_links":{"self":[{"href":"https:\/\/start.finder-portal.com\/fr\/wp-json\/wp\/v2\/pages\/12006","targetHints":{"allow":["GET"]}}],"collection":[{"href":"https:\/\/start.finder-portal.com\/fr\/wp-json\/wp\/v2\/pages"}],"about":[{"href":"https:\/\/start.finder-portal.com\/fr\/wp-json\/wp\/v2\/types\/page"}],"author":[{"embeddable":true,"href":"https:\/\/start.finder-portal.com\/fr\/wp-json\/wp\/v2\/users\/2"}],"replies":[{"embeddable":true,"href":"https:\/\/start.finder-portal.com\/fr\/wp-json\/wp\/v2\/comments?post=12006"}],"version-history":[{"count":10,"href":"https:\/\/start.finder-portal.com\/fr\/wp-json\/wp\/v2\/pages\/12006\/revisions"}],"predecessor-version":[{"id":5441235,"href":"https:\/\/start.finder-portal.com\/fr\/wp-json\/wp\/v2\/pages\/12006\/revisions\/5441235"}],"wp:attachment":[{"href":"https:\/\/start.finder-portal.com\/fr\/wp-json\/wp\/v2\/media?parent=12006"}],"curies":[{"name":"wp","href":"https:\/\/api.w.org\/{rel}","templated":true}]}}