{"id":12113,"date":"2018-08-30T12:53:41","date_gmt":"2018-08-30T10:53:41","guid":{"rendered":"https:\/\/start.finder-portal.com\/droit-de-retractation\/"},"modified":"2024-01-03T12:30:36","modified_gmt":"2024-01-03T11:30:36","slug":"droit-de-retractation","status":"publish","type":"page","link":"https:\/\/start.finder-portal.com\/fr\/droit-de-retractation\/","title":{"rendered":"Instructions pour l&rsquo;annulation et formulaire d&rsquo;annulation"},"content":{"rendered":"\n<div class=\"row\"  id=\"row-1295530564\">\n\n\n\t<div id=\"col-192776906\" class=\"col small-12 large-12\"  >\n\t\t\t\t<div class=\"col-inner\"  >\n\t\t\t\n\t\t\t\n\n\t<div id=\"gap-1795148422\" class=\"gap-element clearfix\" style=\"display:block; height:auto;\">\n\t\t\n<style>\n#gap-1795148422 {\n  padding-top: 30px;\n}\n<\/style>\n\t<\/div>\n\t\n\n<h1>Instructions pour l&rsquo;annulation et formulaire d&rsquo;annulation<\/h1>\n<p>Les consommateurs, c&rsquo;est-\u00e0-dire toute personne agissant \u00e0 des fins qui sont enti\u00e8rement ou principalement \u00e9trang\u00e8res \u00e0 son activit\u00e9 commerciale, industrielle, artisanale ou lib\u00e9rale, ont le droit de r\u00e9silier tout contrat dans les conditions suivantes :<\/p>\n<h2>A. Instructions pour l&rsquo;annulation<\/h2>\n<h3>Droit d\u2019annulation<\/h3>\n<p>Vous avez le droit de r\u00e9silier le pr\u00e9sent contrat dans un d\u00e9lai de 30 jours sans donner de raison.<\/p>\n<p>Le d\u00e9lai de r\u00e9tractation expire apr\u00e8s 30 jours \u00e0 compter de la date de conclusion du contrat.<\/p>\n<p>Pour exercer le droit de r\u00e9tractation, vous devez nous informer (PAJ UG (haftungsbeschr\u00e4nkt), Am Wieschen 1, 51570 Windeck, Deutschland, Tel : +49 (0) 2292 39 499 59, E-Mail : info@paj-gps.de) de votre d\u00e9cision de r\u00e9silier le pr\u00e9sent contrat par une d\u00e9claration claire (par exemple, par une lettre envoy\u00e9e par la poste, par fax ou par e-mail). Vous pouvez utiliser le mod\u00e8le de formulaire de r\u00e9siliation ci-joint, mais ce n&rsquo;est pas obligatoire.<\/p>\n<p>Pour respecter le d\u00e9lai de r\u00e9tractation, il suffit que vous envoyiez votre communication concernant l&rsquo;exercice du droit de r\u00e9tractation avant l&rsquo;expiration du d\u00e9lai de r\u00e9tractation.<\/p>\n<h3>Effets de l&rsquo;annulation<\/h3>\n<p>Si vous r\u00e9siliez le pr\u00e9sent contrat, nous vous rembourserons tous les paiements re\u00e7us de votre part, y compris les frais de livraison (\u00e0 l&rsquo;exception des frais suppl\u00e9mentaires d\u00e9coulant du fait que vous avez choisi un type de livraison autre que le type de livraison standard le moins co\u00fbteux propos\u00e9 par nous). Nous proc\u00e9derons au remboursement dans les meilleurs d\u00e9lais et au plus tard dans les 14 jours suivant la date \u00e0 laquelle nous avons \u00e9t\u00e9 inform\u00e9s de votre d\u00e9cision de r\u00e9silier le contrat. Nous effectuerons le remboursement en utilisant le m\u00eame moyen de paiement que celui que vous avez utilis\u00e9 pour la transaction initiale, \u00e0 moins que vous n&rsquo;ayez express\u00e9ment convenu d&rsquo;un autre moyen ; en tout \u00e9tat de cause, vous n&rsquo;aurez pas \u00e0 payer de frais \u00e0 la suite d&rsquo;un tel remboursement.<\/p>\n<h3>Expiration du droit de r\u00e9tractation<\/h3>\n<p>Le droit de r\u00e9tractation expire pr\u00e9matur\u00e9ment si nous avons commenc\u00e9 l&rsquo;ex\u00e9cution du contrat apr\u00e8s que vous avez express\u00e9ment accept\u00e9 que nous commencions l&rsquo;ex\u00e9cution du contrat avant l&rsquo;expiration du d\u00e9lai de r\u00e9tractation, et si vous nous avez confirm\u00e9 que vous saviez que vous perdiez votre droit de r\u00e9tractation en acceptant de commencer l&rsquo;ex\u00e9cution du contrat, et si nous vous avons fourni une confirmation du contrat sur un support durable contenant le contenu du contrat, y compris les conditions susmentionn\u00e9es relatives \u00e0 l&rsquo;expiration pr\u00e9matur\u00e9e du droit de r\u00e9tractation.<\/p>\n<h2>B. Formulaire d&rsquo;annulation<\/h2>\n<p>Si vous souhaitez annuler ce contrat, veuillez compl\u00e9ter et soumettre ce formulaire.<\/p>\n<p>PAJ UG (haftungsbeschr\u00e4nkt)<br>\nAm Wieschen 1<br>\n51570 Windeck<br>\nAllemagne<\/p>\n<p>Courriel : info@paj-gps.de<\/p>\n<p>Je\/Nous (*) notifie\/notifions par la pr\u00e9sente la r\u00e9siliation de mon\/notre (*) contrat de vente des biens suivants (*) \/ pour la fourniture du service suivant (*),<\/p>\n<p>_______________________________________________________<\/p>\n<p>_______________________________________________________<\/p>\n<p>Command\u00e9 le (*) ____________ \/ re\u00e7u le (*) __________________<\/p>\n<p>________________________________________________________<br>\nNom du\/des consommateur(s)<\/p>\n<p>________________________________________________________<br>\nAdresse du\/des consommateur(s)<\/p>\n<p>________________________________________________________<br>\nSignature du\/des consommateur(s) (uniquement si le pr\u00e9sent formulaire est notifi\u00e9 sur papier)<\/p>\n<p>_________________________<br>\nDate<\/p>\n<p>(*) Rayer les mentions inutiles<\/p>\n\n\n\t\t<\/div>\n\t\t\t\t\t<\/div>\n\n\t\n\n<\/div>\n\n","protected":false},"excerpt":{"rendered":"","protected":false},"author":2,"featured_media":0,"parent":0,"menu_order":0,"comment_status":"closed","ping_status":"closed","template":"","meta":{"footnotes":""},"class_list":["post-12113","page","type-page","status-publish","hentry"],"_links":{"self":[{"href":"https:\/\/start.finder-portal.com\/fr\/wp-json\/wp\/v2\/pages\/12113","targetHints":{"allow":["GET"]}}],"collection":[{"href":"https:\/\/start.finder-portal.com\/fr\/wp-json\/wp\/v2\/pages"}],"about":[{"href":"https:\/\/start.finder-portal.com\/fr\/wp-json\/wp\/v2\/types\/page"}],"author":[{"embeddable":true,"href":"https:\/\/start.finder-portal.com\/fr\/wp-json\/wp\/v2\/users\/2"}],"replies":[{"embeddable":true,"href":"https:\/\/start.finder-portal.com\/fr\/wp-json\/wp\/v2\/comments?post=12113"}],"version-history":[{"count":10,"href":"https:\/\/start.finder-portal.com\/fr\/wp-json\/wp\/v2\/pages\/12113\/revisions"}],"predecessor-version":[{"id":2759924,"href":"https:\/\/start.finder-portal.com\/fr\/wp-json\/wp\/v2\/pages\/12113\/revisions\/2759924"}],"wp:attachment":[{"href":"https:\/\/start.finder-portal.com\/fr\/wp-json\/wp\/v2\/media?parent=12113"}],"curies":[{"name":"wp","href":"https:\/\/api.w.org\/{rel}","templated":true}]}}