{"id":1468291,"date":"2022-07-13T18:26:22","date_gmt":"2022-07-13T16:26:22","guid":{"rendered":"https:\/\/start.finder-portal.com\/resubscribe\/"},"modified":"2022-07-13T18:26:22","modified_gmt":"2022-07-13T16:26:22","slug":"resubscribe","status":"publish","type":"page","link":"https:\/\/start.finder-portal.com\/fr\/resubscribe\/","title":{"rendered":"Resubscribe"},"content":{"rendered":"\n\n\t<section class=\"section\" id=\"section_1719956222\">\n\t\t<div class=\"section-bg fill\" >\n\t\t\t\t\t\t\t\t\t\n\t\t\t\n\n\t\t<\/div>\n\n\t\t\n\n\t\t<div class=\"section-content relative\">\n\t\t\t\n\n<div class=\"container section-title-container\" ><h2 class=\"section-title section-title-bold-center\"><b aria-hidden=\"true\"><\/b><span class=\"section-title-main\" >Instructions pour r\u00e9activer votre abonnement<\/span><b aria-hidden=\"true\"><\/b><\/h2><\/div>\n\n<div class=\"row\"  id=\"row-1864415565\">\n\n\n\t<div id=\"col-12434575\" class=\"col small-12 large-12\"  >\n\t\t\t\t<div class=\"col-inner text-center\"  >\n\t\t\t\n\t\t\t\n\n\t<div id=\"text-2154085085\" class=\"text\">\n\t\t\n\n<p>Vous avez mis en pause votre abonnement au portail Finder et souhaitez le r\u00e9activer ? Il suffit de suivre les \u00e9tapes ci-dessous et de r\u00e9activer votre abonnement pour pouvoir \u00e0 nouveau utiliser le portail avec toutes ses fonctions.<\/p>\n\n\t\t\n<style>\n#text-2154085085 {\n  text-align: center;\n}\n<\/style>\n\t<\/div>\n\t\n\n\t\t<\/div>\n\t\t\t\t\n<style>\n#col-12434575 > .col-inner {\n  padding: 0px 190px 0px 190px;\n}\n<\/style>\n\t<\/div>\n\n\t\n\n<\/div>\n\n\t\t<\/div>\n\n\t\t\n<style>\n#section_1719956222 {\n  padding-top: 30px;\n  padding-bottom: 30px;\n  min-height: 0px;\n}\n<\/style>\n\t<\/section>\n\t\n\n\t<section class=\"section\" id=\"section_1874362781\">\n\t\t<div class=\"section-bg fill\" >\n\t\t\t\t\t\t\t\t\t\n\t\t\t\n\n\t\t<\/div>\n\n\t\t\n\n\t\t<div class=\"section-content relative\">\n\t\t\t\n\n<div class=\"row align-center\"  id=\"row-1508584186\">\n\n\n\t<div id=\"col-915734166\" class=\"col medium-4 small-12 large-4\"  >\n\t\t\t\t<div class=\"col-inner\"  >\n\t\t\t\n\t\t\t\n\n\t<div id=\"text-3228684012\" class=\"text\">\n\t\t\n\n<h3>1. \u00c9tape<\/h3>\n<h2>Choisir une licence<\/h2>\n<p>Acc\u00e9dez \u00e0 la licence mise en pause sous le point <a href=\"https:\/\/start.finder-portal.com\/my-account\/subscriptions\/\" target=\"_blank\" rel=\"noopener\">\u00ab\u00a0Licences de portail\u00a0\u00bb.<\/a><\/p>\n\n\t\t\n<style>\n#text-3228684012 {\n  text-align: center;\n}\n<\/style>\n\t<\/div>\n\t\n\n\t\t<\/div>\n\t\t\t\t\t<\/div>\n\n\t\n\n\t<div id=\"col-1994757053\" class=\"col medium-4 small-12 large-4\"  >\n\t\t\t\t<div class=\"col-inner\"  >\n\t\t\t\n\t\t\t\n\n\t<div id=\"text-1202427904\" class=\"text\">\n\t\t\n\n<h3>2. \u00c9tape<\/h3>\n<h2>R\u00e9activer<\/h2>\n<p>Cliquez sur le bouton \u00ab\u00a0Resubscribe\u00a0\u00bb <\/p>\n\n\t\t\n<style>\n#text-1202427904 {\n  text-align: center;\n}\n<\/style>\n\t<\/div>\n\t\n\n\t\t<\/div>\n\t\t\t\t\t<\/div>\n\n\t\n\n\t<div id=\"col-80904500\" class=\"col medium-4 small-12 large-4\"  >\n\t\t\t\t<div class=\"col-inner\"  >\n\t\t\t\n\t\t\t\n\n\t<div id=\"text-1390529812\" class=\"text\">\n\t\t\n\n<h3>3. \u00c9tape<\/h3>\n<h2>Caisse<\/h2>\n<p>Mettez \u00e0 jour vos d\u00e9tails de paiement et finalisez votre achat.<\/p>\n\n\t\t\n<style>\n#text-1390529812 {\n  text-align: center;\n}\n<\/style>\n\t<\/div>\n\t\n\n\t\t<\/div>\n\t\t\t\t\t<\/div>\n\n\t\n\n\n<style>\n#row-1508584186 > .col > .col-inner {\n  background-color: rgb(238, 238, 238);\n}\n<\/style>\n<\/div>\n\n\t\t<\/div>\n\n\t\t\n<style>\n#section_1874362781 {\n  padding-top: 30px;\n  padding-bottom: 30px;\n  background-color: rgb(238, 238, 238);\n}\n<\/style>\n\t<\/section>\n\t\n","protected":false},"excerpt":{"rendered":"","protected":false},"author":57988,"featured_media":0,"parent":0,"menu_order":0,"comment_status":"closed","ping_status":"closed","template":"","meta":{"footnotes":""},"class_list":["post-1468291","page","type-page","status-publish","hentry"],"_links":{"self":[{"href":"https:\/\/start.finder-portal.com\/fr\/wp-json\/wp\/v2\/pages\/1468291","targetHints":{"allow":["GET"]}}],"collection":[{"href":"https:\/\/start.finder-portal.com\/fr\/wp-json\/wp\/v2\/pages"}],"about":[{"href":"https:\/\/start.finder-portal.com\/fr\/wp-json\/wp\/v2\/types\/page"}],"author":[{"embeddable":true,"href":"https:\/\/start.finder-portal.com\/fr\/wp-json\/wp\/v2\/users\/57988"}],"replies":[{"embeddable":true,"href":"https:\/\/start.finder-portal.com\/fr\/wp-json\/wp\/v2\/comments?post=1468291"}],"version-history":[{"count":1,"href":"https:\/\/start.finder-portal.com\/fr\/wp-json\/wp\/v2\/pages\/1468291\/revisions"}],"predecessor-version":[{"id":1468292,"href":"https:\/\/start.finder-portal.com\/fr\/wp-json\/wp\/v2\/pages\/1468291\/revisions\/1468292"}],"wp:attachment":[{"href":"https:\/\/start.finder-portal.com\/fr\/wp-json\/wp\/v2\/media?parent=1468291"}],"curies":[{"name":"wp","href":"https:\/\/api.w.org\/{rel}","templated":true}]}}