{"id":2380372,"date":"2023-08-25T16:34:29","date_gmt":"2023-08-25T14:34:29","guid":{"rendered":"https:\/\/start.finder-portal.com\/demarrage-rapide-obd\/"},"modified":"2024-08-22T13:50:12","modified_gmt":"2024-08-22T11:50:12","slug":"demarrage-rapide-obd","status":"publish","type":"page","link":"https:\/\/start.finder-portal.com\/fr\/demarrage-rapide-obd\/","title":{"rendered":"D\u00e9marrage rapide-OBD"},"content":{"rendered":"\n\n\t<section class=\"section\" id=\"section_1286457046\">\n\t\t<div class=\"section-bg fill\" >\n\t\t\t\t\t\t\t\t\t\n\t\t\t\n\n\t\t<\/div>\n\n\t\t\n\n\t\t<div class=\"section-content relative\">\n\t\t\t\n\n\t<div id=\"gap-31664381\" class=\"gap-element clearfix\" style=\"display:block; height:auto;\">\n\t\t\n<style>\n#gap-31664381 {\n  padding-top: 20px;\n}\n@media (min-width:550px) {\n  #gap-31664381 {\n    padding-top: 20px;\n  }\n}\n<\/style>\n\t<\/div>\n\t\n\n\t<div id=\"text-926639702\" class=\"text\">\n\t\t\n\n<h2>D\u00c9MARRAGE RAPIDE<\/h2>\n\t\t\n<style>\n#text-926639702 {\n  font-size: 2rem;\n  text-align: center;\n  color: rgb(0,0,0);\n}\n#text-926639702 > * {\n  color: rgb(0,0,0);\n}\n<\/style>\n\t<\/div>\n\t\n\n\t\t<\/div>\n\n\t\t\n<style>\n#section_1286457046 {\n  padding-top: 0px;\n  padding-bottom: 0px;\n}\n@media (min-width:550px) {\n  #section_1286457046 {\n    padding-top: 10px;\n    padding-bottom: 10px;\n  }\n}\n<\/style>\n\t<\/section>\n\t\n\n\t<section class=\"section\" id=\"section_1061143243\">\n\t\t<div class=\"section-bg fill\" >\n\t\t\t\t\t\t\t\t\t\n\t\t\t\n\n\t\t<\/div>\n\n\t\t\n\n\t\t<div class=\"section-content relative\">\n\t\t\t\n\n\t<div id=\"text-3194403635\" class=\"text\">\n\t\t\n\n<p>Veuillez suivre ces \u00e9tapes simples : <\/p>\n\t\t\n<style>\n#text-3194403635 {\n  font-size: 1rem;\n  line-height: 1.55;\n  text-align: center;\n  color: rgb(0,0,0);\n}\n#text-3194403635 > * {\n  color: rgb(0,0,0);\n}\n@media (min-width:550px) {\n  #text-3194403635 {\n    font-size: 1.5rem;\n  }\n}\n<\/style>\n\t<\/div>\n\t\n\n\t\t<\/div>\n\n\t\t\n<style>\n#section_1061143243 {\n  padding-top: 0px;\n  padding-bottom: 0px;\n}\n@media (min-width:550px) {\n  #section_1061143243 {\n    padding-top: 10px;\n    padding-bottom: 10px;\n  }\n}\n<\/style>\n\t<\/section>\n\t\n\n\t<section class=\"section\" id=\"section_108186792\">\n\t\t<div class=\"section-bg fill\" >\n\t\t\t\t\t\t\t\t\t<div class=\"section-bg-overlay absolute fill\"><\/div>\n\t\t\t\n\n\t\t<\/div>\n\n\t\t\n\n\t\t<div class=\"section-content relative\">\n\t\t\t\n\n<div class=\"row align-middle align-center\"  id=\"row-1411796648\">\n\n\n\t<div id=\"col-117921985\" class=\"col medium-10 small-12 large-10\"  >\n\t\t\t\t<div class=\"col-inner text-center\" style=\"background-color:rgb(234, 234, 234);\" >\n\t\t\t\n\t<div class=\"is-border\"\n\t\tstyle=\"border-width:0px 0px 0px 0px;margin:0px 0px 0px 0px;\">\n\t<\/div>\n\t\t\t\n\n\t<div class=\"img has-hover x md-x lg-x y md-y lg-y\" id=\"image_1764864853\">\n\t\t\t\t\t\t\t\t<div class=\"img-inner dark\" >\n\t\t\t<img loading=\"lazy\" decoding=\"async\" width=\"68\" height=\"89\" src=\"https:\/\/start.finder-portal.com\/wp-content\/uploads\/2018\/04\/sim.png\" class=\"attachment-large size-large\" alt=\"\" srcset=\"https:\/\/start.finder-portal.com\/wp-content\/uploads\/2018\/04\/sim.png 68w, https:\/\/start.finder-portal.com\/wp-content\/uploads\/2018\/04\/sim-50x65.png 50w\" sizes=\"auto, (max-width: 68px) 100vw, 68px\" \/>\t\t\t\t\t\t\n\t\t\t\t\t<\/div>\n\t\t\t\t\t\t\t\t\n<style>\n#image_1764864853 {\n  width: 15%;\n}\n@media (min-width:550px) {\n  #image_1764864853 {\n    width: 5%;\n  }\n}\n<\/style>\n\t<\/div>\n\t\n\n\t<div id=\"text-2491961409\" class=\"text\">\n\t\t\n\n<h1>1. Activez votre appareil<\/h1>\n\t\t\n<style>\n#text-2491961409 {\n  text-align: center;\n  color: rgb(0,0,0);\n}\n#text-2491961409 > * {\n  color: rgb(0,0,0);\n}\n@media (min-width:550px) {\n  #text-2491961409 {\n    text-align: center;\n  }\n}\n@media (min-width:850px) {\n  #text-2491961409 {\n    text-align: center;\n  }\n}\n<\/style>\n\t<\/div>\n\t\n\t<div id=\"gap-1556340176\" class=\"gap-element clearfix\" style=\"display:block; height:auto;\">\n\t\t\n<style>\n#gap-1556340176 {\n  padding-top: 10px;\n}\n@media (min-width:550px) {\n  #gap-1556340176 {\n    padding-top: 30px;\n  }\n}\n<\/style>\n\t<\/div>\n\t\n\n\t<div id=\"text-225821055\" class=\"text\">\n\t\t\n\n<p>\u2022 Choisissez une dur\u00e9e d\u2019abonnement<br>\u2022 S\u00e9lectionnez un pack de services (facultatif)<br>\u2022 Effectuer le paiement<\/p>\n\t\t\n<style>\n#text-225821055 {\n  text-align: center;\n  color: rgb(0,0,0);\n}\n#text-225821055 > * {\n  color: rgb(0,0,0);\n}\n@media (min-width:550px) {\n  #text-225821055 {\n    text-align: center;\n  }\n}\n@media (min-width:850px) {\n  #text-225821055 {\n    text-align: center;\n  }\n}\n<\/style>\n\t<\/div>\n\t\n\t<div id=\"gap-1836713368\" class=\"gap-element clearfix\" style=\"display:block; height:auto;\">\n\t\t\n<style>\n#gap-1836713368 {\n  padding-top: 10px;\n}\n@media (min-width:550px) {\n  #gap-1836713368 {\n    padding-top: 30px;\n  }\n}\n<\/style>\n\t<\/div>\n\t\n\n<a href=\"https:\/\/start.finder-portal.com\/fr\/\" target=\"_blank\" class=\"button primary\" rel=\"noopener\" style=\"border-radius:5px;\">\n\t\t<span>Activer maintenant<\/span>\n\t<i class=\"icon-angle-right\" aria-hidden=\"true\"><\/i><\/a>\n\n\n\n\t\t<\/div>\n\t\t\t\t\n<style>\n#col-117921985 > .col-inner {\n  margin: 0px 0px -30px 0px;\n}\n<\/style>\n\t<\/div>\n\n\t\n\n\n<style>\n#row-1411796648 > .col > .col-inner {\n  padding: 20px 0px 20px 0px;\n  border-radius: 30px;\n}\n<\/style>\n<\/div>\n\n\t\t<\/div>\n\n\t\t\n<style>\n#section_108186792 {\n  padding-top: 10px;\n  padding-bottom: 10px;\n  background-color: rgb(255, 255, 255);\n}\n#section_108186792 .section-bg-overlay {\n  background-color: rgba(255, 255, 255, 0.85);\n}\n@media (min-width:550px) {\n  #section_108186792 {\n    padding-top: 10px;\n    padding-bottom: 10px;\n  }\n}\n<\/style>\n\t<\/section>\n\t\n\n\t<section class=\"section\" id=\"section_135066122\">\n\t\t<div class=\"section-bg fill\" >\n\t\t\t\t\t\t\t\t\t<div class=\"section-bg-overlay absolute fill\"><\/div>\n\t\t\t\n\n\t\t<\/div>\n\n\t\t\n\n\t\t<div class=\"section-content relative\">\n\t\t\t\n\n<div class=\"row align-middle align-center\"  id=\"row-2016019956\">\n\n\n\t<div id=\"col-754994885\" class=\"col medium-10 small-12 large-10\"  >\n\t\t\t\t<div class=\"col-inner text-center\" style=\"background-color:rgb(234, 234, 234);\" >\n\t\t\t\n\t<div class=\"is-border\"\n\t\tstyle=\"border-width:0px 0px 0px 0px;margin:0px 0px 0px 0px;\">\n\t<\/div>\n\t\t\t\n\n\t<div class=\"img has-hover x md-x lg-x y md-y lg-y\" id=\"image_287392016\">\n\t\t\t\t\t\t\t\t<div class=\"img-inner dark\" >\n\t\t\t<img loading=\"lazy\" decoding=\"async\" width=\"110\" height=\"111\" src=\"https:\/\/start.finder-portal.com\/wp-content\/uploads\/2018\/04\/electricity.png\" class=\"attachment-large size-large\" alt=\"\" srcset=\"https:\/\/start.finder-portal.com\/wp-content\/uploads\/2018\/04\/electricity.png 110w, https:\/\/start.finder-portal.com\/wp-content\/uploads\/2018\/04\/electricity-100x100.png 100w, https:\/\/start.finder-portal.com\/wp-content\/uploads\/2018\/04\/electricity-50x50.png 50w\" sizes=\"auto, (max-width: 110px) 100vw, 110px\" \/>\t\t\t\t\t\t\n\t\t\t\t\t<\/div>\n\t\t\t\t\t\t\t\t\n<style>\n#image_287392016 {\n  width: 18%;\n}\n@media (min-width:550px) {\n  #image_287392016 {\n    width: 10%;\n  }\n}\n<\/style>\n\t<\/div>\n\t\n\n\t<div id=\"text-387741362\" class=\"text\">\n\t\t\n\n<h1>2. Connectez votre appareil<\/h1>\n\t\t\n<style>\n#text-387741362 {\n  line-height: 1.85;\n  color: rgb(0,0,0);\n}\n#text-387741362 > * {\n  color: rgb(0,0,0);\n}\n<\/style>\n\t<\/div>\n\t\n\t<div id=\"gap-490763722\" class=\"gap-element clearfix\" style=\"display:block; height:auto;\">\n\t\t\n<style>\n#gap-490763722 {\n  padding-top: 10px;\n}\n@media (min-width:550px) {\n  #gap-490763722 {\n    padding-top: 30px;\n  }\n}\n<\/style>\n\t<\/div>\n\t\n\n\t<div id=\"text-1948279594\" class=\"text\">\n\t\t\n\n<p>\u2022 Installez le p\u00e9riph\u00e9rique sur le port OBD<\/p>\n\t\t\n<style>\n#text-1948279594 {\n  line-height: 1.85;\n  color: rgb(0,0,0);\n}\n#text-1948279594 > * {\n  color: rgb(0,0,0);\n}\n<\/style>\n\t<\/div>\n\t\n\n\t\t<\/div>\n\t\t\t\t\n<style>\n#col-754994885 > .col-inner {\n  margin: 0px 0px -30px 0px;\n}\n<\/style>\n\t<\/div>\n\n\t\n\n\n<style>\n#row-2016019956 > .col > .col-inner {\n  padding: 20px 0px 20px 0px;\n  border-radius: 30px;\n}\n<\/style>\n<\/div>\n\n\t\t<\/div>\n\n\t\t\n<style>\n#section_135066122 {\n  padding-top: 10px;\n  padding-bottom: 10px;\n}\n#section_135066122 .section-bg-overlay {\n  background-color: rgba(255, 255, 255, 0.85);\n}\n@media (min-width:550px) {\n  #section_135066122 {\n    padding-top: 10px;\n    padding-bottom: 10px;\n  }\n}\n<\/style>\n\t<\/section>\n\t\n\n\t<section class=\"section\" id=\"section_493090452\">\n\t\t<div class=\"section-bg fill\" >\n\t\t\t\t\t\t\t\t\t<div class=\"section-bg-overlay absolute fill\"><\/div>\n\t\t\t\n\n\t\t<\/div>\n\n\t\t\n\n\t\t<div class=\"section-content relative\">\n\t\t\t\n\n<div class=\"row align-middle align-center\"  id=\"row-1243774466\">\n\n\n\t<div id=\"col-445133040\" class=\"col medium-10 small-12 large-10\"  >\n\t\t\t\t<div class=\"col-inner text-center\" style=\"background-color:rgb(234, 234, 234);\" >\n\t\t\t\n\t<div class=\"is-border\"\n\t\tstyle=\"border-width:0px 0px 0px 0px;margin:0px 0px 0px 0px;\">\n\t<\/div>\n\t\t\t\n\n\t<div class=\"img has-hover x md-x lg-x y md-y lg-y\" id=\"image_2093472623\">\n\t\t\t\t\t\t\t\t<div class=\"img-inner dark\" >\n\t\t\t<img loading=\"lazy\" decoding=\"async\" width=\"69\" height=\"94\" src=\"https:\/\/start.finder-portal.com\/wp-content\/uploads\/2018\/04\/pin.png\" class=\"attachment-large size-large\" alt=\"\" srcset=\"https:\/\/start.finder-portal.com\/wp-content\/uploads\/2018\/04\/pin.png 69w, https:\/\/start.finder-portal.com\/wp-content\/uploads\/2018\/04\/pin-50x68.png 50w\" sizes=\"auto, (max-width: 69px) 100vw, 69px\" \/>\t\t\t\t\t\t\n\t\t\t\t\t<\/div>\n\t\t\t\t\t\t\t\t\n<style>\n#image_2093472623 {\n  width: 15%;\n}\n@media (min-width:550px) {\n  #image_2093472623 {\n    width: 5%;\n  }\n}\n<\/style>\n\t<\/div>\n\t\n\n\t<div id=\"text-2519626043\" class=\"text\">\n\t\t\n\n<h1>3. Localisez votre appareil<\/h1>\n\t\t\n<style>\n#text-2519626043 {\n  color: rgb(0,0,0);\n}\n#text-2519626043 > * {\n  color: rgb(0,0,0);\n}\n<\/style>\n\t<\/div>\n\t\n\t<div id=\"gap-2049900493\" class=\"gap-element clearfix\" style=\"display:block; height:auto;\">\n\t\t\n<style>\n#gap-2049900493 {\n  padding-top: 10px;\n}\n@media (min-width:550px) {\n  #gap-2049900493 {\n    padding-top: 30px;\n  }\n}\n<\/style>\n\t<\/div>\n\t\n\n\t<div id=\"text-3443608792\" class=\"text\">\n\t\t\n\n<p>\u2022 T\u00e9l\u00e9chargez l\u2019application PAJ Portal<br>ou<br>\u2022 Acc\u00e9der au portail via votre navigateur <\/p>\n\t\t\n<style>\n#text-3443608792 {\n  color: rgb(0,0,0);\n}\n#text-3443608792 > * {\n  color: rgb(0,0,0);\n}\n<\/style>\n\t<\/div>\n\t\n\n\t\t<\/div>\n\t\t\t\t\n<style>\n#col-445133040 > .col-inner {\n  margin: 0px 0px -30px 0px;\n}\n<\/style>\n\t<\/div>\n\n\t\n\n\n<style>\n#row-1243774466 > .col > .col-inner {\n  padding: 20px 0px 20px 0px;\n  border-radius: 30px;\n}\n<\/style>\n<\/div>\n\n\t\t<\/div>\n\n\t\t\n<style>\n#section_493090452 {\n  padding-top: 10px;\n  padding-bottom: 10px;\n}\n#section_493090452 .section-bg-overlay {\n  background-color: rgba(255, 255, 255, 0.85);\n}\n@media (min-width:550px) {\n  #section_493090452 {\n    padding-top: 10px;\n    padding-bottom: 10px;\n  }\n}\n<\/style>\n\t<\/section>\n\t\n\n\t<section class=\"section\" id=\"section_1935160937\">\n\t\t<div class=\"section-bg fill\" >\n\t\t\t\t\t\t\t\t\t<div class=\"section-bg-overlay absolute fill\"><\/div>\n\t\t\t\n\n\t\t<\/div>\n\n\t\t\n\n\t\t<div class=\"section-content relative\">\n\t\t\t\n\n<div class=\"row align-middle\" style=\"max-width:600px\" id=\"row-1009352020\">\n\n\n\t<div id=\"col-872761354\" class=\"col medium-6 small-6 large-6\"  >\n\t\t\t\t<div class=\"col-inner\"  >\n\t\t\t\n\t\t\t\n\n\t<div class=\"img has-hover x md-x lg-x y md-y lg-y\" id=\"image_739463315\">\n\t\t<a class=\"\" href=\"https:\/\/play.google.com\/store\/apps\/details?id=io.ionic.pajgpsv2&#038;hl=de\" target=\"_blank\" rel=\"noopener\" >\t\t\t\t\t\t<div class=\"img-inner dark\" >\n\t\t\t<img loading=\"lazy\" decoding=\"async\" width=\"600\" height=\"232\" src=\"https:\/\/start.finder-portal.com\/wp-content\/uploads\/2018\/04\/google-play-badge-1-1-600x232-1.png\" class=\"attachment-large size-large\" alt=\"\" srcset=\"https:\/\/start.finder-portal.com\/wp-content\/uploads\/2018\/04\/google-play-badge-1-1-600x232-1.png 600w, https:\/\/start.finder-portal.com\/wp-content\/uploads\/2018\/04\/google-play-badge-1-1-600x232-1-200x77.png 200w, https:\/\/start.finder-portal.com\/wp-content\/uploads\/2018\/04\/google-play-badge-1-1-600x232-1-50x19.png 50w, https:\/\/start.finder-portal.com\/wp-content\/uploads\/2018\/04\/google-play-badge-1-1-600x232-1-300x116.png 300w\" sizes=\"auto, (max-width: 600px) 100vw, 600px\" \/>\t\t\t\t\t\t\n\t\t\t\t\t<\/div>\n\t\t\t\t\t\t<\/a>\t\t\n<style>\n#image_739463315 {\n  width: 100%;\n}\n@media (min-width:550px) {\n  #image_739463315 {\n    width: 100%;\n  }\n}\n<\/style>\n\t<\/div>\n\t\n\n\n\t\t<\/div>\n\t\t\t\t\n<style>\n#col-872761354 > .col-inner {\n  margin: 0px 0px -20px 0px;\n}\n<\/style>\n\t<\/div>\n\n\t\n\n\t<div id=\"col-594148898\" class=\"col medium-6 small-6 large-6\"  >\n\t\t\t\t<div class=\"col-inner\"  >\n\t\t\t\n\t\t\t\n\n\t<div class=\"img has-hover x md-x lg-x y md-y lg-y\" id=\"image_2066004502\">\n\t\t<a class=\"\" href=\"https:\/\/apps.apple.com\/de\/app\/paj-portal-v2\/id1554462332\" target=\"_blank\" rel=\"noopener\" >\t\t\t\t\t\t<div class=\"img-inner dark\" >\n\t\t\t<img loading=\"lazy\" decoding=\"async\" width=\"600\" height=\"232\" src=\"https:\/\/start.finder-portal.com\/wp-content\/uploads\/2018\/04\/apple-app-badge-1-600x232-1.png\" class=\"attachment-large size-large\" alt=\"\" srcset=\"https:\/\/start.finder-portal.com\/wp-content\/uploads\/2018\/04\/apple-app-badge-1-600x232-1.png 600w, https:\/\/start.finder-portal.com\/wp-content\/uploads\/2018\/04\/apple-app-badge-1-600x232-1-200x77.png 200w, https:\/\/start.finder-portal.com\/wp-content\/uploads\/2018\/04\/apple-app-badge-1-600x232-1-50x19.png 50w, https:\/\/start.finder-portal.com\/wp-content\/uploads\/2018\/04\/apple-app-badge-1-600x232-1-300x116.png 300w\" sizes=\"auto, (max-width: 600px) 100vw, 600px\" \/>\t\t\t\t\t\t\n\t\t\t\t\t<\/div>\n\t\t\t\t\t\t<\/a>\t\t\n<style>\n#image_2066004502 {\n  width: 100%;\n}\n<\/style>\n\t<\/div>\n\t\n\n\n\t\t<\/div>\n\t\t\t\t\n<style>\n#col-594148898 > .col-inner {\n  margin: 0px 0px -20px 0px;\n}\n<\/style>\n\t<\/div>\n\n\t\n\n\t<div id=\"col-12340597\" class=\"col small-12 large-12\"  >\n\t\t\t\t<div class=\"col-inner text-center\"  >\n\t\t\t\n\t\t\t\n\n<a href=\"https:\/\/v2.finder-portal.com\/\" target=\"_blank\" class=\"button primary expand\" rel=\"noopener\" >\n\t\t<span>Portail Web<\/span>\n\t<i class=\"icon-angle-right\" aria-hidden=\"true\"><\/i><\/a>\n\n\n\n\t\t<\/div>\n\t\t\t\t\t<\/div>\n\n\t\n\n<\/div>\n\n\t\t<\/div>\n\n\t\t\n<style>\n#section_1935160937 {\n  padding-top: 10px;\n  padding-bottom: 10px;\n  background-color: rgb(255, 255, 255);\n}\n#section_1935160937 .section-bg-overlay {\n  background-color: rgba(255, 255, 255, 0.85);\n}\n@media (min-width:550px) {\n  #section_1935160937 {\n    padding-top: 20px;\n    padding-bottom: 20px;\n  }\n}\n<\/style>\n\t<\/section>\n\t\n\n\t<section class=\"section\" id=\"section_653998536\">\n\t\t<div class=\"section-bg fill\" >\n\t\t\t\t\t\t\t\t\t<div class=\"section-bg-overlay absolute fill\"><\/div>\n\t\t\t\n\n\t\t<\/div>\n\n\t\t\n\n\t\t<div class=\"section-content relative\">\n\t\t\t\n\n<div class=\"row row-large align-middle\"  id=\"row-383285772\">\n\n\n\t<div id=\"col-1514012987\" class=\"col small-12 large-12\"  >\n\t\t\t\t<div class=\"col-inner text-center\"  >\n\t\t\t\n\t\t\t\n\n\t<div id=\"text-1681586561\" class=\"text\">\n\t\t\n\n<h1>Soutien<\/h1>\n\t\t\n<style>\n#text-1681586561 {\n  color: rgb(0,0,0);\n}\n#text-1681586561 > * {\n  color: rgb(0,0,0);\n}\n<\/style>\n\t<\/div>\n\t\n\t<div id=\"gap-414175862\" class=\"gap-element clearfix\" style=\"display:block; height:auto;\">\n\t\t\n<style>\n#gap-414175862 {\n  padding-top: 20px;\n}\n@media (min-width:550px) {\n  #gap-414175862 {\n    padding-top: 30px;\n  }\n}\n<\/style>\n\t<\/div>\n\t\n\n\t<div id=\"text-3833085312\" class=\"text\">\n\t\t\n\n<p>Notre \u00e9quipe interne du service \u00e0 la client\u00e8le se fera un plaisir de r\u00e9pondre \u00e0 toutes vos questions relatives \u00e0 votre produit.<\/p>\n\t\t\n<style>\n#text-3833085312 {\n  color: rgb(0,0,0);\n}\n#text-3833085312 > * {\n  color: rgb(0,0,0);\n}\n<\/style>\n\t<\/div>\n\t\n\t<div id=\"gap-1076777153\" class=\"gap-element clearfix\" style=\"display:block; height:auto;\">\n\t\t\n<style>\n#gap-1076777153 {\n  padding-top: 20px;\n}\n@media (min-width:550px) {\n  #gap-1076777153 {\n    padding-top: 30px;\n  }\n}\n<\/style>\n\t<\/div>\n\t\n\n<a href=\"https:\/\/www.paj-gps.de\/anleitungen\/\" target=\"_blank\" class=\"button secondary\" rel=\"noopener\" >\n\t\t<span>Tous les manuels<\/span>\n\t<i class=\"icon-angle-right\" aria-hidden=\"true\"><\/i><\/a>\n\n\n\n\t\t<\/div>\n\t\t\t\t\n<style>\n#col-1514012987 > .col-inner {\n  margin: 0px 0px -20px 0px;\n}\n<\/style>\n\t<\/div>\n\n\t\n\n<\/div>\n<div class=\"row\"  id=\"row-379133132\">\n\n\n\t<div id=\"col-1674738997\" class=\"col small-12 large-12\"  >\n\t\t\t\t<div class=\"col-inner text-center\"  >\n\t\t\t\n\t\t\t\n\n<a href=\"https:\/\/www.paj-gps.fr\/contact\/\" target=\"_blank\" class=\"button primary\" rel=\"noopener\" >\n\t\t<span>Service d\u2019assistance<\/span>\n\t<i class=\"icon-angle-right\" aria-hidden=\"true\"><\/i><\/a>\n\n\n\n\t\t<\/div>\n\t\t\t\t\t<\/div>\n\n\t\n\n<\/div>\n\n\t\t<\/div>\n\n\t\t\n<style>\n#section_653998536 {\n  padding-top: 40px;\n  padding-bottom: 40px;\n  background-color: rgb(193, 193, 193);\n}\n#section_653998536 .section-bg-overlay {\n  background-color: rgba(255, 255, 255, 0.85);\n}\n@media (min-width:550px) {\n  #section_653998536 {\n    padding-top: 20px;\n    padding-bottom: 20px;\n  }\n}\n<\/style>\n\t<\/section>\n\t\n\n","protected":false},"excerpt":{"rendered":"","protected":false},"author":156840,"featured_media":0,"parent":0,"menu_order":0,"comment_status":"closed","ping_status":"closed","template":"","meta":{"footnotes":""},"class_list":["post-2380372","page","type-page","status-publish","hentry"],"_links":{"self":[{"href":"https:\/\/start.finder-portal.com\/fr\/wp-json\/wp\/v2\/pages\/2380372","targetHints":{"allow":["GET"]}}],"collection":[{"href":"https:\/\/start.finder-portal.com\/fr\/wp-json\/wp\/v2\/pages"}],"about":[{"href":"https:\/\/start.finder-portal.com\/fr\/wp-json\/wp\/v2\/types\/page"}],"author":[{"embeddable":true,"href":"https:\/\/start.finder-portal.com\/fr\/wp-json\/wp\/v2\/users\/156840"}],"replies":[{"embeddable":true,"href":"https:\/\/start.finder-portal.com\/fr\/wp-json\/wp\/v2\/comments?post=2380372"}],"version-history":[{"count":8,"href":"https:\/\/start.finder-portal.com\/fr\/wp-json\/wp\/v2\/pages\/2380372\/revisions"}],"predecessor-version":[{"id":3609714,"href":"https:\/\/start.finder-portal.com\/fr\/wp-json\/wp\/v2\/pages\/2380372\/revisions\/3609714"}],"wp:attachment":[{"href":"https:\/\/start.finder-portal.com\/fr\/wp-json\/wp\/v2\/media?parent=2380372"}],"curies":[{"name":"wp","href":"https:\/\/api.w.org\/{rel}","templated":true}]}}