{"id":2424886,"date":"2023-09-11T16:32:16","date_gmt":"2023-09-11T14:32:16","guid":{"rendered":"https:\/\/start.finder-portal.com\/demarrage-rapide-batterie\/"},"modified":"2024-08-22T13:36:58","modified_gmt":"2024-08-22T11:36:58","slug":"demarrage-rapide-batterie","status":"publish","type":"page","link":"https:\/\/start.finder-portal.com\/fr\/demarrage-rapide-batterie\/","title":{"rendered":"D\u00e9marrage rapide-Batterie"},"content":{"rendered":"\n\n\t<section class=\"section\" id=\"section_2098226815\">\n\t\t<div class=\"section-bg fill\" >\n\t\t\t\t\t\t\t\t\t\n\t\t\t\n\n\t\t<\/div>\n\n\t\t\n\n\t\t<div class=\"section-content relative\">\n\t\t\t\n\n\t<div id=\"gap-530484989\" class=\"gap-element clearfix\" style=\"display:block; height:auto;\">\n\t\t\n<style>\n#gap-530484989 {\n  padding-top: 20px;\n}\n@media (min-width:550px) {\n  #gap-530484989 {\n    padding-top: 20px;\n  }\n}\n<\/style>\n\t<\/div>\n\t\n\n\t<div id=\"text-1171611947\" class=\"text\">\n\t\t\n\n<h2>D\u00c9MARRAGE RAPIDE<\/h2>\n\t\t\n<style>\n#text-1171611947 {\n  font-size: 2rem;\n  text-align: center;\n  color: rgb(0,0,0);\n}\n#text-1171611947 > * {\n  color: rgb(0,0,0);\n}\n<\/style>\n\t<\/div>\n\t\n\n\t\t<\/div>\n\n\t\t\n<style>\n#section_2098226815 {\n  padding-top: 0px;\n  padding-bottom: 0px;\n}\n@media (min-width:550px) {\n  #section_2098226815 {\n    padding-top: 10px;\n    padding-bottom: 10px;\n  }\n}\n<\/style>\n\t<\/section>\n\t\n\n\t<section class=\"section\" id=\"section_1063802048\">\n\t\t<div class=\"section-bg fill\" >\n\t\t\t\t\t\t\t\t\t\n\t\t\t\n\n\t\t<\/div>\n\n\t\t\n\n\t\t<div class=\"section-content relative\">\n\t\t\t\n\n\t<div id=\"text-4171311779\" class=\"text\">\n\t\t\n\n<p>Veuillez suivre ces \u00e9tapes simples : <\/p>\n\t\t\n<style>\n#text-4171311779 {\n  font-size: 1rem;\n  line-height: 1.55;\n  text-align: center;\n  color: rgb(0,0,0);\n}\n#text-4171311779 > * {\n  color: rgb(0,0,0);\n}\n@media (min-width:550px) {\n  #text-4171311779 {\n    font-size: 1.5rem;\n  }\n}\n<\/style>\n\t<\/div>\n\t\n\n\t\t<\/div>\n\n\t\t\n<style>\n#section_1063802048 {\n  padding-top: 0px;\n  padding-bottom: 0px;\n}\n@media (min-width:550px) {\n  #section_1063802048 {\n    padding-top: 10px;\n    padding-bottom: 10px;\n  }\n}\n<\/style>\n\t<\/section>\n\t\n\n\t<section class=\"section\" id=\"section_2057391387\">\n\t\t<div class=\"section-bg fill\" >\n\t\t\t\t\t\t\t\t\t<div class=\"section-bg-overlay absolute fill\"><\/div>\n\t\t\t\n\n\t\t<\/div>\n\n\t\t\n\n\t\t<div class=\"section-content relative\">\n\t\t\t\n\n<div class=\"row align-middle align-center\"  id=\"row-1903461113\">\n\n\n\t<div id=\"col-989284457\" class=\"col medium-10 small-12 large-10\"  >\n\t\t\t\t<div class=\"col-inner text-center\" style=\"background-color:rgb(234, 234, 234);\" >\n\t\t\t\n\t<div class=\"is-border\"\n\t\tstyle=\"border-width:0px 0px 0px 0px;margin:0px 0px 0px 0px;\">\n\t<\/div>\n\t\t\t\n\n\t<div class=\"img has-hover x md-x lg-x y md-y lg-y\" id=\"image_514122148\">\n\t\t\t\t\t\t\t\t<div class=\"img-inner dark\" style=\"margin:0px 0px 20px 0px;\">\n\t\t\t<img loading=\"lazy\" decoding=\"async\" width=\"85\" height=\"64\" src=\"https:\/\/start.finder-portal.com\/wp-content\/uploads\/2018\/04\/Battery-power-4.png\" class=\"attachment-large size-large\" alt=\"\" srcset=\"https:\/\/start.finder-portal.com\/wp-content\/uploads\/2018\/04\/Battery-power-4.png 85w, https:\/\/start.finder-portal.com\/wp-content\/uploads\/2018\/04\/Battery-power-4-50x38.png 50w\" sizes=\"auto, (max-width: 85px) 100vw, 85px\" \/>\t\t\t\t\t\t\n\t\t\t\t\t<\/div>\n\t\t\t\t\t\t\t\t\n<style>\n#image_514122148 {\n  width: 20%;\n}\n@media (min-width:550px) {\n  #image_514122148 {\n    width: 6%;\n  }\n}\n<\/style>\n\t<\/div>\n\t\n\n\t<div id=\"text-1937482360\" class=\"text\">\n\t\t\n\n<h1>1. Chargez votre appareil<\/h1>\n\t\t\n<style>\n#text-1937482360 {\n  text-align: center;\n  color: rgb(0,0,0);\n}\n#text-1937482360 > * {\n  color: rgb(0,0,0);\n}\n@media (min-width:550px) {\n  #text-1937482360 {\n    text-align: center;\n  }\n}\n<\/style>\n\t<\/div>\n\t\n\n\t\t<\/div>\n\t\t\t\t\n<style>\n#col-989284457 > .col-inner {\n  margin: 0px 0px -30px 0px;\n}\n<\/style>\n\t<\/div>\n\n\t\n\n\n<style>\n#row-1903461113 > .col > .col-inner {\n  padding: 20px 0px 20px 0px;\n  border-radius: 30px;\n}\n<\/style>\n<\/div>\n\n\t\t<\/div>\n\n\t\t\n<style>\n#section_2057391387 {\n  padding-top: 10px;\n  padding-bottom: 10px;\n  background-color: rgb(255,255,255);\n}\n#section_2057391387 .section-bg-overlay {\n  background-color: rgba(255, 255, 255, 0.85);\n}\n@media (min-width:550px) {\n  #section_2057391387 {\n    padding-top: 10px;\n    padding-bottom: 10px;\n  }\n}\n<\/style>\n\t<\/section>\n\t\n\n\t<section class=\"section\" id=\"section_1501268385\">\n\t\t<div class=\"section-bg fill\" >\n\t\t\t\t\t\t\t\t\t<div class=\"section-bg-overlay absolute fill\"><\/div>\n\t\t\t\n\n\t\t<\/div>\n\n\t\t\n\n\t\t<div class=\"section-content relative\">\n\t\t\t\n\n<div class=\"row align-middle align-center\"  id=\"row-1262899011\">\n\n\n\t<div id=\"col-726509533\" class=\"col medium-10 small-12 large-10\"  >\n\t\t\t\t<div class=\"col-inner text-center\" style=\"background-color:rgb(234, 234, 234);\" >\n\t\t\t\n\t<div class=\"is-border\"\n\t\tstyle=\"border-width:0px 0px 0px 0px;margin:0px 0px 0px 0px;\">\n\t<\/div>\n\t\t\t\n\n\t<div class=\"img has-hover x md-x lg-x y md-y lg-y\" id=\"image_541811200\">\n\t\t\t\t\t\t\t\t<div class=\"img-inner dark\" >\n\t\t\t<img loading=\"lazy\" decoding=\"async\" width=\"68\" height=\"89\" src=\"https:\/\/start.finder-portal.com\/wp-content\/uploads\/2018\/04\/sim.png\" class=\"attachment-large size-large\" alt=\"\" srcset=\"https:\/\/start.finder-portal.com\/wp-content\/uploads\/2018\/04\/sim.png 68w, https:\/\/start.finder-portal.com\/wp-content\/uploads\/2018\/04\/sim-50x65.png 50w\" sizes=\"auto, (max-width: 68px) 100vw, 68px\" \/>\t\t\t\t\t\t\n\t\t\t\t\t<\/div>\n\t\t\t\t\t\t\t\t\n<style>\n#image_541811200 {\n  width: 15%;\n}\n@media (min-width:550px) {\n  #image_541811200 {\n    width: 5%;\n  }\n}\n<\/style>\n\t<\/div>\n\t\n\n\t<div id=\"text-2955432459\" class=\"text\">\n\t\t\n\n<h1>2. Activez votre int\u00e9gr\u00e9<br>Carte SIM<\/h1>\n\t\t\n<style>\n#text-2955432459 {\n  text-align: center;\n  color: rgb(0,0,0);\n}\n#text-2955432459 > * {\n  color: rgb(0,0,0);\n}\n@media (min-width:550px) {\n  #text-2955432459 {\n    text-align: center;\n  }\n}\n@media (min-width:850px) {\n  #text-2955432459 {\n    text-align: center;\n  }\n}\n<\/style>\n\t<\/div>\n\t\n\t<div id=\"gap-1268953400\" class=\"gap-element clearfix\" style=\"display:block; height:auto;\">\n\t\t\n<style>\n#gap-1268953400 {\n  padding-top: 10px;\n}\n@media (min-width:550px) {\n  #gap-1268953400 {\n    padding-top: 30px;\n  }\n}\n<\/style>\n\t<\/div>\n\t\n\n\t<div id=\"text-3227702839\" class=\"text\">\n\t\t\n\n<p>\u2022 Choisissez une dur\u00e9e d\u2019abonnement<br>\u2022 S\u00e9lectionnez un pack de services (facultatif)<br>\u2022 Effectuer le paiement<\/p>\n\t\t\n<style>\n#text-3227702839 {\n  text-align: center;\n  color: rgb(0,0,0);\n}\n#text-3227702839 > * {\n  color: rgb(0,0,0);\n}\n@media (min-width:550px) {\n  #text-3227702839 {\n    text-align: center;\n  }\n}\n@media (min-width:850px) {\n  #text-3227702839 {\n    text-align: center;\n  }\n}\n<\/style>\n\t<\/div>\n\t\n\t<div id=\"gap-801589673\" class=\"gap-element clearfix\" style=\"display:block; height:auto;\">\n\t\t\n<style>\n#gap-801589673 {\n  padding-top: 10px;\n}\n@media (min-width:550px) {\n  #gap-801589673 {\n    padding-top: 30px;\n  }\n}\n<\/style>\n\t<\/div>\n\t\n\n<a href=\"https:\/\/start.finder-portal.com\/fr\/\" target=\"_blank\" class=\"button primary\" rel=\"noopener\" style=\"border-radius:5px;\">\n\t\t<span>Activer maintenant<\/span>\n\t<i class=\"icon-angle-right\" aria-hidden=\"true\"><\/i><\/a>\n\n\n\n\t\t<\/div>\n\t\t\t\t\n<style>\n#col-726509533 > .col-inner {\n  margin: 0px 0px -30px 0px;\n}\n<\/style>\n\t<\/div>\n\n\t\n\n\n<style>\n#row-1262899011 > .col > .col-inner {\n  padding: 20px 0px 20px 0px;\n  border-radius: 30px;\n}\n<\/style>\n<\/div>\n\n\t\t<\/div>\n\n\t\t\n<style>\n#section_1501268385 {\n  padding-top: 10px;\n  padding-bottom: 10px;\n  background-color: rgb(255, 255, 255);\n}\n#section_1501268385 .section-bg-overlay {\n  background-color: rgba(255, 255, 255, 0.85);\n}\n@media (min-width:550px) {\n  #section_1501268385 {\n    padding-top: 10px;\n    padding-bottom: 10px;\n  }\n}\n<\/style>\n\t<\/section>\n\t\n\n\t<section class=\"section\" id=\"section_20204044\">\n\t\t<div class=\"section-bg fill\" >\n\t\t\t\t\t\t\t\t\t<div class=\"section-bg-overlay absolute fill\"><\/div>\n\t\t\t\n\n\t\t<\/div>\n\n\t\t\n\n\t\t<div class=\"section-content relative\">\n\t\t\t\n\n<div class=\"row align-middle align-center\"  id=\"row-1044686716\">\n\n\n\t<div id=\"col-1299332788\" class=\"col medium-10 small-12 large-10\"  >\n\t\t\t\t<div class=\"col-inner text-center\" style=\"background-color:rgb(234, 234, 234);\" >\n\t\t\t\n\t<div class=\"is-border\"\n\t\tstyle=\"border-width:0px 0px 0px 0px;margin:0px 0px 0px 0px;\">\n\t<\/div>\n\t\t\t\n\n\t<div class=\"img has-hover x md-x lg-x y md-y lg-y\" id=\"image_50202201\">\n\t\t\t\t\t\t\t\t<div class=\"img-inner dark\" >\n\t\t\t<img loading=\"lazy\" decoding=\"async\" width=\"75\" height=\"80\" src=\"https:\/\/start.finder-portal.com\/wp-content\/uploads\/2018\/04\/power-button.png\" class=\"attachment-large size-large\" alt=\"\" srcset=\"https:\/\/start.finder-portal.com\/wp-content\/uploads\/2018\/04\/power-button.png 75w, https:\/\/start.finder-portal.com\/wp-content\/uploads\/2018\/04\/power-button-50x53.png 50w\" sizes=\"auto, (max-width: 75px) 100vw, 75px\" \/>\t\t\t\t\t\t\n\t\t\t\t\t<\/div>\n\t\t\t\t\t\t\t\t\n<style>\n#image_50202201 {\n  width: 18%;\n}\n@media (min-width:550px) {\n  #image_50202201 {\n    width: 6%;\n  }\n}\n<\/style>\n\t<\/div>\n\t\n\n\t<div id=\"text-3640901984\" class=\"text\">\n\t\t\n\n<h1>3. Sortez pour la premi\u00e8re utilisation<\/h1>\n\t\t\n<style>\n#text-3640901984 {\n  line-height: 1.85;\n  color: rgb(0,0,0);\n}\n#text-3640901984 > * {\n  color: rgb(0,0,0);\n}\n<\/style>\n\t<\/div>\n\t\n\t<div id=\"gap-609855598\" class=\"gap-element clearfix\" style=\"display:block; height:auto;\">\n\t\t\n<style>\n#gap-609855598 {\n  padding-top: 10px;\n}\n@media (min-width:550px) {\n  #gap-609855598 {\n    padding-top: 30px;\n  }\n}\n<\/style>\n\t<\/div>\n\t\n\n\t<div id=\"text-70260492\" class=\"text\">\n\t\t\n\n<p>\u2022 Sortez et allumez l\u2019appareil<br>\u2022 Promenez-vous pendant plusieurs minutes<br>\u2022 L\u2019appareil se calibre automatiquement<\/p>\n\t\t\n<style>\n#text-70260492 {\n  line-height: 1.85;\n  color: rgb(0,0,0);\n}\n#text-70260492 > * {\n  color: rgb(0,0,0);\n}\n<\/style>\n\t<\/div>\n\t\n\n\t\t<\/div>\n\t\t\t\t\n<style>\n#col-1299332788 > .col-inner {\n  margin: 0px 0px -30px 0px;\n}\n<\/style>\n\t<\/div>\n\n\t\n\n\n<style>\n#row-1044686716 > .col > .col-inner {\n  padding: 20px 0px 20px 0px;\n  border-radius: 30px;\n}\n<\/style>\n<\/div>\n\n\t\t<\/div>\n\n\t\t\n<style>\n#section_20204044 {\n  padding-top: 10px;\n  padding-bottom: 10px;\n}\n#section_20204044 .section-bg-overlay {\n  background-color: rgba(255, 255, 255, 0.85);\n}\n@media (min-width:550px) {\n  #section_20204044 {\n    padding-top: 10px;\n    padding-bottom: 10px;\n  }\n}\n<\/style>\n\t<\/section>\n\t\n\n\t<section class=\"section\" id=\"section_2109032961\">\n\t\t<div class=\"section-bg fill\" >\n\t\t\t\t\t\t\t\t\t<div class=\"section-bg-overlay absolute fill\"><\/div>\n\t\t\t\n\n\t\t<\/div>\n\n\t\t\n\n\t\t<div class=\"section-content relative\">\n\t\t\t\n\n<div class=\"row align-middle align-center\"  id=\"row-435058384\">\n\n\n\t<div id=\"col-1443110149\" class=\"col medium-10 small-12 large-10\"  >\n\t\t\t\t<div class=\"col-inner text-center\" style=\"background-color:rgb(234, 234, 234);\" >\n\t\t\t\n\t<div class=\"is-border\"\n\t\tstyle=\"border-width:0px 0px 0px 0px;margin:0px 0px 0px 0px;\">\n\t<\/div>\n\t\t\t\n\n\t<div class=\"img has-hover x md-x lg-x y md-y lg-y\" id=\"image_1439155006\">\n\t\t\t\t\t\t\t\t<div class=\"img-inner dark\" >\n\t\t\t<img loading=\"lazy\" decoding=\"async\" width=\"69\" height=\"94\" src=\"https:\/\/start.finder-portal.com\/wp-content\/uploads\/2018\/04\/pin.png\" class=\"attachment-large size-large\" alt=\"\" srcset=\"https:\/\/start.finder-portal.com\/wp-content\/uploads\/2018\/04\/pin.png 69w, https:\/\/start.finder-portal.com\/wp-content\/uploads\/2018\/04\/pin-50x68.png 50w\" sizes=\"auto, (max-width: 69px) 100vw, 69px\" \/>\t\t\t\t\t\t\n\t\t\t\t\t<\/div>\n\t\t\t\t\t\t\t\t\n<style>\n#image_1439155006 {\n  width: 15%;\n}\n@media (min-width:550px) {\n  #image_1439155006 {\n    width: 5%;\n  }\n}\n<\/style>\n\t<\/div>\n\t\n\n\t<div id=\"text-2452660098\" class=\"text\">\n\t\t\n\n<h1>4. Localisez votre appareil<\/h1>\n\t\t\n<style>\n#text-2452660098 {\n  color: rgb(0,0,0);\n}\n#text-2452660098 > * {\n  color: rgb(0,0,0);\n}\n<\/style>\n\t<\/div>\n\t\n\t<div id=\"gap-1971875625\" class=\"gap-element clearfix\" style=\"display:block; height:auto;\">\n\t\t\n<style>\n#gap-1971875625 {\n  padding-top: 10px;\n}\n@media (min-width:550px) {\n  #gap-1971875625 {\n    padding-top: 30px;\n  }\n}\n<\/style>\n\t<\/div>\n\t\n\n\t<div id=\"text-3253971268\" class=\"text\">\n\t\t\n\n<p>\u2022 T\u00e9l\u00e9chargez l\u2019application PAJ Portal<br>ou<br>\u2022 Acc\u00e9der au portail via votre navigateur <\/p>\n\t\t\n<style>\n#text-3253971268 {\n  color: rgb(0,0,0);\n}\n#text-3253971268 > * {\n  color: rgb(0,0,0);\n}\n<\/style>\n\t<\/div>\n\t\n\n\t\t<\/div>\n\t\t\t\t\n<style>\n#col-1443110149 > .col-inner {\n  margin: 0px 0px -30px 0px;\n}\n<\/style>\n\t<\/div>\n\n\t\n\n\n<style>\n#row-435058384 > .col > .col-inner {\n  padding: 20px 0px 20px 0px;\n  border-radius: 30px;\n}\n<\/style>\n<\/div>\n\n\t\t<\/div>\n\n\t\t\n<style>\n#section_2109032961 {\n  padding-top: 10px;\n  padding-bottom: 10px;\n}\n#section_2109032961 .section-bg-overlay {\n  background-color: rgba(255, 255, 255, 0.85);\n}\n@media (min-width:550px) {\n  #section_2109032961 {\n    padding-top: 10px;\n    padding-bottom: 10px;\n  }\n}\n<\/style>\n\t<\/section>\n\t\n\n\t<section class=\"section\" id=\"section_1994956425\">\n\t\t<div class=\"section-bg fill\" >\n\t\t\t\t\t\t\t\t\t<div class=\"section-bg-overlay absolute fill\"><\/div>\n\t\t\t\n\n\t\t<\/div>\n\n\t\t\n\n\t\t<div class=\"section-content relative\">\n\t\t\t\n\n<div class=\"row align-middle\" style=\"max-width:600px\" id=\"row-2145288077\">\n\n\n\t<div id=\"col-1326945947\" class=\"col medium-6 small-6 large-6\"  >\n\t\t\t\t<div class=\"col-inner\"  >\n\t\t\t\n\t\t\t\n\n\t<div class=\"img has-hover x md-x lg-x y md-y lg-y\" id=\"image_117915424\">\n\t\t<a class=\"\" href=\"https:\/\/play.google.com\/store\/apps\/details?id=io.ionic.pajgpsv2&#038;hl=de\" target=\"_blank\" rel=\"noopener\" >\t\t\t\t\t\t<div class=\"img-inner dark\" >\n\t\t\t<img loading=\"lazy\" decoding=\"async\" width=\"600\" height=\"232\" src=\"https:\/\/start.finder-portal.com\/wp-content\/uploads\/2018\/04\/google-play-badge-1-1-600x232-1.png\" class=\"attachment-large size-large\" alt=\"\" srcset=\"https:\/\/start.finder-portal.com\/wp-content\/uploads\/2018\/04\/google-play-badge-1-1-600x232-1.png 600w, https:\/\/start.finder-portal.com\/wp-content\/uploads\/2018\/04\/google-play-badge-1-1-600x232-1-200x77.png 200w, https:\/\/start.finder-portal.com\/wp-content\/uploads\/2018\/04\/google-play-badge-1-1-600x232-1-50x19.png 50w, https:\/\/start.finder-portal.com\/wp-content\/uploads\/2018\/04\/google-play-badge-1-1-600x232-1-300x116.png 300w\" sizes=\"auto, (max-width: 600px) 100vw, 600px\" \/>\t\t\t\t\t\t\n\t\t\t\t\t<\/div>\n\t\t\t\t\t\t<\/a>\t\t\n<style>\n#image_117915424 {\n  width: 100%;\n}\n@media (min-width:550px) {\n  #image_117915424 {\n    width: 100%;\n  }\n}\n<\/style>\n\t<\/div>\n\t\n\n\n\t\t<\/div>\n\t\t\t\t\n<style>\n#col-1326945947 > .col-inner {\n  margin: 0px 0px -20px 0px;\n}\n<\/style>\n\t<\/div>\n\n\t\n\n\t<div id=\"col-7812643\" class=\"col medium-6 small-6 large-6\"  >\n\t\t\t\t<div class=\"col-inner\"  >\n\t\t\t\n\t\t\t\n\n\t<div class=\"img has-hover x md-x lg-x y md-y lg-y\" id=\"image_929856438\">\n\t\t<a class=\"\" href=\"https:\/\/apps.apple.com\/de\/app\/paj-portal-v2\/id1554462332\" target=\"_blank\" rel=\"noopener\" >\t\t\t\t\t\t<div class=\"img-inner dark\" >\n\t\t\t<img loading=\"lazy\" decoding=\"async\" width=\"600\" height=\"232\" src=\"https:\/\/start.finder-portal.com\/wp-content\/uploads\/2018\/04\/apple-app-badge-1-600x232-1.png\" class=\"attachment-large size-large\" alt=\"\" srcset=\"https:\/\/start.finder-portal.com\/wp-content\/uploads\/2018\/04\/apple-app-badge-1-600x232-1.png 600w, https:\/\/start.finder-portal.com\/wp-content\/uploads\/2018\/04\/apple-app-badge-1-600x232-1-200x77.png 200w, https:\/\/start.finder-portal.com\/wp-content\/uploads\/2018\/04\/apple-app-badge-1-600x232-1-50x19.png 50w, https:\/\/start.finder-portal.com\/wp-content\/uploads\/2018\/04\/apple-app-badge-1-600x232-1-300x116.png 300w\" sizes=\"auto, (max-width: 600px) 100vw, 600px\" \/>\t\t\t\t\t\t\n\t\t\t\t\t<\/div>\n\t\t\t\t\t\t<\/a>\t\t\n<style>\n#image_929856438 {\n  width: 100%;\n}\n<\/style>\n\t<\/div>\n\t\n\n\n\t\t<\/div>\n\t\t\t\t\n<style>\n#col-7812643 > .col-inner {\n  margin: 0px 0px -20px 0px;\n}\n<\/style>\n\t<\/div>\n\n\t\n\n\t<div id=\"col-1035979963\" class=\"col small-12 large-12\"  >\n\t\t\t\t<div class=\"col-inner text-center\"  >\n\t\t\t\n\t\t\t\n\n<a href=\"https:\/\/v2.finder-portal.com\/\" target=\"_blank\" class=\"button primary expand\" rel=\"noopener\" >\n\t\t<span>Portail Web<\/span>\n\t<i class=\"icon-angle-right\" aria-hidden=\"true\"><\/i><\/a>\n\n\n\n\t\t<\/div>\n\t\t\t\t\t<\/div>\n\n\t\n\n<\/div>\n\n\t\t<\/div>\n\n\t\t\n<style>\n#section_1994956425 {\n  padding-top: 10px;\n  padding-bottom: 10px;\n  background-color: rgb(255, 255, 255);\n}\n#section_1994956425 .section-bg-overlay {\n  background-color: rgba(255, 255, 255, 0.85);\n}\n@media (min-width:550px) {\n  #section_1994956425 {\n    padding-top: 20px;\n    padding-bottom: 20px;\n  }\n}\n<\/style>\n\t<\/section>\n\t\n\n\t<section class=\"section\" id=\"section_634077191\">\n\t\t<div class=\"section-bg fill\" >\n\t\t\t\t\t\t\t\t\t<div class=\"section-bg-overlay absolute fill\"><\/div>\n\t\t\t\n\n\t\t<\/div>\n\n\t\t\n\n\t\t<div class=\"section-content relative\">\n\t\t\t\n\n<div class=\"row row-large align-middle\"  id=\"row-2092090492\">\n\n\n\t<div id=\"col-1685277193\" class=\"col small-12 large-12\"  >\n\t\t\t\t<div class=\"col-inner text-center\"  >\n\t\t\t\n\t\t\t\n\n\t<div id=\"text-2977802541\" class=\"text\">\n\t\t\n\n<h1>Soutien<\/h1>\n\t\t\n<style>\n#text-2977802541 {\n  color: rgb(0,0,0);\n}\n#text-2977802541 > * {\n  color: rgb(0,0,0);\n}\n<\/style>\n\t<\/div>\n\t\n\t<div id=\"gap-1103723316\" class=\"gap-element clearfix\" style=\"display:block; height:auto;\">\n\t\t\n<style>\n#gap-1103723316 {\n  padding-top: 20px;\n}\n@media (min-width:550px) {\n  #gap-1103723316 {\n    padding-top: 30px;\n  }\n}\n<\/style>\n\t<\/div>\n\t\n\n\t<div id=\"text-2299540847\" class=\"text\">\n\t\t\n\n<p>Notre \u00e9quipe interne du service \u00e0 la client\u00e8le se fera un plaisir de r\u00e9pondre \u00e0 toutes vos questions relatives \u00e0 votre produit.<\/p>\n\t\t\n<style>\n#text-2299540847 {\n  color: rgb(0,0,0);\n}\n#text-2299540847 > * {\n  color: rgb(0,0,0);\n}\n<\/style>\n\t<\/div>\n\t\n\t<div id=\"gap-1965174416\" class=\"gap-element clearfix\" style=\"display:block; height:auto;\">\n\t\t\n<style>\n#gap-1965174416 {\n  padding-top: 20px;\n}\n@media (min-width:550px) {\n  #gap-1965174416 {\n    padding-top: 30px;\n  }\n}\n<\/style>\n\t<\/div>\n\t\n\n<a href=\"https:\/\/www.paj-gps.fr\/mode-demploi\/\" target=\"_blank\" class=\"button secondary\" rel=\"noopener\" >\n\t\t<span>Tous les manuels<\/span>\n\t<i class=\"icon-angle-right\" aria-hidden=\"true\"><\/i><\/a>\n\n\n\n\t\t<\/div>\n\t\t\t\t\n<style>\n#col-1685277193 > .col-inner {\n  margin: 0px 0px -20px 0px;\n}\n<\/style>\n\t<\/div>\n\n\t\n\n<\/div>\n<div class=\"row\"  id=\"row-1903058629\">\n\n\n\t<div id=\"col-2000884736\" class=\"col small-12 large-12\"  >\n\t\t\t\t<div class=\"col-inner text-center\"  >\n\t\t\t\n\t\t\t\n\n<a href=\"https:\/\/www.paj-gps.fr\/contact\/\" target=\"_blank\" class=\"button primary\" rel=\"noopener\" >\n\t\t<span>Service d\u2019assistance<\/span>\n\t<i class=\"icon-angle-right\" aria-hidden=\"true\"><\/i><\/a>\n\n\n\n\t\t<\/div>\n\t\t\t\t\t<\/div>\n\n\t\n\n<\/div>\n\n\t\t<\/div>\n\n\t\t\n<style>\n#section_634077191 {\n  padding-top: 40px;\n  padding-bottom: 40px;\n  background-color: rgb(193, 193, 193);\n}\n#section_634077191 .section-bg-overlay {\n  background-color: rgba(255, 255, 255, 0.85);\n}\n@media (min-width:550px) {\n  #section_634077191 {\n    padding-top: 20px;\n    padding-bottom: 20px;\n  }\n}\n<\/style>\n\t<\/section>\n\t\n\n","protected":false},"excerpt":{"rendered":"","protected":false},"author":156840,"featured_media":0,"parent":0,"menu_order":0,"comment_status":"closed","ping_status":"closed","template":"","meta":{"footnotes":""},"class_list":["post-2424886","page","type-page","status-publish","hentry"],"_links":{"self":[{"href":"https:\/\/start.finder-portal.com\/fr\/wp-json\/wp\/v2\/pages\/2424886","targetHints":{"allow":["GET"]}}],"collection":[{"href":"https:\/\/start.finder-portal.com\/fr\/wp-json\/wp\/v2\/pages"}],"about":[{"href":"https:\/\/start.finder-portal.com\/fr\/wp-json\/wp\/v2\/types\/page"}],"author":[{"embeddable":true,"href":"https:\/\/start.finder-portal.com\/fr\/wp-json\/wp\/v2\/users\/156840"}],"replies":[{"embeddable":true,"href":"https:\/\/start.finder-portal.com\/fr\/wp-json\/wp\/v2\/comments?post=2424886"}],"version-history":[{"count":5,"href":"https:\/\/start.finder-portal.com\/fr\/wp-json\/wp\/v2\/pages\/2424886\/revisions"}],"predecessor-version":[{"id":3609678,"href":"https:\/\/start.finder-portal.com\/fr\/wp-json\/wp\/v2\/pages\/2424886\/revisions\/3609678"}],"wp:attachment":[{"href":"https:\/\/start.finder-portal.com\/fr\/wp-json\/wp\/v2\/media?parent=2424886"}],"curies":[{"name":"wp","href":"https:\/\/api.w.org\/{rel}","templated":true}]}}