{"id":2424914,"date":"2023-09-11T16:38:41","date_gmt":"2023-09-11T14:38:41","guid":{"rendered":"https:\/\/start.finder-portal.com\/demarrage-rapide-corrige\/"},"modified":"2024-08-22T13:44:04","modified_gmt":"2024-08-22T11:44:04","slug":"demarrage-rapide-corrige","status":"publish","type":"page","link":"https:\/\/start.finder-portal.com\/fr\/demarrage-rapide-corrige\/","title":{"rendered":"D\u00e9marrage rapide-corrig\u00e9"},"content":{"rendered":"\n\n\t<section class=\"section\" id=\"section_90220813\">\n\t\t<div class=\"section-bg fill\" >\n\t\t\t\t\t\t\t\t\t\n\t\t\t\n\n\t\t<\/div>\n\n\t\t\n\n\t\t<div class=\"section-content relative\">\n\t\t\t\n\n\t<div id=\"gap-1524862652\" class=\"gap-element clearfix\" style=\"display:block; height:auto;\">\n\t\t\n<style>\n#gap-1524862652 {\n  padding-top: 20px;\n}\n@media (min-width:550px) {\n  #gap-1524862652 {\n    padding-top: 20px;\n  }\n}\n<\/style>\n\t<\/div>\n\t\n\n\t<div id=\"text-1764328139\" class=\"text\">\n\t\t\n\n<h2>D\u00c9MARRAGE RAPIDE<\/h2>\n\t\t\n<style>\n#text-1764328139 {\n  font-size: 2rem;\n  text-align: center;\n  color: rgb(0,0,0);\n}\n#text-1764328139 > * {\n  color: rgb(0,0,0);\n}\n<\/style>\n\t<\/div>\n\t\n\n\t\t<\/div>\n\n\t\t\n<style>\n#section_90220813 {\n  padding-top: 0px;\n  padding-bottom: 0px;\n}\n@media (min-width:550px) {\n  #section_90220813 {\n    padding-top: 10px;\n    padding-bottom: 10px;\n  }\n}\n<\/style>\n\t<\/section>\n\t\n\n\t<section class=\"section\" id=\"section_867587804\">\n\t\t<div class=\"section-bg fill\" >\n\t\t\t\t\t\t\t\t\t\n\t\t\t\n\n\t\t<\/div>\n\n\t\t\n\n\t\t<div class=\"section-content relative\">\n\t\t\t\n\n\t<div id=\"text-1874203737\" class=\"text\">\n\t\t\n\n<p>Veuillez suivre ces \u00e9tapes simples : <\/p>\n\t\t\n<style>\n#text-1874203737 {\n  font-size: 1rem;\n  line-height: 1.55;\n  text-align: center;\n  color: rgb(0,0,0);\n}\n#text-1874203737 > * {\n  color: rgb(0,0,0);\n}\n@media (min-width:550px) {\n  #text-1874203737 {\n    font-size: 1.5rem;\n  }\n}\n<\/style>\n\t<\/div>\n\t\n\n\t\t<\/div>\n\n\t\t\n<style>\n#section_867587804 {\n  padding-top: 0px;\n  padding-bottom: 0px;\n}\n@media (min-width:550px) {\n  #section_867587804 {\n    padding-top: 10px;\n    padding-bottom: 10px;\n  }\n}\n<\/style>\n\t<\/section>\n\t\n\n\t<section class=\"section\" id=\"section_1788154840\">\n\t\t<div class=\"section-bg fill\" >\n\t\t\t\t\t\t\t\t\t<div class=\"section-bg-overlay absolute fill\"><\/div>\n\t\t\t\n\n\t\t<\/div>\n\n\t\t\n\n\t\t<div class=\"section-content relative\">\n\t\t\t\n\n<div class=\"row align-middle align-center\"  id=\"row-610271627\">\n\n\n\t<div id=\"col-164267032\" class=\"col medium-10 small-12 large-10\"  >\n\t\t\t\t<div class=\"col-inner text-center\" style=\"background-color:rgb(234, 234, 234);\" >\n\t\t\t\n\t<div class=\"is-border\"\n\t\tstyle=\"border-width:0px 0px 0px 0px;margin:0px 0px 0px 0px;\">\n\t<\/div>\n\t\t\t\n\n\t<div class=\"img has-hover x md-x lg-x y md-y lg-y\" id=\"image_1986607973\">\n\t\t\t\t\t\t\t\t<div class=\"img-inner dark\" >\n\t\t\t<img loading=\"lazy\" decoding=\"async\" width=\"68\" height=\"89\" src=\"https:\/\/start.finder-portal.com\/wp-content\/uploads\/2018\/04\/sim.png\" class=\"attachment-large size-large\" alt=\"\" srcset=\"https:\/\/start.finder-portal.com\/wp-content\/uploads\/2018\/04\/sim.png 68w, https:\/\/start.finder-portal.com\/wp-content\/uploads\/2018\/04\/sim-50x65.png 50w\" sizes=\"auto, (max-width: 68px) 100vw, 68px\" \/>\t\t\t\t\t\t\n\t\t\t\t\t<\/div>\n\t\t\t\t\t\t\t\t\n<style>\n#image_1986607973 {\n  width: 15%;\n}\n@media (min-width:550px) {\n  #image_1986607973 {\n    width: 5%;\n  }\n}\n<\/style>\n\t<\/div>\n\t\n\n\t<div id=\"text-3220950697\" class=\"text\">\n\t\t\n\n<h1>1. Activez votre appareil<\/h1>\n\t\t\n<style>\n#text-3220950697 {\n  text-align: center;\n  color: rgb(0,0,0);\n}\n#text-3220950697 > * {\n  color: rgb(0,0,0);\n}\n@media (min-width:550px) {\n  #text-3220950697 {\n    text-align: center;\n  }\n}\n@media (min-width:850px) {\n  #text-3220950697 {\n    text-align: center;\n  }\n}\n<\/style>\n\t<\/div>\n\t\n\t<div id=\"gap-1948897879\" class=\"gap-element clearfix\" style=\"display:block; height:auto;\">\n\t\t\n<style>\n#gap-1948897879 {\n  padding-top: 10px;\n}\n@media (min-width:550px) {\n  #gap-1948897879 {\n    padding-top: 30px;\n  }\n}\n<\/style>\n\t<\/div>\n\t\n\n\t<div id=\"text-3564645168\" class=\"text\">\n\t\t\n\n<p>\u2022 Choisissez une dur\u00e9e d\u2019abonnement<br>\u2022 S\u00e9lectionnez un pack de services (facultatif)<br>\u2022 Effectuer le paiement<\/p>\n\n\t\t\n<style>\n#text-3564645168 {\n  text-align: center;\n  color: rgb(0,0,0);\n}\n#text-3564645168 > * {\n  color: rgb(0,0,0);\n}\n@media (min-width:550px) {\n  #text-3564645168 {\n    text-align: center;\n  }\n}\n@media (min-width:850px) {\n  #text-3564645168 {\n    text-align: center;\n  }\n}\n<\/style>\n\t<\/div>\n\t\n\t<div id=\"gap-1253461172\" class=\"gap-element clearfix\" style=\"display:block; height:auto;\">\n\t\t\n<style>\n#gap-1253461172 {\n  padding-top: 10px;\n}\n@media (min-width:550px) {\n  #gap-1253461172 {\n    padding-top: 30px;\n  }\n}\n<\/style>\n\t<\/div>\n\t\n\n<a href=\"https:\/\/start.finder-portal.com\/fr\/\" target=\"_blank\" class=\"button primary\" rel=\"noopener\" style=\"border-radius:5px;\">\n\t\t<span>Activer maintenant<\/span>\n\t<i class=\"icon-angle-right\" aria-hidden=\"true\"><\/i><\/a>\n\n\n\n\t\t<\/div>\n\t\t\t\t\n<style>\n#col-164267032 > .col-inner {\n  margin: 0px 0px -30px 0px;\n}\n<\/style>\n\t<\/div>\n\n\t\n\n\n<style>\n#row-610271627 > .col > .col-inner {\n  padding: 20px 0px 20px 0px;\n  border-radius: 30px;\n}\n<\/style>\n<\/div>\n\n\t\t<\/div>\n\n\t\t\n<style>\n#section_1788154840 {\n  padding-top: 10px;\n  padding-bottom: 10px;\n  background-color: rgb(255, 255, 255);\n}\n#section_1788154840 .section-bg-overlay {\n  background-color: rgba(255, 255, 255, 0.85);\n}\n@media (min-width:550px) {\n  #section_1788154840 {\n    padding-top: 10px;\n    padding-bottom: 10px;\n  }\n}\n<\/style>\n\t<\/section>\n\t\n\n\t<section class=\"section\" id=\"section_843844932\">\n\t\t<div class=\"section-bg fill\" >\n\t\t\t\t\t\t\t\t\t<div class=\"section-bg-overlay absolute fill\"><\/div>\n\t\t\t\n\n\t\t<\/div>\n\n\t\t\n\n\t\t<div class=\"section-content relative\">\n\t\t\t\n\n<div class=\"row align-middle align-center\"  id=\"row-480363419\">\n\n\n\t<div id=\"col-1149904008\" class=\"col medium-10 small-12 large-10\"  >\n\t\t\t\t<div class=\"col-inner text-center\" style=\"background-color:rgb(234, 234, 234);\" >\n\t\t\t\n\t<div class=\"is-border\"\n\t\tstyle=\"border-width:0px 0px 0px 0px;margin:0px 0px 0px 0px;\">\n\t<\/div>\n\t\t\t\n\n\t<div class=\"img has-hover x md-x lg-x y md-y lg-y\" id=\"image_198319403\">\n\t\t\t\t\t\t\t\t<div class=\"img-inner dark\" >\n\t\t\t<img loading=\"lazy\" decoding=\"async\" width=\"110\" height=\"111\" src=\"https:\/\/start.finder-portal.com\/wp-content\/uploads\/2018\/04\/electricity.png\" class=\"attachment-large size-large\" alt=\"\" srcset=\"https:\/\/start.finder-portal.com\/wp-content\/uploads\/2018\/04\/electricity.png 110w, https:\/\/start.finder-portal.com\/wp-content\/uploads\/2018\/04\/electricity-100x100.png 100w, https:\/\/start.finder-portal.com\/wp-content\/uploads\/2018\/04\/electricity-50x50.png 50w\" sizes=\"auto, (max-width: 110px) 100vw, 110px\" \/>\t\t\t\t\t\t\n\t\t\t\t\t<\/div>\n\t\t\t\t\t\t\t\t\n<style>\n#image_198319403 {\n  width: 22%;\n}\n@media (min-width:550px) {\n  #image_198319403 {\n    width: 6%;\n  }\n}\n<\/style>\n\t<\/div>\n\t\n\n\t<div id=\"text-2540613419\" class=\"text\">\n\t\t\n\n<h1>2. Connectez votre appareil<\/h1>\n\t\t\n<style>\n#text-2540613419 {\n  line-height: 1.85;\n  color: rgb(0,0,0);\n}\n#text-2540613419 > * {\n  color: rgb(0,0,0);\n}\n<\/style>\n\t<\/div>\n\t\n\t<div id=\"gap-1890849470\" class=\"gap-element clearfix\" style=\"display:block; height:auto;\">\n\t\t\n<style>\n#gap-1890849470 {\n  padding-top: 10px;\n}\n@media (min-width:550px) {\n  #gap-1890849470 {\n    padding-top: 30px;\n  }\n}\n<\/style>\n\t<\/div>\n\t\n\n\t<div id=\"text-820967511\" class=\"text\">\n\t\t\n\n<p>\u2022 Connectez l\u2019appareil \u00e0 la batterie du v\u00e9hicule<\/p>\n\n\t\t\n<style>\n#text-820967511 {\n  line-height: 1.85;\n  color: rgb(0,0,0);\n}\n#text-820967511 > * {\n  color: rgb(0,0,0);\n}\n<\/style>\n\t<\/div>\n\t\n\n\t\t<\/div>\n\t\t\t\t\n<style>\n#col-1149904008 > .col-inner {\n  margin: 0px 0px -30px 0px;\n}\n<\/style>\n\t<\/div>\n\n\t\n\n\n<style>\n#row-480363419 > .col > .col-inner {\n  padding: 20px 0px 20px 0px;\n  border-radius: 30px;\n}\n<\/style>\n<\/div>\n\n\t\t<\/div>\n\n\t\t\n<style>\n#section_843844932 {\n  padding-top: 10px;\n  padding-bottom: 10px;\n}\n#section_843844932 .section-bg-overlay {\n  background-color: rgba(255, 255, 255, 0.85);\n}\n@media (min-width:550px) {\n  #section_843844932 {\n    padding-top: 10px;\n    padding-bottom: 10px;\n  }\n}\n<\/style>\n\t<\/section>\n\t\n\n\t<section class=\"section\" id=\"section_1195581899\">\n\t\t<div class=\"section-bg fill\" >\n\t\t\t\t\t\t\t\t\t<div class=\"section-bg-overlay absolute fill\"><\/div>\n\t\t\t\n\n\t\t<\/div>\n\n\t\t\n\n\t\t<div class=\"section-content relative\">\n\t\t\t\n\n<div class=\"row align-middle align-center\"  id=\"row-1787372362\">\n\n\n\t<div id=\"col-1766076238\" class=\"col medium-10 small-12 large-10\"  >\n\t\t\t\t<div class=\"col-inner text-center\" style=\"background-color:rgb(234, 234, 234);\" >\n\t\t\t\n\t<div class=\"is-border\"\n\t\tstyle=\"border-width:0px 0px 0px 0px;margin:0px 0px 0px 0px;\">\n\t<\/div>\n\t\t\t\n\n\t<div class=\"img has-hover x md-x lg-x y md-y lg-y\" id=\"image_1800117665\">\n\t\t\t\t\t\t\t\t<div class=\"img-inner dark\" >\n\t\t\t<img loading=\"lazy\" decoding=\"async\" width=\"69\" height=\"94\" src=\"https:\/\/start.finder-portal.com\/wp-content\/uploads\/2018\/04\/pin.png\" class=\"attachment-large size-large\" alt=\"\" srcset=\"https:\/\/start.finder-portal.com\/wp-content\/uploads\/2018\/04\/pin.png 69w, https:\/\/start.finder-portal.com\/wp-content\/uploads\/2018\/04\/pin-50x68.png 50w\" sizes=\"auto, (max-width: 69px) 100vw, 69px\" \/>\t\t\t\t\t\t\n\t\t\t\t\t<\/div>\n\t\t\t\t\t\t\t\t\n<style>\n#image_1800117665 {\n  width: 15%;\n}\n@media (min-width:550px) {\n  #image_1800117665 {\n    width: 5%;\n  }\n}\n<\/style>\n\t<\/div>\n\t\n\n\t<div id=\"text-2509403736\" class=\"text\">\n\t\t\n\n<h1>3. Localisez votre appareil<\/h1>\n\t\t\n<style>\n#text-2509403736 {\n  color: rgb(0,0,0);\n}\n#text-2509403736 > * {\n  color: rgb(0,0,0);\n}\n<\/style>\n\t<\/div>\n\t\n\t<div id=\"gap-795219029\" class=\"gap-element clearfix\" style=\"display:block; height:auto;\">\n\t\t\n<style>\n#gap-795219029 {\n  padding-top: 10px;\n}\n@media (min-width:550px) {\n  #gap-795219029 {\n    padding-top: 30px;\n  }\n}\n<\/style>\n\t<\/div>\n\t\n\n\t<div id=\"text-103672808\" class=\"text\">\n\t\t\n\n<p>\u2022 T\u00e9l\u00e9chargez l\u2019application PAJ Portal<br>ou<br>\u2022 Acc\u00e9der au portail via votre navigateur <\/p>\n\n\t\t\n<style>\n#text-103672808 {\n  color: rgb(0,0,0);\n}\n#text-103672808 > * {\n  color: rgb(0,0,0);\n}\n<\/style>\n\t<\/div>\n\t\n\n\t\t<\/div>\n\t\t\t\t\n<style>\n#col-1766076238 > .col-inner {\n  margin: 0px 0px -30px 0px;\n}\n<\/style>\n\t<\/div>\n\n\t\n\n\n<style>\n#row-1787372362 > .col > .col-inner {\n  padding: 20px 0px 20px 0px;\n  border-radius: 30px;\n}\n<\/style>\n<\/div>\n\n\t\t<\/div>\n\n\t\t\n<style>\n#section_1195581899 {\n  padding-top: 10px;\n  padding-bottom: 10px;\n}\n#section_1195581899 .section-bg-overlay {\n  background-color: rgba(255, 255, 255, 0.85);\n}\n@media (min-width:550px) {\n  #section_1195581899 {\n    padding-top: 10px;\n    padding-bottom: 10px;\n  }\n}\n<\/style>\n\t<\/section>\n\t\n\n\t<section class=\"section\" id=\"section_1394076891\">\n\t\t<div class=\"section-bg fill\" >\n\t\t\t\t\t\t\t\t\t<div class=\"section-bg-overlay absolute fill\"><\/div>\n\t\t\t\n\n\t\t<\/div>\n\n\t\t\n\n\t\t<div class=\"section-content relative\">\n\t\t\t\n\n<div class=\"row align-middle\" style=\"max-width:600px\" id=\"row-1242387206\">\n\n\n\t<div id=\"col-1053937643\" class=\"col medium-6 small-6 large-6\"  >\n\t\t\t\t<div class=\"col-inner\"  >\n\t\t\t\n\t\t\t\n\n\t<div class=\"img has-hover x md-x lg-x y md-y lg-y\" id=\"image_1133803641\">\n\t\t<a class=\"\" href=\"https:\/\/play.google.com\/store\/apps\/details?id=io.ionic.pajgpsv2&#038;hl=de\" target=\"_blank\" rel=\"noopener\" >\t\t\t\t\t\t<div class=\"img-inner dark\" >\n\t\t\t<img loading=\"lazy\" decoding=\"async\" width=\"600\" height=\"232\" src=\"https:\/\/start.finder-portal.com\/wp-content\/uploads\/2018\/04\/google-play-badge-1-1-600x232-1.png\" class=\"attachment-large size-large\" alt=\"\" srcset=\"https:\/\/start.finder-portal.com\/wp-content\/uploads\/2018\/04\/google-play-badge-1-1-600x232-1.png 600w, https:\/\/start.finder-portal.com\/wp-content\/uploads\/2018\/04\/google-play-badge-1-1-600x232-1-200x77.png 200w, https:\/\/start.finder-portal.com\/wp-content\/uploads\/2018\/04\/google-play-badge-1-1-600x232-1-50x19.png 50w, https:\/\/start.finder-portal.com\/wp-content\/uploads\/2018\/04\/google-play-badge-1-1-600x232-1-300x116.png 300w\" sizes=\"auto, (max-width: 600px) 100vw, 600px\" \/>\t\t\t\t\t\t\n\t\t\t\t\t<\/div>\n\t\t\t\t\t\t<\/a>\t\t\n<style>\n#image_1133803641 {\n  width: 100%;\n}\n@media (min-width:550px) {\n  #image_1133803641 {\n    width: 100%;\n  }\n}\n<\/style>\n\t<\/div>\n\t\n\n\n\t\t<\/div>\n\t\t\t\t\n<style>\n#col-1053937643 > .col-inner {\n  margin: 0px 0px -20px 0px;\n}\n<\/style>\n\t<\/div>\n\n\t\n\n\t<div id=\"col-1838311740\" class=\"col medium-6 small-6 large-6\"  >\n\t\t\t\t<div class=\"col-inner\"  >\n\t\t\t\n\t\t\t\n\n\t<div class=\"img has-hover x md-x lg-x y md-y lg-y\" id=\"image_532517576\">\n\t\t<a class=\"\" href=\"https:\/\/apps.apple.com\/de\/app\/paj-portal-v2\/id1554462332\" target=\"_blank\" rel=\"noopener\" >\t\t\t\t\t\t<div class=\"img-inner dark\" >\n\t\t\t<img loading=\"lazy\" decoding=\"async\" width=\"600\" height=\"232\" src=\"https:\/\/start.finder-portal.com\/wp-content\/uploads\/2018\/04\/apple-app-badge-1-600x232-1.png\" class=\"attachment-large size-large\" alt=\"\" srcset=\"https:\/\/start.finder-portal.com\/wp-content\/uploads\/2018\/04\/apple-app-badge-1-600x232-1.png 600w, https:\/\/start.finder-portal.com\/wp-content\/uploads\/2018\/04\/apple-app-badge-1-600x232-1-200x77.png 200w, https:\/\/start.finder-portal.com\/wp-content\/uploads\/2018\/04\/apple-app-badge-1-600x232-1-50x19.png 50w, https:\/\/start.finder-portal.com\/wp-content\/uploads\/2018\/04\/apple-app-badge-1-600x232-1-300x116.png 300w\" sizes=\"auto, (max-width: 600px) 100vw, 600px\" \/>\t\t\t\t\t\t\n\t\t\t\t\t<\/div>\n\t\t\t\t\t\t<\/a>\t\t\n<style>\n#image_532517576 {\n  width: 100%;\n}\n<\/style>\n\t<\/div>\n\t\n\n\n\t\t<\/div>\n\t\t\t\t\n<style>\n#col-1838311740 > .col-inner {\n  margin: 0px 0px -20px 0px;\n}\n<\/style>\n\t<\/div>\n\n\t\n\n\t<div id=\"col-386952181\" class=\"col small-12 large-12\"  >\n\t\t\t\t<div class=\"col-inner text-center\"  >\n\t\t\t\n\t\t\t\n\n<a href=\"https:\/\/v2.finder-portal.com\/\" target=\"_blank\" class=\"button primary expand\" rel=\"noopener\" >\n\t\t<span>Portail Web<\/span>\n\t<i class=\"icon-angle-right\" aria-hidden=\"true\"><\/i><\/a>\n\n\n\n\t\t<\/div>\n\t\t\t\t\t<\/div>\n\n\t\n\n<\/div>\n\n\t\t<\/div>\n\n\t\t\n<style>\n#section_1394076891 {\n  padding-top: 10px;\n  padding-bottom: 10px;\n  background-color: rgb(255, 255, 255);\n}\n#section_1394076891 .section-bg-overlay {\n  background-color: rgba(255, 255, 255, 0.85);\n}\n@media (min-width:550px) {\n  #section_1394076891 {\n    padding-top: 20px;\n    padding-bottom: 20px;\n  }\n}\n<\/style>\n\t<\/section>\n\t\n\n\t<section class=\"section\" id=\"section_1069650225\">\n\t\t<div class=\"section-bg fill\" >\n\t\t\t\t\t\t\t\t\t<div class=\"section-bg-overlay absolute fill\"><\/div>\n\t\t\t\n\n\t\t<\/div>\n\n\t\t\n\n\t\t<div class=\"section-content relative\">\n\t\t\t\n\n<div class=\"row row-large align-middle\"  id=\"row-1920893135\">\n\n\n\t<div id=\"col-1970495389\" class=\"col small-12 large-12\"  >\n\t\t\t\t<div class=\"col-inner text-center\"  >\n\t\t\t\n\t\t\t\n\n\t<div id=\"text-3778633440\" class=\"text\">\n\t\t\n\n<h1>Soutien<\/h1>\n\t\t\n<style>\n#text-3778633440 {\n  color: rgb(0,0,0);\n}\n#text-3778633440 > * {\n  color: rgb(0,0,0);\n}\n<\/style>\n\t<\/div>\n\t\n\t<div id=\"gap-1705552907\" class=\"gap-element clearfix\" style=\"display:block; height:auto;\">\n\t\t\n<style>\n#gap-1705552907 {\n  padding-top: 20px;\n}\n@media (min-width:550px) {\n  #gap-1705552907 {\n    padding-top: 30px;\n  }\n}\n<\/style>\n\t<\/div>\n\t\n\n\t<div id=\"text-2502480034\" class=\"text\">\n\t\t\n\n<p>Notre \u00e9quipe interne du service \u00e0 la client\u00e8le se fera un plaisir de r\u00e9pondre \u00e0 toutes vos questions relatives \u00e0 votre produit.<\/p>\n\t\t\n<style>\n#text-2502480034 {\n  color: rgb(0,0,0);\n}\n#text-2502480034 > * {\n  color: rgb(0,0,0);\n}\n<\/style>\n\t<\/div>\n\t\n\t<div id=\"gap-127033664\" class=\"gap-element clearfix\" style=\"display:block; height:auto;\">\n\t\t\n<style>\n#gap-127033664 {\n  padding-top: 20px;\n}\n@media (min-width:550px) {\n  #gap-127033664 {\n    padding-top: 30px;\n  }\n}\n<\/style>\n\t<\/div>\n\t\n\n<a href=\"https:\/\/www.paj-gps.fr\/mode-demploi\/\" target=\"_blank\" class=\"button secondary\" rel=\"noopener\" >\n\t\t<span>Tous les manuels<\/span>\n\t<i class=\"icon-angle-right\" aria-hidden=\"true\"><\/i><\/a>\n\n\n\n\t\t<\/div>\n\t\t\t\t\n<style>\n#col-1970495389 > .col-inner {\n  margin: 0px 0px -20px 0px;\n}\n<\/style>\n\t<\/div>\n\n\t\n\n<\/div>\n<div class=\"row\"  id=\"row-2079029804\">\n\n\n\t<div id=\"col-1159092066\" class=\"col small-12 large-12\"  >\n\t\t\t\t<div class=\"col-inner text-center\"  >\n\t\t\t\n\t\t\t\n\n<a href=\"https:\/\/www.paj-gps.fr\/contact\/\" target=\"_blank\" class=\"button primary\" rel=\"noopener\" >\n\t\t<span>Service d\u2019assistance<\/span>\n\t<i class=\"icon-angle-right\" aria-hidden=\"true\"><\/i><\/a>\n\n\n\n\t\t<\/div>\n\t\t\t\t\t<\/div>\n\n\t\n\n<\/div>\n\n\t\t<\/div>\n\n\t\t\n<style>\n#section_1069650225 {\n  padding-top: 40px;\n  padding-bottom: 40px;\n  background-color: rgb(193, 193, 193);\n}\n#section_1069650225 .section-bg-overlay {\n  background-color: rgba(255, 255, 255, 0.85);\n}\n@media (min-width:550px) {\n  #section_1069650225 {\n    padding-top: 20px;\n    padding-bottom: 20px;\n  }\n}\n<\/style>\n\t<\/section>\n\t\n\n","protected":false},"excerpt":{"rendered":"","protected":false},"author":156840,"featured_media":0,"parent":0,"menu_order":0,"comment_status":"closed","ping_status":"closed","template":"","meta":{"footnotes":""},"class_list":["post-2424914","page","type-page","status-publish","hentry"],"_links":{"self":[{"href":"https:\/\/start.finder-portal.com\/fr\/wp-json\/wp\/v2\/pages\/2424914","targetHints":{"allow":["GET"]}}],"collection":[{"href":"https:\/\/start.finder-portal.com\/fr\/wp-json\/wp\/v2\/pages"}],"about":[{"href":"https:\/\/start.finder-portal.com\/fr\/wp-json\/wp\/v2\/types\/page"}],"author":[{"embeddable":true,"href":"https:\/\/start.finder-portal.com\/fr\/wp-json\/wp\/v2\/users\/156840"}],"replies":[{"embeddable":true,"href":"https:\/\/start.finder-portal.com\/fr\/wp-json\/wp\/v2\/comments?post=2424914"}],"version-history":[{"count":4,"href":"https:\/\/start.finder-portal.com\/fr\/wp-json\/wp\/v2\/pages\/2424914\/revisions"}],"predecessor-version":[{"id":3727767,"href":"https:\/\/start.finder-portal.com\/fr\/wp-json\/wp\/v2\/pages\/2424914\/revisions\/3727767"}],"wp:attachment":[{"href":"https:\/\/start.finder-portal.com\/fr\/wp-json\/wp\/v2\/media?parent=2424914"}],"curies":[{"name":"wp","href":"https:\/\/api.w.org\/{rel}","templated":true}]}}