{"id":2656613,"date":"2023-11-24T11:44:20","date_gmt":"2023-11-24T10:44:20","guid":{"rendered":"https:\/\/start.finder-portal.com\/allround-finder-4g-2-0\/"},"modified":"2023-11-24T11:44:23","modified_gmt":"2023-11-24T10:44:23","slug":"allround-finder-4g-2-0","status":"publish","type":"page","link":"https:\/\/start.finder-portal.com\/fr\/allround-finder-4g-2-0\/","title":{"rendered":"Allround Finder 4G 2.0"},"content":{"rendered":"\n\n\t<section class=\"section\" id=\"section_1077398743\">\n\t\t<div class=\"section-bg fill\" >\n\t\t\t\t\t\t\t\t\t\n\t\t\t\n\n\t\t<\/div>\n\n\t\t\n\n\t\t<div class=\"section-content relative\">\n\t\t\t\n\n\t<div id=\"gap-306887994\" class=\"gap-element clearfix\" style=\"display:block; height:auto;\">\n\t\t\n<style>\n#gap-306887994 {\n  padding-top: 20px;\n}\n@media (min-width:550px) {\n  #gap-306887994 {\n    padding-top: 20px;\n  }\n}\n<\/style>\n\t<\/div>\n\t\n\n\t<div id=\"text-3993346658\" class=\"text\">\n\t\t\n\n<h2>ALLROUND Finder 4G 2.0<\/h2>\n\t\t\n<style>\n#text-3993346658 {\n  font-size: 2rem;\n  text-align: center;\n  color: rgb(0,0,0);\n}\n#text-3993346658 > * {\n  color: rgb(0,0,0);\n}\n<\/style>\n\t<\/div>\n\t\n\n\t\t<\/div>\n\n\t\t\n<style>\n#section_1077398743 {\n  padding-top: 0px;\n  padding-bottom: 0px;\n}\n@media (min-width:550px) {\n  #section_1077398743 {\n    padding-top: 10px;\n    padding-bottom: 10px;\n  }\n}\n<\/style>\n\t<\/section>\n\t\n\n\t<section class=\"section\" id=\"section_1087402123\">\n\t\t<div class=\"section-bg fill\" >\n\t\t\t\t\t\t\t\t\t\n\t\t\t\n\n\t\t<\/div>\n\n\t\t\n\n\t\t<div class=\"section-content relative\">\n\t\t\t\n\n<div class=\"row\"  id=\"row-1280587554\">\n\n\n\t<div id=\"col-353948599\" class=\"col small-12 large-12\"  >\n\t\t\t\t<div class=\"col-inner text-center\"  >\n\t\t\t\n\t\t\t\n\n<a href=\"https:\/\/start.finder-portal.com\/wp-content\/uploads\/2018\/04\/User-Manual-PAJ-ALLROUND-Finder-4G-December22-1.pdf\" target=\"_blank\" class=\"button primary is-outline\" rel=\"noopener\" >\n\t\t<span>T\u00e9l\u00e9charger le manuel d\u2019utilisation au format PDF<\/span>\n\t<i class=\"icon-user\" aria-hidden=\"true\"><\/i><\/a>\n\n\n\n\t\t<\/div>\n\t\t\t\t\t<\/div>\n\n\t\n\n<\/div>\n\n\t\t<\/div>\n\n\t\t\n<style>\n#section_1087402123 {\n  padding-top: 0px;\n  padding-bottom: 0px;\n}\n@media (min-width:550px) {\n  #section_1087402123 {\n    padding-top: 10px;\n    padding-bottom: 10px;\n  }\n}\n<\/style>\n\t<\/section>\n\t\n\n\t<section class=\"section\" id=\"section_462395595\">\n\t\t<div class=\"section-bg fill\" >\n\t\t\t\t\t\t\t\t\t\n\t\t\t\n\n\t\t<\/div>\n\n\t\t\n\n\t\t<div class=\"section-content relative\">\n\t\t\t\n\n\t<div id=\"gap-278624839\" class=\"gap-element clearfix\" style=\"display:block; height:auto;\">\n\t\t\n<style>\n#gap-278624839 {\n  padding-top: 20px;\n}\n@media (min-width:550px) {\n  #gap-278624839 {\n    padding-top: 20px;\n  }\n}\n<\/style>\n\t<\/div>\n\t\n\n\t<div id=\"text-2170793824\" class=\"text\">\n\t\t\n\n<h2>GUIDE DE D\u00c9MARRAGE RAPIDE<\/h2>\n\t\t\n<style>\n#text-2170793824 {\n  font-size: 1.5rem;\n  text-align: center;\n  color: rgb(0,0,0);\n}\n#text-2170793824 > * {\n  color: rgb(0,0,0);\n}\n<\/style>\n\t<\/div>\n\t\n\n\t\t<\/div>\n\n\t\t\n<style>\n#section_462395595 {\n  padding-top: 0px;\n  padding-bottom: 0px;\n}\n@media (min-width:550px) {\n  #section_462395595 {\n    padding-top: 10px;\n    padding-bottom: 10px;\n  }\n}\n<\/style>\n\t<\/section>\n\t\n\n\t<section class=\"section\" id=\"section_1861736103\">\n\t\t<div class=\"section-bg fill\" >\n\t\t\t\t\t\t\t\t\t\n\t\t\t\n\n\t\t<\/div>\n\n\t\t\n\n\t\t<div class=\"section-content relative\">\n\t\t\t\n\n\t<div id=\"text-3773582137\" class=\"text\">\n\t\t\n\n<p>Veuillez suivre ces \u00e9tapes simples : <\/p>\n\t\t\n<style>\n#text-3773582137 {\n  font-size: 1rem;\n  line-height: 1.55;\n  text-align: center;\n  color: rgb(0,0,0);\n}\n#text-3773582137 > * {\n  color: rgb(0,0,0);\n}\n@media (min-width:550px) {\n  #text-3773582137 {\n    font-size: 1.5rem;\n  }\n}\n<\/style>\n\t<\/div>\n\t\n\n\t\t<\/div>\n\n\t\t\n<style>\n#section_1861736103 {\n  padding-top: 0px;\n  padding-bottom: 0px;\n}\n@media (min-width:550px) {\n  #section_1861736103 {\n    padding-top: 10px;\n    padding-bottom: 10px;\n  }\n}\n<\/style>\n\t<\/section>\n\t\n\n\t<section class=\"section\" id=\"section_1266105524\">\n\t\t<div class=\"section-bg fill\" >\n\t\t\t\t\t\t\t\t\t<div class=\"section-bg-overlay absolute fill\"><\/div>\n\t\t\t\n\n\t\t<\/div>\n\n\t\t\n\n\t\t<div class=\"section-content relative\">\n\t\t\t\n\n<div class=\"row align-middle align-center\"  id=\"row-1866199605\">\n\n\n\t<div id=\"col-2074073706\" class=\"col medium-10 small-12 large-10\"  >\n\t\t\t\t<div class=\"col-inner text-center\" style=\"background-color:rgb(234, 234, 234);\" >\n\t\t\t\n\t<div class=\"is-border\"\n\t\tstyle=\"border-width:0px 0px 0px 0px;margin:0px 0px 0px 0px;\">\n\t<\/div>\n\t\t\t\n\n\t<div class=\"img has-hover x md-x lg-x y md-y lg-y\" id=\"image_1852488642\">\n\t\t\t\t\t\t\t\t<div class=\"img-inner dark\" style=\"margin:0px 0px 20px 0px;\">\n\t\t\t<img loading=\"lazy\" decoding=\"async\" width=\"85\" height=\"64\" src=\"https:\/\/start.finder-portal.com\/wp-content\/uploads\/2018\/04\/Battery-power-4.png\" class=\"attachment-large size-large\" alt=\"\" srcset=\"https:\/\/start.finder-portal.com\/wp-content\/uploads\/2018\/04\/Battery-power-4.png 85w, https:\/\/start.finder-portal.com\/wp-content\/uploads\/2018\/04\/Battery-power-4-50x38.png 50w\" sizes=\"auto, (max-width: 85px) 100vw, 85px\" \/>\t\t\t\t\t\t\n\t\t\t\t\t<\/div>\n\t\t\t\t\t\t\t\t\n<style>\n#image_1852488642 {\n  width: 20%;\n}\n@media (min-width:550px) {\n  #image_1852488642 {\n    width: 6%;\n  }\n}\n<\/style>\n\t<\/div>\n\t\n\n\t<div id=\"text-117578942\" class=\"text\">\n\t\t\n\n<h1>1. Chargez votre appareil<\/h1>\n\t\t\n<style>\n#text-117578942 {\n  text-align: center;\n  color: rgb(0,0,0);\n}\n#text-117578942 > * {\n  color: rgb(0,0,0);\n}\n@media (min-width:550px) {\n  #text-117578942 {\n    text-align: center;\n  }\n}\n<\/style>\n\t<\/div>\n\t\n\n\t\t<\/div>\n\t\t\t\t\n<style>\n#col-2074073706 > .col-inner {\n  margin: 0px 0px -30px 0px;\n}\n<\/style>\n\t<\/div>\n\n\t\n\n\n<style>\n#row-1866199605 > .col > .col-inner {\n  padding: 20px 0px 20px 0px;\n  border-radius: 30px;\n}\n<\/style>\n<\/div>\n\n\t\t<\/div>\n\n\t\t\n<style>\n#section_1266105524 {\n  padding-top: 10px;\n  padding-bottom: 10px;\n  background-color: rgb(255,255,255);\n}\n#section_1266105524 .section-bg-overlay {\n  background-color: rgba(255, 255, 255, 0.85);\n}\n@media (min-width:550px) {\n  #section_1266105524 {\n    padding-top: 10px;\n    padding-bottom: 10px;\n  }\n}\n<\/style>\n\t<\/section>\n\t\n\n\t<section class=\"section\" id=\"section_1232553613\">\n\t\t<div class=\"section-bg fill\" >\n\t\t\t\t\t\t\t\t\t<div class=\"section-bg-overlay absolute fill\"><\/div>\n\t\t\t\n\n\t\t<\/div>\n\n\t\t\n\n\t\t<div class=\"section-content relative\">\n\t\t\t\n\n<div class=\"row align-middle align-center\"  id=\"row-1461109437\">\n\n\n\t<div id=\"col-1878309797\" class=\"col medium-10 small-12 large-10\"  >\n\t\t\t\t<div class=\"col-inner text-center\" style=\"background-color:rgb(234, 234, 234);\" >\n\t\t\t\n\t<div class=\"is-border\"\n\t\tstyle=\"border-width:0px 0px 0px 0px;margin:0px 0px 0px 0px;\">\n\t<\/div>\n\t\t\t\n\n\t<div class=\"img has-hover x md-x lg-x y md-y lg-y\" id=\"image_1404626296\">\n\t\t\t\t\t\t\t\t<div class=\"img-inner dark\" >\n\t\t\t<img loading=\"lazy\" decoding=\"async\" width=\"68\" height=\"89\" src=\"https:\/\/start.finder-portal.com\/wp-content\/uploads\/2018\/04\/sim.png\" class=\"attachment-large size-large\" alt=\"\" srcset=\"https:\/\/start.finder-portal.com\/wp-content\/uploads\/2018\/04\/sim.png 68w, https:\/\/start.finder-portal.com\/wp-content\/uploads\/2018\/04\/sim-50x65.png 50w\" sizes=\"auto, (max-width: 68px) 100vw, 68px\" \/>\t\t\t\t\t\t\n\t\t\t\t\t<\/div>\n\t\t\t\t\t\t\t\t\n<style>\n#image_1404626296 {\n  width: 15%;\n}\n@media (min-width:550px) {\n  #image_1404626296 {\n    width: 5%;\n  }\n}\n<\/style>\n\t<\/div>\n\t\n\n\t<div id=\"text-2036884150\" class=\"text\">\n\t\t\n\n<h1>2. Activez votre int\u00e9gr\u00e9 <br> Carte SIM<\/h1>\n\t\t\n<style>\n#text-2036884150 {\n  text-align: center;\n  color: rgb(0,0,0);\n}\n#text-2036884150 > * {\n  color: rgb(0,0,0);\n}\n@media (min-width:550px) {\n  #text-2036884150 {\n    text-align: center;\n  }\n}\n@media (min-width:850px) {\n  #text-2036884150 {\n    text-align: center;\n  }\n}\n<\/style>\n\t<\/div>\n\t\n\t<div id=\"gap-433977501\" class=\"gap-element clearfix\" style=\"display:block; height:auto;\">\n\t\t\n<style>\n#gap-433977501 {\n  padding-top: 10px;\n}\n@media (min-width:550px) {\n  #gap-433977501 {\n    padding-top: 30px;\n  }\n}\n<\/style>\n\t<\/div>\n\t\n\n\t<div id=\"text-1655884182\" class=\"text\">\n\t\t\n\n<p>\u2022 Choisissez une dur\u00e9e d\u2019abonnement<br>\n\u2022 S\u00e9lectionnez un pack de services (facultatif)<br>\n\u2022 Effectuer le paiement<\/p>\n\t\t\n<style>\n#text-1655884182 {\n  text-align: center;\n  color: rgb(0,0,0);\n}\n#text-1655884182 > * {\n  color: rgb(0,0,0);\n}\n@media (min-width:550px) {\n  #text-1655884182 {\n    text-align: center;\n  }\n}\n@media (min-width:850px) {\n  #text-1655884182 {\n    text-align: center;\n  }\n}\n<\/style>\n\t<\/div>\n\t\n\t<div id=\"gap-949782622\" class=\"gap-element clearfix\" style=\"display:block; height:auto;\">\n\t\t\n<style>\n#gap-949782622 {\n  padding-top: 10px;\n}\n@media (min-width:550px) {\n  #gap-949782622 {\n    padding-top: 30px;\n  }\n}\n<\/style>\n\t<\/div>\n\t\n\n<a href=\"https:\/\/start.finder-portal.com\/fr\/produit\/finder-portal-lizenz-sp-p\/\" target=\"_blank\" class=\"button primary\" rel=\"noopener\" style=\"border-radius:5px;\">\n\t\t<span>Activer maintenant<\/span>\n\t<i class=\"icon-angle-right\" aria-hidden=\"true\"><\/i><\/a>\n\n\n\n\t\t<\/div>\n\t\t\t\t\n<style>\n#col-1878309797 > .col-inner {\n  margin: 0px 0px -30px 0px;\n}\n<\/style>\n\t<\/div>\n\n\t\n\n\n<style>\n#row-1461109437 > .col > .col-inner {\n  padding: 20px 0px 20px 0px;\n  border-radius: 30px;\n}\n<\/style>\n<\/div>\n\n\t\t<\/div>\n\n\t\t\n<style>\n#section_1232553613 {\n  padding-top: 10px;\n  padding-bottom: 10px;\n  background-color: rgb(255, 255, 255);\n}\n#section_1232553613 .section-bg-overlay {\n  background-color: rgba(255, 255, 255, 0.85);\n}\n@media (min-width:550px) {\n  #section_1232553613 {\n    padding-top: 10px;\n    padding-bottom: 10px;\n  }\n}\n<\/style>\n\t<\/section>\n\t\n\n\t<section class=\"section\" id=\"section_1421965386\">\n\t\t<div class=\"section-bg fill\" >\n\t\t\t\t\t\t\t\t\t<div class=\"section-bg-overlay absolute fill\"><\/div>\n\t\t\t\n\n\t\t<\/div>\n\n\t\t\n\n\t\t<div class=\"section-content relative\">\n\t\t\t\n\n<div class=\"row align-middle align-center\"  id=\"row-1939273188\">\n\n\n\t<div id=\"col-85965608\" class=\"col medium-10 small-12 large-10\"  >\n\t\t\t\t<div class=\"col-inner text-center\" style=\"background-color:rgb(234, 234, 234);\" >\n\t\t\t\n\t<div class=\"is-border\"\n\t\tstyle=\"border-width:0px 0px 0px 0px;margin:0px 0px 0px 0px;\">\n\t<\/div>\n\t\t\t\n\n\t<div class=\"img has-hover x md-x lg-x y md-y lg-y\" id=\"image_1612416051\">\n\t\t\t\t\t\t\t\t<div class=\"img-inner dark\" >\n\t\t\t<img loading=\"lazy\" decoding=\"async\" width=\"75\" height=\"80\" src=\"https:\/\/start.finder-portal.com\/wp-content\/uploads\/2018\/04\/power-button.png\" class=\"attachment-large size-large\" alt=\"\" srcset=\"https:\/\/start.finder-portal.com\/wp-content\/uploads\/2018\/04\/power-button.png 75w, https:\/\/start.finder-portal.com\/wp-content\/uploads\/2018\/04\/power-button-50x53.png 50w\" sizes=\"auto, (max-width: 75px) 100vw, 75px\" \/>\t\t\t\t\t\t\n\t\t\t\t\t<\/div>\n\t\t\t\t\t\t\t\t\n<style>\n#image_1612416051 {\n  width: 18%;\n}\n@media (min-width:550px) {\n  #image_1612416051 {\n    width: 6%;\n  }\n}\n<\/style>\n\t<\/div>\n\t\n\n\t<div id=\"text-449179181\" class=\"text\">\n\t\t\n\n<h1>3. Sortez pour la premi\u00e8re utilisation<\/h1>\n\t\t\n<style>\n#text-449179181 {\n  line-height: 1.85;\n  color: rgb(0,0,0);\n}\n#text-449179181 > * {\n  color: rgb(0,0,0);\n}\n<\/style>\n\t<\/div>\n\t\n\t<div id=\"gap-1240414150\" class=\"gap-element clearfix\" style=\"display:block; height:auto;\">\n\t\t\n<style>\n#gap-1240414150 {\n  padding-top: 10px;\n}\n@media (min-width:550px) {\n  #gap-1240414150 {\n    padding-top: 30px;\n  }\n}\n<\/style>\n\t<\/div>\n\t\n\n\t<div id=\"text-209530820\" class=\"text\">\n\t\t\n\n<p>\u2022 Sortez et allumez l\u2019appareil<br>\n\u2022 Promenez-vous pendant plusieurs minutes<br>\n\u2022 L\u2019appareil se calibre automatiquement<\/p>\n\t\t\n<style>\n#text-209530820 {\n  line-height: 1.85;\n  color: rgb(0,0,0);\n}\n#text-209530820 > * {\n  color: rgb(0,0,0);\n}\n<\/style>\n\t<\/div>\n\t\n\n\t\t<\/div>\n\t\t\t\t\n<style>\n#col-85965608 > .col-inner {\n  margin: 0px 0px -30px 0px;\n}\n<\/style>\n\t<\/div>\n\n\t\n\n\n<style>\n#row-1939273188 > .col > .col-inner {\n  padding: 20px 0px 20px 0px;\n  border-radius: 30px;\n}\n<\/style>\n<\/div>\n\n\t\t<\/div>\n\n\t\t\n<style>\n#section_1421965386 {\n  padding-top: 10px;\n  padding-bottom: 10px;\n}\n#section_1421965386 .section-bg-overlay {\n  background-color: rgba(255, 255, 255, 0.85);\n}\n@media (min-width:550px) {\n  #section_1421965386 {\n    padding-top: 10px;\n    padding-bottom: 10px;\n  }\n}\n<\/style>\n\t<\/section>\n\t\n\n\t<section class=\"section\" id=\"section_232619637\">\n\t\t<div class=\"section-bg fill\" >\n\t\t\t\t\t\t\t\t\t<div class=\"section-bg-overlay absolute fill\"><\/div>\n\t\t\t\n\n\t\t<\/div>\n\n\t\t\n\n\t\t<div class=\"section-content relative\">\n\t\t\t\n\n<div class=\"row align-middle align-center\"  id=\"row-1634452708\">\n\n\n\t<div id=\"col-1715864977\" class=\"col medium-10 small-12 large-10\"  >\n\t\t\t\t<div class=\"col-inner text-center\" style=\"background-color:rgb(234, 234, 234);\" >\n\t\t\t\n\t<div class=\"is-border\"\n\t\tstyle=\"border-width:0px 0px 0px 0px;margin:0px 0px 0px 0px;\">\n\t<\/div>\n\t\t\t\n\n\t<div class=\"img has-hover x md-x lg-x y md-y lg-y\" id=\"image_25517124\">\n\t\t\t\t\t\t\t\t<div class=\"img-inner dark\" >\n\t\t\t<img loading=\"lazy\" decoding=\"async\" width=\"69\" height=\"94\" src=\"https:\/\/start.finder-portal.com\/wp-content\/uploads\/2018\/04\/pin.png\" class=\"attachment-large size-large\" alt=\"\" srcset=\"https:\/\/start.finder-portal.com\/wp-content\/uploads\/2018\/04\/pin.png 69w, https:\/\/start.finder-portal.com\/wp-content\/uploads\/2018\/04\/pin-50x68.png 50w\" sizes=\"auto, (max-width: 69px) 100vw, 69px\" \/>\t\t\t\t\t\t\n\t\t\t\t\t<\/div>\n\t\t\t\t\t\t\t\t\n<style>\n#image_25517124 {\n  width: 15%;\n}\n@media (min-width:550px) {\n  #image_25517124 {\n    width: 5%;\n  }\n}\n<\/style>\n\t<\/div>\n\t\n\n\t<div id=\"text-583867669\" class=\"text\">\n\t\t\n\n<h1>4. Localisez votre appareil<\/h1>\n\t\t\n<style>\n#text-583867669 {\n  color: rgb(0,0,0);\n}\n#text-583867669 > * {\n  color: rgb(0,0,0);\n}\n<\/style>\n\t<\/div>\n\t\n\t<div id=\"gap-1305477747\" class=\"gap-element clearfix\" style=\"display:block; height:auto;\">\n\t\t\n<style>\n#gap-1305477747 {\n  padding-top: 10px;\n}\n@media (min-width:550px) {\n  #gap-1305477747 {\n    padding-top: 30px;\n  }\n}\n<\/style>\n\t<\/div>\n\t\n\n\t<div id=\"text-1563087510\" class=\"text\">\n\t\t\n\n<p>\u2022 T\u00e9l\u00e9chargez l\u2019application FINDER Portal<br>\nou<br>\n\u2022 Acc\u00e9dez au portail FINDER via le navigateur de votre ordinateur de bureau\n<\/p>\n\n\t\t\n<style>\n#text-1563087510 {\n  color: rgb(0,0,0);\n}\n#text-1563087510 > * {\n  color: rgb(0,0,0);\n}\n<\/style>\n\t<\/div>\n\t\n<div class=\"row\"  id=\"row-1344260756\">\n\n\n\t<div id=\"col-1270215779\" class=\"col hide-for-small medium-3 small-6 large-3\"  >\n\t\t\t\t<div class=\"col-inner\"  >\n\t\t\t\n\t\t\t\n\n\n\t\t<\/div>\n\t\t\t\t\t<\/div>\n\n\t\n\n\t<div id=\"col-477194819\" class=\"col medium-3 small-6 large-3\"  >\n\t\t\t\t<div class=\"col-inner\"  >\n\t\t\t\n\t\t\t\n\n\t<div class=\"img has-hover x md-x lg-x y md-y lg-y\" id=\"image_841900244\">\n\t\t<a class=\"\" href=\"https:\/\/play.google.com\/store\/apps\/details?id=io.ionic.pajgpsv2&#038;hl=de\" target=\"_blank\" rel=\"noopener\" >\t\t\t\t\t\t<div class=\"img-inner dark\" >\n\t\t\t<img loading=\"lazy\" decoding=\"async\" width=\"600\" height=\"232\" src=\"https:\/\/start.finder-portal.com\/wp-content\/uploads\/2018\/04\/google-play-badge-1-1-600x232-1.png\" class=\"attachment-large size-large\" alt=\"\" srcset=\"https:\/\/start.finder-portal.com\/wp-content\/uploads\/2018\/04\/google-play-badge-1-1-600x232-1.png 600w, https:\/\/start.finder-portal.com\/wp-content\/uploads\/2018\/04\/google-play-badge-1-1-600x232-1-200x77.png 200w, https:\/\/start.finder-portal.com\/wp-content\/uploads\/2018\/04\/google-play-badge-1-1-600x232-1-50x19.png 50w, https:\/\/start.finder-portal.com\/wp-content\/uploads\/2018\/04\/google-play-badge-1-1-600x232-1-300x116.png 300w\" sizes=\"auto, (max-width: 600px) 100vw, 600px\" \/>\t\t\t\t\t\t\n\t\t\t\t\t<\/div>\n\t\t\t\t\t\t<\/a>\t\t\n<style>\n#image_841900244 {\n  width: 100%;\n}\n@media (min-width:550px) {\n  #image_841900244 {\n    width: 100%;\n  }\n}\n<\/style>\n\t<\/div>\n\t\n\n\n\t\t<\/div>\n\t\t\t\t\t<\/div>\n\n\t\n\n\t<div id=\"col-1563737252\" class=\"col medium-3 small-6 large-3\"  >\n\t\t\t\t<div class=\"col-inner\"  >\n\t\t\t\n\t\t\t\n\n\t<div class=\"img has-hover x md-x lg-x y md-y lg-y\" id=\"image_509020064\">\n\t\t<a class=\"\" href=\"https:\/\/apps.apple.com\/de\/app\/paj-portal-v2\/id1554462332\" target=\"_blank\" rel=\"noopener\" >\t\t\t\t\t\t<div class=\"img-inner dark\" >\n\t\t\t<img loading=\"lazy\" decoding=\"async\" width=\"600\" height=\"232\" src=\"https:\/\/start.finder-portal.com\/wp-content\/uploads\/2018\/04\/apple-app-badge-1-600x232-1.png\" class=\"attachment-large size-large\" alt=\"\" srcset=\"https:\/\/start.finder-portal.com\/wp-content\/uploads\/2018\/04\/apple-app-badge-1-600x232-1.png 600w, https:\/\/start.finder-portal.com\/wp-content\/uploads\/2018\/04\/apple-app-badge-1-600x232-1-200x77.png 200w, https:\/\/start.finder-portal.com\/wp-content\/uploads\/2018\/04\/apple-app-badge-1-600x232-1-50x19.png 50w, https:\/\/start.finder-portal.com\/wp-content\/uploads\/2018\/04\/apple-app-badge-1-600x232-1-300x116.png 300w\" sizes=\"auto, (max-width: 600px) 100vw, 600px\" \/>\t\t\t\t\t\t\n\t\t\t\t\t<\/div>\n\t\t\t\t\t\t<\/a>\t\t\n<style>\n#image_509020064 {\n  width: 100%;\n}\n<\/style>\n\t<\/div>\n\t\n\n\n\t\t<\/div>\n\t\t\t\t\t<\/div>\n\n\t\n\n\t<div id=\"col-705238130\" class=\"col hide-for-small medium-3 small-6 large-3\"  >\n\t\t\t\t<div class=\"col-inner\"  >\n\t\t\t\n\t\t\t\n\n\n\t\t<\/div>\n\t\t\t\t\t<\/div>\n\n\t\n\n\t<div id=\"col-1604375829\" class=\"col medium-4 small-12 large-4\"  >\n\t\t\t\t<div class=\"col-inner\"  >\n\t\t\t\n\t\t\t\n\n<a href=\"https:\/\/v2.finder-portal.com\/\" target=\"_blank\" class=\"button primary expand\" rel=\"noopener\" >\n\t\t<span>Navigateur du portail FINDER<\/span>\n\t<i class=\"icon-angle-right\" aria-hidden=\"true\"><\/i><\/a>\n\n\n\n\t\t<\/div>\n\t\t\t\t\t<\/div>\n\n\t\n\n<\/div>\n\n\t\t<\/div>\n\t\t\t\t\n<style>\n#col-1715864977 > .col-inner {\n  padding: 0px 0px 0px 0px;\n  margin: 0px 0px 0px 0px;\n}\n<\/style>\n\t<\/div>\n\n\t\n\n\n<style>\n#row-1634452708 > .col > .col-inner {\n  padding: 20px 0px 20px 0px;\n  border-radius: 30px;\n}\n<\/style>\n<\/div>\n\n\t\t<\/div>\n\n\t\t\n<style>\n#section_232619637 {\n  padding-top: 10px;\n  padding-bottom: 10px;\n}\n#section_232619637 .section-bg-overlay {\n  background-color: rgba(255, 255, 255, 0.85);\n}\n@media (min-width:550px) {\n  #section_232619637 {\n    padding-top: 10px;\n    padding-bottom: 10px;\n  }\n}\n<\/style>\n\t<\/section>\n\t\n\n\t<section class=\"section\" id=\"section_957440319\">\n\t\t<div class=\"section-bg fill\" >\n\t\t\t\t\t\t\t\t\t<div class=\"section-bg-overlay absolute fill\"><\/div>\n\t\t\t\n\n\t\t<\/div>\n\n\t\t\n\n\t\t<div class=\"section-content relative\">\n\t\t\t\n\n<div class=\"row row-large align-middle\"  id=\"row-2030228544\">\n\n\n\t<div id=\"col-1487426633\" class=\"col small-12 large-12\"  >\n\t\t\t\t<div class=\"col-inner text-center\"  >\n\t\t\t\n\t\t\t\n\n\t<div id=\"text-2459291963\" class=\"text\">\n\t\t\n\n<h1>Soutien<\/h1>\n\t\t\n<style>\n#text-2459291963 {\n  color: rgb(0,0,0);\n}\n#text-2459291963 > * {\n  color: rgb(0,0,0);\n}\n<\/style>\n\t<\/div>\n\t\n\t<div id=\"gap-643042941\" class=\"gap-element clearfix\" style=\"display:block; height:auto;\">\n\t\t\n<style>\n#gap-643042941 {\n  padding-top: 20px;\n}\n@media (min-width:550px) {\n  #gap-643042941 {\n    padding-top: 30px;\n  }\n}\n<\/style>\n\t<\/div>\n\t\n\n\t<div id=\"text-2029314370\" class=\"text\">\n\t\t\n\n<p>Notre \u00e9quipe interne du service \u00e0 la client\u00e8le se fera un plaisir de r\u00e9pondre \u00e0 toutes vos questions relatives \u00e0 votre produit.<\/p>\n\t\t\n<style>\n#text-2029314370 {\n  color: rgb(0,0,0);\n}\n#text-2029314370 > * {\n  color: rgb(0,0,0);\n}\n<\/style>\n\t<\/div>\n\t\n\n\t\t<\/div>\n\t\t\t\t\n<style>\n#col-1487426633 > .col-inner {\n  margin: 0px 0px -20px 0px;\n}\n<\/style>\n\t<\/div>\n\n\t\n\n<\/div>\n<div class=\"row\"  id=\"row-89460281\">\n\n\n\t<div id=\"col-1636450494\" class=\"col small-12 large-12\"  >\n\t\t\t\t<div class=\"col-inner text-center\"  >\n\t\t\t\n\t\t\t\n\n<a href=\"https:\/\/www.paj-gps.de\/hilfe\/\" target=\"_blank\" class=\"button primary\" rel=\"noopener\" >\n\t\t<span>Service d\u2019assistance<\/span>\n\t<i class=\"icon-angle-right\" aria-hidden=\"true\"><\/i><\/a>\n\n\n\n\t\t<\/div>\n\t\t\t\t\t<\/div>\n\n\t\n\n<\/div>\n\n\t\t<\/div>\n\n\t\t\n<style>\n#section_957440319 {\n  padding-top: 40px;\n  padding-bottom: 40px;\n  background-color: rgb(193, 193, 193);\n}\n#section_957440319 .section-bg-overlay {\n  background-color: rgba(255, 255, 255, 0.85);\n}\n@media (min-width:550px) {\n  #section_957440319 {\n    padding-top: 20px;\n    padding-bottom: 20px;\n  }\n}\n<\/style>\n\t<\/section>\n\t\n\n","protected":false},"excerpt":{"rendered":"","protected":false},"author":156840,"featured_media":0,"parent":0,"menu_order":0,"comment_status":"closed","ping_status":"closed","template":"","meta":{"footnotes":""},"class_list":["post-2656613","page","type-page","status-publish","hentry"],"_links":{"self":[{"href":"https:\/\/start.finder-portal.com\/fr\/wp-json\/wp\/v2\/pages\/2656613","targetHints":{"allow":["GET"]}}],"collection":[{"href":"https:\/\/start.finder-portal.com\/fr\/wp-json\/wp\/v2\/pages"}],"about":[{"href":"https:\/\/start.finder-portal.com\/fr\/wp-json\/wp\/v2\/types\/page"}],"author":[{"embeddable":true,"href":"https:\/\/start.finder-portal.com\/fr\/wp-json\/wp\/v2\/users\/156840"}],"replies":[{"embeddable":true,"href":"https:\/\/start.finder-portal.com\/fr\/wp-json\/wp\/v2\/comments?post=2656613"}],"version-history":[{"count":3,"href":"https:\/\/start.finder-portal.com\/fr\/wp-json\/wp\/v2\/pages\/2656613\/revisions"}],"predecessor-version":[{"id":2656616,"href":"https:\/\/start.finder-portal.com\/fr\/wp-json\/wp\/v2\/pages\/2656613\/revisions\/2656616"}],"wp:attachment":[{"href":"https:\/\/start.finder-portal.com\/fr\/wp-json\/wp\/v2\/media?parent=2656613"}],"curies":[{"name":"wp","href":"https:\/\/api.w.org\/{rel}","templated":true}]}}