{"id":3521372,"date":"2024-07-31T09:54:00","date_gmt":"2024-07-31T07:54:00","guid":{"rendered":"https:\/\/start.finder-portal.com\/methodes-de-paiement\/"},"modified":"2024-07-31T11:37:40","modified_gmt":"2024-07-31T09:37:40","slug":"methodes-de-paiement","status":"publish","type":"page","link":"https:\/\/start.finder-portal.com\/fr\/methodes-de-paiement\/","title":{"rendered":"M\u00e9thodes de paiement"},"content":{"rendered":"\n<div class=\"row\"  id=\"row-747433560\">\n\n\n\t<div id=\"col-944817632\" class=\"col small-12 large-12\"  >\n\t\t\t\t<div class=\"col-inner\"  >\n\t\t\t\n\t\t\t\n\n\t<div id=\"gap-1526910249\" class=\"gap-element clearfix\" style=\"display:block; height:auto;\">\n\t\t\n<style>\n#gap-1526910249 {\n  padding-top: 30px;\n}\n<\/style>\n\t<\/div>\n\t\n\n<h1 style=\"text-align: center;\"><span style=\"font-size: 120%;\">M\u00e9thodes de paiement<\/span><\/h1>\n\t<div id=\"gap-513464091\" class=\"gap-element clearfix\" style=\"display:block; height:auto;\">\n\t\t\n<style>\n#gap-513464091 {\n  padding-top: 30px;\n}\n<\/style>\n\t<\/div>\n\t\n\n\n\t\t<\/div>\n\t\t\t\t\t<\/div>\n\n\t\n\n<\/div>\n<div class=\"row\"  id=\"row-673759501\">\n\n\n\t<div id=\"col-1257091615\" class=\"col medium-3 small-12 large-3\"  >\n\t\t\t\t<div class=\"col-inner\"  >\n\t\t\t\n\t\t\t\n\n\t<div class=\"img has-hover x md-x lg-x y md-y lg-y\" id=\"image_495679510\">\n\t\t\t\t\t\t\t\t<div class=\"img-inner dark\" >\n\t\t\t<img loading=\"lazy\" decoding=\"async\" width=\"437\" height=\"115\" src=\"https:\/\/start.finder-portal.com\/wp-content\/uploads\/2024\/07\/paypal-logo.png\" class=\"attachment-original size-original\" alt=\"PayPal Logo\" srcset=\"https:\/\/start.finder-portal.com\/wp-content\/uploads\/2024\/07\/paypal-logo.png 437w, https:\/\/start.finder-portal.com\/wp-content\/uploads\/2024\/07\/paypal-logo-200x53.png 200w, https:\/\/start.finder-portal.com\/wp-content\/uploads\/2024\/07\/paypal-logo-50x13.png 50w, https:\/\/start.finder-portal.com\/wp-content\/uploads\/2024\/07\/paypal-logo-300x79.png 300w\" sizes=\"auto, (max-width: 437px) 100vw, 437px\" \/>\t\t\t\t\t\t\n\t\t\t\t\t<\/div>\n\t\t\t\t\t\t\t\t\n<style>\n#image_495679510 {\n  width: 100%;\n}\n<\/style>\n\t<\/div>\n\t\n\n\n\t\t<\/div>\n\t\t\t\t\t<\/div>\n\n\t\n\n\t<div id=\"col-1543391303\" class=\"col medium-9 small-12 large-9\"  >\n\t\t\t\t<div class=\"col-inner\"  >\n\t\t\t\n\t\t\t\n\n<h2>PayPal<\/h2>\n<p class=\"cleaner\">Vous pouvez \u00e9galement payer avec PayPal. Gr\u00e2ce \u00e0 la protection des acheteurs de PayPal, chaque paiement via PayPal est s\u00e9curis\u00e9 et vous serez toujours rembours\u00e9 en cas de probl\u00e8me.<\/p>\n<p class=\"cleaner\">Pour ce faire, s\u00e9lectionnez PayPal lors du choix du mode de paiement. Vous serez automatiquement redirig\u00e9 vers PayPal \u00e0 la fin du processus de commande. Si vous \u00eates d\u00e9j\u00e0 client de PayPal, vous pouvez vous connecter avec vos donn\u00e9es d&rsquo;utilisateur et confirmer le paiement.<\/p>\n<p class=\"cleaner\">Si vous ne connaissez pas PayPal, vous pouvez vous inscrire en tant qu&rsquo;invit\u00e9 ou ouvrir un compte PayPal, puis confirmer le paiement. Les donn\u00e9es relatives \u00e0 votre banque et \u00e0 votre carte de cr\u00e9dit ne seront pas communiqu\u00e9es \u00e0 des tiers. Pour les acheteurs, le paiement par PayPal est toujours gratuit.<\/p>\n\n\t\t<\/div>\n\t\t\t\t\t<\/div>\n\n\t\n\n<\/div>\n<div class=\"row\"  id=\"row-189600595\">\n\n\n\t<div id=\"col-1372618086\" class=\"col medium-3 small-12 large-3\"  >\n\t\t\t\t<div class=\"col-inner\"  >\n\t\t\t\n\t\t\t\n\n\t<div class=\"img has-hover x md-x lg-x y md-y lg-y\" id=\"image_245748546\">\n\t\t\t\t\t\t\t\t<div class=\"img-inner dark\" >\n\t\t\t<img loading=\"lazy\" decoding=\"async\" width=\"512\" height=\"98\" src=\"https:\/\/start.finder-portal.com\/wp-content\/uploads\/2024\/07\/amazon-pay-logo.png\" class=\"attachment-original size-original\" alt=\"Amazon Pay Logo\" srcset=\"https:\/\/start.finder-portal.com\/wp-content\/uploads\/2024\/07\/amazon-pay-logo.png 512w, https:\/\/start.finder-portal.com\/wp-content\/uploads\/2024\/07\/amazon-pay-logo-200x38.png 200w, https:\/\/start.finder-portal.com\/wp-content\/uploads\/2024\/07\/amazon-pay-logo-50x10.png 50w, https:\/\/start.finder-portal.com\/wp-content\/uploads\/2024\/07\/amazon-pay-logo-300x57.png 300w\" sizes=\"auto, (max-width: 512px) 100vw, 512px\" \/>\t\t\t\t\t\t\n\t\t\t\t\t<\/div>\n\t\t\t\t\t\t\t\t\n<style>\n#image_245748546 {\n  width: 100%;\n}\n@media (min-width:850px) {\n  #image_245748546 {\n    width: 70%;\n  }\n}\n<\/style>\n\t<\/div>\n\t\n\n\n\t\t<\/div>\n\t\t\t\t\t<\/div>\n\n\t\n\n\t<div id=\"col-349850559\" class=\"col medium-9 small-12 large-9\"  >\n\t\t\t\t<div class=\"col-inner\"  >\n\t\t\t\n\t\t\t\n\n<h2 class=\"cleaner\">Amazon Pay<\/h2>\n<p class=\"cleaner\">Vous pouvez \u00e9galement payer facilement avec Amazon Pay.<\/p>\n<p class=\"cleaner\">Pour ce faire, s\u00e9lectionnez Amazon Pay lors du choix de la m\u00e9thode de paiement. Vous serez automatiquement redirig\u00e9 vers Amazon \u00e0 la fin du processus de commande et il vous sera demand\u00e9 de vous connecter avec votre compte Amazon. Vous pouvez ensuite payer confortablement en utilisant les m\u00e9thodes de paiement d\u00e9j\u00e0 enregistr\u00e9es dans votre compte Amazon.<\/p>\n\n\t\t<\/div>\n\t\t\t\t\t<\/div>\n\n\t\n\n<\/div>\n<div class=\"row\"  id=\"row-534943939\">\n\n\n\t<div id=\"col-699496332\" class=\"col medium-3 small-12 large-3\"  >\n\t\t\t\t<div class=\"col-inner\"  >\n\t\t\t\n\t\t\t\n\n\t<div class=\"img has-hover x md-x lg-x y md-y lg-y\" id=\"image_1406272457\">\n\t\t\t\t\t\t\t\t<div class=\"img-inner dark\" >\n\t\t\t<img loading=\"lazy\" decoding=\"async\" width=\"593\" height=\"153\" src=\"https:\/\/start.finder-portal.com\/wp-content\/uploads\/2024\/07\/credit-card-logo-1.png\" class=\"attachment-original size-original\" alt=\"\" srcset=\"https:\/\/start.finder-portal.com\/wp-content\/uploads\/2024\/07\/credit-card-logo-1.png 593w, https:\/\/start.finder-portal.com\/wp-content\/uploads\/2024\/07\/credit-card-logo-1-200x52.png 200w, https:\/\/start.finder-portal.com\/wp-content\/uploads\/2024\/07\/credit-card-logo-1-50x13.png 50w, https:\/\/start.finder-portal.com\/wp-content\/uploads\/2024\/07\/credit-card-logo-1-300x77.png 300w\" sizes=\"auto, (max-width: 593px) 100vw, 593px\" \/>\t\t\t\t\t\t\n\t\t\t\t\t<\/div>\n\t\t\t\t\t\t\t\t\n<style>\n#image_1406272457 {\n  width: 100%;\n}\n@media (min-width:850px) {\n  #image_1406272457 {\n    width: 80%;\n  }\n}\n<\/style>\n\t<\/div>\n\t\n\n\n\t\t<\/div>\n\t\t\t\t\t<\/div>\n\n\t\n\n\t<div id=\"col-498043400\" class=\"col medium-9 small-12 large-9\"  >\n\t\t\t\t<div class=\"col-inner\"  >\n\t\t\t\n\t\t\t\n\n<h2 class=\"cleaner\">Carte de cr\u00e9dit<\/h2>\n<p class=\"cleaner\">Vous pouvez \u00e9galement payer avec votre carte de cr\u00e9dit.<\/p>\n<p class=\"cleaner\">Pour ce faire, s\u00e9lectionnez Carte de cr\u00e9dit lors du choix de la m\u00e9thode de paiement et entrez simplement les d\u00e9tails de votre carte.<\/p>\n\n\t\t<\/div>\n\t\t\t\t\t<\/div>\n\n\t\n\n<\/div>\n\n","protected":false},"excerpt":{"rendered":"","protected":false},"author":16015,"featured_media":0,"parent":0,"menu_order":0,"comment_status":"closed","ping_status":"closed","template":"","meta":{"footnotes":""},"class_list":["post-3521372","page","type-page","status-publish","hentry"],"_links":{"self":[{"href":"https:\/\/start.finder-portal.com\/fr\/wp-json\/wp\/v2\/pages\/3521372","targetHints":{"allow":["GET"]}}],"collection":[{"href":"https:\/\/start.finder-portal.com\/fr\/wp-json\/wp\/v2\/pages"}],"about":[{"href":"https:\/\/start.finder-portal.com\/fr\/wp-json\/wp\/v2\/types\/page"}],"author":[{"embeddable":true,"href":"https:\/\/start.finder-portal.com\/fr\/wp-json\/wp\/v2\/users\/16015"}],"replies":[{"embeddable":true,"href":"https:\/\/start.finder-portal.com\/fr\/wp-json\/wp\/v2\/comments?post=3521372"}],"version-history":[{"count":3,"href":"https:\/\/start.finder-portal.com\/fr\/wp-json\/wp\/v2\/pages\/3521372\/revisions"}],"predecessor-version":[{"id":3521595,"href":"https:\/\/start.finder-portal.com\/fr\/wp-json\/wp\/v2\/pages\/3521372\/revisions\/3521595"}],"wp:attachment":[{"href":"https:\/\/start.finder-portal.com\/fr\/wp-json\/wp\/v2\/media?parent=3521372"}],"curies":[{"name":"wp","href":"https:\/\/api.w.org\/{rel}","templated":true}]}}