{"id":5057533,"date":"2025-09-25T10:55:52","date_gmt":"2025-09-25T08:55:52","guid":{"rendered":"https:\/\/start.finder-portal.com\/?page_id=5057533"},"modified":"2025-10-06T16:21:52","modified_gmt":"2025-10-06T14:21:52","slug":"echangez-vos-appareils","status":"publish","type":"page","link":"https:\/\/start.finder-portal.com\/fr\/echangez-vos-appareils\/","title":{"rendered":"\u00c9changez vos appareils"},"content":{"rendered":"            <div class=\"tracker-exchange-container\">\n                <h2>Connexion requise<\/h2>\n                <p>Veuillez vous connecter pour acc\u00e9der \u00e0 la fonctionnalit\u00e9 d\u2019\u00e9change de trackers.<\/p>\n                \n                <div class=\"woocommerce-login-form\">\n                    <form class=\"woocommerce-form woocommerce-form-login login\" method=\"post\" >\n\n    \n    \n    <div class=\"form-row\">\n        <label for=\"username\">Identifiant ou e-mail&nbsp;<span class=\"required\" aria-hidden=\"true\">*<\/span><span class=\"screen-reader-text\">Obligatoire<\/span><\/label>\n        <input type=\"text\" class=\"input-text\" name=\"username\" id=\"username\" autocomplete=\"username\" required aria-required=\"true\" \/>\n    <\/div>\n    <div class=\"form-row\">\n        <label for=\"password\">Mot de passe&nbsp;<span class=\"required\" aria-hidden=\"true\">*<\/span><span class=\"screen-reader-text\">Obligatoire<\/span><\/label>\n        <input class=\"input-text woocommerce-Input\" type=\"password\" name=\"password\" id=\"password\" autocomplete=\"current-password\" required aria-required=\"true\" \/>\n    <\/div>\n\n\n    \n    <div class=\"form-row\">\n        <input type=\"hidden\" id=\"woocommerce-login-nonce\" name=\"woocommerce-login-nonce\" value=\"4486a54d8a\" \/><input type=\"hidden\" name=\"_wp_http_referer\" value=\"\/fr\/wp-json\/wp\/v2\/pages\/5057533\" \/>        <input type=\"hidden\" name=\"redirect\" value=\"https:\/\/start.finder-portal.com\/fr\/wp-json\/wp\/v2\/pages\/5057533\/\" \/>\n        <button type=\"submit\" class=\"woocommerce-button button woocommerce-form-login__submit\" name=\"login\" value=\"Se connecter\">Se connecter<\/button>\n    <\/div>\n\n\t<div class=\"form-row\">\n\t\t<label class=\"woocommerce-form__label woocommerce-form__label-for-checkbox woocommerce-form-login__rememberme\">\n\t\t\t<input class=\"woocommerce-form__input woocommerce-form__input-checkbox\" name=\"rememberme\" type=\"checkbox\" id=\"rememberme\" value=\"forever\" \/> <span>Se souvenir de moi<\/span>\n\t\t<\/label>\n\t<\/div>\n\n\t<div class=\"form-row lost-password\">\n\t\t<a href=\"#lost-password\" onclick=\"document.getElementById('lost-password').showModal();\">\n            Mot de passe perdu\u00a0?\t\t<\/a>\n\t<\/div>\n\n    \n<\/form>\n\n\n<dialog id=\"lost-password\">\n    <div class=\"modal-dialog modal-dialog--lost-password\">\n        <div class=\"modal-dialog__content\">\n            <h3>\n                <span class=\"colored\">Mot de passe<\/span> oubli\u00e9            <\/h3>\n            <div class=\"woocommerce-notices-wrapper\"><\/div>\n<form method=\"post\" class=\"woocommerce-ResetPassword lost_reset_password\">\n\n\t<p>Mot de passe perdu\u00a0? Veuillez saisir votre identifiant ou votre adresse e-mail. Vous recevrez un lien par e-mail pour cr\u00e9er un nouveau mot de passe.<\/p>\n\t<p class=\"woocommerce-form-row woocommerce-form-row--first form-row form-row-first\">\n\t\t<label for=\"user_login\">Identifiant ou e-mail&nbsp;<span class=\"required\" aria-hidden=\"true\">*<\/span><span class=\"screen-reader-text\">Obligatoire<\/span><\/label>\n\t\t<input class=\"woocommerce-Input woocommerce-Input--text input-text\" type=\"text\" name=\"user_login\" id=\"user_login\" autocomplete=\"username\" required aria-required=\"true\" \/>\n\t<\/p>\n\n\t<div class=\"clear\"><\/div>\n\n\t\n\t<p class=\"woocommerce-form-row form-row\">\n\t\t<input type=\"hidden\" name=\"wc_reset_password\" value=\"true\" \/>\n\t\t<button type=\"submit\" class=\"woocommerce-Button button\" value=\"R\u00e9initialisation du mot de passe\">R\u00e9initialisation du mot de passe<\/button>\n\t<\/p>\n\n\t<input type=\"hidden\" id=\"woocommerce-lost-password-nonce\" name=\"woocommerce-lost-password-nonce\" value=\"7db9e9bc06\" \/><input type=\"hidden\" name=\"_wp_http_referer\" value=\"\/fr\/wp-json\/wp\/v2\/pages\/5057533\" \/>\n<\/form>\n            <form method=\"dialog\" class=\"modal-dialog__close\">\n                <button class=\"close-dialog\" type=\"button\">\n                    <svg><use href=\"#pajgps-icon-cross\" \/><\/svg>\n                    <span class=\"screen-reader-text\">\n                        Fermer                    <\/span>\n                <\/button>\n            <\/form>\n        <\/div>\n    <\/div>\n<\/dialog>\n                <\/div>\n            <\/div>\n            \n","protected":false},"excerpt":{"rendered":"","protected":false},"author":2,"featured_media":0,"parent":0,"menu_order":0,"comment_status":"closed","ping_status":"closed","template":"","meta":{"footnotes":""},"class_list":["post-5057533","page","type-page","status-publish","hentry"],"_links":{"self":[{"href":"https:\/\/start.finder-portal.com\/fr\/wp-json\/wp\/v2\/pages\/5057533","targetHints":{"allow":["GET"]}}],"collection":[{"href":"https:\/\/start.finder-portal.com\/fr\/wp-json\/wp\/v2\/pages"}],"about":[{"href":"https:\/\/start.finder-portal.com\/fr\/wp-json\/wp\/v2\/types\/page"}],"author":[{"embeddable":true,"href":"https:\/\/start.finder-portal.com\/fr\/wp-json\/wp\/v2\/users\/2"}],"replies":[{"embeddable":true,"href":"https:\/\/start.finder-portal.com\/fr\/wp-json\/wp\/v2\/comments?post=5057533"}],"version-history":[{"count":3,"href":"https:\/\/start.finder-portal.com\/fr\/wp-json\/wp\/v2\/pages\/5057533\/revisions"}],"predecessor-version":[{"id":5096502,"href":"https:\/\/start.finder-portal.com\/fr\/wp-json\/wp\/v2\/pages\/5057533\/revisions\/5096502"}],"wp:attachment":[{"href":"https:\/\/start.finder-portal.com\/fr\/wp-json\/wp\/v2\/media?parent=5057533"}],"curies":[{"name":"wp","href":"https:\/\/api.w.org\/{rel}","templated":true}]}}