{"id":7395,"date":"2018-07-24T14:15:56","date_gmt":"2018-07-24T12:15:56","guid":{"rendered":"https:\/\/start.finder-portal.com\/conditions-de-garantie-garantie-de-remboursement-30-jours\/"},"modified":"2022-11-18T09:03:37","modified_gmt":"2022-11-18T08:03:37","slug":"conditions-de-garantie-garantie-de-remboursement-30-jours","status":"publish","type":"page","link":"https:\/\/start.finder-portal.com\/fr\/conditions-de-garantie-garantie-de-remboursement-30-jours\/","title":{"rendered":"Conditions de garantie: Garantie de remboursement de 30 jours"},"content":{"rendered":"\n<p>In addition to your right of revocation, we grant you a money-back-guarantee of 30 days for the advertised service to use the FINDER portal, in case you are unsatisfied.<\/p>\n<p>Die Garantie gilt europaweit. Die Frist f\u00fcr die Berechnung der Garantiedauer beginnt mit dem Rechnungsdatum.<\/p>\n<p>The guarantee applies throughout Europe. The period for the calculation of the guarantee period begins with the invoice date.<\/p>\n<p>\u00a0<\/p>\n<p>In case of warranty please contact us as guarantor:<\/p>\n<p>PAJ UG (haftungsbeschr\u00e4nkt)<br\/>\nAm Wieschen 1<br\/>\n51570 Windeck<br\/>\nTel.: <a href=\"tel:+49%20(0)%202292%203949959\">+49 (0) 2292 3949959<\/a><br\/>\nE-Mail: <a href=\"mailto:info@paj-gps.de\">info@paj-gps.de<\/a><\/p>\n<p>Eine Inanspruchnahme der Geld-Zur\u00fcck-Garantie k\u00f6nnen Sie formlos per Textform (E-Mail, Fax, Post) geltend machen.<\/p>\n<p>A claim of the money-back-guarantee can be asserted informally by text form (e-mail, fax, mail). Your access to the FINDER-Portal will be blocked thereupon. Refunds will be made within 1-3 weeks of the amount stated on the invoice.<\/p>\n<p>Garantieanspr\u00fcche sind nur f\u00fcr die erstmalige Aktivierung eines Ger\u00e4ts bei dem Finder-Portal zul\u00e4ssig und k\u00f6nnen pro Haushalt nur einmal wahrgenommen werden.<\/p>\n<p>Warranty claims are only valid for the first activation of a device at the FINDER-Portal and can only be performed once per household. The GPS trackers are excluded from the money back guarantee and will not be refunded.<\/p>\n<p>If there is a reasonable suspicion of unfair participation, PAJ expressly reserves the right ti reject the reimbursement.<\/p>\n<p>Data only are recorded to fulfill the contract (and pseudonymised for statistical purposes). Costumers should note that their data must be stored for accounting purposes. In addition, data will not be shared or used for any other purpose. The privacy policy of PAJ applies.<\/p>\n<p>Your statutory rights under the contract concluded with us are in no way limited by this guarantee. In particular, the right of withdrawal remains unaffected.<\/p>\n\t<div id=\"gap-1088035716\" class=\"gap-element clearfix\" style=\"display:block; height:auto;\">\n\t\t\n<style>\n#gap-1088035716 {\n  padding-top: 30px;\n}\n<\/style>\n\t<\/div>\n\t\n\n<div class=\"row align-center\"  id=\"row-1688134787\">\n\n\n\t<div id=\"col-137468118\" class=\"col small-12 large-12\"  >\n\t\t\t\t<div class=\"col-inner text-center\"  >\n\t\t\t\n\t\t\t\n\n<a href=\"https:\/\/start.finder-portal.com\/de\/produkt\/finder-portal-lizenz-sp-p\/\" class=\"button primary is-larger\" >\n\t\t<span>Activate your FINDER now<\/span>\n\t<\/a>\n\n\n\n\t\t<\/div>\n\t\t\t\t\t<\/div>\n\n\t\n\n<\/div>\n","protected":false},"excerpt":{"rendered":"<p>In addition to your right of revocation, we grant you a money-back-guarantee of 30 days for the advertised service to use the FINDER portal, in case you are unsatisfied. Die Garantie gilt europaweit. Die Frist f\u00fcr die Berechnung der Garantiedauer beginnt mit dem Rechnungsdatum. The guarantee applies throughout Europe. The period for the calculation of [&#8230;]\n","protected":false},"author":17,"featured_media":0,"parent":0,"menu_order":0,"comment_status":"closed","ping_status":"closed","template":"","meta":{"footnotes":""},"class_list":["post-7395","page","type-page","status-publish","hentry"],"_links":{"self":[{"href":"https:\/\/start.finder-portal.com\/fr\/wp-json\/wp\/v2\/pages\/7395","targetHints":{"allow":["GET"]}}],"collection":[{"href":"https:\/\/start.finder-portal.com\/fr\/wp-json\/wp\/v2\/pages"}],"about":[{"href":"https:\/\/start.finder-portal.com\/fr\/wp-json\/wp\/v2\/types\/page"}],"author":[{"embeddable":true,"href":"https:\/\/start.finder-portal.com\/fr\/wp-json\/wp\/v2\/users\/17"}],"replies":[{"embeddable":true,"href":"https:\/\/start.finder-portal.com\/fr\/wp-json\/wp\/v2\/comments?post=7395"}],"version-history":[{"count":4,"href":"https:\/\/start.finder-portal.com\/fr\/wp-json\/wp\/v2\/pages\/7395\/revisions"}],"predecessor-version":[{"id":1701197,"href":"https:\/\/start.finder-portal.com\/fr\/wp-json\/wp\/v2\/pages\/7395\/revisions\/1701197"}],"wp:attachment":[{"href":"https:\/\/start.finder-portal.com\/fr\/wp-json\/wp\/v2\/media?parent=7395"}],"curies":[{"name":"wp","href":"https:\/\/api.w.org\/{rel}","templated":true}]}}