{"id":7405,"date":"2018-07-24T14:46:39","date_gmt":"2018-07-24T12:46:39","guid":{"rendered":"https:\/\/start.finder-portal.com\/quelles-versions-du-portail-finder-puis-je-choisir\/"},"modified":"2019-09-24T08:46:09","modified_gmt":"2019-09-24T06:46:09","slug":"quelles-versions-du-portail-finder-puis-je-choisir","status":"publish","type":"page","link":"https:\/\/start.finder-portal.com\/fr\/quelles-versions-du-portail-finder-puis-je-choisir\/","title":{"rendered":"Quelles options FINDER Portal puis-je choisir ?"},"content":{"rendered":"\n<div class=\"row\"  id=\"row-46651352\">\n\n\n\t<div id=\"col-962637173\" class=\"col medium-4 small-12 large-4\"  >\n\t\t\t\t<div class=\"col-inner\"  >\n\t\t\t\n\t\t\t\n\n<div class=\"pricing-table-wrapper\">\n  <div class=\"pricing-table ux_price_table text-center box-shadow-3-hover\">\n    <div class=\"pricing-table-header\">\n      <div class=\"title uppercase strong\">Portail FINDER pour 1 mois<\/div>\n      <div class=\"price is-xxlarge\"><\/div>\n          <\/div>\n    <div class=\"pricing-table-items items\">\n      \n\n<div class=\"bullet-item\" title=\"\"><span class=\"text\">Le d\u00e9bit est effectu\u00e9 mensuellement \u00e0 l'avance<\/span><\/div>\n\n<div class=\"bullet-item\" title=\"\"><span class=\"text\">Annulation mensuelle<\/span><\/div>\n\n<div class=\"bullet-item\" title=\"\"><span class=\"text\">Renouvelle automatiquement d'un mois \u00e0 la fois jusqu'\u00e0 ce que vous annulez<\/span><\/div>\n\n<div class=\"bullet-item\" title=\"\"><span class=\"text\">Garantie de remboursement de 30 jours<\/span><\/div>\n\n    <\/div>\n      <\/div>\n<\/div>\n\n\n\n\t\t<\/div>\n\t\t\t\t\t<\/div>\n\n\t\n\n\n\t<div id=\"col-560110354\" class=\"col medium-4 small-12 large-4\"  >\n\t\t\t\t<div class=\"col-inner\"  >\n\t\t\t\n\t\t\t\n\n<div class=\"pricing-table-wrapper\">\n  <div class=\"pricing-table ux_price_table text-center box-shadow-3-hover\">\n    <div class=\"pricing-table-header\">\n      <div class=\"title uppercase strong\">Portail FINDER pour 3 mois<\/div>\n      <div class=\"price is-xxlarge\"><\/div>\n          <\/div>\n    <div class=\"pricing-table-items items\">\n      \n\n<div class=\"bullet-item\" title=\"\"><span class=\"text\">Le d\u00e9bit est effectu\u00e9 tous les 3 mois<\/span><\/div>\n\n<div class=\"bullet-item\" title=\"\"><span class=\"text\">3 mensuels annulables<\/span><\/div>\n\n<div class=\"bullet-item\" title=\"\"><span class=\"text\">Renouvelle automatiquement par 3 mois \u00e0 la fois jusqu'\u00e0 ce que vous annulez<\/span><\/div>\n\n<div class=\"bullet-item\" title=\"\"><span class=\"text\">Garantie de remboursement de 30 jours<\/span><\/div>\n\n<div class=\"bullet-item\" title=\"\"><span class=\"text\">Obtenez un mois suppl\u00e9mentaire pour chaque cinqui\u00e8me renouvellement.<\/span><\/div>\n\n    <\/div>\n      <\/div>\n<\/div>\n\n\n\n\t\t<\/div>\n\t\t\t\t\t<\/div>\n\n\t\n\n\n\t<div id=\"col-1699128591\" class=\"col medium-4 small-12 large-4\"  >\n\t\t\t\t<div class=\"col-inner\"  >\n\t\t\t\n\t\t\t\n\n<div class=\"pricing-table-wrapper\">\n  <div class=\"pricing-table ux_price_table text-center box-shadow-3-hover\">\n    <div class=\"pricing-table-header\">\n      <div class=\"title uppercase strong\">Portail FINDER pour 1 an<\/div>\n      <div class=\"price is-xxlarge\"><\/div>\n          <\/div>\n    <div class=\"pricing-table-items items\">\n      \n\n<div class=\"bullet-item\" title=\"\"><span class=\"text\">Le d\u00e9bit est effectu\u00e9 chaque ann\u00e9e \u00e0 l'avance<\/span><\/div>\n\n<div class=\"bullet-item\" title=\"\"><span class=\"text\">Annuellement annulable<\/span><\/div>\n\n<div class=\"bullet-item\" title=\"\"><span class=\"text\">Renouvelle automatiquement d'un an \u00e0 la fois jusqu'\u00e0 ce que vous annulez<\/span><\/div>\n\n<div class=\"bullet-item\" title=\"\"><span class=\"text\">Garantie de remboursement de 30 jours<\/span><\/div>\n\n<div class=\"bullet-item\" title=\"\"><span class=\"text\">2 mois gratuits par rapport \u00e0 la variante mensuelle<\/span><\/div>\n\n    <\/div>\n      <\/div>\n<\/div>\n\n\n\n\t\t<\/div>\n\t\t\t\t\t<\/div>\n\n\t\n\n<\/div>\n\n\n\n\n\t<section class=\"section\" id=\"section_1415101632\">\n\t\t<div class=\"section-bg fill\" >\n\t\t\t\t\t\t\t\t\t\n\t\t\t\n\n\t\t<\/div>\n\n\t\t\n\n\t\t<div class=\"section-content relative\">\n\t\t\t\n<a href=\"https:\/\/start.finder-portal.com\/product\/portal-finder-lizenz-en\/\" class=\"button secondary is-large box-shadow-3 box-shadow-5-hover reveal-icon expand\" style=\"border-radius:5px;\">\n\t\t<span>Activer FINDER maintenant<\/span>\n\t<i class=\"icon-checkmark\" aria-hidden=\"true\"><\/i><\/a>\n\n\t\t<\/div>\n\n\t\t\n<style>\n#section_1415101632 {\n  padding-top: 30px;\n  padding-bottom: 30px;\n}\n<\/style>\n\t<\/section>\n\t\n","protected":false},"excerpt":{"rendered":"","protected":false},"author":17,"featured_media":0,"parent":0,"menu_order":0,"comment_status":"closed","ping_status":"closed","template":"","meta":{"footnotes":""},"class_list":["post-7405","page","type-page","status-publish","hentry"],"_links":{"self":[{"href":"https:\/\/start.finder-portal.com\/fr\/wp-json\/wp\/v2\/pages\/7405","targetHints":{"allow":["GET"]}}],"collection":[{"href":"https:\/\/start.finder-portal.com\/fr\/wp-json\/wp\/v2\/pages"}],"about":[{"href":"https:\/\/start.finder-portal.com\/fr\/wp-json\/wp\/v2\/types\/page"}],"author":[{"embeddable":true,"href":"https:\/\/start.finder-portal.com\/fr\/wp-json\/wp\/v2\/users\/17"}],"replies":[{"embeddable":true,"href":"https:\/\/start.finder-portal.com\/fr\/wp-json\/wp\/v2\/comments?post=7405"}],"version-history":[{"count":0,"href":"https:\/\/start.finder-portal.com\/fr\/wp-json\/wp\/v2\/pages\/7405\/revisions"}],"wp:attachment":[{"href":"https:\/\/start.finder-portal.com\/fr\/wp-json\/wp\/v2\/media?parent=7405"}],"curies":[{"name":"wp","href":"https:\/\/api.w.org\/{rel}","templated":true}]}}