{"id":4978552,"date":"2025-08-01T08:49:02","date_gmt":"2025-08-01T06:49:02","guid":{"rendered":"https:\/\/start.finder-portal.com\/product\/add-on-pack-de-services\/"},"modified":"2026-04-16T10:49:00","modified_gmt":"2026-04-16T08:49:00","slug":"service-package","status":"publish","type":"product","link":"https:\/\/start.finder-portal.com\/fr\/produit\/service-package\/","title":{"rendered":"Add-On&nbsp;: Pack de services"},"content":{"rendered":"<div class=\"modal-dialog modal-dialog--service-package-subscription\">\n    <div class=\"modal-dialog__content\">\n        <h2>\n            <span>Abonnement au forfait de services :<\/span>\n        <\/h2>\n        <p class=\"dialog-subheadline\">\n  Protection compl\u00e8te pour votre traceur GPS\n        <\/p>\n\n        <p class=\"dialog-included\">\n            <svg aria-hidden=\"true\">\n                <use href=\"#pajgps-icon-check-mark\"\/>\n            <\/svg>\n            <span>Qu\u2019est-ce qui est inclus ?<\/span>\n        <\/p>\n\n        <ul class=\"service-add-ons-features\">\n            <li class=\"add-on-feature\">\n                <svg aria-hidden=\"true\">\n                    <use href=\"#pajgps-icon-gear-with-wrench\"\/>\n                <\/svg>\n                <h3>\n  R\u00e9parations gratuites\n                <\/h3>\n                <div class=\"add-on-feature-details\">\n                    <p>\n  Pour les dommages mat\u00e9riels caus\u00e9s par :\n                    <\/p>\n                    <ul>\n                        <li>\n                            <svg aria-label=\"Included\">\n                                <use href=\"#pajgps-icon-check-mark\"\/>\n                            <\/svg>\n  D\u00e9fauts mat\u00e9riels\n                        <\/li>\n                        <li>\n                            <svg aria-label=\"Included\">\n                                <use href=\"#pajgps-icon-check-mark\"\/>\n                            <\/svg>\n  Erreurs de fabrication\n                        <\/li>\n                        <li>\n                            <svg aria-label=\"Included\">\n                                <use href=\"#pajgps-icon-check-mark\"\/>\n                            <\/svg>\n  Usure (pour les batteries d\u2019origine)\n                        <\/li>\n                        <li>\n                            <svg aria-label=\"Included\">\n                                <use href=\"#pajgps-icon-check-mark\"\/>\n                            <\/svg>\n  Accidents (choc et chute)\n                        <\/li>\n                        <li>\n                            <svg aria-label=\"Included\">\n                                <use href=\"#pajgps-icon-check-mark\"\/>\n                            <\/svg>\n  Dommages caus\u00e9s par l\u2019eau, l\u2019humidit\u00e9 et le sable\n                        <\/li>\n                    <\/ul>\n                <\/div>\n            <\/li>\n\n            <li class=\"add-on-feature\">\n                <svg aria-hidden=\"true\">\n                    <use href=\"#pajgps-icon-packages-with-arrows\"\/>\n                <\/svg>\n                <h3>\n  Remplacement de l\u2019appareil\n                <\/h3>\n                <div class=\"add-on-feature-details\">\n                    <p>En cas de perte totale :<\/p>\n                    <ul>\n                        <li>\n                            <svg aria-label=\"Included\">\n                                <use href=\"#pajgps-icon-check-mark\"\/>\n                            <\/svg>\n  Un remplacement gratuit par an par une unit\u00e9 remise \u00e0 neuf du m\u00eame type et de la m\u00eame qualit\u00e9\n                        <\/li>\n                    <\/ul>\n                <\/div>\n            <\/li>\n\n            <li class=\"add-on-feature\">\n                <svg aria-hidden=\"true\">\n                    <use href=\"#pajgps-icon-money-refund\"\/>\n                <\/svg>\n                <h3>\n  Aucune franchise\n                <\/h3>\n                <div class=\"add-on-feature-details\">\n                    <ul>\n                        <li>\n                            <svg aria-label=\"Included\">\n                                <use href=\"#pajgps-icon-check-mark\"\/>\n                            <\/svg>\n  Pas d\u2019auto-participation du client\n                        <\/li>\n                        <li>\n                            <svg aria-label=\"Included\">\n                                <use href=\"#pajgps-icon-check-mark\"\/>\n                            <\/svg>\n  Couverture imm\u00e9diate\n                        <\/li>\n                    <\/ul>\n                <\/div>\n            <\/li>\n        <\/ul>\n    <\/div>\n\n\n    <div class=\"modal-dialog__content modal-dialog--bottom\">\n        <div class=\"billing-information\">\n            <h3 class=\"billing-headline\">\n                <svg aria-hidden=\"true\">\n                    <use href=\"#pajgps-icon-bill\"\/>\n                <\/svg>\n  Informations de facturation\n            <\/h3>\n\n            <ul class=\"billing-options\">\n                <li>1 mois : <strong>3,50 \u20ac par mois<\/strong> <span>(3,50 \u20ac factur\u00e9s mensuellement)<\/span><\/li>\n                <li>6 Mois : <strong>3,00 \u20ac par mois<\/strong> <span>(18,00 \u20ac factur\u00e9s tous les 6 mois)<\/span><\/li>\n                <li>1 an : <strong>2,50 \u20ac par mois<\/strong> <span>(30,00 \u20ac factur\u00e9s annuellement)<\/span><\/li>\n                <li>2 ans : <strong>2,00 \u20ac par mois<\/strong> <span>(48,00 \u20ac factur\u00e9s tous les 2 ans)<\/span><\/li>\n            <\/ul>\n\n            <p>\n  Le co\u00fbt de l\u2019abonnement au forfait de services est collect\u00e9 en m\u00eame temps que les frais de licence de Finder Portal\n . La dur\u00e9e de l\u2019abonnement s\u2019aligne sur celle de votre licence Finder Portal.<x id=\"gid_1\"><\/x> Il n\u2019est pas possible d\u2019avoir des conditions diff\u00e9rentes. Si votre licence Finder Portal est annul\u00e9e, le pack de\n services prendra \u00e9galement fin simultan\u00e9ment.  \n            <\/p>\n\n            <p style=\"font-weight: bold;\">\n  Besoin d\u2019aide suppl\u00e9mentaire ? Pour plus d\u2019aide ou pour r\u00e9pondre \u00e0 toute question, veuillez contacter notre\n \u00e9quipe d\u2019assistance ou consulter notre section FAQ. \n            <\/p>\n        <\/div>\n    <\/div>\n<\/div>\n\n","protected":false},"excerpt":{"rendered":"<ul>\n<li class=\"tick\">R\u00e9parations gratuites<\/li>\n<li class=\"tick\">Remplacement des appareils perdus<\/li>\n<li class=\"tick\">Couverture d\u2019assurance compl\u00e8te<\/li>\n<li class=\"tick\">Pas d\u2019auto-participation du client<\/li>\n<\/ul>\n","protected":false},"featured_media":4876648,"template":"","meta":[],"product_brand":[],"product_cat":[],"product_tag":[],"class_list":{"0":"post-4978552","1":"product","2":"type-product","3":"status-publish","4":"has-post-thumbnail","7":"first","8":"instock","9":"taxable","10":"shipping-taxable","11":"purchasable","12":"product-type-variable-subscription"},"bundled_by":["5024451"],"bundle_stock_status":"instock","bundle_stock_quantity":null,"bundle_virtual":false,"bundle_layout":"","bundle_add_to_cart_form_location":"","bundle_editable_in_cart":false,"bundle_sold_individually_context":"","bundle_item_grouping":"","bundle_min_size":"","bundle_max_size":"","bundle_price":[],"bundled_items":[],"bundle_sell_ids":[],"exclude_global_add_ons":[],"addons":[],"_links":{"self":[{"href":"https:\/\/start.finder-portal.com\/fr\/wp-json\/wp\/v2\/product\/4978552","targetHints":{"allow":["GET"]}}],"collection":[{"href":"https:\/\/start.finder-portal.com\/fr\/wp-json\/wp\/v2\/product"}],"about":[{"href":"https:\/\/start.finder-portal.com\/fr\/wp-json\/wp\/v2\/types\/product"}],"wp:featuredmedia":[{"embeddable":true,"href":"https:\/\/start.finder-portal.com\/fr\/wp-json\/wp\/v2\/media\/4876648"}],"wp:attachment":[{"href":"https:\/\/start.finder-portal.com\/fr\/wp-json\/wp\/v2\/media?parent=4978552"}],"wp:term":[{"taxonomy":"product_brand","embeddable":true,"href":"https:\/\/start.finder-portal.com\/fr\/wp-json\/wp\/v2\/product_brand?post=4978552"},{"taxonomy":"product_cat","embeddable":true,"href":"https:\/\/start.finder-portal.com\/fr\/wp-json\/wp\/v2\/product_cat?post=4978552"},{"taxonomy":"product_tag","embeddable":true,"href":"https:\/\/start.finder-portal.com\/fr\/wp-json\/wp\/v2\/product_tag?post=4978552"}],"curies":[{"name":"wp","href":"https:\/\/api.w.org\/{rel}","templated":true}]}}