{"id":5581460,"date":"2024-09-23T15:28:58","date_gmt":"2024-09-23T13:28:58","guid":{"rendered":"https:\/\/start.finder-portal.com\/product\/pack-premium-portal\/"},"modified":"2026-03-06T16:07:42","modified_gmt":"2026-03-06T15:07:42","slug":"pack-premium-portal","status":"publish","type":"product","link":"https:\/\/start.finder-portal.com\/fr\/produit\/pack-premium-portal\/","title":{"rendered":"Pack Premium Portal"},"content":{"rendered":"<h2 style=\"text-align: center;\">Abonnement premium au portail FINDER<\/h2>\n<p style=\"text-align: center;\">Pour utiliser votre traceur GPS PAJ, vous devez s\u00e9lectionner un mod\u00e8le d\u2019abonnement pour l\u2019activation. Une licence portail FINDER doit \u00eatre achet\u00e9e pour chaque appareil. Plusieurs FINDER peuvent \u00eatre g\u00e9r\u00e9s via un seul compte.  <\/p>\n\t<div id=\"gap-2054734462\" class=\"gap-element clearfix\" style=\"display:block; height:auto;\">\n\t\t\n<style>\n#gap-2054734462 {\n  padding-top: 30px;\n}\n<\/style>\n\t<\/div>\n\t\n<div class=\"row align-equal align-right row-box-shadow-2 row-box-shadow-5-hover\"  id=\"row-613140501\">\r\n\r\n\n\t<div id=\"col-1780812819\" class=\"col medium-4 small-12 large-4\"  >\n\t\t\t\t<div class=\"col-inner text-left\"  >\n\t\t\t\n\t\t\t\r\n\r\n<div class=\"pricing-table-wrapper\">\n  <div class=\"pricing-table ux_price_table text-center\">\n    <div class=\"pricing-table-header\">\n      <div class=\"title uppercase strong\">POUR 6 MOIS<\/div>\n      <div class=\"price is-xxlarge\"><\/div>\n          <\/div>\n    <div class=\"pricing-table-items items\">\n      \r\n\r\n<ul>\n<li class=\"bullet-checkmark\" style=\"text-align: left;\">La facturation se fait 6 mois \u00e0 l'avance<\/li>\n<li class=\"bullet-checkmark\" style=\"text-align: left;\">R\u00e9siliation de 6 mois<\/li>\n<li class=\"bullet-checkmark\" style=\"text-align: left;\">Renouvellement automatique pour 6 mois \u00e0 la fois jusqu'\u00e0 ce que vous annuliez le contrat<\/li>\n<li class=\"bullet-checkmark\" style=\"text-align: left;\">Garantie de remboursement de 30 jours<\/li>\n<\/ul>\r\n\r\n    <\/div>\n      <\/div>\n<\/div>\n\n\r\n\r\n\t\t<\/div>\n\t\t\t\t\t<\/div>\n\n\t\r\n\n\t<div id=\"col-775968881\" class=\"col medium-4 small-12 large-4\"  >\n\t\t\t\t<div class=\"col-inner\"  >\n\t\t\t\n\t\t\t\r\n\r\n<div class=\"pricing-table-wrapper\">\n  <div class=\"pricing-table ux_price_table text-center\">\n    <div class=\"pricing-table-header\">\n      <div class=\"title uppercase strong\">PENDANT 1 AN<\/div>\n      <div class=\"price is-xxlarge\"><\/div>\n          <\/div>\n    <div class=\"pricing-table-items items\">\n      \r\n\r\n<ul>\n<li class=\"bullet-checkmark\" style=\"text-align: left;\">D\u00e9bit\u00e9 une fois par an \u00e0 l'avance<\/li>\n<li class=\"bullet-checkmark\" style=\"text-align: left;\">Peut \u00eatre annul\u00e9 annuellement<\/li>\n<li class=\"bullet-checkmark\" style=\"text-align: left;\">Renouvellement automatique d'ann\u00e9e en ann\u00e9e jusqu'\u00e0 annulation<\/li>\n<li class=\"bullet-checkmark\" style=\"text-align: left;\">Garantie de remboursement de 30 jours<\/li>\n<li class=\"bullet-checkmark\" style=\"text-align: left;\"><strong>Vous \u00e9conomisez 24\u20ac par rapport \u00e0 la licence de 6 mois <\/strong><\/li>\n<\/ul>\r\n\r\n    <\/div>\n      <\/div>\n<\/div>\n\n\r\n\r\n\t\t<\/div>\n\t\t\t\t\t<\/div>\n\n\t\r\n\n\t<div id=\"col-1207658369\" class=\"col medium-4 small-12 large-4\"  >\n\t\t\t\t<div class=\"col-inner\"  >\n\t\t\t\n\t\t\t\r\n\r\n<div class=\"pricing-table-wrapper\">\n  <div class=\"pricing-table ux_price_table text-center\">\n    <div class=\"pricing-table-header\">\n      <div class=\"title uppercase strong\">PENDANT 2 ANS<\/div>\n      <div class=\"price is-xxlarge\"><\/div>\n          <\/div>\n    <div class=\"pricing-table-items items\">\n      \r\n\r\n<ul>\n<li class=\"bullet-checkmark\" style=\"text-align: left;\">D\u00e9bit\u00e9 tous les 2 ans \u00e0 l'avance<\/li>\n<li class=\"bullet-checkmark\" style=\"text-align: left;\">Annulable tous les 2 ans<\/li>\n<li class=\"bullet-checkmark\" style=\"text-align: left;\">Renouvellement automatique pour 2 ans \u00e0 la fois jusqu'\u00e0 ce qu'il soit annul\u00e9<\/li>\n<li class=\"bullet-checkmark\" style=\"text-align: left;\">Garantie de remboursement de 30 jours<\/li>\n<li class=\"bullet-checkmark\" style=\"text-align: left;\"><strong>Vous \u00e9conomisez 96\u20ac par rapport \u00e0 la licence de 6 mois<\/strong><\/li>\n<\/ul>\r\n\r\n    <\/div>\n      <\/div>\n<\/div>\n\n\r\n\r\n\t\t<\/div>\n\t\t\t\t\t<\/div>\n\n\t\r\n\r\n<\/div>\r\n<div class=\"row align-middle align-center\"  id=\"row-1871555783\">\r\n\r\n\n\t<div id=\"col-543344162\" class=\"col medium-4 small-12 large-4\"  >\n\t\t\t\t<div class=\"col-inner\"  >\n\t\t\t\n\t\t\t\r\n\r\n<p style=\"text-align: center;\"><p class=\"product woocommerce add_to_cart_inline \" style=\"border:4px solid #ccc; padding: 12px;\"><span class=\"woocommerce-Price-amount amount\"><bdi><span class=\"woocommerce-Price-currencySymbol\">&#36;<\/span>66,00<\/bdi><\/span><span class=\"price-suffix\"><\/span> <span class=\"subscription-details\"> chaque 6 mois <\/span><a href=\"https:\/\/start.finder-portal.com\/product\/portal-premium-license\/?attribute_pa_subscription-duration=6-months&#038;variation_id=3546047&#038;add-to-cart=3546042\" aria-describedby=\"woocommerce_loop_add_to_cart_link_describedby_3546047\" data-quantity=\"1\" class=\"button product_type_subscription_variation add_to_cart_button ajax_add_to_cart\" data-product_id=\"3546047\" data-product_sku=\"84001\" aria-label=\"Ajouter au panier\u00a0: &ldquo;Portal Premium License - Licence pour 6 mois&rdquo;\" rel=\"nofollow\" data-success_message=\"\u00ab\u00a0Portal Premium License - Licence pour 6 mois\u00a0\u00bb a \u00e9t\u00e9 ajout\u00e9 \u00e0 votre panier\">D\u00e9verrouiller maintenant<\/a>\t<span id=\"woocommerce_loop_add_to_cart_link_describedby_3546047\" class=\"screen-reader-text\">\n\t\t\t<\/span>\n<\/p><\/p>\r\n\r\n\t\t<\/div>\n\t\t\t\t\t<\/div>\n\n\t\r\n\n\t<div id=\"col-198168707\" class=\"col medium-4 small-12 large-4\"  >\n\t\t\t\t<div class=\"col-inner\"  >\n\t\t\t\n\t\t\t\r\n\r\n<p style=\"text-align: center;\"><p class=\"product woocommerce add_to_cart_inline \" style=\"border:4px solid #ccc; padding: 12px;\"><span class=\"woocommerce-Price-amount amount\"><bdi><span class=\"woocommerce-Price-currencySymbol\">&#36;<\/span>102,00<\/bdi><\/span><span class=\"price-suffix\"><\/span> <span class=\"subscription-details\"> \/ ann\u00e9e<\/span><a href=\"https:\/\/start.finder-portal.com\/product\/portal-premium-license\/?attribute_pa_subscription-duration=1-year&#038;variation_id=3546048&#038;add-to-cart=3546042\" aria-describedby=\"woocommerce_loop_add_to_cart_link_describedby_3546048\" data-quantity=\"1\" class=\"button product_type_subscription_variation add_to_cart_button ajax_add_to_cart\" data-product_id=\"3546048\" data-product_sku=\"84002\" aria-label=\"Ajouter au panier\u00a0: &ldquo;Portal Premium License - License for 1 Year&rdquo;\" rel=\"nofollow\" data-success_message=\"\u00ab\u00a0Portal Premium License - License for 1 Year\u00a0\u00bb a \u00e9t\u00e9 ajout\u00e9 \u00e0 votre panier\">D\u00e9verrouiller maintenant<\/a>\t<span id=\"woocommerce_loop_add_to_cart_link_describedby_3546048\" class=\"screen-reader-text\">\n\t\t\t<\/span>\n<\/p><\/p>\r\n\r\n\t\t<\/div>\n\t\t\t\t\t<\/div>\n\n\t\r\n\n\t<div id=\"col-2106451933\" class=\"col medium-4 small-12 large-4\"  >\n\t\t\t\t<div class=\"col-inner\"  >\n\t\t\t\n\t\t\t\r\n\r\n<p style=\"text-align: center;\"><p class=\"product woocommerce add_to_cart_inline \" style=\"border:4px solid #ccc; padding: 12px;\"><span class=\"woocommerce-Price-amount amount\"><bdi><span class=\"woocommerce-Price-currencySymbol\">&#36;<\/span>156,00<\/bdi><\/span><span class=\"price-suffix\"><\/span> <span class=\"subscription-details\"> chaque 2 ann\u00e9es <\/span><a href=\"https:\/\/start.finder-portal.com\/product\/portal-premium-license\/?attribute_pa_subscription-duration=2-years&#038;variation_id=3546049&#038;add-to-cart=3546042\" aria-describedby=\"woocommerce_loop_add_to_cart_link_describedby_3546049\" data-quantity=\"1\" class=\"button product_type_subscription_variation add_to_cart_button ajax_add_to_cart\" data-product_id=\"3546049\" data-product_sku=\"84003\" aria-label=\"Ajouter au panier\u00a0: &ldquo;Portal Premium License - License for 2 years&rdquo;\" rel=\"nofollow\" data-success_message=\"\u00ab\u00a0Portal Premium License - License for 2 years\u00a0\u00bb a \u00e9t\u00e9 ajout\u00e9 \u00e0 votre panier\">D\u00e9verrouiller maintenant<\/a>\t<span id=\"woocommerce_loop_add_to_cart_link_describedby_3546049\" class=\"screen-reader-text\">\n\t\t\t<\/span>\n<\/p><\/p>\r\n\r\n\t\t<\/div>\n\t\t\t\t\t<\/div>\n\n\t\r\n\r\n<\/div>\r\n<p style=\"text-align: center;\">Des informations sur la garantie de remboursement de 30 jours <a href=\"\/?page_id=7395\">sont disponibles ici<\/a>.<\/p>\n\t<div id=\"gap-19727412\" class=\"gap-element clearfix\" style=\"display:block; height:auto;\">\n\t\t\n<style>\n#gap-19727412 {\n  padding-top: 40px;\n}\n<\/style>\n\t<\/div>\n\t\n","protected":false},"excerpt":{"rendered":"<p style=\"text-align: left;\">Pour utiliser votre traceur GPS PAJ, vous devez s\u00e9lectionner un mod\u00e8le d\u2019abonnement pour l\u2019activation. Une licence portail FINDER doit \u00eatre achet\u00e9e pour chaque appareil. Plusieurs FINDER peuvent \u00eatre g\u00e9r\u00e9s via un seul compte.  <\/p>\n\t<div id=\"gap-1154161431\" class=\"gap-element clearfix\" style=\"display:block; height:auto;\">\n\t\t\n<style>\n#gap-1154161431 {\n  padding-top: 30px;\n}\n<\/style>\n\t<\/div>\n\t\n<div class=\"row align-equal align-right row-box-shadow-2 row-box-shadow-5-hover\"  id=\"row-282981467\">\r\n\r\n\n\t<div id=\"col-1291489346\" class=\"col medium-4 small-12 large-4\"  >\n\t\t\t\t<div class=\"col-inner text-left\"  >\n\t\t\t\n\t\t\t\r\n\r\n<div class=\"pricing-table-wrapper\">\n  <div class=\"pricing-table ux_price_table text-center\">\n    <div class=\"pricing-table-header\">\n      <div class=\"title uppercase strong\">POUR 6 MOIS<\/div>\n      <div class=\"price is-xxlarge\"><\/div>\n          <\/div>\n    <div class=\"pricing-table-items items\">\n      \r\n\r\n<ul>\n<li class=\"bullet-checkmark\" style=\"text-align: left;\">La facturation se fait 6 mois \u00e0 l'avance<\/li>\n<li class=\"bullet-checkmark\" style=\"text-align: left;\">R\u00e9siliation de 6 mois<\/li>\n<li class=\"bullet-checkmark\" style=\"text-align: left;\">Renouvellement automatique pour 6 mois \u00e0 la fois jusqu'\u00e0 ce que vous annuliez le contrat<\/li>\n<li class=\"bullet-checkmark\" style=\"text-align: left;\">Garantie de remboursement de 30 jours<\/li>\n<\/ul>\r\n\r\n    <\/div>\n      <\/div>\n<\/div>\n\n\r\n\r\n\t\t<\/div>\n\t\t\t\t\t<\/div>\n\n\t\r\n\n\t<div id=\"col-1535438981\" class=\"col medium-4 small-12 large-4\"  >\n\t\t\t\t<div class=\"col-inner\"  >\n\t\t\t\n\t\t\t\r\n\r\n<div class=\"pricing-table-wrapper\">\n  <div class=\"pricing-table ux_price_table text-center\">\n    <div class=\"pricing-table-header\">\n      <div class=\"title uppercase strong\">PENDANT 1 AN<\/div>\n      <div class=\"price is-xxlarge\"><\/div>\n          <\/div>\n    <div class=\"pricing-table-items items\">\n      \r\n\r\n<ul>\n<li class=\"bullet-checkmark\" style=\"text-align: left;\">D\u00e9bit\u00e9 une fois par an \u00e0 l'avance<\/li>\n<li class=\"bullet-checkmark\" style=\"text-align: left;\">Peut \u00eatre annul\u00e9 annuellement<\/li>\n<li class=\"bullet-checkmark\" style=\"text-align: left;\">Renouvellement automatique d'ann\u00e9e en ann\u00e9e jusqu'\u00e0 annulation<\/li>\n<li class=\"bullet-checkmark\" style=\"text-align: left;\">Garantie de remboursement de 30 jours<\/li>\n<li class=\"bullet-checkmark\" style=\"text-align: left;\"><strong>Vous \u00e9conomisez 24\u20ac par rapport \u00e0 la licence de 6 mois <\/strong><\/li>\n<\/ul>\r\n\r\n    <\/div>\n      <\/div>\n<\/div>\n\n\r\n\r\n\t\t<\/div>\n\t\t\t\t\t<\/div>\n\n\t\r\n\n\t<div id=\"col-1086871577\" class=\"col medium-4 small-12 large-4\"  >\n\t\t\t\t<div class=\"col-inner\"  >\n\t\t\t\n\t\t\t\r\n\r\n<div class=\"pricing-table-wrapper\">\n  <div class=\"pricing-table ux_price_table text-center\">\n    <div class=\"pricing-table-header\">\n      <div class=\"title uppercase strong\">PENDANT 2 ANS<\/div>\n      <div class=\"price is-xxlarge\"><\/div>\n          <\/div>\n    <div class=\"pricing-table-items items\">\n      \r\n\r\n<ul>\n<li class=\"bullet-checkmark\" style=\"text-align: left;\">D\u00e9bit\u00e9 tous les 2 ans \u00e0 l'avance<\/li>\n<li class=\"bullet-checkmark\" style=\"text-align: left;\">Annulable tous les 2 ans<\/li>\n<li class=\"bullet-checkmark\" style=\"text-align: left;\">Renouvellement automatique pour 2 ans \u00e0 la fois jusqu'\u00e0 ce qu'il soit annul\u00e9<\/li>\n<li class=\"bullet-checkmark\" style=\"text-align: left;\">Garantie de remboursement de 30 jours<\/li>\n<li class=\"bullet-checkmark\" style=\"text-align: left;\"><strong>Vous \u00e9conomisez 96\u20ac par rapport \u00e0 la licence de 6 mois<\/strong><\/li>\n<\/ul>\r\n\r\n    <\/div>\n      <\/div>\n<\/div>\n\n\r\n\r\n\t\t<\/div>\n\t\t\t\t\t<\/div>\n\n\t\r\n\r\n<\/div>\r\n<div class=\"row align-middle align-center\"  id=\"row-931470483\">\r\n\r\n\n\t<div id=\"col-720838276\" class=\"col medium-4 small-12 large-4\"  >\n\t\t\t\t<div class=\"col-inner\"  >\n\t\t\t\n\t\t\t\r\n\r\n<p style=\"text-align: center;\"><p class=\"product woocommerce add_to_cart_inline \" style=\"border:4px solid #ccc; padding: 12px;\"><span class=\"woocommerce-Price-amount amount\"><bdi><span class=\"woocommerce-Price-currencySymbol\">&#36;<\/span>66,00<\/bdi><\/span><span class=\"price-suffix\"><\/span> <span class=\"subscription-details\"> chaque 6 mois <\/span><a href=\"https:\/\/start.finder-portal.com\/product\/portal-premium-license\/?attribute_pa_subscription-duration=6-months&#038;variation_id=3546047&#038;add-to-cart=3546042\" aria-describedby=\"woocommerce_loop_add_to_cart_link_describedby_3546047\" data-quantity=\"1\" class=\"button product_type_subscription_variation add_to_cart_button ajax_add_to_cart\" data-product_id=\"3546047\" data-product_sku=\"84001\" aria-label=\"Ajouter au panier\u00a0: &ldquo;Portal Premium License - Licence pour 6 mois&rdquo;\" rel=\"nofollow\" data-success_message=\"\u00ab\u00a0Portal Premium License - Licence pour 6 mois\u00a0\u00bb a \u00e9t\u00e9 ajout\u00e9 \u00e0 votre panier\">D\u00e9verrouiller maintenant<\/a>\t<span id=\"woocommerce_loop_add_to_cart_link_describedby_3546047\" class=\"screen-reader-text\">\n\t\t\t<\/span>\n<\/p><\/p>\r\n\r\n\t\t<\/div>\n\t\t\t\t\t<\/div>\n\n\t\r\n\n\t<div id=\"col-1381448691\" class=\"col medium-4 small-12 large-4\"  >\n\t\t\t\t<div class=\"col-inner\"  >\n\t\t\t\n\t\t\t\r\n\r\n<p style=\"text-align: center;\"><p class=\"product woocommerce add_to_cart_inline \" style=\"border:4px solid #ccc; padding: 12px;\"><span class=\"woocommerce-Price-amount amount\"><bdi><span class=\"woocommerce-Price-currencySymbol\">&#36;<\/span>102,00<\/bdi><\/span><span class=\"price-suffix\"><\/span> <span class=\"subscription-details\"> \/ ann\u00e9e<\/span><a href=\"https:\/\/start.finder-portal.com\/product\/portal-premium-license\/?attribute_pa_subscription-duration=1-year&#038;variation_id=3546048&#038;add-to-cart=3546042\" aria-describedby=\"woocommerce_loop_add_to_cart_link_describedby_3546048\" data-quantity=\"1\" class=\"button product_type_subscription_variation add_to_cart_button ajax_add_to_cart\" data-product_id=\"3546048\" data-product_sku=\"84002\" aria-label=\"Ajouter au panier\u00a0: &ldquo;Portal Premium License - License for 1 Year&rdquo;\" rel=\"nofollow\" data-success_message=\"\u00ab\u00a0Portal Premium License - License for 1 Year\u00a0\u00bb a \u00e9t\u00e9 ajout\u00e9 \u00e0 votre panier\">D\u00e9verrouiller maintenant<\/a>\t<span id=\"woocommerce_loop_add_to_cart_link_describedby_3546048\" class=\"screen-reader-text\">\n\t\t\t<\/span>\n<\/p><\/p>\r\n\r\n\t\t<\/div>\n\t\t\t\t\t<\/div>\n\n\t\r\n\n\t<div id=\"col-1112378341\" class=\"col medium-4 small-12 large-4\"  >\n\t\t\t\t<div class=\"col-inner\"  >\n\t\t\t\n\t\t\t\r\n\r\n<p style=\"text-align: center;\"><p class=\"product woocommerce add_to_cart_inline \" style=\"border:4px solid #ccc; padding: 12px;\"><span class=\"woocommerce-Price-amount amount\"><bdi><span class=\"woocommerce-Price-currencySymbol\">&#36;<\/span>156,00<\/bdi><\/span><span class=\"price-suffix\"><\/span> <span class=\"subscription-details\"> chaque 2 ann\u00e9es <\/span><a href=\"https:\/\/start.finder-portal.com\/product\/portal-premium-license\/?attribute_pa_subscription-duration=2-years&#038;variation_id=3546049&#038;add-to-cart=3546042\" aria-describedby=\"woocommerce_loop_add_to_cart_link_describedby_3546049\" data-quantity=\"1\" class=\"button product_type_subscription_variation add_to_cart_button ajax_add_to_cart\" data-product_id=\"3546049\" data-product_sku=\"84003\" aria-label=\"Ajouter au panier\u00a0: &ldquo;Portal Premium License - License for 2 years&rdquo;\" rel=\"nofollow\" data-success_message=\"\u00ab\u00a0Portal Premium License - License for 2 years\u00a0\u00bb a \u00e9t\u00e9 ajout\u00e9 \u00e0 votre panier\">D\u00e9verrouiller maintenant<\/a>\t<span id=\"woocommerce_loop_add_to_cart_link_describedby_3546049\" class=\"screen-reader-text\">\n\t\t\t<\/span>\n<\/p><\/p>\r\n\r\n\t\t<\/div>\n\t\t\t\t\t<\/div>\n\n\t\r\n\r\n<\/div>\r\n<p style=\"text-align: center;\">Des informations sur la garantie de remboursement de 30 jours <a href=\"\/?page_id=7395\">sont disponibles ici<\/a>.<\/p>\n\t<div id=\"gap-879516164\" class=\"gap-element clearfix\" style=\"display:block; height:auto;\">\n\t\t\n<style>\n#gap-879516164 {\n  padding-top: 40px;\n}\n<\/style>\n\t<\/div>\n\t\n","protected":false},"featured_media":3472207,"template":"","meta":[],"product_brand":[],"product_cat":[238],"product_tag":[],"class_list":{"0":"post-5581460","1":"product","2":"type-product","3":"status-publish","4":"has-post-thumbnail","6":"product_cat-new-pricing-model-fr","8":"first","9":"instock","10":"virtual","11":"taxable","12":"purchasable","13":"product-type-bundle"},"bundled_by":[],"bundle_stock_status":"instock","bundle_stock_quantity":"","bundle_virtual":false,"bundle_layout":"default","bundle_add_to_cart_form_location":"default","bundle_editable_in_cart":false,"bundle_sold_individually_context":"product","bundle_item_grouping":"parent","bundle_min_size":"","bundle_max_size":"","bundle_price":{"price":{"min":{"incl_tax":"0","excl_tax":"0"},"max":{"incl_tax":"0","excl_tax":"0"}},"regular_price":{"min":{"incl_tax":"0","excl_tax":"0"},"max":{"incl_tax":"0","excl_tax":"0"}}},"bundled_items":[{"bundled_item_id":1211,"product_id":3565275,"menu_order":0,"quantity_min":1,"quantity_max":1,"quantity_default":1,"priced_individually":true,"shipped_individually":true,"override_title":false,"title":null,"override_description":false,"description":null,"optional":false,"hide_thumbnail":false,"discount":"","override_variations":false,"allowed_variations":[""],"override_default_variation_attributes":false,"default_variation_attributes":[],"single_product_visibility":"visible","cart_visibility":"visible","order_visibility":"visible","single_product_price_visibility":"visible","cart_price_visibility":"visible","order_price_visibility":"visible","stock_status":"in_stock"}],"bundle_sell_ids":[],"exclude_global_add_ons":[],"addons":[],"_links":{"self":[{"href":"https:\/\/start.finder-portal.com\/fr\/wp-json\/wp\/v2\/product\/5581460","targetHints":{"allow":["GET"]}}],"collection":[{"href":"https:\/\/start.finder-portal.com\/fr\/wp-json\/wp\/v2\/product"}],"about":[{"href":"https:\/\/start.finder-portal.com\/fr\/wp-json\/wp\/v2\/types\/product"}],"wp:featuredmedia":[{"embeddable":true,"href":"https:\/\/start.finder-portal.com\/fr\/wp-json\/wp\/v2\/media\/3472207"}],"wp:attachment":[{"href":"https:\/\/start.finder-portal.com\/fr\/wp-json\/wp\/v2\/media?parent=5581460"}],"wp:term":[{"taxonomy":"product_brand","embeddable":true,"href":"https:\/\/start.finder-portal.com\/fr\/wp-json\/wp\/v2\/product_brand?post=5581460"},{"taxonomy":"product_cat","embeddable":true,"href":"https:\/\/start.finder-portal.com\/fr\/wp-json\/wp\/v2\/product_cat?post=5581460"},{"taxonomy":"product_tag","embeddable":true,"href":"https:\/\/start.finder-portal.com\/fr\/wp-json\/wp\/v2\/product_tag?post=5581460"}],"curies":[{"name":"wp","href":"https:\/\/api.w.org\/{rel}","templated":true}]}}