{"id":3281,"date":"2018-06-09T17:16:24","date_gmt":"2018-06-09T15:16:24","guid":{"rendered":"https:\/\/start.finder-portal.com\/domande-piu-frequenti\/"},"modified":"2025-08-19T12:50:50","modified_gmt":"2025-08-19T10:50:50","slug":"domande-piu-frequenti","status":"publish","type":"page","link":"https:\/\/start.finder-portal.com\/it\/domande-piu-frequenti\/","title":{"rendered":"Domande pi\u00f9 frequenti"},"content":{"rendered":"\n<div class=\"row\"  id=\"row-1470205995\">\r\n\r\n\n\t<div id=\"col-1802337061\" class=\"col small-12 large-12\"  >\n\t\t\t\t<div class=\"col-inner\"  >\n\t\t\t\n\t\t\t\r\n\t<div id=\"gap-779747533\" class=\"gap-element clearfix\" style=\"display:block; height:auto;\">\n\t\t\n<style>\n#gap-779747533 {\n  padding-top: 30px;\n}\n<\/style>\n\t<\/div>\n\t\r\n<h1 style=\"text-align: center\">Domande pi\u00f9 frequenti<\/h1>\r\n\t\t<\/div>\n\t\t\t\t\t<\/div>\n\n\t\r\n\r\n\n\t<div id=\"col-299419882\" class=\"col small-12 large-12\"  >\n\t\t\t\t<div class=\"col-inner\"  >\n\t\t\t\n\t\t\t\r\n\r\n<div class=\"accordion\">\r\n\r\n\t<div id=\"accordion-899645366\" class=\"accordion-item\">\n\t\t<a id=\"accordion-899645366-label\" class=\"accordion-title plain\" href=\"#accordion-item-perch\u00e9-ho-bisogno-del-portale-finder?\" aria-expanded=\"false\" aria-controls=\"accordion-899645366-content\">\n\t\t\t<button class=\"toggle\" aria-label=\"Attiva\/Disattiva\"><i class=\"icon-angle-down\" aria-hidden=\"true\"><\/i><\/button>\n\t\t\t<span>Perch\u00e9 ho bisogno del PORTALE FINDER?<\/span>\n\t\t<\/a>\n\t\t<div id=\"accordion-899645366-content\" class=\"accordion-inner\" aria-labelledby=\"accordion-899645366-label\">\n\t\t\t\r\n<p>Hai bisogno del PORTALE FINDER per usare il FINDER. Questo include i costi mensili per la SIM integrata e l'accesso al PORTALE FINDER.  Senza questi due elementi, il tuo FINDER non pu\u00f2 darti una posizione.<\/p>\r\n\t\t<\/div>\n\t<\/div>\n\t\r\n\r\n\t<div id=\"accordion-3037491155\" class=\"accordion-item\">\n\t\t<a id=\"accordion-3037491155-label\" class=\"accordion-title plain\" href=\"#accordion-item-quando-posso-annullare?\" aria-expanded=\"false\" aria-controls=\"accordion-3037491155-content\">\n\t\t\t<button class=\"toggle\" aria-label=\"Attiva\/Disattiva\"><i class=\"icon-angle-down\" aria-hidden=\"true\"><\/i><\/button>\n\t\t\t<span>Quando posso annullare?<\/span>\n\t\t<\/a>\n\t\t<div id=\"accordion-3037491155-content\" class=\"accordion-inner\" aria-labelledby=\"accordion-3037491155-label\">\n\t\t\t\r\n<p>A seconda della licenza scelta, l'abbonamento verr\u00e0 rinnovato automaticamente mensilmente, annualmente o ogni 2 anni. \u00c8 necessario annullare la licenza prima del successivo rinnovo automatico. Si consiglia di farlo con 2 settimane di anticipo, se possibile, poich\u00e9 potrebbe essere necessario del tempo per trasmettere la cancellazione. In alternativa, \u00e8 possibile anche mettere in pausa\/sospendere l'abbonamento (vedi sotto).   <\/p>\r\n\t\t<\/div>\n\t<\/div>\n\t\r\n\r\n\t<div id=\"accordion-3349484478\" class=\"accordion-item\">\n\t\t<a id=\"accordion-3349484478-label\" class=\"accordion-title plain\" href=\"#accordion-item-come-posso-annullare?\" aria-expanded=\"false\" aria-controls=\"accordion-3349484478-content\">\n\t\t\t<button class=\"toggle\" aria-label=\"Attiva\/Disattiva\"><i class=\"icon-angle-down\" aria-hidden=\"true\"><\/i><\/button>\n\t\t\t<span>Come posso annullare?<\/span>\n\t\t<\/a>\n\t\t<div id=\"accordion-3349484478-content\" class=\"accordion-inner\" aria-labelledby=\"accordion-3349484478-label\">\n\t\t\t\r\n<p>Dopo aver effettuato l'accesso, troverai tutte le impostazioni necessarie nell'area del tuo account.<\/p>\r\n\t\t<\/div>\n\t<\/div>\n\t\r\n\r\n\t<div id=\"accordion-208757756\" class=\"accordion-item\">\n\t\t<a id=\"accordion-208757756-label\" class=\"accordion-title plain\" href=\"#accordion-item-posso-mettere-in-pausa-la-mia-licenza-nel-portale-finder?\" aria-expanded=\"false\" aria-controls=\"accordion-208757756-content\">\n\t\t\t<button class=\"toggle\" aria-label=\"Attiva\/Disattiva\"><i class=\"icon-angle-down\" aria-hidden=\"true\"><\/i><\/button>\n\t\t\t<span>Posso mettere in pausa la mia licenza nel PORTALE FINDER?<\/span>\n\t\t<\/a>\n\t\t<div id=\"accordion-208757756-content\" class=\"accordion-inner\" aria-labelledby=\"accordion-208757756-label\">\n\t\t\t\r\n<p>S\u00ec, puoi mettere in pausa il tuo abbonamento. I dati relativi al percorso del tuo dispositivo saranno conservati, a differenza di quanto accade in caso di disdetta. Basta accedere al tuo account nel PORTALE FINDER e gestire di conseguenza l'abbonamento sotto l'elemento 'Account'.<br>In alternativa puoi anche annullare il tuo abbonamento e riattivarlo in un secondo momento, ma in questo caso i dati del dispositivo verranno completamente cancellati.<\/p>\r\n\t\t<\/div>\n\t<\/div>\n\t\r\n\r\n\t<div id=\"accordion-2221740262\" class=\"accordion-item\">\n\t\t<a id=\"accordion-2221740262-label\" class=\"accordion-title plain\" href=\"#accordion-item-dove-sono-archiviati-i-dati-del-finder-portal?\" aria-expanded=\"false\" aria-controls=\"accordion-2221740262-content\">\n\t\t\t<button class=\"toggle\" aria-label=\"Attiva\/Disattiva\"><i class=\"icon-angle-down\" aria-hidden=\"true\"><\/i><\/button>\n\t\t\t<span>Dove sono archiviati i dati del FINDER PORTAL?<\/span>\n\t\t<\/a>\n\t\t<div id=\"accordion-2221740262-content\" class=\"accordion-inner\" aria-labelledby=\"accordion-2221740262-label\">\n\t\t\t\r\n<p>La tua privacy viene sempre al primo posto e i tuoi dati sono trattati con la massima sensibilit\u00e0. I dati vengono memorizzati su un server europeo con amministrazione tedesca in conformit\u00e0 con la legge federale tedesca sulla protezione dei dati. I profili degli utenti non vengono mai creati a partire dai tuoi dati e non vengono mai trasmessi a terzi. I tuoi dati sono e rimangono i tuoi dati!   <\/p>\r\n\t\t<\/div>\n\t<\/div>\n\t\r\n\r\n\t<div id=\"accordion-2359025831\" class=\"accordion-item\">\n\t\t<a id=\"accordion-2359025831-label\" class=\"accordion-title plain\" href=\"#accordion-item-quale-scheda-sim-\u00e8-presente-nel-mio-finder?\" aria-expanded=\"false\" aria-controls=\"accordion-2359025831-content\">\n\t\t\t<button class=\"toggle\" aria-label=\"Attiva\/Disattiva\"><i class=\"icon-angle-down\" aria-hidden=\"true\"><\/i><\/button>\n\t\t\t<span>Quale scheda SIM \u00e8 presente nel mio FINDER?<\/span>\n\t\t<\/a>\n\t\t<div id=\"accordion-2359025831-content\" class=\"accordion-inner\" aria-labelledby=\"accordion-2359025831-label\">\n\t\t\t\r\n<p>Il tuo FINDER contiene una speciale scheda SIM M2M che si collega sempre alla migliore rete disponibile! A seconda del modello del dispositivo, la scheda SIM integrata supporta diverse reti mobili fino a 170 paesi. Qui puoi visualizzare una panoramica dei singoli paesi.  <\/p>\r\n\t\t<\/div>\n\t<\/div>\n\t\r\n\r\n\t<div id=\"accordion-3188558410\" class=\"accordion-item\">\n\t\t<a id=\"accordion-3188558410-label\" class=\"accordion-title plain\" href=\"#accordion-item-posso-usare-la-scheda-sim-anche-in-altri-dispositivi?\" aria-expanded=\"false\" aria-controls=\"accordion-3188558410-content\">\n\t\t\t<button class=\"toggle\" aria-label=\"Attiva\/Disattiva\"><i class=\"icon-angle-down\" aria-hidden=\"true\"><\/i><\/button>\n\t\t\t<span>Posso usare la scheda SIM anche in altri dispositivi?<\/span>\n\t\t<\/a>\n\t\t<div id=\"accordion-3188558410-content\" class=\"accordion-inner\" aria-labelledby=\"accordion-3188558410-label\">\n\t\t\t\r\n<p>No, questo non \u00e8 possibile perch\u00e9 la scheda SIM funzioner\u00e0 solo nel FINDER.<\/p>\r\n\t\t<\/div>\n\t<\/div>\n\t\r\n\r\n\t<div id=\"accordion-3928922386\" class=\"accordion-item\">\n\t\t<a id=\"accordion-3928922386-label\" class=\"accordion-title plain\" href=\"#accordion-item-cosa-rende-cos\u00ec-speciale-il-finder-portal?\" aria-expanded=\"false\" aria-controls=\"accordion-3928922386-content\">\n\t\t\t<button class=\"toggle\" aria-label=\"Attiva\/Disattiva\"><i class=\"icon-angle-down\" aria-hidden=\"true\"><\/i><\/button>\n\t\t\t<span>Cosa rende cos\u00ec speciale il FINDER PORTAL?<\/span>\n\t\t<\/a>\n\t\t<div id=\"accordion-3928922386-content\" class=\"accordion-inner\" aria-labelledby=\"accordion-3928922386-label\">\n\t\t\t\r\n<p>Abbiamo sviluppato il PORTALE FINDER per rendere il pi\u00f9 semplice possibile proteggere e monitorare le cose che per te sono importanti. Abbiamo creato un pacchetto completo composto da FINDER, carta SIM e portale di tracciamento. Tutto \u00e8 perfettamente coordinato in modo da risparmiare molto lavoro durante l'attivazione della scheda SIM e la configurazione del dispositivo. Tutti i servizi sono gi\u00e0 inclusi in questo prezzo.<\/p>\r\n\t\t<\/div>\n\t<\/div>\n\t\r\n\r\n\t<div id=\"accordion-87476474\" class=\"accordion-item\">\n\t\t<a id=\"accordion-87476474-label\" class=\"accordion-title plain\" href=\"#accordion-item-perch\u00e9-non-vedo-il-finder-nel-mio-portale\" aria-expanded=\"false\" aria-controls=\"accordion-87476474-content\">\n\t\t\t<button class=\"toggle\" aria-label=\"Attiva\/Disattiva\"><i class=\"icon-angle-down\" aria-hidden=\"true\"><\/i><\/button>\n\t\t\t<span>Perch\u00e9 non vedo il FINDER nel mio PORTALE<\/span>\n\t\t<\/a>\n\t\t<div id=\"accordion-87476474-content\" class=\"accordion-inner\" aria-labelledby=\"accordion-87476474-label\">\n\t\t\t\r\n<p>Se hai appena attivato l'accesso al PORTALE FINDER, attendi approssimativamente. 5-10 minuti finch\u00e9 la scheda SIM non sar\u00e0 completamente attivata. Quando ti connetti per la prima volta, posiziona il tuo FINDER possibilmente all'aperto in modo che possa ricevere un segnale GPS. Per stabilire una connessione rapidamente, puoi anche spostare il FINDER all'aperto per un breve tratto (ad esempio durante una passeggiata o un breve viaggio in macchina).<\/p>\r\n\t\t<\/div>\n\t<\/div>\n\t\r\n\r\n\t<div id=\"accordion-4200781880\" class=\"accordion-item\">\n\t\t<a id=\"accordion-4200781880-label\" class=\"accordion-title plain\" href=\"#accordion-item-quanti-finder-posso-gestire-nel-mio-account-portal?\" aria-expanded=\"false\" aria-controls=\"accordion-4200781880-content\">\n\t\t\t<button class=\"toggle\" aria-label=\"Attiva\/Disattiva\"><i class=\"icon-angle-down\" aria-hidden=\"true\"><\/i><\/button>\n\t\t\t<span>Quanti FINDER posso gestire nel mio account PORTAL?<\/span>\n\t\t<\/a>\n\t\t<div id=\"accordion-4200781880-content\" class=\"accordion-inner\" aria-labelledby=\"accordion-4200781880-label\">\n\t\t\t\r\n<p>Il numero di AVR \u00e8 illimitato. Puoi aggiungere quanti dispositivi vuoi al tuo account PORTAL. Tuttavia, per ogni FINDER serve una licenza separata nel PORTAL. <\/p>\r\n\t\t<\/div>\n\t<\/div>\n\t\r\n\r\n\t<div id=\"accordion-4211838540\" class=\"accordion-item\">\n\t\t<a id=\"accordion-4211838540-label\" class=\"accordion-title plain\" href=\"#accordion-item-ci-sono-istruzioni-per-il-finder-portal?\" aria-expanded=\"false\" aria-controls=\"accordion-4211838540-content\">\n\t\t\t<button class=\"toggle\" aria-label=\"Attiva\/Disattiva\"><i class=\"icon-angle-down\" aria-hidden=\"true\"><\/i><\/button>\n\t\t\t<span>Ci sono istruzioni per il FINDER PORTAL?<\/span>\n\t\t<\/a>\n\t\t<div id=\"accordion-4211838540-content\" class=\"accordion-inner\" aria-labelledby=\"accordion-4211838540-label\">\n\t\t\t\r\n<p>S\u00ec, puoi trovare le istruzioni illustrate per il PORTALE <a href=\"https:\/\/www.paj-gps.it\/istruzioni-del-portal-finder\/\" rel=\"noopener\" target=\"_blank\">FINDER qui<\/a>. Carghiamo regolarmente anche video esplicativi sul FINDER PORTAL sul nostro <a href=\"https:\/\/www.youtube.com\/@PAJGPS\" rel=\"noopener\" target=\"_blank\">canale YouTube<\/a>. <\/p>\r\n\t\t<\/div>\n\t<\/div>\n\t\r\n\r\n<\/div>\r\n\r\n\t\t<\/div>\n\t\t\t\t\t<\/div>\n\n\t\r\n\r\n<\/div>\r\n<p>&nbsp;<\/p>\n\n<div class=\"message-box relative\" style=\"padding-top:15px;padding-bottom:15px;\"><div class=\"message-box-bg-image bg-fill fill\" ><\/div><div class=\"message-box-bg-overlay bg-fill fill\" ><\/div><div class=\"container relative\"><div class=\"inner last-reset\">\n\n<div class=\"row align-middle align-center\"  id=\"row-1669333605\">\n\n\n\t<div id=\"col-1221035609\" class=\"col medium-9 small-12 large-9\"  >\n\t\t\t\t<div class=\"col-inner\"  >\n\t\t\t\n\t\t\t\n\n<p><span style=\"font-size: 140%;\"><strong>Il tuo problema non pu\u00f2 essere risolto in questo modo?<\/strong><\/span><br\/>Saremo lieti di aiutarvi personalmente a trovare rapidamente una soluzione per voi. Mettiti in contatto con noi. <\/p>\n\n\t\t<\/div>\n\t\t\t\t\t<\/div>\n\n\t\n\n\t<div id=\"col-728199422\" class=\"col medium-3 small-12 large-3\"  >\n\t\t\t\t<div class=\"col-inner text-center\"  >\n\t\t\t\n\t\t\t\n\n<div class=\"social-icons follow-icons\" style=\"font-size:149%\"><span>Mettiti in contatto con noi<\/span><a href=\"mailto:info@paj-gps.de\" data-label=\"E-mail\" target=\"_blank\" class=\"icon button circle is-outline tooltip email\" title=\"Inviaci un&#039;email\" aria-label=\"Inviaci un&#039;email\" rel=\"nofollow noopener\"><i class=\"icon-envelop\" aria-hidden=\"true\"><\/i><\/a><\/div>\n\n\n\t\t<\/div>\n\t\t\t\t\t<\/div>\n\n\t\n\n<\/div>\n\n<\/div><\/div><\/div>\n","protected":false},"excerpt":{"rendered":"","protected":false},"author":17,"featured_media":0,"parent":0,"menu_order":0,"comment_status":"closed","ping_status":"closed","template":"","meta":{"footnotes":""},"class_list":["post-3281","page","type-page","status-publish","hentry"],"_links":{"self":[{"href":"https:\/\/start.finder-portal.com\/it\/wp-json\/wp\/v2\/pages\/3281","targetHints":{"allow":["GET"]}}],"collection":[{"href":"https:\/\/start.finder-portal.com\/it\/wp-json\/wp\/v2\/pages"}],"about":[{"href":"https:\/\/start.finder-portal.com\/it\/wp-json\/wp\/v2\/types\/page"}],"author":[{"embeddable":true,"href":"https:\/\/start.finder-portal.com\/it\/wp-json\/wp\/v2\/users\/17"}],"replies":[{"embeddable":true,"href":"https:\/\/start.finder-portal.com\/it\/wp-json\/wp\/v2\/comments?post=3281"}],"version-history":[{"count":5,"href":"https:\/\/start.finder-portal.com\/it\/wp-json\/wp\/v2\/pages\/3281\/revisions"}],"predecessor-version":[{"id":4939516,"href":"https:\/\/start.finder-portal.com\/it\/wp-json\/wp\/v2\/pages\/3281\/revisions\/4939516"}],"wp:attachment":[{"href":"https:\/\/start.finder-portal.com\/it\/wp-json\/wp\/v2\/media?parent=3281"}],"curies":[{"name":"wp","href":"https:\/\/api.w.org\/{rel}","templated":true}]}}