{"id":3521458,"date":"2024-07-31T10:32:47","date_gmt":"2024-07-31T08:32:47","guid":{"rendered":"https:\/\/start.finder-portal.com\/metodi-di-pagamento\/"},"modified":"2024-07-31T11:56:11","modified_gmt":"2024-07-31T09:56:11","slug":"metodi-di-pagamento","status":"publish","type":"page","link":"https:\/\/start.finder-portal.com\/it\/metodi-di-pagamento\/","title":{"rendered":"Metodi di pagamento"},"content":{"rendered":"\n<div class=\"row\"  id=\"row-1713688719\">\n\n\n\t<div id=\"col-1985927389\" class=\"col small-12 large-12\"  >\n\t\t\t\t<div class=\"col-inner\"  >\n\t\t\t\n\t\t\t\n\n\t<div id=\"gap-1858932118\" class=\"gap-element clearfix\" style=\"display:block; height:auto;\">\n\t\t\n<style>\n#gap-1858932118 {\n  padding-top: 30px;\n}\n<\/style>\n\t<\/div>\n\t\n\n<h1 style=\"text-align: center;\"><span style=\"font-size: 120%;\">Metodi di pagamento<\/span><\/h1>\n\t<div id=\"gap-1655950925\" class=\"gap-element clearfix\" style=\"display:block; height:auto;\">\n\t\t\n<style>\n#gap-1655950925 {\n  padding-top: 30px;\n}\n<\/style>\n\t<\/div>\n\t\n\n\n\t\t<\/div>\n\t\t\t\t\t<\/div>\n\n\t\n\n<\/div>\n<div class=\"row\"  id=\"row-1371781406\">\n\n\n\t<div id=\"col-123307819\" class=\"col medium-3 small-12 large-3\"  >\n\t\t\t\t<div class=\"col-inner\"  >\n\t\t\t\n\t\t\t\n\n\t<div class=\"img has-hover x md-x lg-x y md-y lg-y\" id=\"image_1075363575\">\n\t\t\t\t\t\t\t\t<div class=\"img-inner dark\" >\n\t\t\t<img loading=\"lazy\" decoding=\"async\" width=\"437\" height=\"115\" src=\"https:\/\/start.finder-portal.com\/wp-content\/uploads\/2024\/07\/paypal-logo.png\" class=\"attachment-original size-original\" alt=\"PayPal Logo\" srcset=\"https:\/\/start.finder-portal.com\/wp-content\/uploads\/2024\/07\/paypal-logo.png 437w, https:\/\/start.finder-portal.com\/wp-content\/uploads\/2024\/07\/paypal-logo-200x53.png 200w, https:\/\/start.finder-portal.com\/wp-content\/uploads\/2024\/07\/paypal-logo-50x13.png 50w, https:\/\/start.finder-portal.com\/wp-content\/uploads\/2024\/07\/paypal-logo-300x79.png 300w\" sizes=\"auto, (max-width: 437px) 100vw, 437px\" \/>\t\t\t\t\t\t\n\t\t\t\t\t<\/div>\n\t\t\t\t\t\t\t\t\n<style>\n#image_1075363575 {\n  width: 100%;\n}\n<\/style>\n\t<\/div>\n\t\n\n\n\t\t<\/div>\n\t\t\t\t\t<\/div>\n\n\t\n\n\t<div id=\"col-1552795609\" class=\"col medium-9 small-12 large-9\"  >\n\t\t\t\t<div class=\"col-inner\"  >\n\t\t\t\n\t\t\t\n\n<h2>PayPal<\/h2>\n<p class=\"cleaner\">\u00c8 possibile pagare anche con PayPal. Con la Protezione acquirenti di PayPal, ogni pagamento tramite PayPal \u00e8 sicuro e in caso di problemi vi verr\u00e0 sempre restituito il denaro.<\/p>\n<p class=\"cleaner\">A tal fine, selezionare PayPal quando si sceglie il metodo di pagamento. Al termine del processo d&#8217;ordine verrete automaticamente reindirizzati a PayPal. Se siete gi\u00e0 clienti PayPal, potete accedere con i vostri dati utente e confermare il pagamento.<\/p>\n<p class=\"cleaner\">Se non siete abituati a PayPal, potete registrarvi come ospiti o aprire un conto PayPal e poi confermare il pagamento. I dati bancari e della carta di credito non saranno condivisi con terzi. Per gli acquirenti, il pagamento con PayPal \u00e8 sempre gratuito.<\/p>\n\n\t\t<\/div>\n\t\t\t\t\t<\/div>\n\n\t\n\n<\/div>\n<div class=\"row\"  id=\"row-1645421769\">\n\n\n\t<div id=\"col-476195715\" class=\"col medium-3 small-12 large-3\"  >\n\t\t\t\t<div class=\"col-inner\"  >\n\t\t\t\n\t\t\t\n\n\t<div class=\"img has-hover x md-x lg-x y md-y lg-y\" id=\"image_1537292499\">\n\t\t\t\t\t\t\t\t<div class=\"img-inner dark\" >\n\t\t\t<img loading=\"lazy\" decoding=\"async\" width=\"512\" height=\"98\" src=\"https:\/\/start.finder-portal.com\/wp-content\/uploads\/2024\/07\/amazon-pay-logo.png\" class=\"attachment-original size-original\" alt=\"Amazon Pay Logo\" srcset=\"https:\/\/start.finder-portal.com\/wp-content\/uploads\/2024\/07\/amazon-pay-logo.png 512w, https:\/\/start.finder-portal.com\/wp-content\/uploads\/2024\/07\/amazon-pay-logo-200x38.png 200w, https:\/\/start.finder-portal.com\/wp-content\/uploads\/2024\/07\/amazon-pay-logo-50x10.png 50w, https:\/\/start.finder-portal.com\/wp-content\/uploads\/2024\/07\/amazon-pay-logo-300x57.png 300w\" sizes=\"auto, (max-width: 512px) 100vw, 512px\" \/>\t\t\t\t\t\t\n\t\t\t\t\t<\/div>\n\t\t\t\t\t\t\t\t\n<style>\n#image_1537292499 {\n  width: 100%;\n}\n@media (min-width:850px) {\n  #image_1537292499 {\n    width: 70%;\n  }\n}\n<\/style>\n\t<\/div>\n\t\n\n\n\t\t<\/div>\n\t\t\t\t\t<\/div>\n\n\t\n\n\t<div id=\"col-1840763074\" class=\"col medium-9 small-12 large-9\"  >\n\t\t\t\t<div class=\"col-inner\"  >\n\t\t\t\n\t\t\t\n\n<h2 class=\"cleaner\">Amazon Pay<\/h2>\n<p class=\"cleaner\">\u00c8 inoltre possibile pagare facilmente con Amazon Pay.<\/p>\n<p class=\"cleaner\">A tal fine, selezionare Amazon Pay quando si sceglie il metodo di pagamento. Alla fine del processo d&#8217;ordine verrete automaticamente reindirizzati su Amazon e vi verr\u00e0 chiesto di accedere con il vostro account Amazon. Poi potrete pagare comodamente utilizzando i metodi di pagamento gi\u00e0 memorizzati nel vostro account Amazon.<\/p>\n\n\t\t<\/div>\n\t\t\t\t\t<\/div>\n\n\t\n\n<\/div>\n<div class=\"row\"  id=\"row-2097046906\">\n\n\n\t<div id=\"col-1384218310\" class=\"col medium-3 small-12 large-3\"  >\n\t\t\t\t<div class=\"col-inner\"  >\n\t\t\t\n\t\t\t\n\n\t<div class=\"img has-hover x md-x lg-x y md-y lg-y\" id=\"image_2126504055\">\n\t\t\t\t\t\t\t\t<div class=\"img-inner dark\" >\n\t\t\t<img loading=\"lazy\" decoding=\"async\" width=\"593\" height=\"153\" src=\"https:\/\/start.finder-portal.com\/wp-content\/uploads\/2024\/07\/credit-card-logo-1.png\" class=\"attachment-original size-original\" alt=\"\" srcset=\"https:\/\/start.finder-portal.com\/wp-content\/uploads\/2024\/07\/credit-card-logo-1.png 593w, https:\/\/start.finder-portal.com\/wp-content\/uploads\/2024\/07\/credit-card-logo-1-200x52.png 200w, https:\/\/start.finder-portal.com\/wp-content\/uploads\/2024\/07\/credit-card-logo-1-50x13.png 50w, https:\/\/start.finder-portal.com\/wp-content\/uploads\/2024\/07\/credit-card-logo-1-300x77.png 300w\" sizes=\"auto, (max-width: 593px) 100vw, 593px\" \/>\t\t\t\t\t\t\n\t\t\t\t\t<\/div>\n\t\t\t\t\t\t\t\t\n<style>\n#image_2126504055 {\n  width: 100%;\n}\n@media (min-width:850px) {\n  #image_2126504055 {\n    width: 80%;\n  }\n}\n<\/style>\n\t<\/div>\n\t\n\n\n\t\t<\/div>\n\t\t\t\t\t<\/div>\n\n\t\n\n\t<div id=\"col-505362566\" class=\"col medium-9 small-12 large-9\"  >\n\t\t\t\t<div class=\"col-inner\"  >\n\t\t\t\n\t\t\t\n\n<h2 class=\"cleaner\">Carta di credito<\/h2>\n<p class=\"cleaner\">\u00c8 possibile pagare anche con la carta di credito.<\/p>\n<p class=\"cleaner\">Per farlo, selezionare Carta di credito quando si sceglie il metodo di pagamento e inserire i dati della carta.<\/p>\n\n\t\t<\/div>\n\t\t\t\t\t<\/div>\n\n\t\n\n<\/div>\n\n","protected":false},"excerpt":{"rendered":"","protected":false},"author":16015,"featured_media":0,"parent":0,"menu_order":0,"comment_status":"closed","ping_status":"closed","template":"","meta":{"footnotes":""},"class_list":["post-3521458","page","type-page","status-publish","hentry"],"_links":{"self":[{"href":"https:\/\/start.finder-portal.com\/it\/wp-json\/wp\/v2\/pages\/3521458","targetHints":{"allow":["GET"]}}],"collection":[{"href":"https:\/\/start.finder-portal.com\/it\/wp-json\/wp\/v2\/pages"}],"about":[{"href":"https:\/\/start.finder-portal.com\/it\/wp-json\/wp\/v2\/types\/page"}],"author":[{"embeddable":true,"href":"https:\/\/start.finder-portal.com\/it\/wp-json\/wp\/v2\/users\/16015"}],"replies":[{"embeddable":true,"href":"https:\/\/start.finder-portal.com\/it\/wp-json\/wp\/v2\/comments?post=3521458"}],"version-history":[{"count":2,"href":"https:\/\/start.finder-portal.com\/it\/wp-json\/wp\/v2\/pages\/3521458\/revisions"}],"predecessor-version":[{"id":3521628,"href":"https:\/\/start.finder-portal.com\/it\/wp-json\/wp\/v2\/pages\/3521458\/revisions\/3521628"}],"wp:attachment":[{"href":"https:\/\/start.finder-portal.com\/it\/wp-json\/wp\/v2\/media?parent=3521458"}],"curies":[{"name":"wp","href":"https:\/\/api.w.org\/{rel}","templated":true}]}}