{"id":3565678,"date":"2024-08-07T11:23:09","date_gmt":"2024-08-07T09:23:09","guid":{"rendered":"https:\/\/start.finder-portal.com\/?post_type=product&#038;p=3565678"},"modified":"2026-04-16T10:49:07","modified_gmt":"2026-04-16T08:49:07","slug":"licenza-premium-del-portale","status":"publish","type":"product","link":"https:\/\/start.finder-portal.com\/it\/prodotto\/licenza-premium-del-portale\/","title":{"rendered":"Licenza Premium del portale"},"content":{"rendered":"<h2 style=\"text-align: center;\">Abbonamento premium al portale FINDER<\/h2>\n<p style=\"text-align: center;\">Per utilizzare il localizzatore GPS PAJ, \u00e8 necessario selezionare un modello di abbonamento per l&#8217;attivazione. Per ogni dispositivo \u00e8 necessario acquistare una licenza del portale FINDER. Pi\u00f9 FINDER possono essere gestiti tramite un unico account.<\/p>\n\t<div id=\"gap-2003734141\" class=\"gap-element clearfix\" style=\"display:block; height:auto;\">\n\t\t\n<style>\n#gap-2003734141 {\n  padding-top: 30px;\n}\n<\/style>\n\t<\/div>\n\t\n<div class=\"row align-equal align-right row-box-shadow-2 row-box-shadow-5-hover\"  id=\"row-1337177105\">\r\n\r\n\n\t<div id=\"col-1075837130\" class=\"col medium-4 small-12 large-4\"  >\n\t\t\t\t<div class=\"col-inner text-left\"  >\n\t\t\t\n\t\t\t\r\n\r\n<div class=\"pricing-table-wrapper\">\n  <div class=\"pricing-table ux_price_table text-center\">\n    <div class=\"pricing-table-header\">\n      <div class=\"title uppercase strong\">PER 6 MESI<\/div>\n      <div class=\"price is-xxlarge\"><\/div>\n          <\/div>\n    <div class=\"pricing-table-items items\">\n      \r\n\r\n<ul>\n<li class=\"bullet-checkmark\" style=\"text-align: left;\">La fatturazione avviene con 6 mesi di anticipo<\/li>\n<li class=\"bullet-checkmark\" style=\"text-align: left;\">Cancellazione di 6 mesi<\/li>\n<li class=\"bullet-checkmark\" style=\"text-align: left;\">Si rinnova automaticamente per 6 mesi alla volta fino a quando non si annulla il contratto<\/li>\n<li class=\"bullet-checkmark\" style=\"text-align: left;\">Garanzia di rimborso di 30 giorni<\/li>\n<\/ul>\r\n\r\n    <\/div>\n      <\/div>\n<\/div>\n\n\r\n\r\n\t\t<\/div>\n\t\t\t\t\t<\/div>\n\n\t\r\n\n\t<div id=\"col-2013250758\" class=\"col medium-4 small-12 large-4\"  >\n\t\t\t\t<div class=\"col-inner\"  >\n\t\t\t\n\t\t\t\r\n\r\n<div class=\"pricing-table-wrapper\">\n  <div class=\"pricing-table ux_price_table text-center\">\n    <div class=\"pricing-table-header\">\n      <div class=\"title uppercase strong\">PER 1 ANNO<\/div>\n      <div class=\"price is-xxlarge\"><\/div>\n          <\/div>\n    <div class=\"pricing-table-items items\">\n      \r\n\r\n<ul>\n<li class=\"bullet-checkmark\" style=\"text-align: left;\">Addebito anticipato una volta all'anno<\/li>\n<li class=\"bullet-checkmark\" style=\"text-align: left;\">Pu\u00f2 essere annullato annualmente<\/li>\n<li class=\"bullet-checkmark\" style=\"text-align: left;\">Si rinnova automaticamente di anno in anno fino alla cancellazione<\/li>\n<li class=\"bullet-checkmark\" style=\"text-align: left;\">Garanzia di rimborso di 30 giorni<\/li>\n<li class=\"bullet-checkmark\" style=\"text-align: left;\"><strong>Risparmiate 24\u20ac rispetto alla licenza da 6 mesi <\/strong><\/li>\n<\/ul>\r\n\r\n    <\/div>\n      <\/div>\n<\/div>\n\n\r\n\r\n\t\t<\/div>\n\t\t\t\t\t<\/div>\n\n\t\r\n\n\t<div id=\"col-1084742312\" class=\"col medium-4 small-12 large-4\"  >\n\t\t\t\t<div class=\"col-inner\"  >\n\t\t\t\n\t\t\t\r\n\r\n<div class=\"pricing-table-wrapper\">\n  <div class=\"pricing-table ux_price_table text-center\">\n    <div class=\"pricing-table-header\">\n      <div class=\"title uppercase strong\">PER 2 ANNI<\/div>\n      <div class=\"price is-xxlarge\"><\/div>\n          <\/div>\n    <div class=\"pricing-table-items items\">\n      \r\n\r\n<ul>\n<li class=\"bullet-checkmark\" style=\"text-align: left;\">Addebito anticipato ogni 2 anni<\/li>\n<li class=\"bullet-checkmark\" style=\"text-align: left;\">Pu\u00f2 essere cancellato ogni 2 anni<\/li>\n<li class=\"bullet-checkmark\" style=\"text-align: left;\">Si rinnova automaticamente per 2 anni alla volta, fino a quando non viene annullato<\/li>\n<li class=\"bullet-checkmark\" style=\"text-align: left;\">Garanzia di rimborso di 30 giorni<\/li>\n<li class=\"bullet-checkmark\" style=\"text-align: left;\"><strong>Risparmiate 96 \u20ac rispetto alla licenza di 6 mesi<\/strong><\/li>\n<\/ul>\r\n\r\n    <\/div>\n      <\/div>\n<\/div>\n\n\r\n\r\n\t\t<\/div>\n\t\t\t\t\t<\/div>\n\n\t\r\n\r\n<\/div>\r\n<div class=\"row align-middle align-center\"  id=\"row-503482237\">\r\n\r\n\n\t<div id=\"col-519590139\" class=\"col medium-4 small-12 large-4\"  >\n\t\t\t\t<div class=\"col-inner\"  >\n\t\t\t\n\t\t\t\r\n\r\n<p style=\"text-align: center;\"><p class=\"product woocommerce add_to_cart_inline \" style=\"border:4px solid #ccc; padding: 12px;\"><span class=\"woocommerce-Price-amount amount\"><bdi><span class=\"woocommerce-Price-currencySymbol\">&#36;<\/span>66,00<\/bdi><\/span><span class=\"price-suffix\"><\/span> <span class=\"subscription-details\"> ogni 6 mesi <\/span><a href=\"https:\/\/start.finder-portal.com\/product\/portal-premium-license\/?attribute_pa_subscription-duration=6-months&#038;variation_id=3546047&#038;add-to-cart=3546042\" aria-describedby=\"woocommerce_loop_add_to_cart_link_describedby_3546047\" data-quantity=\"1\" class=\"button product_type_subscription_variation add_to_cart_button ajax_add_to_cart\" data-product_id=\"3546047\" data-product_sku=\"84001\" aria-label=\"Aggiungi al carrello: &quot;Portal Premium License - Licenza per 6 mesi&quot;\" rel=\"nofollow\" data-success_message=\"&quot;Portal Premium License - Licenza per 6 mesi&quot; \u00e8 stato aggiunto al tuo carrello\">Sblocca ora<\/a>\t<span id=\"woocommerce_loop_add_to_cart_link_describedby_3546047\" class=\"screen-reader-text\">\n\t\t\t<\/span>\n<\/p><\/p>\r\n\r\n\t\t<\/div>\n\t\t\t\t\t<\/div>\n\n\t\r\n\n\t<div id=\"col-99416417\" class=\"col medium-4 small-12 large-4\"  >\n\t\t\t\t<div class=\"col-inner\"  >\n\t\t\t\n\t\t\t\r\n\r\n<p style=\"text-align: center;\"><p class=\"product woocommerce add_to_cart_inline \" style=\"border:4px solid #ccc; padding: 12px;\"><span class=\"woocommerce-Price-amount amount\"><bdi><span class=\"woocommerce-Price-currencySymbol\">&#36;<\/span>102,00<\/bdi><\/span><span class=\"price-suffix\"><\/span> <span class=\"subscription-details\"> \/ anno<\/span><a href=\"https:\/\/start.finder-portal.com\/product\/portal-premium-license\/?attribute_pa_subscription-duration=1-year&#038;variation_id=3546048&#038;add-to-cart=3546042\" aria-describedby=\"woocommerce_loop_add_to_cart_link_describedby_3546048\" data-quantity=\"1\" class=\"button product_type_subscription_variation add_to_cart_button ajax_add_to_cart\" data-product_id=\"3546048\" data-product_sku=\"84002\" aria-label=\"Aggiungi al carrello: &quot;Portal Premium License - License for 1 Year&quot;\" rel=\"nofollow\" data-success_message=\"&quot;Portal Premium License - License for 1 Year&quot; \u00e8 stato aggiunto al tuo carrello\">Sblocca ora<\/a>\t<span id=\"woocommerce_loop_add_to_cart_link_describedby_3546048\" class=\"screen-reader-text\">\n\t\t\t<\/span>\n<\/p><\/p>\r\n\r\n\t\t<\/div>\n\t\t\t\t\t<\/div>\n\n\t\r\n\n\t<div id=\"col-589729017\" class=\"col medium-4 small-12 large-4\"  >\n\t\t\t\t<div class=\"col-inner\"  >\n\t\t\t\n\t\t\t\r\n\r\n<p style=\"text-align: center;\"><p class=\"product woocommerce add_to_cart_inline \" style=\"border:4px solid #ccc; padding: 12px;\"><span class=\"woocommerce-Price-amount amount\"><bdi><span class=\"woocommerce-Price-currencySymbol\">&#36;<\/span>156,00<\/bdi><\/span><span class=\"price-suffix\"><\/span> <span class=\"subscription-details\"> ogni 2 anni <\/span><a href=\"https:\/\/start.finder-portal.com\/product\/portal-premium-license\/?attribute_pa_subscription-duration=2-years&#038;variation_id=3546049&#038;add-to-cart=3546042\" aria-describedby=\"woocommerce_loop_add_to_cart_link_describedby_3546049\" data-quantity=\"1\" class=\"button product_type_subscription_variation add_to_cart_button ajax_add_to_cart\" data-product_id=\"3546049\" data-product_sku=\"84003\" aria-label=\"Aggiungi al carrello: &quot;Portal Premium License - License for 2 years&quot;\" rel=\"nofollow\" data-success_message=\"&quot;Portal Premium License - License for 2 years&quot; \u00e8 stato aggiunto al tuo carrello\">Sblocca ora<\/a>\t<span id=\"woocommerce_loop_add_to_cart_link_describedby_3546049\" class=\"screen-reader-text\">\n\t\t\t<\/span>\n<\/p><\/p>\r\n\r\n\t\t<\/div>\n\t\t\t\t\t<\/div>\n\n\t\r\n\r\n<\/div>\r\n<p style=\"text-align: center;\">Le informazioni sulla garanzia di rimborso di 30 giorni <a href=\"\/?page_id=3273\">sono disponibili qui<\/a>.<\/p>\n\t<div id=\"gap-124624133\" class=\"gap-element clearfix\" style=\"display:block; height:auto;\">\n\t\t\n<style>\n#gap-124624133 {\n  padding-top: 40px;\n}\n<\/style>\n\t<\/div>\n\t\n","protected":false},"excerpt":{"rendered":"<p>La licenza Premium Portal per il tuo dispositivo PAJ GPS FINDER include:<\/p>\n<p><strong>&#8211; 365 giorni di informazioni sul percorso<\/strong><br \/>\n<strong>&#8211; Mappe Premium<\/strong><br \/>\n<strong>&#8211; Servizio 24\/7<\/strong><br \/>\n<strong>&#8211; Garanzia<\/strong><\/p>\n<p>a vita Questa licenza fornisce tutto ci\u00f2 di cui hai bisogno per un&#8217;esperienza GPS migliorata e senza preoccupazioni.<\/p>\n","protected":false},"featured_media":3761852,"template":"","meta":[],"product_brand":[],"product_cat":[234],"product_tag":[],"class_list":{"0":"post-3565678","1":"product","2":"type-product","3":"status-publish","4":"has-post-thumbnail","6":"product_cat-new-pricing-model-it","8":"first","9":"instock","10":"taxable","11":"shipping-taxable","12":"purchasable","13":"product-type-variable-subscription"},"bundled_by":["5581456"],"bundle_stock_status":"instock","bundle_stock_quantity":null,"bundle_virtual":false,"bundle_layout":"","bundle_add_to_cart_form_location":"","bundle_editable_in_cart":false,"bundle_sold_individually_context":"","bundle_item_grouping":"","bundle_min_size":"","bundle_max_size":"","bundle_price":[],"bundled_items":[],"bundle_sell_ids":[],"exclude_global_add_ons":true,"addons":[{"name":"Abbonamento al pacchetto di servizi - Piacere pi\u00f9 lungo con il dispositivo","type":"checkbox","position":0,"required":false,"title_format":"label","default":"","description_enable":true,"description":"{\"title\":\"Service Package\",\"image\":\"https:\/\/start.finder-portal.com\/wp-content\/uploads\/2018\/04\/service-Package-grey-ICON1.svg\",\"features\":[\"Free repairs\",\"Lost Device Replacement\",\"Comprehensive Coverage\",\"Hassle-Free Billing\"],\"popup_info\":{\"title\":\"Service Package Subscription:\",\"subtitle\":\"Complete Protection for Your GPS Tracker\",\"includes\":[{\"title\":\"Free Repairs\",\"subtitle\":\"For property damage by:\",\"image\":\"https:\/\/start.finder-portal.com\/wp-content\/uploads\/2018\/04\/Free-Repair-2.svg\",\"features\":[\"Material defects\",\"Manufacturing errors\",\"Wear (for original batteries)\",\"Accidents (shock and fall)\",\"Water, moisture and sand damage\"]},{\"title\":\"Device Replacement\",\"subtitle\":\"In case of total loss:\",\"image\":\"https:\/\/start.finder-portal.com\/wp-content\/uploads\/2018\/04\/Device-replacement.svg\",\"features\":[\"One free replacement per year with refurbished unit of same type and quality\"]},{\"title\":\"No Deductibles\",\"image\":\"https:\/\/start.finder-portal.com\/wp-content\/uploads\/2018\/04\/No-Deductible.svg\",\"features\":[\"No customer self-participation\",\"Immediate coverage\"]}],\"footer_text\":\"The cost of the Service Package Subscription is collected along with your Finder Portal license fee. The subscription term aligns with that of your Finder Portal license; different terms are not possible. If your Finder Portal license is cancelled, the service package will also end concurrently.\"}}","placeholder_enable":false,"placeholder":"","display":"select","restrictions_type":"any_text","adjust_price":false,"price":"","price_type":"flat_fee","restrictions":false,"min":"0","max":"0","options":[{"label":"Incluso il pacchetto di servizi PLUS - 6 mesi","price":"18","price_type":"flat_fee","image":0,"visibility":true}],"id":1723205454},{"name":"Abbonamento al pacchetto di servizi - Piacere pi\u00f9 lungo con il dispositivo","type":"checkbox","position":1,"required":false,"title_format":"label","default":"","description_enable":true,"description":"{\"title\":\"Service Package\",\"image\":\"https:\/\/start.finder-portal.com\/wp-content\/uploads\/2018\/04\/service-Package-grey-ICON1.svg\",\"features\":[\"Free repairs\",\"Lost Device Replacement\",\"Comprehensive Coverage\",\"Hassle-Free Billing\"],\"popup_info\":{\"title\":\"Service Package Subscription:\",\"subtitle\":\"Complete Protection for Your GPS Tracker\",\"includes\":[{\"title\":\"Free Repairs\",\"subtitle\":\"For property damage by:\",\"image\":\"https:\/\/start.finder-portal.com\/wp-content\/uploads\/2018\/04\/Free-Repair-2.svg\",\"features\":[\"Material defects\",\"Manufacturing errors\",\"Wear (for original batteries)\",\"Accidents (shock and fall)\",\"Water, moisture and sand damage\"]},{\"title\":\"Device Replacement\",\"subtitle\":\"In case of total loss:\",\"image\":\"https:\/\/start.finder-portal.com\/wp-content\/uploads\/2018\/04\/Device-replacement.svg\",\"features\":[\"One free replacement per year with refurbished unit of same type and quality\"]},{\"title\":\"No Deductibles\",\"image\":\"https:\/\/start.finder-portal.com\/wp-content\/uploads\/2018\/04\/No-Deductible.svg\",\"features\":[\"No customer self-participation\",\"Immediate coverage\"]}],\"footer_text\":\"The cost of the Service Package Subscription is collected along with your Finder Portal license fee. The subscription term aligns with that of your Finder Portal license; different terms are not possible. If your Finder Portal license is cancelled, the service package will also end concurrently.\"}}","placeholder_enable":false,"placeholder":"","display":"select","restrictions_type":"any_text","adjust_price":false,"price":"","price_type":"flat_fee","restrictions":false,"min":"0","max":"0","options":[{"label":"Incluso il pacchetto di servizi PLUS - 1 anno","price":"30","price_type":"flat_fee","image":0,"visibility":true}],"id":1723205511},{"name":"Abbonamento al pacchetto di servizi - Piacere pi\u00f9 lungo con il dispositivo","type":"checkbox","position":2,"required":false,"title_format":"label","default":"","description_enable":true,"description":"{\"title\":\"Service Package\",\"image\":\"https:\/\/start.finder-portal.com\/wp-content\/uploads\/2018\/04\/service-Package-grey-ICON1.svg\",\"features\":[\"Free repairs\",\"Lost Device Replacement\",\"Comprehensive Coverage\",\"Hassle-Free Billing\"],\"popup_info\":{\"title\":\"Service Package Subscription:\",\"subtitle\":\"Complete Protection for Your GPS Tracker\",\"includes\":[{\"title\":\"Free Repairs\",\"subtitle\":\"For property damage by:\",\"image\":\"https:\/\/start.finder-portal.com\/wp-content\/uploads\/2018\/04\/Free-Repair-2.svg\",\"features\":[\"Material defects\",\"Manufacturing errors\",\"Wear (for original batteries)\",\"Accidents (shock and fall)\",\"Water, moisture and sand damage\"]},{\"title\":\"Device Replacement\",\"subtitle\":\"In case of total loss:\",\"image\":\"https:\/\/start.finder-portal.com\/wp-content\/uploads\/2018\/04\/Device-replacement.svg\",\"features\":[\"One free replacement per year with refurbished unit of same type and quality\"]},{\"title\":\"No Deductibles\",\"image\":\"https:\/\/start.finder-portal.com\/wp-content\/uploads\/2018\/04\/No-Deductible.svg\",\"features\":[\"No customer self-participation\",\"Immediate coverage\"]}],\"footer_text\":\"The cost of the Service Package Subscription is collected along with your Finder Portal license fee. The subscription term aligns with that of your Finder Portal license; different terms are not possible. If your Finder Portal license is cancelled, the service package will also end concurrently.\"}}","placeholder_enable":false,"placeholder":"","display":"select","restrictions_type":"any_text","adjust_price":false,"price":"","price_type":"flat_fee","restrictions":false,"min":"0","max":"0","options":[{"label":"Incluso il pacchetto di servizi PLUS - 2 anni","price":"48","price_type":"flat_fee","image":0,"visibility":true}],"id":1723206194}],"_links":{"self":[{"href":"https:\/\/start.finder-portal.com\/it\/wp-json\/wp\/v2\/product\/3565678","targetHints":{"allow":["GET"]}}],"collection":[{"href":"https:\/\/start.finder-portal.com\/it\/wp-json\/wp\/v2\/product"}],"about":[{"href":"https:\/\/start.finder-portal.com\/it\/wp-json\/wp\/v2\/types\/product"}],"wp:featuredmedia":[{"embeddable":true,"href":"https:\/\/start.finder-portal.com\/it\/wp-json\/wp\/v2\/media\/3761852"}],"wp:attachment":[{"href":"https:\/\/start.finder-portal.com\/it\/wp-json\/wp\/v2\/media?parent=3565678"}],"wp:term":[{"taxonomy":"product_brand","embeddable":true,"href":"https:\/\/start.finder-portal.com\/it\/wp-json\/wp\/v2\/product_brand?post=3565678"},{"taxonomy":"product_cat","embeddable":true,"href":"https:\/\/start.finder-portal.com\/it\/wp-json\/wp\/v2\/product_cat?post=3565678"},{"taxonomy":"product_tag","embeddable":true,"href":"https:\/\/start.finder-portal.com\/it\/wp-json\/wp\/v2\/product_tag?post=3565678"}],"curies":[{"name":"wp","href":"https:\/\/api.w.org\/{rel}","templated":true}]}}