{"id":3572419,"date":"2024-08-07T10:59:34","date_gmt":"2024-08-07T08:59:34","guid":{"rendered":"https:\/\/start.finder-portal.com\/?post_type=product&#038;p=3572419"},"modified":"2026-03-13T16:14:00","modified_gmt":"2026-03-13T15:14:00","slug":"licenza-base-del-portale","status":"publish","type":"product","link":"https:\/\/start.finder-portal.com\/it\/prodotto\/licenza-base-del-portale\/","title":{"rendered":"Licenza base del portale"},"content":{"rendered":"<h2 style=\"text-align: center;\">Abbonamento base al portale FINDER<\/h2>\n<p style=\"text-align: center;\">Per utilizzare il localizzatore GPS PAJ, \u00e8 necessario selezionare un modello di abbonamento per l&#8217;attivazione. Per ogni dispositivo \u00e8 necessario acquistare una licenza del portale FINDER. Pi\u00f9 FINDER possono essere gestiti tramite un unico account.<\/p>\n\t<div id=\"gap-356894619\" class=\"gap-element clearfix\" style=\"display:block; height:auto;\">\n\t\t\n<style>\n#gap-356894619 {\n  padding-top: 30px;\n}\n<\/style>\n\t<\/div>\n\t\n<div class=\"row align-equal align-right row-box-shadow-2 row-box-shadow-5-hover\"  id=\"row-1420948073\">\r\n\r\n\n\t<div id=\"col-488862548\" class=\"col medium-4 small-12 large-4\"  >\n\t\t\t\t<div class=\"col-inner text-left\"  >\n\t\t\t\n\t\t\t\r\n\r\n<div class=\"pricing-table-wrapper\">\n  <div class=\"pricing-table ux_price_table text-center\">\n    <div class=\"pricing-table-header\">\n      <div class=\"title uppercase strong\">PER 1 MESE<\/div>\n      <div class=\"price is-xxlarge\"><\/div>\n          <\/div>\n    <div class=\"pricing-table-items items\">\n      \r\n<ul>\n \t<li class=\"bullet-checkmark\" style=\"text-align: left;\">L'addebito viene effettuato mensilmente in anticipo<\/li>\n \t<li class=\"bullet-checkmark\" style=\"text-align: left;\">Cancellazione mensile<\/li>\n \t<li class=\"bullet-checkmark\" style=\"text-align: left;\">Si rinnova automaticamente per un mese alla volta fino alla cancellazione<\/li>\n \t<li class=\"bullet-checkmark\" style=\"text-align: left;\">Garanzia di rimborso di 30 giorni<\/li>\n<\/ul>\r\n    <\/div>\n      <\/div>\n<\/div>\n\n\r\n\r\n\t\t<\/div>\n\t\t\t\t\t<\/div>\n\n\t\r\n\n\t<div id=\"col-1805133229\" class=\"col medium-4 small-12 large-4\"  >\n\t\t\t\t<div class=\"col-inner\"  >\n\t\t\t\n\t\t\t\r\n\r\n<div class=\"pricing-table-wrapper\">\n  <div class=\"pricing-table ux_price_table text-center\">\n    <div class=\"pricing-table-header\">\n      <div class=\"title uppercase strong\">PER 1 ANNO<\/div>\n      <div class=\"price is-xxlarge\"><\/div>\n          <\/div>\n    <div class=\"pricing-table-items items\">\n      \r\n<ul>\n \t<li class=\"bullet-checkmark\" style=\"text-align: left;\">L'addebito viene effettuato una volta all'anno, in anticipo<\/li>\n \t<li class=\"bullet-checkmark\" style=\"text-align: left;\">Cancellabile annualmente<\/li>\n \t<li class=\"bullet-checkmark\" style=\"text-align: left;\">Si rinnova automaticamente per un anno alla volta fino a quando non si annulla il contratto<\/li>\n \t<li class=\"bullet-checkmark\" style=\"text-align: left;\">Garanzia di rimborso di 30 giorni<\/li>\n \t<li class=\"bullet-checkmark\" style=\"text-align: left;\"><strong>Risparmiate 60\u20ac rispetto alla licenza di 1 mese (pari a 5 mesi).<\/strong><\/li>\n<\/ul>\r\n    <\/div>\n      <\/div>\n<\/div>\n\n\r\n\r\n\t\t<\/div>\n\t\t\t\t\t<\/div>\n\n\t\r\n\n\t<div id=\"col-1695982350\" class=\"col medium-4 small-12 large-4\"  >\n\t\t\t\t<div class=\"col-inner\"  >\n\t\t\t\n\t\t\t\r\n\r\n<div class=\"pricing-table-wrapper\">\n  <div class=\"pricing-table ux_price_table text-center\">\n    <div class=\"pricing-table-header\">\n      <div class=\"title uppercase strong\">PER 2 ANNI<\/div>\n      <div class=\"price is-xxlarge\"><\/div>\n          <\/div>\n    <div class=\"pricing-table-items items\">\n      \r\n<ul>\n \t<li class=\"bullet-checkmark\" style=\"text-align: left;\">L'addebito avviene ogni 2 anni in anticipo<\/li>\n \t<li class=\"bullet-checkmark\" style=\"text-align: left;\">Pu\u00f2 essere cancellato ogni 2 anni<\/li>\n \t<li class=\"bullet-checkmark\" style=\"text-align: left;\">Si rinnova automaticamente per 2 anni alla volta fino a quando non si annulla il contratto<\/li>\n \t<li class=\"bullet-checkmark\" style=\"text-align: left;\">Garanzia di rimborso di 30 giorni<\/li>\n \t<li class=\"bullet-checkmark\" style=\"text-align: left;\"><strong>Risparmiate 168\u20ac rispetto alla licenza di 1 mese (pari a 14 mesi)<\/strong><\/li>\n<\/ul>\r\n    <\/div>\n      <\/div>\n<\/div>\n\n\r\n\r\n\t\t<\/div>\n\t\t\t\t\t<\/div>\n\n\t\r\n\r\n<\/div>\r\n<div class=\"row align-middle align-center\"  id=\"row-1272915851\">\r\n\r\n\n\t<div id=\"col-702383815\" class=\"col medium-4 small-12 large-4\"  >\n\t\t\t\t<div class=\"col-inner\"  >\n\t\t\t\n\t\t\t\r\n<p style=\"text-align: center;\"><p class=\"product woocommerce add_to_cart_inline \" style=\"border:4px solid #ccc; padding: 12px;\"><span class=\"woocommerce-Price-amount amount\"><bdi><span class=\"woocommerce-Price-currencySymbol\">&#36;<\/span>13,00<\/bdi><\/span><span class=\"price-suffix\"><\/span> <span class=\"subscription-details\"> \/ mese<\/span><a href=\"https:\/\/start.finder-portal.com\/product\/portal-licence-basic\/?attribute_pa_subscription-duration=1-month&#038;variation_id=3545937&#038;add-to-cart=3545903\" aria-describedby=\"woocommerce_loop_add_to_cart_link_describedby_3545937\" data-quantity=\"1\" class=\"button product_type_subscription_variation add_to_cart_button ajax_add_to_cart\" data-product_id=\"3545937\" data-product_sku=\"83001\" aria-label=\"Aggiungi al carrello: &quot;Portal Basic License - License for 1 month&quot;\" rel=\"nofollow\" data-success_message=\"&quot;Portal Basic License - License for 1 month&quot; \u00e8 stato aggiunto al tuo carrello\">Sblocca ora<\/a>\t<span id=\"woocommerce_loop_add_to_cart_link_describedby_3545937\" class=\"screen-reader-text\">\n\t\t\t<\/span>\n<\/p><\/p>\r\n\t\t<\/div>\n\t\t\t\t\t<\/div>\n\n\t\r\n\n\t<div id=\"col-995037702\" class=\"col medium-4 small-12 large-4\"  >\n\t\t\t\t<div class=\"col-inner\"  >\n\t\t\t\n\t\t\t\r\n<p style=\"text-align: center;\"><p class=\"product woocommerce add_to_cart_inline \" style=\"border:4px solid #ccc; padding: 12px;\"><span class=\"woocommerce-Price-amount amount\"><bdi><span class=\"woocommerce-Price-currencySymbol\">&#36;<\/span>90,00<\/bdi><\/span><span class=\"price-suffix\"><\/span> <span class=\"subscription-details\"> \/ anno<\/span><a href=\"https:\/\/start.finder-portal.com\/product\/portal-licence-basic\/?attribute_pa_subscription-duration=1-year&#038;variation_id=3545938&#038;add-to-cart=3545903\" aria-describedby=\"woocommerce_loop_add_to_cart_link_describedby_3545938\" data-quantity=\"1\" class=\"button product_type_subscription_variation add_to_cart_button ajax_add_to_cart\" data-product_id=\"3545938\" data-product_sku=\"83002\" aria-label=\"Aggiungi al carrello: &quot;Portal Basic License - License for 1 Year&quot;\" rel=\"nofollow\" data-success_message=\"&quot;Portal Basic License - License for 1 Year&quot; \u00e8 stato aggiunto al tuo carrello\">Sblocca ora<\/a>\t<span id=\"woocommerce_loop_add_to_cart_link_describedby_3545938\" class=\"screen-reader-text\">\n\t\t\t<\/span>\n<\/p><\/p>\r\n\t\t<\/div>\n\t\t\t\t\t<\/div>\n\n\t\r\n\n\t<div id=\"col-610741702\" class=\"col medium-4 small-12 large-4\"  >\n\t\t\t\t<div class=\"col-inner\"  >\n\t\t\t\n\t\t\t\r\n<p style=\"text-align: center;\"><p class=\"product woocommerce add_to_cart_inline \" style=\"border:4px solid #ccc; padding: 12px;\"><span class=\"woocommerce-Price-amount amount\"><bdi><span class=\"woocommerce-Price-currencySymbol\">&#36;<\/span>132,00<\/bdi><\/span><span class=\"price-suffix\"><\/span> <span class=\"subscription-details\"> ogni 2 anni <\/span><a href=\"https:\/\/start.finder-portal.com\/product\/portal-licence-basic\/?attribute_pa_subscription-duration=2-years&#038;variation_id=3545939&#038;add-to-cart=3545903\" aria-describedby=\"woocommerce_loop_add_to_cart_link_describedby_3545939\" data-quantity=\"1\" class=\"button product_type_subscription_variation add_to_cart_button ajax_add_to_cart\" data-product_id=\"3545939\" data-product_sku=\"83003\" aria-label=\"Aggiungi al carrello: &quot;Portal Basic License - License for 2 years&quot;\" rel=\"nofollow\" data-success_message=\"&quot;Portal Basic License - License for 2 years&quot; \u00e8 stato aggiunto al tuo carrello\">Sblocca ora<\/a>\t<span id=\"woocommerce_loop_add_to_cart_link_describedby_3545939\" class=\"screen-reader-text\">\n\t\t\t<\/span>\n<\/p><\/p>\r\n\t\t<\/div>\n\t\t\t\t\t<\/div>\n\n\t\r\n\r\n<\/div>\r\n<p style=\"text-align: center;\">Le informazioni sulla garanzia di rimborso di 30 giorni <a href=\"\/?page_id=3273\">sono disponibili qui<\/a>.<\/p>\n\t<div id=\"gap-1552436428\" class=\"gap-element clearfix\" style=\"display:block; height:auto;\">\n\t\t\n<style>\n#gap-1552436428 {\n  padding-top: 40px;\n}\n<\/style>\n\t<\/div>\n\t\n","protected":false},"excerpt":{"rendered":"<p>La licenza base del portale per il tuo dispositivo PAJ GPS FINDER. Inclusi 3 giorni di archiviazione dati e mappe standard. <\/p>\n","protected":false},"featured_media":3761852,"template":"","meta":[],"product_brand":[],"product_cat":[234],"product_tag":[],"class_list":{"0":"post-3572419","1":"product","2":"type-product","3":"status-publish","4":"has-post-thumbnail","6":"product_cat-new-pricing-model-it","8":"first","9":"instock","10":"taxable","11":"shipping-taxable","12":"purchasable","13":"product-type-variable-subscription"},"bundled_by":["5569257"],"bundle_stock_status":"instock","bundle_stock_quantity":null,"bundle_virtual":false,"bundle_layout":"","bundle_add_to_cart_form_location":"","bundle_editable_in_cart":false,"bundle_sold_individually_context":"","bundle_item_grouping":"","bundle_min_size":"","bundle_max_size":"","bundle_price":[],"bundled_items":[],"bundle_sell_ids":[],"exclude_global_add_ons":true,"addons":[{"name":"Abbonamento al pacchetto di servizi - Piacere pi\u00f9 lungo con il dispositivo","type":"checkbox","position":0,"required":false,"title_format":"label","default":"","description_enable":true,"description":"{\"title\":\"Service Package\",\"image\":\"https:\/\/start.finder-portal.com\/wp-content\/uploads\/2018\/04\/service-Package-grey-ICON1.svg\",\"features\":[\"Free repairs\",\"Lost Device Replacement\",\"Comprehensive Coverage\",\"Hassle-Free Billing\"],\"popup_info\":{\"title\":\"Service Package Subscription:\",\"subtitle\":\"Complete Protection for Your GPS Tracker\",\"includes\":[{\"title\":\"Free Repairs\",\"subtitle\":\"For property damage by:\",\"image\":\"https:\/\/start.finder-portal.com\/wp-content\/uploads\/2018\/04\/Free-Repair-2.svg\",\"features\":[\"Material defects\",\"Manufacturing errors\",\"Wear (for original batteries)\",\"Accidents (shock and fall)\",\"Water, moisture and sand damage\"]},{\"title\":\"Device Replacement\",\"subtitle\":\"In case of total loss:\",\"image\":\"https:\/\/start.finder-portal.com\/wp-content\/uploads\/2018\/04\/Device-replacement.svg\",\"features\":[\"One free replacement per year with refurbished unit of same type and quality\"]},{\"title\":\"No Deductibles\",\"image\":\"https:\/\/start.finder-portal.com\/wp-content\/uploads\/2018\/04\/No-Deductible.svg\",\"features\":[\"No customer self-participation\",\"Immediate coverage\"]}],\"footer_text\":\"The cost of the Service Package Subscription is collected along with your Finder Portal license fee. The subscription term aligns with that of your Finder Portal license; different terms are not possible. If your Finder Portal license is cancelled, the service package will also end concurrently.\"}}","placeholder_enable":false,"placeholder":null,"display":"select","restrictions_type":"any_text","adjust_price":false,"price":"","price_type":"flat_fee","restrictions":false,"min":"0","max":"0","options":[{"label":"Incluso il pacchetto di servizi PLUS - 1 mese","price":"3.5","price_type":"flat_fee","image":0,"visibility":true}],"id":1723196040},{"name":"Abbonamento al pacchetto di servizi - Piacere pi\u00f9 lungo con il dispositivo","type":"checkbox","position":1,"required":false,"title_format":"label","default":"","description_enable":true,"description":"{\"title\":\"Service Package\",\"image\":\"https:\/\/start.finder-portal.com\/wp-content\/uploads\/2018\/04\/service-Package-grey-ICON1.svg\",\"features\":[\"Free repairs\",\"Lost Device Replacement\",\"Comprehensive Coverage\",\"Hassle-Free Billing\"],\"popup_info\":{\"title\":\"Service Package Subscription:\",\"subtitle\":\"Complete Protection for Your GPS Tracker\",\"includes\":[{\"title\":\"Free Repairs\",\"subtitle\":\"For property damage by:\",\"image\":\"https:\/\/start.finder-portal.com\/wp-content\/uploads\/2018\/04\/Free-Repair-2.svg\",\"features\":[\"Material defects\",\"Manufacturing errors\",\"Wear (for original batteries)\",\"Accidents (shock and fall)\",\"Water, moisture and sand damage\"]},{\"title\":\"Device Replacement\",\"subtitle\":\"In case of total loss:\",\"image\":\"https:\/\/start.finder-portal.com\/wp-content\/uploads\/2018\/04\/Device-replacement.svg\",\"features\":[\"One free replacement per year with refurbished unit of same type and quality\"]},{\"title\":\"No Deductibles\",\"image\":\"https:\/\/start.finder-portal.com\/wp-content\/uploads\/2018\/04\/No-Deductible.svg\",\"features\":[\"No customer self-participation\",\"Immediate coverage\"]}],\"footer_text\":\"The cost of the Service Package Subscription is collected along with your Finder Portal license fee. The subscription term aligns with that of your Finder Portal license; different terms are not possible. If your Finder Portal license is cancelled, the service package will also end concurrently.\"}}","placeholder_enable":false,"placeholder":null,"display":"select","restrictions_type":"any_text","adjust_price":false,"price":"","price_type":"flat_fee","restrictions":false,"min":"0","max":"0","options":[{"label":"Incluso il pacchetto di servizi PLUS - 1 anno","price":"30","price_type":"flat_fee","image":0,"visibility":true}],"id":1723200051},{"name":"Abbonamento al pacchetto di servizi - Piacere pi\u00f9 lungo con il dispositivo","type":"checkbox","position":2,"required":false,"title_format":"label","default":"","description_enable":true,"description":"{\"title\":\"Service Package\",\"image\":\"https:\/\/start.finder-portal.com\/wp-content\/uploads\/2018\/04\/service-Package-grey-ICON1.svg\",\"features\":[\"Free repairs\",\"Lost Device Replacement\",\"Comprehensive Coverage\",\"Hassle-Free Billing\"],\"popup_info\":{\"title\":\"Service Package Subscription:\",\"subtitle\":\"Complete Protection for Your GPS Tracker\",\"includes\":[{\"title\":\"Free Repairs\",\"subtitle\":\"For property damage by:\",\"image\":\"https:\/\/start.finder-portal.com\/wp-content\/uploads\/2018\/04\/Free-Repair-2.svg\",\"features\":[\"Material defects\",\"Manufacturing errors\",\"Wear (for original batteries)\",\"Accidents (shock and fall)\",\"Water, moisture and sand damage\"]},{\"title\":\"Device Replacement\",\"subtitle\":\"In case of total loss:\",\"image\":\"https:\/\/start.finder-portal.com\/wp-content\/uploads\/2018\/04\/Device-replacement.svg\",\"features\":[\"One free replacement per year with refurbished unit of same type and quality\"]},{\"title\":\"No Deductibles\",\"image\":\"https:\/\/start.finder-portal.com\/wp-content\/uploads\/2018\/04\/No-Deductible.svg\",\"features\":[\"No customer self-participation\",\"Immediate coverage\"]}],\"footer_text\":\"The cost of the Service Package Subscription is collected along with your Finder Portal license fee. The subscription term aligns with that of your Finder Portal license; different terms are not possible. If your Finder Portal license is cancelled, the service package will also end concurrently.\"}}","placeholder_enable":false,"placeholder":null,"display":"select","restrictions_type":"any_text","adjust_price":false,"price":"","price_type":"flat_fee","restrictions":false,"min":"0","max":"0","options":[{"label":"Incluso il pacchetto di servizi PLUS - 2 anni","price":"48","price_type":"flat_fee","image":0,"visibility":true}],"id":1723200199}],"_links":{"self":[{"href":"https:\/\/start.finder-portal.com\/it\/wp-json\/wp\/v2\/product\/3572419","targetHints":{"allow":["GET"]}}],"collection":[{"href":"https:\/\/start.finder-portal.com\/it\/wp-json\/wp\/v2\/product"}],"about":[{"href":"https:\/\/start.finder-portal.com\/it\/wp-json\/wp\/v2\/types\/product"}],"wp:featuredmedia":[{"embeddable":true,"href":"https:\/\/start.finder-portal.com\/it\/wp-json\/wp\/v2\/media\/3761852"}],"wp:attachment":[{"href":"https:\/\/start.finder-portal.com\/it\/wp-json\/wp\/v2\/media?parent=3572419"}],"wp:term":[{"taxonomy":"product_brand","embeddable":true,"href":"https:\/\/start.finder-portal.com\/it\/wp-json\/wp\/v2\/product_brand?post=3572419"},{"taxonomy":"product_cat","embeddable":true,"href":"https:\/\/start.finder-portal.com\/it\/wp-json\/wp\/v2\/product_cat?post=3572419"},{"taxonomy":"product_tag","embeddable":true,"href":"https:\/\/start.finder-portal.com\/it\/wp-json\/wp\/v2\/product_tag?post=3572419"}],"curies":[{"name":"wp","href":"https:\/\/api.w.org\/{rel}","templated":true}]}}