{"id":5581456,"date":"2024-09-23T15:28:58","date_gmt":"2024-09-23T13:28:58","guid":{"rendered":"https:\/\/start.finder-portal.com\/product\/pacchetto-premium-del-portale\/"},"modified":"2026-03-06T16:07:38","modified_gmt":"2026-03-06T15:07:38","slug":"pacchetto-premium-del-portale","status":"publish","type":"product","link":"https:\/\/start.finder-portal.com\/it\/prodotto\/pacchetto-premium-del-portale\/","title":{"rendered":"Pacchetto Premium del portale"},"content":{"rendered":"<h2 style=\"text-align: center;\">Abbonamento premium al portale FINDER<\/h2>\n<p style=\"text-align: center;\">Per utilizzare il localizzatore GPS PAJ, \u00e8 necessario selezionare un modello di abbonamento per l&#8217;attivazione. Per ogni dispositivo \u00e8 necessario acquistare una licenza del portale FINDER. Pi\u00f9 FINDER possono essere gestiti tramite un unico account.  <\/p>\n\t<div id=\"gap-1951413633\" class=\"gap-element clearfix\" style=\"display:block; height:auto;\">\n\t\t\n<style>\n#gap-1951413633 {\n  padding-top: 30px;\n}\n<\/style>\n\t<\/div>\n\t\n<div class=\"row align-equal align-right row-box-shadow-2 row-box-shadow-5-hover\"  id=\"row-1337645839\">\r\n\r\n\n\t<div id=\"col-132285336\" class=\"col medium-4 small-12 large-4\"  >\n\t\t\t\t<div class=\"col-inner text-left\"  >\n\t\t\t\n\t\t\t\r\n\r\n<div class=\"pricing-table-wrapper\">\n  <div class=\"pricing-table ux_price_table text-center\">\n    <div class=\"pricing-table-header\">\n      <div class=\"title uppercase strong\">PER 6 MESI<\/div>\n      <div class=\"price is-xxlarge\"><\/div>\n          <\/div>\n    <div class=\"pricing-table-items items\">\n      \r\n\r\n<ul>\n<li class=\"bullet-checkmark\" style=\"text-align: left;\">La fatturazione avviene con 6 mesi di anticipo<\/li>\n<li class=\"bullet-checkmark\" style=\"text-align: left;\">Cancellazione di 6 mesi<\/li>\n<li class=\"bullet-checkmark\" style=\"text-align: left;\">Si rinnova automaticamente per 6 mesi alla volta fino a quando non si annulla il contratto<\/li>\n<li class=\"bullet-checkmark\" style=\"text-align: left;\">Garanzia di rimborso di 30 giorni<\/li>\n<\/ul>\r\n\r\n    <\/div>\n      <\/div>\n<\/div>\n\n\r\n\r\n\t\t<\/div>\n\t\t\t\t\t<\/div>\n\n\t\r\n\n\t<div id=\"col-1080579202\" class=\"col medium-4 small-12 large-4\"  >\n\t\t\t\t<div class=\"col-inner\"  >\n\t\t\t\n\t\t\t\r\n\r\n<div class=\"pricing-table-wrapper\">\n  <div class=\"pricing-table ux_price_table text-center\">\n    <div class=\"pricing-table-header\">\n      <div class=\"title uppercase strong\">PER 1 ANNO<\/div>\n      <div class=\"price is-xxlarge\"><\/div>\n          <\/div>\n    <div class=\"pricing-table-items items\">\n      \r\n\r\n<ul>\n<li class=\"bullet-checkmark\" style=\"text-align: left;\">Addebito anticipato una volta all'anno<\/li>\n<li class=\"bullet-checkmark\" style=\"text-align: left;\">Pu\u00f2 essere annullato annualmente<\/li>\n<li class=\"bullet-checkmark\" style=\"text-align: left;\">Si rinnova automaticamente di anno in anno fino alla cancellazione<\/li>\n<li class=\"bullet-checkmark\" style=\"text-align: left;\">Garanzia di rimborso di 30 giorni<\/li>\n<li class=\"bullet-checkmark\" style=\"text-align: left;\"><strong>Risparmiate 24\u20ac rispetto alla licenza da 6 mesi <\/strong><\/li>\n<\/ul>\r\n\r\n    <\/div>\n      <\/div>\n<\/div>\n\n\r\n\r\n\t\t<\/div>\n\t\t\t\t\t<\/div>\n\n\t\r\n\n\t<div id=\"col-1205841398\" class=\"col medium-4 small-12 large-4\"  >\n\t\t\t\t<div class=\"col-inner\"  >\n\t\t\t\n\t\t\t\r\n\r\n<div class=\"pricing-table-wrapper\">\n  <div class=\"pricing-table ux_price_table text-center\">\n    <div class=\"pricing-table-header\">\n      <div class=\"title uppercase strong\">PER 2 ANNI<\/div>\n      <div class=\"price is-xxlarge\"><\/div>\n          <\/div>\n    <div class=\"pricing-table-items items\">\n      \r\n\r\n<ul>\n<li class=\"bullet-checkmark\" style=\"text-align: left;\">Addebito anticipato ogni 2 anni<\/li>\n<li class=\"bullet-checkmark\" style=\"text-align: left;\">Pu\u00f2 essere cancellato ogni 2 anni<\/li>\n<li class=\"bullet-checkmark\" style=\"text-align: left;\">Si rinnova automaticamente per 2 anni alla volta, fino a quando non viene annullato<\/li>\n<li class=\"bullet-checkmark\" style=\"text-align: left;\">Garanzia di rimborso di 30 giorni<\/li>\n<li class=\"bullet-checkmark\" style=\"text-align: left;\"><strong>Risparmiate 96 \u20ac rispetto alla licenza di 6 mesi<\/strong><\/li>\n<\/ul>\r\n\r\n    <\/div>\n      <\/div>\n<\/div>\n\n\r\n\r\n\t\t<\/div>\n\t\t\t\t\t<\/div>\n\n\t\r\n\r\n<\/div>\r\n<div class=\"row align-middle align-center\"  id=\"row-1861775856\">\r\n\r\n\n\t<div id=\"col-916762261\" class=\"col medium-4 small-12 large-4\"  >\n\t\t\t\t<div class=\"col-inner\"  >\n\t\t\t\n\t\t\t\r\n\r\n<p style=\"text-align: center;\"><p class=\"product woocommerce add_to_cart_inline \" style=\"border:4px solid #ccc; padding: 12px;\"><span class=\"woocommerce-Price-amount amount\"><bdi><span class=\"woocommerce-Price-currencySymbol\">&#36;<\/span>66,00<\/bdi><\/span><span class=\"price-suffix\"><\/span> <span class=\"subscription-details\"> ogni 6 mesi <\/span><a href=\"https:\/\/start.finder-portal.com\/product\/portal-premium-license\/?attribute_pa_subscription-duration=6-months&#038;variation_id=3546047&#038;add-to-cart=3546042\" aria-describedby=\"woocommerce_loop_add_to_cart_link_describedby_3546047\" data-quantity=\"1\" class=\"button product_type_subscription_variation add_to_cart_button ajax_add_to_cart\" data-product_id=\"3546047\" data-product_sku=\"84001\" aria-label=\"Aggiungi al carrello: &quot;Portal Premium License - Licenza per 6 mesi&quot;\" rel=\"nofollow\" data-success_message=\"&quot;Portal Premium License - Licenza per 6 mesi&quot; \u00e8 stato aggiunto al tuo carrello\">Sblocca ora<\/a>\t<span id=\"woocommerce_loop_add_to_cart_link_describedby_3546047\" class=\"screen-reader-text\">\n\t\t\t<\/span>\n<\/p><\/p>\r\n\r\n\t\t<\/div>\n\t\t\t\t\t<\/div>\n\n\t\r\n\n\t<div id=\"col-1923441235\" class=\"col medium-4 small-12 large-4\"  >\n\t\t\t\t<div class=\"col-inner\"  >\n\t\t\t\n\t\t\t\r\n\r\n<p style=\"text-align: center;\"><p class=\"product woocommerce add_to_cart_inline \" style=\"border:4px solid #ccc; padding: 12px;\"><span class=\"woocommerce-Price-amount amount\"><bdi><span class=\"woocommerce-Price-currencySymbol\">&#36;<\/span>102,00<\/bdi><\/span><span class=\"price-suffix\"><\/span> <span class=\"subscription-details\"> \/ anno<\/span><a href=\"https:\/\/start.finder-portal.com\/product\/portal-premium-license\/?attribute_pa_subscription-duration=1-year&#038;variation_id=3546048&#038;add-to-cart=3546042\" aria-describedby=\"woocommerce_loop_add_to_cart_link_describedby_3546048\" data-quantity=\"1\" class=\"button product_type_subscription_variation add_to_cart_button ajax_add_to_cart\" data-product_id=\"3546048\" data-product_sku=\"84002\" aria-label=\"Aggiungi al carrello: &quot;Portal Premium License - License for 1 Year&quot;\" rel=\"nofollow\" data-success_message=\"&quot;Portal Premium License - License for 1 Year&quot; \u00e8 stato aggiunto al tuo carrello\">Sblocca ora<\/a>\t<span id=\"woocommerce_loop_add_to_cart_link_describedby_3546048\" class=\"screen-reader-text\">\n\t\t\t<\/span>\n<\/p><\/p>\r\n\r\n\t\t<\/div>\n\t\t\t\t\t<\/div>\n\n\t\r\n\n\t<div id=\"col-841966500\" class=\"col medium-4 small-12 large-4\"  >\n\t\t\t\t<div class=\"col-inner\"  >\n\t\t\t\n\t\t\t\r\n\r\n<p style=\"text-align: center;\"><p class=\"product woocommerce add_to_cart_inline \" style=\"border:4px solid #ccc; padding: 12px;\"><span class=\"woocommerce-Price-amount amount\"><bdi><span class=\"woocommerce-Price-currencySymbol\">&#36;<\/span>156,00<\/bdi><\/span><span class=\"price-suffix\"><\/span> <span class=\"subscription-details\"> ogni 2 anni <\/span><a href=\"https:\/\/start.finder-portal.com\/product\/portal-premium-license\/?attribute_pa_subscription-duration=2-years&#038;variation_id=3546049&#038;add-to-cart=3546042\" aria-describedby=\"woocommerce_loop_add_to_cart_link_describedby_3546049\" data-quantity=\"1\" class=\"button product_type_subscription_variation add_to_cart_button ajax_add_to_cart\" data-product_id=\"3546049\" data-product_sku=\"84003\" aria-label=\"Aggiungi al carrello: &quot;Portal Premium License - License for 2 years&quot;\" rel=\"nofollow\" data-success_message=\"&quot;Portal Premium License - License for 2 years&quot; \u00e8 stato aggiunto al tuo carrello\">Sblocca ora<\/a>\t<span id=\"woocommerce_loop_add_to_cart_link_describedby_3546049\" class=\"screen-reader-text\">\n\t\t\t<\/span>\n<\/p><\/p>\r\n\r\n\t\t<\/div>\n\t\t\t\t\t<\/div>\n\n\t\r\n\r\n<\/div>\r\n<p style=\"text-align: center;\">Le informazioni sulla garanzia di rimborso di 30 giorni <a href=\"\/?page_id=3273\">sono disponibili qui<\/a>.<\/p>\n\t<div id=\"gap-1834884257\" class=\"gap-element clearfix\" style=\"display:block; height:auto;\">\n\t\t\n<style>\n#gap-1834884257 {\n  padding-top: 40px;\n}\n<\/style>\n\t<\/div>\n\t\n","protected":false},"excerpt":{"rendered":"<p style=\"text-align: left;\">Per utilizzare il localizzatore GPS PAJ, \u00e8 necessario selezionare un modello di abbonamento per l&#8217;attivazione. Per ogni dispositivo \u00e8 necessario acquistare una licenza del portale FINDER. Pi\u00f9 FINDER possono essere gestiti tramite un unico account.  <\/p>\n\t<div id=\"gap-308983067\" class=\"gap-element clearfix\" style=\"display:block; height:auto;\">\n\t\t\n<style>\n#gap-308983067 {\n  padding-top: 30px;\n}\n<\/style>\n\t<\/div>\n\t\n<div class=\"row align-equal align-right row-box-shadow-2 row-box-shadow-5-hover\"  id=\"row-1893594384\">\r\n\r\n\n\t<div id=\"col-102332508\" class=\"col medium-4 small-12 large-4\"  >\n\t\t\t\t<div class=\"col-inner text-left\"  >\n\t\t\t\n\t\t\t\r\n\r\n<div class=\"pricing-table-wrapper\">\n  <div class=\"pricing-table ux_price_table text-center\">\n    <div class=\"pricing-table-header\">\n      <div class=\"title uppercase strong\">PER 6 MESI<\/div>\n      <div class=\"price is-xxlarge\"><\/div>\n          <\/div>\n    <div class=\"pricing-table-items items\">\n      \r\n\r\n<ul>\n<li class=\"bullet-checkmark\" style=\"text-align: left;\">La fatturazione avviene con 6 mesi di anticipo<\/li>\n<li class=\"bullet-checkmark\" style=\"text-align: left;\">Cancellazione di 6 mesi<\/li>\n<li class=\"bullet-checkmark\" style=\"text-align: left;\">Si rinnova automaticamente per 6 mesi alla volta fino a quando non si annulla il contratto<\/li>\n<li class=\"bullet-checkmark\" style=\"text-align: left;\">Garanzia di rimborso di 30 giorni<\/li>\n<\/ul>\r\n\r\n    <\/div>\n      <\/div>\n<\/div>\n\n\r\n\r\n\t\t<\/div>\n\t\t\t\t\t<\/div>\n\n\t\r\n\n\t<div id=\"col-1710341829\" class=\"col medium-4 small-12 large-4\"  >\n\t\t\t\t<div class=\"col-inner\"  >\n\t\t\t\n\t\t\t\r\n\r\n<div class=\"pricing-table-wrapper\">\n  <div class=\"pricing-table ux_price_table text-center\">\n    <div class=\"pricing-table-header\">\n      <div class=\"title uppercase strong\">PER 1 ANNO<\/div>\n      <div class=\"price is-xxlarge\"><\/div>\n          <\/div>\n    <div class=\"pricing-table-items items\">\n      \r\n\r\n<ul>\n<li class=\"bullet-checkmark\" style=\"text-align: left;\">Addebito anticipato una volta all'anno<\/li>\n<li class=\"bullet-checkmark\" style=\"text-align: left;\">Pu\u00f2 essere annullato annualmente<\/li>\n<li class=\"bullet-checkmark\" style=\"text-align: left;\">Si rinnova automaticamente di anno in anno fino alla cancellazione<\/li>\n<li class=\"bullet-checkmark\" style=\"text-align: left;\">Garanzia di rimborso di 30 giorni<\/li>\n<li class=\"bullet-checkmark\" style=\"text-align: left;\"><strong>Risparmiate 24\u20ac rispetto alla licenza da 6 mesi <\/strong><\/li>\n<\/ul>\r\n\r\n    <\/div>\n      <\/div>\n<\/div>\n\n\r\n\r\n\t\t<\/div>\n\t\t\t\t\t<\/div>\n\n\t\r\n\n\t<div id=\"col-1286442053\" class=\"col medium-4 small-12 large-4\"  >\n\t\t\t\t<div class=\"col-inner\"  >\n\t\t\t\n\t\t\t\r\n\r\n<div class=\"pricing-table-wrapper\">\n  <div class=\"pricing-table ux_price_table text-center\">\n    <div class=\"pricing-table-header\">\n      <div class=\"title uppercase strong\">PER 2 ANNI<\/div>\n      <div class=\"price is-xxlarge\"><\/div>\n          <\/div>\n    <div class=\"pricing-table-items items\">\n      \r\n\r\n<ul>\n<li class=\"bullet-checkmark\" style=\"text-align: left;\">Addebito anticipato ogni 2 anni<\/li>\n<li class=\"bullet-checkmark\" style=\"text-align: left;\">Pu\u00f2 essere cancellato ogni 2 anni<\/li>\n<li class=\"bullet-checkmark\" style=\"text-align: left;\">Si rinnova automaticamente per 2 anni alla volta, fino a quando non viene annullato<\/li>\n<li class=\"bullet-checkmark\" style=\"text-align: left;\">Garanzia di rimborso di 30 giorni<\/li>\n<li class=\"bullet-checkmark\" style=\"text-align: left;\"><strong>Risparmiate 96 \u20ac rispetto alla licenza di 6 mesi<\/strong><\/li>\n<\/ul>\r\n\r\n    <\/div>\n      <\/div>\n<\/div>\n\n\r\n\r\n\t\t<\/div>\n\t\t\t\t\t<\/div>\n\n\t\r\n\r\n<\/div>\r\n<div class=\"row align-middle align-center\"  id=\"row-93392648\">\r\n\r\n\n\t<div id=\"col-569731937\" class=\"col medium-4 small-12 large-4\"  >\n\t\t\t\t<div class=\"col-inner\"  >\n\t\t\t\n\t\t\t\r\n\r\n<p style=\"text-align: center;\"><p class=\"product woocommerce add_to_cart_inline \" style=\"border:4px solid #ccc; padding: 12px;\"><span class=\"woocommerce-Price-amount amount\"><bdi><span class=\"woocommerce-Price-currencySymbol\">&#36;<\/span>66,00<\/bdi><\/span><span class=\"price-suffix\"><\/span> <span class=\"subscription-details\"> ogni 6 mesi <\/span><a href=\"https:\/\/start.finder-portal.com\/product\/portal-premium-license\/?attribute_pa_subscription-duration=6-months&#038;variation_id=3546047&#038;add-to-cart=3546042\" aria-describedby=\"woocommerce_loop_add_to_cart_link_describedby_3546047\" data-quantity=\"1\" class=\"button product_type_subscription_variation add_to_cart_button ajax_add_to_cart\" data-product_id=\"3546047\" data-product_sku=\"84001\" aria-label=\"Aggiungi al carrello: &quot;Portal Premium License - Licenza per 6 mesi&quot;\" rel=\"nofollow\" data-success_message=\"&quot;Portal Premium License - Licenza per 6 mesi&quot; \u00e8 stato aggiunto al tuo carrello\">Sblocca ora<\/a>\t<span id=\"woocommerce_loop_add_to_cart_link_describedby_3546047\" class=\"screen-reader-text\">\n\t\t\t<\/span>\n<\/p><\/p>\r\n\r\n\t\t<\/div>\n\t\t\t\t\t<\/div>\n\n\t\r\n\n\t<div id=\"col-544229671\" class=\"col medium-4 small-12 large-4\"  >\n\t\t\t\t<div class=\"col-inner\"  >\n\t\t\t\n\t\t\t\r\n\r\n<p style=\"text-align: center;\"><p class=\"product woocommerce add_to_cart_inline \" style=\"border:4px solid #ccc; padding: 12px;\"><span class=\"woocommerce-Price-amount amount\"><bdi><span class=\"woocommerce-Price-currencySymbol\">&#36;<\/span>102,00<\/bdi><\/span><span class=\"price-suffix\"><\/span> <span class=\"subscription-details\"> \/ anno<\/span><a href=\"https:\/\/start.finder-portal.com\/product\/portal-premium-license\/?attribute_pa_subscription-duration=1-year&#038;variation_id=3546048&#038;add-to-cart=3546042\" aria-describedby=\"woocommerce_loop_add_to_cart_link_describedby_3546048\" data-quantity=\"1\" class=\"button product_type_subscription_variation add_to_cart_button ajax_add_to_cart\" data-product_id=\"3546048\" data-product_sku=\"84002\" aria-label=\"Aggiungi al carrello: &quot;Portal Premium License - License for 1 Year&quot;\" rel=\"nofollow\" data-success_message=\"&quot;Portal Premium License - License for 1 Year&quot; \u00e8 stato aggiunto al tuo carrello\">Sblocca ora<\/a>\t<span id=\"woocommerce_loop_add_to_cart_link_describedby_3546048\" class=\"screen-reader-text\">\n\t\t\t<\/span>\n<\/p><\/p>\r\n\r\n\t\t<\/div>\n\t\t\t\t\t<\/div>\n\n\t\r\n\n\t<div id=\"col-1458608828\" class=\"col medium-4 small-12 large-4\"  >\n\t\t\t\t<div class=\"col-inner\"  >\n\t\t\t\n\t\t\t\r\n\r\n<p style=\"text-align: center;\"><p class=\"product woocommerce add_to_cart_inline \" style=\"border:4px solid #ccc; padding: 12px;\"><span class=\"woocommerce-Price-amount amount\"><bdi><span class=\"woocommerce-Price-currencySymbol\">&#36;<\/span>156,00<\/bdi><\/span><span class=\"price-suffix\"><\/span> <span class=\"subscription-details\"> ogni 2 anni <\/span><a href=\"https:\/\/start.finder-portal.com\/product\/portal-premium-license\/?attribute_pa_subscription-duration=2-years&#038;variation_id=3546049&#038;add-to-cart=3546042\" aria-describedby=\"woocommerce_loop_add_to_cart_link_describedby_3546049\" data-quantity=\"1\" class=\"button product_type_subscription_variation add_to_cart_button ajax_add_to_cart\" data-product_id=\"3546049\" data-product_sku=\"84003\" aria-label=\"Aggiungi al carrello: &quot;Portal Premium License - License for 2 years&quot;\" rel=\"nofollow\" data-success_message=\"&quot;Portal Premium License - License for 2 years&quot; \u00e8 stato aggiunto al tuo carrello\">Sblocca ora<\/a>\t<span id=\"woocommerce_loop_add_to_cart_link_describedby_3546049\" class=\"screen-reader-text\">\n\t\t\t<\/span>\n<\/p><\/p>\r\n\r\n\t\t<\/div>\n\t\t\t\t\t<\/div>\n\n\t\r\n\r\n<\/div>\r\n<p style=\"text-align: center;\">Le informazioni sulla garanzia di rimborso di 30 giorni <a href=\"\/?page_id=3273\">sono disponibili qui<\/a>.<\/p>\n\t<div id=\"gap-1248797550\" class=\"gap-element clearfix\" style=\"display:block; height:auto;\">\n\t\t\n<style>\n#gap-1248797550 {\n  padding-top: 40px;\n}\n<\/style>\n\t<\/div>\n\t\n","protected":false},"featured_media":3472211,"template":"","meta":[],"product_brand":[],"product_cat":[234],"product_tag":[],"class_list":{"0":"post-5581456","1":"product","2":"type-product","3":"status-publish","4":"has-post-thumbnail","6":"product_cat-new-pricing-model-it","8":"first","9":"instock","10":"virtual","11":"taxable","12":"purchasable","13":"product-type-bundle"},"bundled_by":[],"bundle_stock_status":"instock","bundle_stock_quantity":"","bundle_virtual":false,"bundle_layout":"default","bundle_add_to_cart_form_location":"default","bundle_editable_in_cart":false,"bundle_sold_individually_context":"product","bundle_item_grouping":"parent","bundle_min_size":"","bundle_max_size":"","bundle_price":{"price":{"min":{"incl_tax":"0","excl_tax":"0"},"max":{"incl_tax":"0","excl_tax":"0"}},"regular_price":{"min":{"incl_tax":"0","excl_tax":"0"},"max":{"incl_tax":"0","excl_tax":"0"}}},"bundled_items":[{"bundled_item_id":1207,"product_id":3565678,"menu_order":0,"quantity_min":1,"quantity_max":1,"quantity_default":1,"priced_individually":true,"shipped_individually":true,"override_title":false,"title":null,"override_description":false,"description":null,"optional":false,"hide_thumbnail":false,"discount":"","override_variations":false,"allowed_variations":[""],"override_default_variation_attributes":false,"default_variation_attributes":[],"single_product_visibility":"visible","cart_visibility":"visible","order_visibility":"visible","single_product_price_visibility":"visible","cart_price_visibility":"visible","order_price_visibility":"visible","stock_status":"in_stock"}],"bundle_sell_ids":[],"exclude_global_add_ons":[],"addons":[],"_links":{"self":[{"href":"https:\/\/start.finder-portal.com\/it\/wp-json\/wp\/v2\/product\/5581456","targetHints":{"allow":["GET"]}}],"collection":[{"href":"https:\/\/start.finder-portal.com\/it\/wp-json\/wp\/v2\/product"}],"about":[{"href":"https:\/\/start.finder-portal.com\/it\/wp-json\/wp\/v2\/types\/product"}],"wp:featuredmedia":[{"embeddable":true,"href":"https:\/\/start.finder-portal.com\/it\/wp-json\/wp\/v2\/media\/3472211"}],"wp:attachment":[{"href":"https:\/\/start.finder-portal.com\/it\/wp-json\/wp\/v2\/media?parent=5581456"}],"wp:term":[{"taxonomy":"product_brand","embeddable":true,"href":"https:\/\/start.finder-portal.com\/it\/wp-json\/wp\/v2\/product_brand?post=5581456"},{"taxonomy":"product_cat","embeddable":true,"href":"https:\/\/start.finder-portal.com\/it\/wp-json\/wp\/v2\/product_cat?post=5581456"},{"taxonomy":"product_tag","embeddable":true,"href":"https:\/\/start.finder-portal.com\/it\/wp-json\/wp\/v2\/product_tag?post=5581456"}],"curies":[{"name":"wp","href":"https:\/\/api.w.org\/{rel}","templated":true}]}}