{"id":1468328,"date":"2022-07-13T18:45:28","date_gmt":"2022-07-13T16:45:28","guid":{"rendered":"https:\/\/start.finder-portal.com\/ponownie-zapisz-sie\/"},"modified":"2022-07-13T18:45:28","modified_gmt":"2022-07-13T16:45:28","slug":"ponownie-zapisz-sie","status":"publish","type":"page","link":"https:\/\/start.finder-portal.com\/pl\/ponownie-zapisz-sie\/","title":{"rendered":"Ponownie zapisz si\u0119"},"content":{"rendered":"\n\n\t<section class=\"section\" id=\"section_143674176\">\n\t\t<div class=\"section-bg fill\" >\n\t\t\t\t\t\t\t\t\t\n\t\t\t\n\n\t\t<\/div>\n\n\t\t\n\n\t\t<div class=\"section-content relative\">\n\t\t\t\n\n<div class=\"container section-title-container\" ><h2 class=\"section-title section-title-bold-center\"><b aria-hidden=\"true\"><\/b><span class=\"section-title-main\" >Instrukcja ponownej aktywacji subskrypcji<\/span><b aria-hidden=\"true\"><\/b><\/h2><\/div>\n\n<div class=\"row\"  id=\"row-1160792744\">\n\n\n\t<div id=\"col-2079922480\" class=\"col small-12 large-12\"  >\n\t\t\t\t<div class=\"col-inner text-center\"  >\n\t\t\t\n\t\t\t\n\n\t<div id=\"text-307758380\" class=\"text\">\n\t\t\n\n<p>Wstrzyma\u0142e\u015b subskrypcj\u0119 portalu Finder i chcesz j\u0105 ponownie aktywowa\u0107? Po prostu wykonaj poni\u017csze czynno\u015bci i ponownie aktywuj subskrypcj\u0119, aby m\u00f3c ponownie korzysta\u0107 z portalu ze wszystkimi jego funkcjami.<\/p>\n\n\t\t\n<style>\n#text-307758380 {\n  text-align: center;\n}\n<\/style>\n\t<\/div>\n\t\n\n\t\t<\/div>\n\t\t\t\t\n<style>\n#col-2079922480 > .col-inner {\n  padding: 0px 190px 0px 190px;\n}\n<\/style>\n\t<\/div>\n\n\t\n\n<\/div>\n\n\t\t<\/div>\n\n\t\t\n<style>\n#section_143674176 {\n  padding-top: 30px;\n  padding-bottom: 30px;\n  min-height: 0px;\n}\n<\/style>\n\t<\/section>\n\t\n\n\t<section class=\"section\" id=\"section_863772440\">\n\t\t<div class=\"section-bg fill\" >\n\t\t\t\t\t\t\t\t\t\n\t\t\t\n\n\t\t<\/div>\n\n\t\t\n\n\t\t<div class=\"section-content relative\">\n\t\t\t\n\n<div class=\"row align-center\"  id=\"row-544416039\">\n\n\n\t<div id=\"col-137844813\" class=\"col medium-4 small-12 large-4\"  >\n\t\t\t\t<div class=\"col-inner\"  >\n\t\t\t\n\t\t\t\n\n\t<div id=\"text-2338517077\" class=\"text\">\n\t\t\n\n<h3>1. Krok<\/h3>\n<h2>Wybierz licencj\u0119<\/h2>\n<p>Wywo\u0142aj wstrzyman\u0105 licencj\u0119 w punkcie <a href=\"https:\/\/start.finder-portal.com\/my-account\/subscriptions\/\" target=\"_blank\" rel=\"noopener\">&#8222;Licencje portalu&#8221;.<\/a><\/p>\n\n\t\t\n<style>\n#text-2338517077 {\n  text-align: center;\n}\n<\/style>\n\t<\/div>\n\t\n\n\t\t<\/div>\n\t\t\t\t\t<\/div>\n\n\t\n\n\t<div id=\"col-1365796471\" class=\"col medium-4 small-12 large-4\"  >\n\t\t\t\t<div class=\"col-inner\"  >\n\t\t\t\n\t\t\t\n\n\t<div id=\"text-1550573432\" class=\"text\">\n\t\t\n\n<h3>2. Krok<\/h3>\n<h2>Ponownie zapisz si\u0119<\/h2>\n<p>Kliknij przycisk &#8222;Ponownie subskrybuj&#8221;  <\/p>\n\n\t\t\n<style>\n#text-1550573432 {\n  text-align: center;\n}\n<\/style>\n\t<\/div>\n\t\n\n\t\t<\/div>\n\t\t\t\t\t<\/div>\n\n\t\n\n\t<div id=\"col-673554484\" class=\"col medium-4 small-12 large-4\"  >\n\t\t\t\t<div class=\"col-inner\"  >\n\t\t\t\n\t\t\t\n\n\t<div id=\"text-3474469447\" class=\"text\">\n\t\t\n\n<h3>3. Krok<\/h3>\n<h2>Kasa<\/h2>\n<p>Zaktualizuj szczeg\u00f3\u0142y p\u0142atno\u015bci i doko\u0144cz zakup.<\/p>\n\n\t\t\n<style>\n#text-3474469447 {\n  text-align: center;\n}\n<\/style>\n\t<\/div>\n\t\n\n\t\t<\/div>\n\t\t\t\t\t<\/div>\n\n\t\n\n\n<style>\n#row-544416039 > .col > .col-inner {\n  background-color: rgb(238, 238, 238);\n}\n<\/style>\n<\/div>\n\n\t\t<\/div>\n\n\t\t\n<style>\n#section_863772440 {\n  padding-top: 30px;\n  padding-bottom: 30px;\n  background-color: rgb(238, 238, 238);\n}\n<\/style>\n\t<\/section>\n\t\n","protected":false},"excerpt":{"rendered":"","protected":false},"author":57988,"featured_media":0,"parent":0,"menu_order":0,"comment_status":"closed","ping_status":"closed","template":"","meta":{"footnotes":""},"class_list":["post-1468328","page","type-page","status-publish","hentry"],"_links":{"self":[{"href":"https:\/\/start.finder-portal.com\/pl\/wp-json\/wp\/v2\/pages\/1468328","targetHints":{"allow":["GET"]}}],"collection":[{"href":"https:\/\/start.finder-portal.com\/pl\/wp-json\/wp\/v2\/pages"}],"about":[{"href":"https:\/\/start.finder-portal.com\/pl\/wp-json\/wp\/v2\/types\/page"}],"author":[{"embeddable":true,"href":"https:\/\/start.finder-portal.com\/pl\/wp-json\/wp\/v2\/users\/57988"}],"replies":[{"embeddable":true,"href":"https:\/\/start.finder-portal.com\/pl\/wp-json\/wp\/v2\/comments?post=1468328"}],"version-history":[{"count":1,"href":"https:\/\/start.finder-portal.com\/pl\/wp-json\/wp\/v2\/pages\/1468328\/revisions"}],"predecessor-version":[{"id":1468329,"href":"https:\/\/start.finder-portal.com\/pl\/wp-json\/wp\/v2\/pages\/1468328\/revisions\/1468329"}],"wp:attachment":[{"href":"https:\/\/start.finder-portal.com\/pl\/wp-json\/wp\/v2\/media?parent=1468328"}],"curies":[{"name":"wp","href":"https:\/\/api.w.org\/{rel}","templated":true}]}}