{"id":29699,"date":"2018-12-07T18:53:01","date_gmt":"2018-12-07T17:53:01","guid":{"rendered":"https:\/\/start.finder-portal.com\/impressum\/"},"modified":"2026-01-20T16:00:10","modified_gmt":"2026-01-20T15:00:10","slug":"impressum","status":"publish","type":"page","link":"https:\/\/start.finder-portal.com\/pl\/impressum\/","title":{"rendered":"Impressum"},"content":{"rendered":"\n<div class=\"row\"  id=\"row-127952361\">\n\n\n\t<div id=\"col-629537432\" class=\"col small-12 large-12\"  >\n\t\t\t\t<div class=\"col-inner\"  >\n\t\t\t\n\t\t\t\n\n<h1>Impressum<\/h1>\n<p>PAJ UG (haftungsbeschr\u00e4nkt)<br>Am Wieschen 1<br>51570 Windeck<br>Windeck, Niemcy<\/p>\n<p>Telefon: +49 (0) 2292 39 499 59<br>E-mail: info@paj-gps.de<\/p>\n<p>S\u0105d rejestracyjny: S\u0105d lokalny w Siegburgu<br>Numer rejestru: HRB 11677<\/p>\n<p>Dyrektor zarz\u0105dzaj\u0105cy: Jakob Lindner<\/p>\n<p>Numer identyfikacji podatkowej: DE291602455<\/p>\n<p>Reg. WEEE Nie. DE33887550<br>Obowi\u0105zki informacyjne zgodnie z \u00a718 ust\u0119pem 4 zdanie 3 ElektroG:<br><a href=\"https:\/\/www.bmuv.de\/themen\/wasser-ressourcen-abfall\/kreislaufwirtschaft\/statistiken\/elektro-und-elektronikaltgeraete\">https:\/\/www.bmuv.de\/themen\/wasser-ressourcen-abfall\/kreislaufwirtschaft\/statistiken\/elektro-und-elektronikaltgeraete<\/a><\/p>\n<p>Osoba odpowiedzialna zgodnie z \u00a7 18 Abs. 2 MStV:<br>Alexander Sarellas, Am Wieschen 1, 51570 Windeck<\/p>\n<p>Platforma Komisji Europejskiej do internetowego rozstrzygania spor\u00f3w: <a href=\"https:\/\/ec.europa.eu\/odr\">https:\/\/ec.europa.eu\/odr<\/a><\/p>\n<p>Nie jeste\u015bmy ani zobowi\u0105zani, ani ch\u0119tni do udzia\u0142u w procedurze rozstrzygania spor\u00f3w przed konsumenck\u0105 komisj\u0105 arbitra\u017cow\u0105.<\/p>\n<p class=\"clearfix\"> <\/p>\n<p><img loading=\"lazy\" decoding=\"async\" class=\"\" src=\"https:\/\/www.it-recht-kanzlei.de\/gfx\/Logos\/logo-fairness-160.png\" alt=\"\" width=\"77\" height=\"87\">  Cz\u0142onek inicjatywy &#8222;Fairness in Trade&#8221;. Wi\u0119cej informacji: <a href=\"https:\/\/www.fairness-im-handel.de\">https:\/\/www.fairness-im-handel.de<\/a><\/p>\n\n\t\t<\/div>\n\t\t\t\t\t<\/div>\n\n\t\n\n<\/div>\n\n","protected":false},"excerpt":{"rendered":"","protected":false},"author":2,"featured_media":0,"parent":0,"menu_order":0,"comment_status":"closed","ping_status":"closed","template":"","meta":{"footnotes":""},"class_list":["post-29699","page","type-page","status-publish","hentry"],"_links":{"self":[{"href":"https:\/\/start.finder-portal.com\/pl\/wp-json\/wp\/v2\/pages\/29699","targetHints":{"allow":["GET"]}}],"collection":[{"href":"https:\/\/start.finder-portal.com\/pl\/wp-json\/wp\/v2\/pages"}],"about":[{"href":"https:\/\/start.finder-portal.com\/pl\/wp-json\/wp\/v2\/types\/page"}],"author":[{"embeddable":true,"href":"https:\/\/start.finder-portal.com\/pl\/wp-json\/wp\/v2\/users\/2"}],"replies":[{"embeddable":true,"href":"https:\/\/start.finder-portal.com\/pl\/wp-json\/wp\/v2\/comments?post=29699"}],"version-history":[{"count":10,"href":"https:\/\/start.finder-portal.com\/pl\/wp-json\/wp\/v2\/pages\/29699\/revisions"}],"predecessor-version":[{"id":5441223,"href":"https:\/\/start.finder-portal.com\/pl\/wp-json\/wp\/v2\/pages\/29699\/revisions\/5441223"}],"wp:attachment":[{"href":"https:\/\/start.finder-portal.com\/pl\/wp-json\/wp\/v2\/media?parent=29699"}],"curies":[{"name":"wp","href":"https:\/\/api.w.org\/{rel}","templated":true}]}}