{"id":29715,"date":"2018-12-07T20:20:43","date_gmt":"2018-12-07T19:20:43","guid":{"rendered":"https:\/\/start.finder-portal.com\/odstapienie-od-umowy\/"},"modified":"2024-01-03T12:32:14","modified_gmt":"2024-01-03T11:32:14","slug":"odstapienie-od-umowy","status":"publish","type":"page","link":"https:\/\/start.finder-portal.com\/pl\/odstapienie-od-umowy\/","title":{"rendered":"Instrukcje dotycz\u0105ce anulowania i formularz anulowania"},"content":{"rendered":"\n<div class=\"row\"  id=\"row-1265338336\">\n\n\n\t<div id=\"col-551968532\" class=\"col small-12 large-12\"  >\n\t\t\t\t<div class=\"col-inner\"  >\n\t\t\t\n\t\t\t\n\n\t<div id=\"gap-1951069423\" class=\"gap-element clearfix\" style=\"display:block; height:auto;\">\n\t\t\n<style>\n#gap-1951069423 {\n  padding-top: 30px;\n}\n<\/style>\n\t<\/div>\n\t\n\n<h1>Instrukcje dotycz\u0105ce anulowania i formularz anulowania<\/h1>\n<p>Konsumenci, tj. ka\u017cda osoba fizyczna dzia\u0142aj\u0105ca w celach, kt\u00f3re w ca\u0142o\u015bci lub w przewa\u017caj\u0105cej cz\u0119\u015bci nie s\u0105 zwi\u0105zane z jej dzia\u0142alno\u015bci\u0105 handlow\u0105, gospodarcz\u0105, rzemie\u015blnicz\u0105 lub wolnym zawodem, s\u0105 uprawnieni do odst\u0105pienia od ka\u017cdej umowy na nast\u0119puj\u0105cych warunkach:<\/p>\n<h2>A. Instrukcje dotycz\u0105ce anulowania<\/h2>\n<h3>Prawo do anulowania<\/h3>\n<p>U\u017cytkownik ma prawo do odst\u0105pienia od umowy w ci\u0105gu 30 dni bez podania przyczyny.<\/p>\n<p>Termin do odst\u0105pienia od umowy wygasa po up\u0142ywie 30 dni od dnia zawarcia umowy.<\/p>\n<p>Aby skorzysta\u0107 z prawa do odst\u0105pienia od umowy, nale\u017cy poinformowa\u0107 nas (PAJ UG (haftungsbeschr\u00e4nkt), Am Wieschen 1, 51570 Windeck, Deutschland, Tel: +49 (0) 2292 39 499 59, E-Mail: info@paj-gps.de) o swojej decyzji o odst\u0105pieniu od niniejszej umowy w drodze jednoznacznego o\u015bwiadczenia (np. w formie pisma wys\u0142anego poczt\u0105, faksem lub poczt\u0105 elektroniczn\u0105). Mo\u017cna skorzysta\u0107 z za\u0142\u0105czonego wzoru formularza odst\u0105pienia od umowy, ale nie jest to obowi\u0105zkowe.<\/p>\n<p>Aby dotrzyma\u0107 terminu odst\u0105pienia od umowy, wystarczy wys\u0142a\u0107 wiadomo\u015b\u0107 dotycz\u0105c\u0105 skorzystania z prawa do odst\u0105pienia od umowy przed up\u0142ywem terminu do odst\u0105pienia od umowy.<\/p>\n<h3>Skutki anulowania<\/h3>\n<p>W przypadku odst\u0105pienia przez u\u017cytkownika od umowy zwr\u00f3cimy mu wszystkie otrzymane od niego p\u0142atno\u015bci, w tym koszty dostawy (z wyj\u0105tkiem dodatkowych koszt\u00f3w wynikaj\u0105cych z wyboru przez u\u017cytkownika innego rodzaju dostawy ni\u017c najta\u0144szy oferowany przez nas rodzaj dostawy standardowej). Zwrotu koszt\u00f3w dokonamy bez zb\u0119dnej zw\u0142oki i nie p\u00f3\u017aniej ni\u017c w terminie 14 dni od dnia, w kt\u00f3rym zostali\u015bmy poinformowani o decyzji o odst\u0105pieniu od niniejszej umowy. Zwrotu koszt\u00f3w dokonamy przy u\u017cyciu tych samych \u015brodk\u00f3w p\u0142atno\u015bci, kt\u00f3re zosta\u0142y u\u017cyte przez u\u017cytkownika w pocz\u0105tkowej transakcji, chyba \u017ce u\u017cytkownik wyra\u017anie zgodzi\u0142 si\u0119 na inne rozwi\u0105zanie; w ka\u017cdym przypadku u\u017cytkownik nie poniesie \u017cadnych op\u0142at w wyniku takiego zwrotu koszt\u00f3w.<\/p>\n<h3>Wyga\u015bni\u0119cie prawa do anulowania<\/h3>\n<p>Prawo do odst\u0105pienia od umowy wygasa przedwcze\u015bnie, je\u017celi rozpocz\u0119li\u015bmy wykonywanie umowy po tym, jak u\u017cytkownik wyra\u017anie zgodzi\u0142 si\u0119, aby\u015bmy rozpocz\u0119li wykonywanie umowy przed up\u0142ywem terminu do odst\u0105pienia od umowy, a u\u017cytkownik potwierdzi\u0142 nam swoj\u0105 wiedz\u0119 o utracie prawa do odst\u0105pienia od umowy poprzez wyra\u017cenie zgody na rozpocz\u0119cie wykonywania umowy oraz je\u017celi dostarczyli\u015bmy u\u017cytkownikowi potwierdzenie zawarcia umowy na trwa\u0142ym no\u015bniku zawieraj\u0105ce tre\u015b\u0107 umowy, w tym wy\u017cej wymienione warunki dotycz\u0105ce przedwczesnego wyga\u015bni\u0119cia prawa do odst\u0105pienia od umowy.<\/p>\n<h2>B. Formularz anulowania<\/h2>\n<p>Aby anulowa\u0107 umow\u0119, nale\u017cy wype\u0142ni\u0107 i przes\u0142a\u0107 niniejszy formularz.<\/p>\n<p>PAJ UG (haftungsbeschr\u00e4nkt)<br>\nAm Wieschen 1<br>\n51570 Windeck<br>\nNiemcy<\/p>\n<p>E-Mail: info@paj-gps.de<\/p>\n<p>Ja\/My (*) niniejszym informuj\u0119\/informujemy (*), \u017ce odst\u0119puj\u0119\/odst\u0119pujemy (*) od umowy sprzeda\u017cy nast\u0119puj\u0105cych towar\u00f3w (*) \/o \u015bwiadczenie nast\u0119puj\u0105cej us\u0142ugi (*),<\/p>\n<p>_______________________________________________________<\/p>\n<p>_______________________________________________________<\/p>\n<p>Zam\u00f3wiono na (*) ____________ \/ otrzymano na (*) __________________<\/p>\n<p>________________________________________________________<br>\nNazwa konsumenta(-\u00f3w)<\/p>\n<p>________________________________________________________<br>\nAdres konsumenta(-\u00f3w)<\/p>\n<p>________________________________________________________<br>\nPodpis konsumenta(-\u00f3w) (tylko je\u015bli niniejszy formularz zosta\u0142 przekazany w formie papierowej)<\/p>\n<p>_________________________<br>\nData<\/p>\n<p>(*) Niepotrzebne skre\u015bli\u0107<\/p>\n\n\n\t\t<\/div>\n\t\t\t\t\t<\/div>\n\n\t\n\n<\/div>\n\n","protected":false},"excerpt":{"rendered":"","protected":false},"author":2,"featured_media":0,"parent":0,"menu_order":0,"comment_status":"closed","ping_status":"closed","template":"","meta":{"footnotes":""},"class_list":["post-29715","page","type-page","status-publish","hentry"],"_links":{"self":[{"href":"https:\/\/start.finder-portal.com\/pl\/wp-json\/wp\/v2\/pages\/29715","targetHints":{"allow":["GET"]}}],"collection":[{"href":"https:\/\/start.finder-portal.com\/pl\/wp-json\/wp\/v2\/pages"}],"about":[{"href":"https:\/\/start.finder-portal.com\/pl\/wp-json\/wp\/v2\/types\/page"}],"author":[{"embeddable":true,"href":"https:\/\/start.finder-portal.com\/pl\/wp-json\/wp\/v2\/users\/2"}],"replies":[{"embeddable":true,"href":"https:\/\/start.finder-portal.com\/pl\/wp-json\/wp\/v2\/comments?post=29715"}],"version-history":[{"count":10,"href":"https:\/\/start.finder-portal.com\/pl\/wp-json\/wp\/v2\/pages\/29715\/revisions"}],"predecessor-version":[{"id":2759934,"href":"https:\/\/start.finder-portal.com\/pl\/wp-json\/wp\/v2\/pages\/29715\/revisions\/2759934"}],"wp:attachment":[{"href":"https:\/\/start.finder-portal.com\/pl\/wp-json\/wp\/v2\/media?parent=29715"}],"curies":[{"name":"wp","href":"https:\/\/api.w.org\/{rel}","templated":true}]}}