{"id":29719,"date":"2018-12-07T20:23:59","date_gmt":"2018-12-07T19:23:59","guid":{"rendered":"https:\/\/start.finder-portal.com\/czesto-zadawane-pytania\/"},"modified":"2025-08-19T12:51:18","modified_gmt":"2025-08-19T10:51:18","slug":"czesto-zadawane-pytania","status":"publish","type":"page","link":"https:\/\/start.finder-portal.com\/pl\/czesto-zadawane-pytania\/","title":{"rendered":"Cz\u0119sto zadawane pytania"},"content":{"rendered":"\n<div class=\"row\"  id=\"row-1269513571\">\r\n\r\n\n\t<div id=\"col-1571157118\" class=\"col small-12 large-12\"  >\n\t\t\t\t<div class=\"col-inner\"  >\n\t\t\t\n\t\t\t\r\n\t<div id=\"gap-1584344601\" class=\"gap-element clearfix\" style=\"display:block; height:auto;\">\n\t\t\n<style>\n#gap-1584344601 {\n  padding-top: 30px;\n}\n<\/style>\n\t<\/div>\n\t\r\n<h1 style=\"text-align: center\">Cz\u0119sto zadawane pytania<\/h1>\r\n\t\t<\/div>\n\t\t\t\t\t<\/div>\n\n\t\r\n\r\n\n\t<div id=\"col-1884323508\" class=\"col small-12 large-12\"  >\n\t\t\t\t<div class=\"col-inner\"  >\n\t\t\t\n\t\t\t\r\n\r\n<div class=\"accordion\">\r\n\r\n\t<div id=\"accordion-2369786155\" class=\"accordion-item\">\n\t\t<a id=\"accordion-2369786155-label\" class=\"accordion-title plain\" href=\"#accordion-item-dlaczego-potrzebuj\u0119-portalu-finder?\" aria-expanded=\"false\" aria-controls=\"accordion-2369786155-content\">\n\t\t\t<button class=\"toggle\" aria-label=\"Prze\u0142\u0105cznik\"><i class=\"icon-angle-down\" aria-hidden=\"true\"><\/i><\/button>\n\t\t\t<span>Dlaczego potrzebuj\u0119 PORTALU FINDER?<\/span>\n\t\t<\/a>\n\t\t<div id=\"accordion-2369786155-content\" class=\"accordion-inner\" aria-labelledby=\"accordion-2369786155-label\">\n\t\t\t\r\n<p>Potrzebujesz PORTALU FINDER, \u017ceby korzysta\u0107 z FINDERA. Obejmuje to miesi\u0119czne koszty zintegrowanej karty SIM oraz dost\u0119p do PORTALU FINDER.  Bez tych dw\u00f3ch element\u00f3w, Tw\u00f3j FINDER nie mo\u017ce da\u0107 Ci pozycji.<\/p>\r\n\t\t<\/div>\n\t<\/div>\n\t\r\n\r\n\t<div id=\"accordion-1228420538\" class=\"accordion-item\">\n\t\t<a id=\"accordion-1228420538-label\" class=\"accordion-title plain\" href=\"#accordion-item-kiedy-mog\u0119-anulowa\u0107?\" aria-expanded=\"false\" aria-controls=\"accordion-1228420538-content\">\n\t\t\t<button class=\"toggle\" aria-label=\"Prze\u0142\u0105cznik\"><i class=\"icon-angle-down\" aria-hidden=\"true\"><\/i><\/button>\n\t\t\t<span>Kiedy mog\u0119 anulowa\u0107?<\/span>\n\t\t<\/a>\n\t\t<div id=\"accordion-1228420538-content\" class=\"accordion-inner\" aria-labelledby=\"accordion-1228420538-label\">\n\t\t\t\r\n<p>W zale\u017cno\u015bci od wybranej licencji subskrypcja b\u0119dzie automatycznie odnawiana co miesi\u0105c, co rok lub co 2 lata. Licencj\u0119 nale\u017cy wypowiedzie\u0107 przed kolejnym automatycznym odnowieniem. odnowieniem. Zalecamy zrobienie tego z 2-tygodniowym wyprzedzeniem, je\u015bli to mo\u017cliwe, poniewa\u017c wys\u0142anie rezygnacji mo\u017ce zaj\u0105\u0107 troch\u0119 czasu. Mo\u017cna r\u00f3wnie\u017c wstrzyma\u0107\/zawiesi\u0107 subskrypcj\u0119 (patrz poni\u017cej).   <\/p>\r\n\t\t<\/div>\n\t<\/div>\n\t\r\n\r\n\t<div id=\"accordion-3523356432\" class=\"accordion-item\">\n\t\t<a id=\"accordion-3523356432-label\" class=\"accordion-title plain\" href=\"#accordion-item-jak-mog\u0119-anulowa\u0107?\" aria-expanded=\"false\" aria-controls=\"accordion-3523356432-content\">\n\t\t\t<button class=\"toggle\" aria-label=\"Prze\u0142\u0105cznik\"><i class=\"icon-angle-down\" aria-hidden=\"true\"><\/i><\/button>\n\t\t\t<span>Jak mog\u0119 anulowa\u0107?<\/span>\n\t\t<\/a>\n\t\t<div id=\"accordion-3523356432-content\" class=\"accordion-inner\" aria-labelledby=\"accordion-3523356432-label\">\n\t\t\t\r\n<p>Po zalogowaniu si\u0119 znajdziesz wszystkie niezb\u0119dne ustawienia w obszarze swojego konta.<\/p>\r\n\t\t<\/div>\n\t<\/div>\n\t\r\n\r\n\t<div id=\"accordion-1012654764\" class=\"accordion-item\">\n\t\t<a id=\"accordion-1012654764-label\" class=\"accordion-title plain\" href=\"#accordion-item-czy-mog\u0119-wstrzyma\u0107-licencj\u0119-w-portalu-finder?\" aria-expanded=\"false\" aria-controls=\"accordion-1012654764-content\">\n\t\t\t<button class=\"toggle\" aria-label=\"Prze\u0142\u0105cznik\"><i class=\"icon-angle-down\" aria-hidden=\"true\"><\/i><\/button>\n\t\t\t<span>Czy mog\u0119 wstrzyma\u0107 licencj\u0119 w PORTALU FINDER?<\/span>\n\t\t<\/a>\n\t\t<div id=\"accordion-1012654764-content\" class=\"accordion-inner\" aria-labelledby=\"accordion-1012654764-label\">\n\t\t\t\r\n<p>Tak, mo\u017cna wstrzyma\u0107 subskrypcj\u0119. Dane \u015bledzenia urz\u0105dzenia zostan\u0105 zachowane, inaczej ni\u017c w przypadku anulowania subskrypcji. Wystarczy zalogowa\u0107 si\u0119 na swoje konto w PORTALU FINDER i odpowiednio zarz\u0105dza\u0107 subskrypcj\u0105 w menu 'Konto'.<br>Alternatywnie mo\u017cna r\u00f3wnie\u017c anulowa\u0107 subskrypcj\u0119 i aktywowa\u0107 j\u0105 ponownie w p\u00f3\u017aniejszym terminie, ale w tym przypadku dane urz\u0105dzenia zostan\u0105 ca\u0142kowicie usuni\u0119te.<\/p>\r\n\t\t<\/div>\n\t<\/div>\n\t\r\n\r\n\t<div id=\"accordion-1206283919\" class=\"accordion-item\">\n\t\t<a id=\"accordion-1206283919-label\" class=\"accordion-title plain\" href=\"#accordion-item-gdzie-przechowywane-s\u0105-dane-z-finder-portal?\" aria-expanded=\"false\" aria-controls=\"accordion-1206283919-content\">\n\t\t\t<button class=\"toggle\" aria-label=\"Prze\u0142\u0105cznik\"><i class=\"icon-angle-down\" aria-hidden=\"true\"><\/i><\/button>\n\t\t\t<span>Gdzie przechowywane s\u0105 dane z FINDER PORTAL?<\/span>\n\t\t<\/a>\n\t\t<div id=\"accordion-1206283919-content\" class=\"accordion-inner\" aria-labelledby=\"accordion-1206283919-label\">\n\t\t\t\r\n<p>Prywatno\u015b\u0107 u\u017cytkownika jest zawsze na pierwszym miejscu, a jego dane s\u0105 traktowane z najwy\u017csz\u0105 wra\u017cliwo\u015bci\u0105. Dane s\u0105 przechowywane na europejskim serwerze z niemieck\u0105 administracj\u0105 zgodnie z niemieck\u0105 federaln\u0105 ustaw\u0105 o ochronie danych. Profile u\u017cytkownik\u00f3w nigdy nie s\u0105 tworzone na podstawie danych i nigdy nie s\u0105 przekazywane stronom trzecim. Dane u\u017cytkownika s\u0105 i pozostaj\u0105 jego danymi!   <\/p>\r\n\t\t<\/div>\n\t<\/div>\n\t\r\n\r\n\t<div id=\"accordion-3785591571\" class=\"accordion-item\">\n\t\t<a id=\"accordion-3785591571-label\" class=\"accordion-title plain\" href=\"#accordion-item-jaka-karta-sim-znajduje-si\u0119-w-moim-urz\u0105dzeniu-finder?\" aria-expanded=\"false\" aria-controls=\"accordion-3785591571-content\">\n\t\t\t<button class=\"toggle\" aria-label=\"Prze\u0142\u0105cznik\"><i class=\"icon-angle-down\" aria-hidden=\"true\"><\/i><\/button>\n\t\t\t<span>Jaka karta SIM znajduje si\u0119 w moim urz\u0105dzeniu FINDER?<\/span>\n\t\t<\/a>\n\t\t<div id=\"accordion-3785591571-content\" class=\"accordion-inner\" aria-labelledby=\"accordion-3785591571-label\">\n\t\t\t\r\n<p>Tw\u00f3j FINDER zawiera specjaln\u0105 kart\u0119 SIM M2M, kt\u00f3ra zawsze \u0142\u0105czy si\u0119 z najlepsz\u0105 dost\u0119pn\u0105 sieci\u0105! W zale\u017cno\u015bci od modelu urz\u0105dzenia, zintegrowana karta SIM obs\u0142uguje kilka sieci kom\u00f3rkowych w maksymalnie 170 krajach. Przegl\u0105d poszczeg\u00f3lnych kraj\u00f3w mo\u017cna znale\u017a\u0107 tutaj.  <\/p>\r\n\t\t<\/div>\n\t<\/div>\n\t\r\n\r\n\t<div id=\"accordion-3621880580\" class=\"accordion-item\">\n\t\t<a id=\"accordion-3621880580-label\" class=\"accordion-title plain\" href=\"#accordion-item-czy-mog\u0119-korzysta\u0107-z-karty-sim-r\u00f3wnie\u017c-w-innych-urz\u0105dzeniach?\" aria-expanded=\"false\" aria-controls=\"accordion-3621880580-content\">\n\t\t\t<button class=\"toggle\" aria-label=\"Prze\u0142\u0105cznik\"><i class=\"icon-angle-down\" aria-hidden=\"true\"><\/i><\/button>\n\t\t\t<span>Czy mog\u0119 korzysta\u0107 z karty SIM r\u00f3wnie\u017c w innych urz\u0105dzeniach?<\/span>\n\t\t<\/a>\n\t\t<div id=\"accordion-3621880580-content\" class=\"accordion-inner\" aria-labelledby=\"accordion-3621880580-label\">\n\t\t\t\r\n<p>Nie, nie jest to mo\u017cliwe, poniewa\u017c karta SIM b\u0119dzie dzia\u0142a\u0107 tylko w programie FINDER.<\/p>\r\n\t\t<\/div>\n\t<\/div>\n\t\r\n\r\n\t<div id=\"accordion-4037796163\" class=\"accordion-item\">\n\t\t<a id=\"accordion-4037796163-label\" class=\"accordion-title plain\" href=\"#accordion-item-co-sprawia,-\u017ce-finder-portal-jest-tak-wyj\u0105tkowy?\" aria-expanded=\"false\" aria-controls=\"accordion-4037796163-content\">\n\t\t\t<button class=\"toggle\" aria-label=\"Prze\u0142\u0105cznik\"><i class=\"icon-angle-down\" aria-hidden=\"true\"><\/i><\/button>\n\t\t\t<span>Co sprawia, \u017ce FINDER PORTAL jest tak wyj\u0105tkowy?<\/span>\n\t\t<\/a>\n\t\t<div id=\"accordion-4037796163-content\" class=\"accordion-inner\" aria-labelledby=\"accordion-4037796163-label\">\n\t\t\t\r\n<p>Opracowali\u015bmy PORTAL FINDER, aby jak naj\u0142atwiej by\u0142o chroni\u0107 i monitorowa\u0107 rzeczy wa\u017cne dla Ciebie. Stworzyli\u015bmy kompletny pakiet sk\u0142adaj\u0105cy si\u0119 z FINDER, karty SIM i portalu \u015bledzenia. Wszystko jest doskonale zharmonizowane, dzi\u0119ki czemu mo\u017cna zaoszcz\u0119dzi\u0107 wiele pracy podczas aktywacji karty SIM i konfiguracji urz\u0105dzenia. Wszystkie us\u0142ugi s\u0105 ju\u017c wliczone w cen\u0119.<\/p>\r\n\t\t<\/div>\n\t<\/div>\n\t\r\n\r\n\t<div id=\"accordion-2016289067\" class=\"accordion-item\">\n\t\t<a id=\"accordion-2016289067-label\" class=\"accordion-title plain\" href=\"#accordion-item-dlaczego-nie-widz\u0119-finder-w-moim-portalu?\" aria-expanded=\"false\" aria-controls=\"accordion-2016289067-content\">\n\t\t\t<button class=\"toggle\" aria-label=\"Prze\u0142\u0105cznik\"><i class=\"icon-angle-down\" aria-hidden=\"true\"><\/i><\/button>\n\t\t\t<span>Dlaczego nie widz\u0119 FINDER w moim PORTALU?<\/span>\n\t\t<\/a>\n\t\t<div id=\"accordion-2016289067-content\" class=\"accordion-inner\" aria-labelledby=\"accordion-2016289067-label\">\n\t\t\t\r\n<p>Je\u015bli w\u0142a\u015bnie aktywowa\u0142e\u015b dost\u0119p do FINDER PORTAL, prosimy o poczekanie w og\u00f3le. 5-10 minut, a\u017c karta SIM zostanie w pe\u0142ni aktywowana. Podczas pierwszego po\u0142\u0105czenia nale\u017cy w miar\u0119 mo\u017cliwo\u015bci umie\u015bci\u0107 urz\u0105dzenie FINDER na zewn\u0105trz, aby mog\u0142o odbiera\u0107 sygna\u0142 GPS. Aby szybciej nawi\u0105za\u0107 po\u0142\u0105czenie, mo\u017cna r\u00f3wnie\u017c porusza\u0107 si\u0119 z urz\u0105dzeniem FINDER na zewn\u0105trz na niewielk\u0105 odleg\u0142o\u015b\u0107 (np. podczas spaceru lub kr\u00f3tkiej podr\u00f3\u017cy samochodem).<\/p>\r\n\t\t<\/div>\n\t<\/div>\n\t\r\n\r\n\t<div id=\"accordion-2426761484\" class=\"accordion-item\">\n\t\t<a id=\"accordion-2426761484-label\" class=\"accordion-title plain\" href=\"#accordion-item-ilu-finder-\u00f3w-mog\u0119-zarz\u0105dza\u0107-na-moim-koncie-portal?\" aria-expanded=\"false\" aria-controls=\"accordion-2426761484-content\">\n\t\t\t<button class=\"toggle\" aria-label=\"Prze\u0142\u0105cznik\"><i class=\"icon-angle-down\" aria-hidden=\"true\"><\/i><\/button>\n\t\t\t<span>Ilu FINDER-\u00f3w mog\u0119 zarz\u0105dza\u0107 na moim koncie PORTAL?<\/span>\n\t\t<\/a>\n\t\t<div id=\"accordion-2426761484-content\" class=\"accordion-inner\" aria-labelledby=\"accordion-2426761484-label\">\n\t\t\t\r\n<p>Liczba FINDERs jest nieograniczona. Mo\u017cesz doda\u0107 dowoln\u0105 liczb\u0119 urz\u0105dze\u0144 do swojego konta PORTAL. Jednak dla ka\u017cdego FINDER potrzebujesz osobnej licencji w PORTALU. <\/p>\r\n\t\t<\/div>\n\t<\/div>\n\t\r\n\r\n\t<div id=\"accordion-4223835271\" class=\"accordion-item\">\n\t\t<a id=\"accordion-4223835271-label\" class=\"accordion-title plain\" href=\"#accordion-item-czy-s\u0105-instrukcje-dotycz\u0105ce-portalu-finder?\" aria-expanded=\"false\" aria-controls=\"accordion-4223835271-content\">\n\t\t\t<button class=\"toggle\" aria-label=\"Prze\u0142\u0105cznik\"><i class=\"icon-angle-down\" aria-hidden=\"true\"><\/i><\/button>\n\t\t\t<span>Czy s\u0105 instrukcje dotycz\u0105ce PORTALU FINDER?<\/span>\n\t\t<\/a>\n\t\t<div id=\"accordion-4223835271-content\" class=\"accordion-inner\" aria-labelledby=\"accordion-4223835271-label\">\n\t\t\t\r\n<p>Tak, ilustrowane instrukcje do FINDER PORTAL znajdziesz <a href=\"https:\/\/www.paj-gps.co.uk\/finder-portal-instructions\/\" rel=\"noopener\" target=\"_blank\">tutaj<\/a>. Regularnie publikujemy tak\u017ce filmy wyja\u015bniaj\u0105ce o PORTALU FINDER na <a href=\"https:\/\/www.youtube.com\/@PAJGPS\" rel=\"noopener\" target=\"_blank\">naszym kanale YouTube<\/a>. <\/p>\r\n\t\t<\/div>\n\t<\/div>\n\t\r\n\r\n<\/div>\r\n\r\n\t\t<\/div>\n\t\t\t\t\t<\/div>\n\n\t\r\n\r\n<\/div>\r\n<p>&nbsp;<\/p>\n\n<div class=\"message-box relative\" style=\"padding-top:15px;padding-bottom:15px;\"><div class=\"message-box-bg-image bg-fill fill\" ><\/div><div class=\"message-box-bg-overlay bg-fill fill\" ><\/div><div class=\"container relative\"><div class=\"inner last-reset\">\n\n<div class=\"row align-middle align-center\"  id=\"row-1385133286\">\n\n\n\t<div id=\"col-57062180\" class=\"col medium-9 small-12 large-9\"  >\n\t\t\t\t<div class=\"col-inner\"  >\n\t\t\t\n\t\t\t\n\n<p><span style=\"font-size: 140%;\"><strong>Tw\u00f3j problem nie mo\u017ce zosta\u0107 rozwi\u0105zany w ten spos\u00f3b?<\/strong><\/span><br\/>Cieszymy si\u0119, \u017ce mo\u017cemy pom\u00f3c Ci osobi\u015bcie, aby szybko znale\u017a\u0107 dla Ciebie rozwi\u0105zanie. Po prostu skontaktuj si\u0119 z nami. <\/p>\n\n\t\t<\/div>\n\t\t\t\t\t<\/div>\n\n\t\n\n\t<div id=\"col-1455426810\" class=\"col medium-3 small-12 large-3\"  >\n\t\t\t\t<div class=\"col-inner text-center\"  >\n\t\t\t\n\t\t\t\n\n<div class=\"social-icons follow-icons\" style=\"font-size:149%\"><span>Skontaktuj si\u0119 z nami<\/span><a href=\"mailto:info@paj-gps.de\" data-label=\"E-mail\" target=\"_blank\" class=\"icon button circle is-outline tooltip email\" title=\"Wy\u015blij nam email\" aria-label=\"Wy\u015blij nam email\" rel=\"nofollow noopener\"><i class=\"icon-envelop\" aria-hidden=\"true\"><\/i><\/a><\/div>\n\n\n\t\t<\/div>\n\t\t\t\t\t<\/div>\n\n\t\n\n<\/div>\n\n<\/div><\/div><\/div>\n","protected":false},"excerpt":{"rendered":"","protected":false},"author":17,"featured_media":0,"parent":0,"menu_order":0,"comment_status":"closed","ping_status":"closed","template":"","meta":{"footnotes":""},"class_list":["post-29719","page","type-page","status-publish","hentry"],"_links":{"self":[{"href":"https:\/\/start.finder-portal.com\/pl\/wp-json\/wp\/v2\/pages\/29719","targetHints":{"allow":["GET"]}}],"collection":[{"href":"https:\/\/start.finder-portal.com\/pl\/wp-json\/wp\/v2\/pages"}],"about":[{"href":"https:\/\/start.finder-portal.com\/pl\/wp-json\/wp\/v2\/types\/page"}],"author":[{"embeddable":true,"href":"https:\/\/start.finder-portal.com\/pl\/wp-json\/wp\/v2\/users\/17"}],"replies":[{"embeddable":true,"href":"https:\/\/start.finder-portal.com\/pl\/wp-json\/wp\/v2\/comments?post=29719"}],"version-history":[{"count":4,"href":"https:\/\/start.finder-portal.com\/pl\/wp-json\/wp\/v2\/pages\/29719\/revisions"}],"predecessor-version":[{"id":4939520,"href":"https:\/\/start.finder-portal.com\/pl\/wp-json\/wp\/v2\/pages\/29719\/revisions\/4939520"}],"wp:attachment":[{"href":"https:\/\/start.finder-portal.com\/pl\/wp-json\/wp\/v2\/media?parent=29719"}],"curies":[{"name":"wp","href":"https:\/\/api.w.org\/{rel}","templated":true}]}}