{"id":3521465,"date":"2024-07-31T10:40:07","date_gmt":"2024-07-31T08:40:07","guid":{"rendered":"https:\/\/start.finder-portal.com\/metody-platnosci\/"},"modified":"2024-07-31T11:57:43","modified_gmt":"2024-07-31T09:57:43","slug":"metody-platnosci","status":"publish","type":"page","link":"https:\/\/start.finder-portal.com\/pl\/metody-platnosci\/","title":{"rendered":"Metody p\u0142atno\u015bci"},"content":{"rendered":"\n<div class=\"row\"  id=\"row-899724160\">\n\n\n\t<div id=\"col-1488608861\" class=\"col small-12 large-12\"  >\n\t\t\t\t<div class=\"col-inner\"  >\n\t\t\t\n\t\t\t\n\n\t<div id=\"gap-632754703\" class=\"gap-element clearfix\" style=\"display:block; height:auto;\">\n\t\t\n<style>\n#gap-632754703 {\n  padding-top: 30px;\n}\n<\/style>\n\t<\/div>\n\t\n\n<h1 style=\"text-align: center;\"><span style=\"font-size: 120%;\">Metody p\u0142atno\u015bci<\/span><\/h1>\n\t<div id=\"gap-1043817539\" class=\"gap-element clearfix\" style=\"display:block; height:auto;\">\n\t\t\n<style>\n#gap-1043817539 {\n  padding-top: 30px;\n}\n<\/style>\n\t<\/div>\n\t\n\n\n\t\t<\/div>\n\t\t\t\t\t<\/div>\n\n\t\n\n<\/div>\n<div class=\"row\"  id=\"row-968980900\">\n\n\n\t<div id=\"col-1851987407\" class=\"col medium-3 small-12 large-3\"  >\n\t\t\t\t<div class=\"col-inner\"  >\n\t\t\t\n\t\t\t\n\n\t<div class=\"img has-hover x md-x lg-x y md-y lg-y\" id=\"image_613736504\">\n\t\t\t\t\t\t\t\t<div class=\"img-inner dark\" >\n\t\t\t<img loading=\"lazy\" decoding=\"async\" width=\"437\" height=\"115\" src=\"https:\/\/start.finder-portal.com\/wp-content\/uploads\/2024\/07\/paypal-logo.png\" class=\"attachment-original size-original\" alt=\"PayPal Logo\" srcset=\"https:\/\/start.finder-portal.com\/wp-content\/uploads\/2024\/07\/paypal-logo.png 437w, https:\/\/start.finder-portal.com\/wp-content\/uploads\/2024\/07\/paypal-logo-200x53.png 200w, https:\/\/start.finder-portal.com\/wp-content\/uploads\/2024\/07\/paypal-logo-50x13.png 50w, https:\/\/start.finder-portal.com\/wp-content\/uploads\/2024\/07\/paypal-logo-300x79.png 300w\" sizes=\"auto, (max-width: 437px) 100vw, 437px\" \/>\t\t\t\t\t\t\n\t\t\t\t\t<\/div>\n\t\t\t\t\t\t\t\t\n<style>\n#image_613736504 {\n  width: 100%;\n}\n<\/style>\n\t<\/div>\n\t\n\n\n\t\t<\/div>\n\t\t\t\t\t<\/div>\n\n\t\n\n\t<div id=\"col-220676830\" class=\"col medium-9 small-12 large-9\"  >\n\t\t\t\t<div class=\"col-inner\"  >\n\t\t\t\n\t\t\t\n\n<h2>PayPal<\/h2>\n<p class=\"cleaner\">Mo\u017cesz r\u00f3wnie\u017c zap\u0142aci\u0107 za pomoc\u0105 PayPal. Dzi\u0119ki us\u0142udze PayPal Buyer Protection ka\u017cda p\u0142atno\u015b\u0107 za po\u015brednictwem PayPal jest bezpieczna, a w razie problem\u00f3w zawsze otrzymasz zwrot pieni\u0119dzy. <\/p>\n<p class=\"cleaner\">Aby to zrobi\u0107, wybierz PayPal podczas wybierania metody p\u0142atno\u015bci. Po zako\u0144czeniu procesu sk\u0142adania zam\u00f3wienia nast\u0105pi automatyczne przekierowanie do serwisu PayPal. Je\u015bli jeste\u015b ju\u017c klientem PayPal, mo\u017cesz zalogowa\u0107 si\u0119 przy u\u017cyciu swoich danych u\u017cytkownika i potwierdzi\u0107 p\u0142atno\u015b\u0107.  <\/p>\n<p class=\"cleaner\">Je\u015bli jeste\u015b nowym u\u017cytkownikiem PayPal, mo\u017cesz zarejestrowa\u0107 si\u0119 jako go\u015b\u0107 lub otworzy\u0107 konto PayPal, a nast\u0119pnie potwierdzi\u0107 p\u0142atno\u015b\u0107. Dane bankowe i dane karty kredytowej nie b\u0119d\u0105 udost\u0119pniane stronom trzecim. Dla kupuj\u0105cych p\u0142atno\u015b\u0107 w systemie PayPal jest zawsze bezp\u0142atna.  <\/p>\n\n\t\t<\/div>\n\t\t\t\t\t<\/div>\n\n\t\n\n<\/div>\n<div class=\"row\"  id=\"row-1724594691\">\n\n\n\t<div id=\"col-1989194692\" class=\"col medium-3 small-12 large-3\"  >\n\t\t\t\t<div class=\"col-inner\"  >\n\t\t\t\n\t\t\t\n\n\t<div class=\"img has-hover x md-x lg-x y md-y lg-y\" id=\"image_706319365\">\n\t\t\t\t\t\t\t\t<div class=\"img-inner dark\" >\n\t\t\t<img loading=\"lazy\" decoding=\"async\" width=\"512\" height=\"98\" src=\"https:\/\/start.finder-portal.com\/wp-content\/uploads\/2024\/07\/amazon-pay-logo.png\" class=\"attachment-original size-original\" alt=\"Amazon Pay Logo\" srcset=\"https:\/\/start.finder-portal.com\/wp-content\/uploads\/2024\/07\/amazon-pay-logo.png 512w, https:\/\/start.finder-portal.com\/wp-content\/uploads\/2024\/07\/amazon-pay-logo-200x38.png 200w, https:\/\/start.finder-portal.com\/wp-content\/uploads\/2024\/07\/amazon-pay-logo-50x10.png 50w, https:\/\/start.finder-portal.com\/wp-content\/uploads\/2024\/07\/amazon-pay-logo-300x57.png 300w\" sizes=\"auto, (max-width: 512px) 100vw, 512px\" \/>\t\t\t\t\t\t\n\t\t\t\t\t<\/div>\n\t\t\t\t\t\t\t\t\n<style>\n#image_706319365 {\n  width: 100%;\n}\n@media (min-width:850px) {\n  #image_706319365 {\n    width: 70%;\n  }\n}\n<\/style>\n\t<\/div>\n\t\n\n\n\t\t<\/div>\n\t\t\t\t\t<\/div>\n\n\t\n\n\t<div id=\"col-766454691\" class=\"col medium-9 small-12 large-9\"  >\n\t\t\t\t<div class=\"col-inner\"  >\n\t\t\t\n\t\t\t\n\n<h2 class=\"cleaner\">Amazon Pay<\/h2>\n<p class=\"cleaner\">Mo\u017cesz r\u00f3wnie\u017c \u0142atwo p\u0142aci\u0107 za pomoc\u0105 Amazon Pay.<\/p>\n<p class=\"cleaner\">Aby to zrobi\u0107, wybierz Amazon Pay podczas wybierania metody p\u0142atno\u015bci. Po zako\u0144czeniu procesu sk\u0142adania zam\u00f3wienia nast\u0105pi automatyczne przekierowanie do serwisu Amazon z pro\u015bb\u0105 o zalogowanie si\u0119 na konto Amazon. Nast\u0119pnie mo\u017cesz wygodnie zap\u0142aci\u0107 za pomoc\u0105 metod p\u0142atno\u015bci ju\u017c zapisanych na Twoim koncie Amazon.  <\/p>\n\n\t\t<\/div>\n\t\t\t\t\t<\/div>\n\n\t\n\n<\/div>\n<div class=\"row\"  id=\"row-1314309758\">\n\n\n\t<div id=\"col-642012335\" class=\"col medium-3 small-12 large-3\"  >\n\t\t\t\t<div class=\"col-inner\"  >\n\t\t\t\n\t\t\t\n\n\t<div class=\"img has-hover x md-x lg-x y md-y lg-y\" id=\"image_175758433\">\n\t\t\t\t\t\t\t\t<div class=\"img-inner dark\" >\n\t\t\t<img loading=\"lazy\" decoding=\"async\" width=\"593\" height=\"153\" src=\"https:\/\/start.finder-portal.com\/wp-content\/uploads\/2024\/07\/credit-card-logo-1.png\" class=\"attachment-original size-original\" alt=\"\" srcset=\"https:\/\/start.finder-portal.com\/wp-content\/uploads\/2024\/07\/credit-card-logo-1.png 593w, https:\/\/start.finder-portal.com\/wp-content\/uploads\/2024\/07\/credit-card-logo-1-200x52.png 200w, https:\/\/start.finder-portal.com\/wp-content\/uploads\/2024\/07\/credit-card-logo-1-50x13.png 50w, https:\/\/start.finder-portal.com\/wp-content\/uploads\/2024\/07\/credit-card-logo-1-300x77.png 300w\" sizes=\"auto, (max-width: 593px) 100vw, 593px\" \/>\t\t\t\t\t\t\n\t\t\t\t\t<\/div>\n\t\t\t\t\t\t\t\t\n<style>\n#image_175758433 {\n  width: 100%;\n}\n@media (min-width:850px) {\n  #image_175758433 {\n    width: 80%;\n  }\n}\n<\/style>\n\t<\/div>\n\t\n\n\n\t\t<\/div>\n\t\t\t\t\t<\/div>\n\n\t\n\n\t<div id=\"col-832369408\" class=\"col medium-9 small-12 large-9\"  >\n\t\t\t\t<div class=\"col-inner\"  >\n\t\t\t\n\t\t\t\n\n<h2 class=\"cleaner\">Karta kredytowa<\/h2>\n<p class=\"cleaner\">Mo\u017cesz r\u00f3wnie\u017c zap\u0142aci\u0107 kart\u0105 kredytow\u0105.<\/p>\n<p class=\"cleaner\">Aby to zrobi\u0107, wybierz kart\u0119 kredytow\u0105 podczas wybierania metody p\u0142atno\u015bci i po prostu wprowad\u017a dane swojej karty.<\/p>\n\n\t\t<\/div>\n\t\t\t\t\t<\/div>\n\n\t\n\n<\/div>\n\n","protected":false},"excerpt":{"rendered":"","protected":false},"author":16015,"featured_media":0,"parent":0,"menu_order":0,"comment_status":"closed","ping_status":"closed","template":"","meta":{"footnotes":""},"class_list":["post-3521465","page","type-page","status-publish","hentry"],"_links":{"self":[{"href":"https:\/\/start.finder-portal.com\/pl\/wp-json\/wp\/v2\/pages\/3521465","targetHints":{"allow":["GET"]}}],"collection":[{"href":"https:\/\/start.finder-portal.com\/pl\/wp-json\/wp\/v2\/pages"}],"about":[{"href":"https:\/\/start.finder-portal.com\/pl\/wp-json\/wp\/v2\/types\/page"}],"author":[{"embeddable":true,"href":"https:\/\/start.finder-portal.com\/pl\/wp-json\/wp\/v2\/users\/16015"}],"replies":[{"embeddable":true,"href":"https:\/\/start.finder-portal.com\/pl\/wp-json\/wp\/v2\/comments?post=3521465"}],"version-history":[{"count":2,"href":"https:\/\/start.finder-portal.com\/pl\/wp-json\/wp\/v2\/pages\/3521465\/revisions"}],"predecessor-version":[{"id":3521634,"href":"https:\/\/start.finder-portal.com\/pl\/wp-json\/wp\/v2\/pages\/3521465\/revisions\/3521634"}],"wp:attachment":[{"href":"https:\/\/start.finder-portal.com\/pl\/wp-json\/wp\/v2\/media?parent=3521465"}],"curies":[{"name":"wp","href":"https:\/\/api.w.org\/{rel}","templated":true}]}}