{"id":4981451,"date":"2025-08-01T08:49:02","date_gmt":"2025-08-01T06:49:02","guid":{"rendered":"https:\/\/start.finder-portal.com\/?post_type=product&#038;p=4981451"},"modified":"2026-04-16T10:49:00","modified_gmt":"2026-04-16T08:49:00","slug":"service-package","status":"publish","type":"product","link":"https:\/\/start.finder-portal.com\/pl\/produkt\/service-package\/","title":{"rendered":"Dodatek: Pakiet us\u0142ug"},"content":{"rendered":"<div class=\"modal-dialog modal-dialog--service-package-subscription\">\n    <div class=\"modal-dialog__content\">\n        <h2>\n            <span>Subskrypcja Pakietu Us\u0142ug:<\/span>\n        <\/h2>\n        <p class=\"dialog-subheadline\">\n  Pe\u0142na ochrona Twojego lokalizatora GPS\n        <\/p>\n\n        <p class=\"dialog-included\">\n            <svg aria-hidden=\"true\">\n                <use href=\"#pajgps-icon-check-mark\"\/>\n            <\/svg>\n            <span>Co jest wliczone w cen\u0119?<\/span>\n        <\/p>\n\n        <ul class=\"service-add-ons-features\">\n            <li class=\"add-on-feature\">\n                <svg aria-hidden=\"true\">\n                    <use href=\"#pajgps-icon-gear-with-wrench\"\/>\n                <\/svg>\n                <h3>\n  Darmowe naprawy\n                <\/h3>\n                <div class=\"add-on-feature-details\">\n                    <p>\n  Za szkody maj\u0105tkowe spowodowane przez:\n                    <\/p>\n                    <ul>\n                        <li>\n                            <svg aria-label=\"Included\">\n                                <use href=\"#pajgps-icon-check-mark\"\/>\n                            <\/svg>\n  Wady materia\u0142owe\n                        <\/li>\n                        <li>\n                            <svg aria-label=\"Included\">\n                                <use href=\"#pajgps-icon-check-mark\"\/>\n                            <\/svg>\n  B\u0142\u0119dy produkcyjne\n                        <\/li>\n                        <li>\n                            <svg aria-label=\"Included\">\n                                <use href=\"#pajgps-icon-check-mark\"\/>\n                            <\/svg>\n  Zu\u017cycie (dla oryginalnych baterii)\n                        <\/li>\n                        <li>\n                            <svg aria-label=\"Included\">\n                                <use href=\"#pajgps-icon-check-mark\"\/>\n                            <\/svg>\n  Wypadki (wstrz\u0105s i upadek)\n                        <\/li>\n                        <li>\n                            <svg aria-label=\"Included\">\n                                <use href=\"#pajgps-icon-check-mark\"\/>\n                            <\/svg>\n  Uszkodzenia spowodowane przez wod\u0119, wilgo\u0107 i piasek\n                        <\/li>\n                    <\/ul>\n                <\/div>\n            <\/li>\n\n            <li class=\"add-on-feature\">\n                <svg aria-hidden=\"true\">\n                    <use href=\"#pajgps-icon-packages-with-arrows\"\/>\n                <\/svg>\n                <h3>\n  Wymiana urz\u0105dzenia\n                <\/h3>\n                <div class=\"add-on-feature-details\">\n                    <p>W przypadku szkody ca\u0142kowitej:<\/p>\n                    <ul>\n                        <li>\n                            <svg aria-label=\"Included\">\n                                <use href=\"#pajgps-icon-check-mark\"\/>\n                            <\/svg>\n  Jedna bezp\u0142atna wymiana rocznie na odnowione urz\u0105dzenie tego samego typu i jako\u015bci\n                        <\/li>\n                    <\/ul>\n                <\/div>\n            <\/li>\n\n            <li class=\"add-on-feature\">\n                <svg aria-hidden=\"true\">\n                    <use href=\"#pajgps-icon-money-refund\"\/>\n                <\/svg>\n                <h3>\n  Brak udzia\u0142u w\u0142asnego\n                <\/h3>\n                <div class=\"add-on-feature-details\">\n                    <ul>\n                        <li>\n                            <svg aria-label=\"Included\">\n                                <use href=\"#pajgps-icon-check-mark\"\/>\n                            <\/svg>\n  Brak mo\u017cliwo\u015bci samodzielnego uczestnictwa klienta\n                        <\/li>\n                        <li>\n                            <svg aria-label=\"Included\">\n                                <use href=\"#pajgps-icon-check-mark\"\/>\n                            <\/svg>\n  Natychmiastowy zasi\u0119g\n                        <\/li>\n                    <\/ul>\n                <\/div>\n            <\/li>\n        <\/ul>\n    <\/div>\n\n\n    <div class=\"modal-dialog__content modal-dialog--bottom\">\n        <div class=\"billing-information\">\n            <h3 class=\"billing-headline\">\n                <svg aria-hidden=\"true\">\n                    <use href=\"#pajgps-icon-bill\"\/>\n                <\/svg>\n  Informacje rozliczeniowe\n            <\/h3>\n\n            <ul class=\"billing-options\">\n                <li>1 miesi\u0105c: <strong>3,50 \u20ac miesi\u0119cznie<\/strong> <span>(3,50 \u20ac rozliczane miesi\u0119cznie)<\/span><\/li>\n                <li>6 miesi\u0119cy: <strong>3,00 \u20ac miesi\u0119cznie<\/strong> <span>(18,00 \u20ac rozliczane co 6 miesi\u0119cy)<\/span><\/li>\n                <li>1 rok: <strong>2,50 \u20ac miesi\u0119cznie<\/strong> <span>(30,00 \u20ac rozliczane rocznie)<\/span><\/li>\n                <li>2 lata: <strong>2,00 \u20ac miesi\u0119cznie<\/strong> <span>(48,00 \u20ac rozliczane co 2 lata)<\/span><\/li>\n            <\/ul>\n\n            <p>\n  Koszt Subskrypcji Pakietu Us\u0142ug jest pobierany wraz z op\u0142at\u0105 licencyjn\u0105 za korzystanie z Finder Portal\n . Okres subskrypcji jest zgodny z okresem licencji portalu Finder;<x id=\"gid_1\"><\/x> R\u00f3\u017cne warunki nie s\u0105 mo\u017cliwe. Je\u015bli licencja na Finder Portal zostanie anulowana, pakiet us\u0142ug r\u00f3wnie\u017c zako\u0144czy si\u0119\n r\u00f3wnocze\u015bnie.  \n            <\/p>\n\n            <p style=\"font-weight: bold;\">\n  Potrzebujesz dodatkowej pomocy? Aby uzyska\u0107 dalsz\u0105 pomoc lub odpowiedzie\u0107 na jakiekolwiek pytania, skontaktuj si\u0119 z naszym\n zespo\u0142em pomocy technicznej lub odwied\u017a nasz\u0105 sekcj\u0119 FAQ. \n            <\/p>\n        <\/div>\n    <\/div>\n<\/div>\n\n","protected":false},"excerpt":{"rendered":"<ul>\n<li class=\"tick\">Bezp\u0142atne naprawy<\/li>\n<li class=\"tick\">Wymiana zagubionych urz\u0105dze\u0144<\/li>\n<li class=\"tick\">Kompleksowa ochrona ubezpieczeniowa<\/li>\n<li class=\"tick\">Brak samodzielnej partycypacji klienta<\/li>\n<\/ul>\n","protected":false},"featured_media":4876653,"template":"","meta":[],"product_brand":[],"product_cat":[],"product_tag":[],"class_list":{"0":"post-4981451","1":"product","2":"type-product","3":"status-publish","4":"has-post-thumbnail","7":"first","8":"instock","9":"taxable","10":"shipping-taxable","11":"purchasable","12":"product-type-variable-subscription"},"bundled_by":["5025434"],"bundle_stock_status":"instock","bundle_stock_quantity":null,"bundle_virtual":false,"bundle_layout":"","bundle_add_to_cart_form_location":"","bundle_editable_in_cart":false,"bundle_sold_individually_context":"","bundle_item_grouping":"","bundle_min_size":"","bundle_max_size":"","bundle_price":[],"bundled_items":[],"bundle_sell_ids":[],"exclude_global_add_ons":[],"addons":[],"_links":{"self":[{"href":"https:\/\/start.finder-portal.com\/pl\/wp-json\/wp\/v2\/product\/4981451","targetHints":{"allow":["GET"]}}],"collection":[{"href":"https:\/\/start.finder-portal.com\/pl\/wp-json\/wp\/v2\/product"}],"about":[{"href":"https:\/\/start.finder-portal.com\/pl\/wp-json\/wp\/v2\/types\/product"}],"wp:featuredmedia":[{"embeddable":true,"href":"https:\/\/start.finder-portal.com\/pl\/wp-json\/wp\/v2\/media\/4876653"}],"wp:attachment":[{"href":"https:\/\/start.finder-portal.com\/pl\/wp-json\/wp\/v2\/media?parent=4981451"}],"wp:term":[{"taxonomy":"product_brand","embeddable":true,"href":"https:\/\/start.finder-portal.com\/pl\/wp-json\/wp\/v2\/product_brand?post=4981451"},{"taxonomy":"product_cat","embeddable":true,"href":"https:\/\/start.finder-portal.com\/pl\/wp-json\/wp\/v2\/product_cat?post=4981451"},{"taxonomy":"product_tag","embeddable":true,"href":"https:\/\/start.finder-portal.com\/pl\/wp-json\/wp\/v2\/product_tag?post=4981451"}],"curies":[{"name":"wp","href":"https:\/\/api.w.org\/{rel}","templated":true}]}}