{"id":5581455,"date":"2024-09-23T15:28:58","date_gmt":"2024-09-23T13:28:58","guid":{"rendered":"https:\/\/start.finder-portal.com\/product\/pakiet-premium-portalu\/"},"modified":"2026-03-06T16:07:38","modified_gmt":"2026-03-06T15:07:38","slug":"pakiet-premium-portalu","status":"publish","type":"product","link":"https:\/\/start.finder-portal.com\/pl\/produkt\/pakiet-premium-portalu\/","title":{"rendered":"Pakiet Premium Portalu"},"content":{"rendered":"<h2 style=\"text-align: center;\">Subskrypcja premium portalu FINDER<\/h2>\n<p style=\"text-align: center;\">Aby korzysta\u0107 z lokalizatora GPS PAJ, musisz wybra\u0107 model subskrypcji do aktywacji. Dla ka\u017cdego urz\u0105dzenia nale\u017cy kupi\u0107 licencj\u0119 na portal FINDER. Wiele FINDER mo\u017cna zarz\u0105dza\u0107 za po\u015brednictwem jednego konta.  <\/p>\n\t<div id=\"gap-943579276\" class=\"gap-element clearfix\" style=\"display:block; height:auto;\">\n\t\t\n<style>\n#gap-943579276 {\n  padding-top: 30px;\n}\n<\/style>\n\t<\/div>\n\t\n<div class=\"row align-equal align-right row-box-shadow-2 row-box-shadow-5-hover\"  id=\"row-86976327\">\r\n\r\n\n\t<div id=\"col-1952486112\" class=\"col medium-4 small-12 large-4\"  >\n\t\t\t\t<div class=\"col-inner text-left\"  >\n\t\t\t\n\t\t\t\r\n\r\n<div class=\"pricing-table-wrapper\">\n  <div class=\"pricing-table ux_price_table text-center\">\n    <div class=\"pricing-table-header\">\n      <div class=\"title uppercase strong\">PRZEZ 6 MIESI\u0118CY<\/div>\n      <div class=\"price is-xxlarge\"><\/div>\n          <\/div>\n    <div class=\"pricing-table-items items\">\n      \r\n\r\n<ul>\n<li class=\"bullet-checkmark\" style=\"text-align: left;\">Rozliczenie z 6-miesi\u0119cznym wyprzedzeniem<\/li>\n<li class=\"bullet-checkmark\" style=\"text-align: left;\">Anulowanie na 6 miesi\u0119cy<\/li>\n<li class=\"bullet-checkmark\" style=\"text-align: left;\">Automatycznie odnawia si\u0119 na 6 miesi\u0119cy do momentu anulowania<\/li>\n<li class=\"bullet-checkmark\" style=\"text-align: left;\">30-dniowa gwarancja zwrotu pieni\u0119dzy<\/li>\n<\/ul>\r\n\r\n    <\/div>\n      <\/div>\n<\/div>\n\n\r\n\r\n\t\t<\/div>\n\t\t\t\t\t<\/div>\n\n\t\r\n\n\t<div id=\"col-99571592\" class=\"col medium-4 small-12 large-4\"  >\n\t\t\t\t<div class=\"col-inner\"  >\n\t\t\t\n\t\t\t\r\n\r\n<div class=\"pricing-table-wrapper\">\n  <div class=\"pricing-table ux_price_table text-center\">\n    <div class=\"pricing-table-header\">\n      <div class=\"title uppercase strong\">PRZEZ 1 ROK<\/div>\n      <div class=\"price is-xxlarge\"><\/div>\n          <\/div>\n    <div class=\"pricing-table-items items\">\n      \r\n\r\n<ul>\n<li class=\"bullet-checkmark\" style=\"text-align: left;\">Obci\u0105\u017cenie raz w roku z g\u00f3ry<\/li>\n<li class=\"bullet-checkmark\" style=\"text-align: left;\">Mo\u017cna anulowa\u0107 co roku<\/li>\n<li class=\"bullet-checkmark\" style=\"text-align: left;\">Automatycznie odnawia si\u0119 rok po roku do momentu anulowania<\/li>\n<li class=\"bullet-checkmark\" style=\"text-align: left;\">30-dniowa gwarancja zwrotu pieni\u0119dzy<\/li>\n<li class=\"bullet-checkmark\" style=\"text-align: left;\"><strong>Oszcz\u0119dzasz 102 z\u0142 w por\u00f3wnaniu do 6-miesi\u0119cznej licencji <\/strong><\/li>\n<\/ul>\r\n\r\n    <\/div>\n      <\/div>\n<\/div>\n\n\r\n\r\n\t\t<\/div>\n\t\t\t\t\t<\/div>\n\n\t\r\n\n\t<div id=\"col-1812603559\" class=\"col medium-4 small-12 large-4\"  >\n\t\t\t\t<div class=\"col-inner\"  >\n\t\t\t\n\t\t\t\r\n\r\n<div class=\"pricing-table-wrapper\">\n  <div class=\"pricing-table ux_price_table text-center\">\n    <div class=\"pricing-table-header\">\n      <div class=\"title uppercase strong\">PRZEZ 2 LATA<\/div>\n      <div class=\"price is-xxlarge\"><\/div>\n          <\/div>\n    <div class=\"pricing-table-items items\">\n      \r\n\r\n<ul>\n<li class=\"bullet-checkmark\" style=\"text-align: left;\">Obci\u0105\u017cenie co 2 lata z g\u00f3ry<\/li>\n<li class=\"bullet-checkmark\" style=\"text-align: left;\">Mo\u017cliwo\u015b\u0107 anulowania co 2 lata<\/li>\n<li class=\"bullet-checkmark\" style=\"text-align: left;\">Automatycznie odnawia si\u0119 na 2 lata, dop\u00f3ki nie zostanie anulowany<\/li>\n<li class=\"bullet-checkmark\" style=\"text-align: left;\">30-dniowa gwarancja zwrotu pieni\u0119dzy<\/li>\n<li class=\"bullet-checkmark\" style=\"text-align: left;\"><strong>Oszcz\u0119dzasz 408 z\u0142 w por\u00f3wnaniu do 6-miesi\u0119cznej licencji<\/strong><\/li>\n<\/ul>\r\n\r\n    <\/div>\n      <\/div>\n<\/div>\n\n\r\n\r\n\t\t<\/div>\n\t\t\t\t\t<\/div>\n\n\t\r\n\r\n<\/div>\r\n<div class=\"row align-middle align-center\"  id=\"row-888886040\">\r\n\r\n\n\t<div id=\"col-546175700\" class=\"col medium-4 small-12 large-4\"  >\n\t\t\t\t<div class=\"col-inner\"  >\n\t\t\t\n\t\t\t\r\n\r\n<p style=\"text-align: center;\"><p class=\"product woocommerce add_to_cart_inline \" style=\"border:4px solid #ccc; padding: 12px;\"><span class=\"woocommerce-Price-amount amount\"><bdi><span class=\"woocommerce-Price-currencySymbol\">&#36;<\/span>66,00<\/bdi><\/span><span class=\"price-suffix\"><\/span> <span class=\"subscription-details\"> ka\u017cdy 6 miesi\u0119cy <\/span><a href=\"https:\/\/start.finder-portal.com\/product\/portal-premium-license\/?attribute_pa_subscription-duration=6-months&#038;variation_id=3546047&#038;add-to-cart=3546042\" aria-describedby=\"woocommerce_loop_add_to_cart_link_describedby_3546047\" data-quantity=\"1\" class=\"button product_type_subscription_variation add_to_cart_button ajax_add_to_cart\" data-product_id=\"3546047\" data-product_sku=\"84001\" aria-label=\"Dodaj do koszyka: &bdquo;Portal Premium License - Licencja na 6 miesi\u0119cy&rdquo;\" rel=\"nofollow\" data-success_message=\"&ldquo;Portal Premium License - Licencja na 6 miesi\u0119cy&rdquo; zosta\u0142 dodany do twojego koszyka\">Odblokuj teraz<\/a>\t<span id=\"woocommerce_loop_add_to_cart_link_describedby_3546047\" class=\"screen-reader-text\">\n\t\t\t<\/span>\n<\/p><\/p>\r\n\r\n\t\t<\/div>\n\t\t\t\t\t<\/div>\n\n\t\r\n\n\t<div id=\"col-1177672816\" class=\"col medium-4 small-12 large-4\"  >\n\t\t\t\t<div class=\"col-inner\"  >\n\t\t\t\n\t\t\t\r\n\r\n<p style=\"text-align: center;\"><p class=\"product woocommerce add_to_cart_inline \" style=\"border:4px solid #ccc; padding: 12px;\"><span class=\"woocommerce-Price-amount amount\"><bdi><span class=\"woocommerce-Price-currencySymbol\">&#36;<\/span>102,00<\/bdi><\/span><span class=\"price-suffix\"><\/span> <span class=\"subscription-details\"> \/ rok<\/span><a href=\"https:\/\/start.finder-portal.com\/product\/portal-premium-license\/?attribute_pa_subscription-duration=1-year&#038;variation_id=3546048&#038;add-to-cart=3546042\" aria-describedby=\"woocommerce_loop_add_to_cart_link_describedby_3546048\" data-quantity=\"1\" class=\"button product_type_subscription_variation add_to_cart_button ajax_add_to_cart\" data-product_id=\"3546048\" data-product_sku=\"84002\" aria-label=\"Dodaj do koszyka: &bdquo;Portal Premium License - License for 1 Year&rdquo;\" rel=\"nofollow\" data-success_message=\"&ldquo;Portal Premium License - License for 1 Year&rdquo; zosta\u0142 dodany do twojego koszyka\">Odblokuj teraz<\/a>\t<span id=\"woocommerce_loop_add_to_cart_link_describedby_3546048\" class=\"screen-reader-text\">\n\t\t\t<\/span>\n<\/p><\/p>\r\n\r\n\t\t<\/div>\n\t\t\t\t\t<\/div>\n\n\t\r\n\n\t<div id=\"col-259408602\" class=\"col medium-4 small-12 large-4\"  >\n\t\t\t\t<div class=\"col-inner\"  >\n\t\t\t\n\t\t\t\r\n\r\n<p style=\"text-align: center;\"><p class=\"product woocommerce add_to_cart_inline \" style=\"border:4px solid #ccc; padding: 12px;\"><span class=\"woocommerce-Price-amount amount\"><bdi><span class=\"woocommerce-Price-currencySymbol\">&#36;<\/span>156,00<\/bdi><\/span><span class=\"price-suffix\"><\/span> <span class=\"subscription-details\"> ka\u017cdy 2 lat <\/span><a href=\"https:\/\/start.finder-portal.com\/product\/portal-premium-license\/?attribute_pa_subscription-duration=2-years&#038;variation_id=3546049&#038;add-to-cart=3546042\" aria-describedby=\"woocommerce_loop_add_to_cart_link_describedby_3546049\" data-quantity=\"1\" class=\"button product_type_subscription_variation add_to_cart_button ajax_add_to_cart\" data-product_id=\"3546049\" data-product_sku=\"84003\" aria-label=\"Dodaj do koszyka: &bdquo;Portal Premium License - License for 2 years&rdquo;\" rel=\"nofollow\" data-success_message=\"&ldquo;Portal Premium License - License for 2 years&rdquo; zosta\u0142 dodany do twojego koszyka\">Odblokuj teraz<\/a>\t<span id=\"woocommerce_loop_add_to_cart_link_describedby_3546049\" class=\"screen-reader-text\">\n\t\t\t<\/span>\n<\/p><\/p>\r\n\r\n\t\t<\/div>\n\t\t\t\t\t<\/div>\n\n\t\r\n\r\n<\/div>\r\n<p style=\"text-align: center;\">Informacje na temat 30-dniowej gwarancji zwrotu pieni\u0119dzy <a href=\"\/?page_id=29682\">mo\u017cna znale\u017a\u0107 tutaj<\/a>.<\/p>\n\t<div id=\"gap-107750124\" class=\"gap-element clearfix\" style=\"display:block; height:auto;\">\n\t\t\n<style>\n#gap-107750124 {\n  padding-top: 40px;\n}\n<\/style>\n\t<\/div>\n\t\n","protected":false},"excerpt":{"rendered":"<p style=\"text-align: left;\">Aby korzysta\u0107 z lokalizatora GPS PAJ, musisz wybra\u0107 model subskrypcji do aktywacji. Dla ka\u017cdego urz\u0105dzenia nale\u017cy kupi\u0107 licencj\u0119 na portal FINDER. Wiele FINDER mo\u017cna zarz\u0105dza\u0107 za po\u015brednictwem jednego konta.  <\/p>\n\t<div id=\"gap-632815829\" class=\"gap-element clearfix\" style=\"display:block; height:auto;\">\n\t\t\n<style>\n#gap-632815829 {\n  padding-top: 30px;\n}\n<\/style>\n\t<\/div>\n\t\n<div class=\"row align-equal align-right row-box-shadow-2 row-box-shadow-5-hover\"  id=\"row-1372935131\">\r\n\r\n\n\t<div id=\"col-852688945\" class=\"col medium-4 small-12 large-4\"  >\n\t\t\t\t<div class=\"col-inner text-left\"  >\n\t\t\t\n\t\t\t\r\n\r\n<div class=\"pricing-table-wrapper\">\n  <div class=\"pricing-table ux_price_table text-center\">\n    <div class=\"pricing-table-header\">\n      <div class=\"title uppercase strong\">PRZEZ 6 MIESI\u0118CY<\/div>\n      <div class=\"price is-xxlarge\"><\/div>\n          <\/div>\n    <div class=\"pricing-table-items items\">\n      \r\n\r\n<ul>\n<li class=\"bullet-checkmark\" style=\"text-align: left;\">Rozliczenie z 6-miesi\u0119cznym wyprzedzeniem<\/li>\n<li class=\"bullet-checkmark\" style=\"text-align: left;\">Anulowanie na 6 miesi\u0119cy<\/li>\n<li class=\"bullet-checkmark\" style=\"text-align: left;\">Automatycznie odnawia si\u0119 na 6 miesi\u0119cy do momentu anulowania<\/li>\n<li class=\"bullet-checkmark\" style=\"text-align: left;\">30-dniowa gwarancja zwrotu pieni\u0119dzy<\/li>\n<\/ul>\r\n\r\n    <\/div>\n      <\/div>\n<\/div>\n\n\r\n\r\n\t\t<\/div>\n\t\t\t\t\t<\/div>\n\n\t\r\n\n\t<div id=\"col-867644998\" class=\"col medium-4 small-12 large-4\"  >\n\t\t\t\t<div class=\"col-inner\"  >\n\t\t\t\n\t\t\t\r\n\r\n<div class=\"pricing-table-wrapper\">\n  <div class=\"pricing-table ux_price_table text-center\">\n    <div class=\"pricing-table-header\">\n      <div class=\"title uppercase strong\">PRZEZ 1 ROK<\/div>\n      <div class=\"price is-xxlarge\"><\/div>\n          <\/div>\n    <div class=\"pricing-table-items items\">\n      \r\n\r\n<ul>\n<li class=\"bullet-checkmark\" style=\"text-align: left;\">Obci\u0105\u017cenie raz w roku z g\u00f3ry<\/li>\n<li class=\"bullet-checkmark\" style=\"text-align: left;\">Mo\u017cna anulowa\u0107 co roku<\/li>\n<li class=\"bullet-checkmark\" style=\"text-align: left;\">Automatycznie odnawia si\u0119 rok po roku do momentu anulowania<\/li>\n<li class=\"bullet-checkmark\" style=\"text-align: left;\">30-dniowa gwarancja zwrotu pieni\u0119dzy<\/li>\n<li class=\"bullet-checkmark\" style=\"text-align: left;\"><strong>Oszcz\u0119dzasz 102 z\u0142 w por\u00f3wnaniu do 6-miesi\u0119cznej licencji <\/strong><\/li>\n<\/ul>\r\n\r\n    <\/div>\n      <\/div>\n<\/div>\n\n\r\n\r\n\t\t<\/div>\n\t\t\t\t\t<\/div>\n\n\t\r\n\n\t<div id=\"col-1099833595\" class=\"col medium-4 small-12 large-4\"  >\n\t\t\t\t<div class=\"col-inner\"  >\n\t\t\t\n\t\t\t\r\n\r\n<div class=\"pricing-table-wrapper\">\n  <div class=\"pricing-table ux_price_table text-center\">\n    <div class=\"pricing-table-header\">\n      <div class=\"title uppercase strong\">PRZEZ 2 LATA<\/div>\n      <div class=\"price is-xxlarge\"><\/div>\n          <\/div>\n    <div class=\"pricing-table-items items\">\n      \r\n\r\n<ul>\n<li class=\"bullet-checkmark\" style=\"text-align: left;\">Obci\u0105\u017cenie co 2 lata z g\u00f3ry<\/li>\n<li class=\"bullet-checkmark\" style=\"text-align: left;\">Mo\u017cliwo\u015b\u0107 anulowania co 2 lata<\/li>\n<li class=\"bullet-checkmark\" style=\"text-align: left;\">Automatycznie odnawia si\u0119 na 2 lata, dop\u00f3ki nie zostanie anulowany<\/li>\n<li class=\"bullet-checkmark\" style=\"text-align: left;\">30-dniowa gwarancja zwrotu pieni\u0119dzy<\/li>\n<li class=\"bullet-checkmark\" style=\"text-align: left;\"><strong>Oszcz\u0119dzasz 408 z\u0142 w por\u00f3wnaniu do 6-miesi\u0119cznej licencji<\/strong><\/li>\n<\/ul>\r\n\r\n    <\/div>\n      <\/div>\n<\/div>\n\n\r\n\r\n\t\t<\/div>\n\t\t\t\t\t<\/div>\n\n\t\r\n\r\n<\/div>\r\n<div class=\"row align-middle align-center\"  id=\"row-1945217460\">\r\n\r\n\n\t<div id=\"col-1006871731\" class=\"col medium-4 small-12 large-4\"  >\n\t\t\t\t<div class=\"col-inner\"  >\n\t\t\t\n\t\t\t\r\n\r\n<p style=\"text-align: center;\"><p class=\"product woocommerce add_to_cart_inline \" style=\"border:4px solid #ccc; padding: 12px;\"><span class=\"woocommerce-Price-amount amount\"><bdi><span class=\"woocommerce-Price-currencySymbol\">&#36;<\/span>66,00<\/bdi><\/span><span class=\"price-suffix\"><\/span> <span class=\"subscription-details\"> ka\u017cdy 6 miesi\u0119cy <\/span><a href=\"https:\/\/start.finder-portal.com\/product\/portal-premium-license\/?attribute_pa_subscription-duration=6-months&#038;variation_id=3546047&#038;add-to-cart=3546042\" aria-describedby=\"woocommerce_loop_add_to_cart_link_describedby_3546047\" data-quantity=\"1\" class=\"button product_type_subscription_variation add_to_cart_button ajax_add_to_cart\" data-product_id=\"3546047\" data-product_sku=\"84001\" aria-label=\"Dodaj do koszyka: &bdquo;Portal Premium License - Licencja na 6 miesi\u0119cy&rdquo;\" rel=\"nofollow\" data-success_message=\"&ldquo;Portal Premium License - Licencja na 6 miesi\u0119cy&rdquo; zosta\u0142 dodany do twojego koszyka\">Odblokuj teraz<\/a>\t<span id=\"woocommerce_loop_add_to_cart_link_describedby_3546047\" class=\"screen-reader-text\">\n\t\t\t<\/span>\n<\/p><\/p>\r\n\r\n\t\t<\/div>\n\t\t\t\t\t<\/div>\n\n\t\r\n\n\t<div id=\"col-862370121\" class=\"col medium-4 small-12 large-4\"  >\n\t\t\t\t<div class=\"col-inner\"  >\n\t\t\t\n\t\t\t\r\n\r\n<p style=\"text-align: center;\"><p class=\"product woocommerce add_to_cart_inline \" style=\"border:4px solid #ccc; padding: 12px;\"><span class=\"woocommerce-Price-amount amount\"><bdi><span class=\"woocommerce-Price-currencySymbol\">&#36;<\/span>102,00<\/bdi><\/span><span class=\"price-suffix\"><\/span> <span class=\"subscription-details\"> \/ rok<\/span><a href=\"https:\/\/start.finder-portal.com\/product\/portal-premium-license\/?attribute_pa_subscription-duration=1-year&#038;variation_id=3546048&#038;add-to-cart=3546042\" aria-describedby=\"woocommerce_loop_add_to_cart_link_describedby_3546048\" data-quantity=\"1\" class=\"button product_type_subscription_variation add_to_cart_button ajax_add_to_cart\" data-product_id=\"3546048\" data-product_sku=\"84002\" aria-label=\"Dodaj do koszyka: &bdquo;Portal Premium License - License for 1 Year&rdquo;\" rel=\"nofollow\" data-success_message=\"&ldquo;Portal Premium License - License for 1 Year&rdquo; zosta\u0142 dodany do twojego koszyka\">Odblokuj teraz<\/a>\t<span id=\"woocommerce_loop_add_to_cart_link_describedby_3546048\" class=\"screen-reader-text\">\n\t\t\t<\/span>\n<\/p><\/p>\r\n\r\n\t\t<\/div>\n\t\t\t\t\t<\/div>\n\n\t\r\n\n\t<div id=\"col-2108730876\" class=\"col medium-4 small-12 large-4\"  >\n\t\t\t\t<div class=\"col-inner\"  >\n\t\t\t\n\t\t\t\r\n\r\n<p style=\"text-align: center;\"><p class=\"product woocommerce add_to_cart_inline \" style=\"border:4px solid #ccc; padding: 12px;\"><span class=\"woocommerce-Price-amount amount\"><bdi><span class=\"woocommerce-Price-currencySymbol\">&#36;<\/span>156,00<\/bdi><\/span><span class=\"price-suffix\"><\/span> <span class=\"subscription-details\"> ka\u017cdy 2 lat <\/span><a href=\"https:\/\/start.finder-portal.com\/product\/portal-premium-license\/?attribute_pa_subscription-duration=2-years&#038;variation_id=3546049&#038;add-to-cart=3546042\" aria-describedby=\"woocommerce_loop_add_to_cart_link_describedby_3546049\" data-quantity=\"1\" class=\"button product_type_subscription_variation add_to_cart_button ajax_add_to_cart\" data-product_id=\"3546049\" data-product_sku=\"84003\" aria-label=\"Dodaj do koszyka: &bdquo;Portal Premium License - License for 2 years&rdquo;\" rel=\"nofollow\" data-success_message=\"&ldquo;Portal Premium License - License for 2 years&rdquo; zosta\u0142 dodany do twojego koszyka\">Odblokuj teraz<\/a>\t<span id=\"woocommerce_loop_add_to_cart_link_describedby_3546049\" class=\"screen-reader-text\">\n\t\t\t<\/span>\n<\/p><\/p>\r\n\r\n\t\t<\/div>\n\t\t\t\t\t<\/div>\n\n\t\r\n\r\n<\/div>\r\n<p style=\"text-align: center;\">Informacje na temat 30-dniowej gwarancji zwrotu pieni\u0119dzy <a href=\"\/?page_id=29682\">mo\u017cna znale\u017a\u0107 tutaj<\/a>.<\/p>\n\t<div id=\"gap-1069060973\" class=\"gap-element clearfix\" style=\"display:block; height:auto;\">\n\t\t\n<style>\n#gap-1069060973 {\n  padding-top: 40px;\n}\n<\/style>\n\t<\/div>\n\t\n","protected":false},"featured_media":3472212,"template":"","meta":[],"product_brand":[],"product_cat":[232],"product_tag":[],"class_list":{"0":"post-5581455","1":"product","2":"type-product","3":"status-publish","4":"has-post-thumbnail","6":"product_cat-new-pricing-model-pl","8":"first","9":"instock","10":"virtual","11":"taxable","12":"purchasable","13":"product-type-bundle"},"bundled_by":[],"bundle_stock_status":"instock","bundle_stock_quantity":"","bundle_virtual":false,"bundle_layout":"default","bundle_add_to_cart_form_location":"default","bundle_editable_in_cart":false,"bundle_sold_individually_context":"product","bundle_item_grouping":"parent","bundle_min_size":"","bundle_max_size":"","bundle_price":{"price":{"min":{"incl_tax":"0","excl_tax":"0"},"max":{"incl_tax":"0","excl_tax":"0"}},"regular_price":{"min":{"incl_tax":"0","excl_tax":"0"},"max":{"incl_tax":"0","excl_tax":"0"}}},"bundled_items":[{"bundled_item_id":1206,"product_id":3565970,"menu_order":0,"quantity_min":1,"quantity_max":1,"quantity_default":1,"priced_individually":true,"shipped_individually":true,"override_title":false,"title":null,"override_description":false,"description":null,"optional":false,"hide_thumbnail":false,"discount":"","override_variations":false,"allowed_variations":[""],"override_default_variation_attributes":false,"default_variation_attributes":[],"single_product_visibility":"visible","cart_visibility":"visible","order_visibility":"visible","single_product_price_visibility":"visible","cart_price_visibility":"visible","order_price_visibility":"visible","stock_status":"in_stock"}],"bundle_sell_ids":[],"exclude_global_add_ons":[],"addons":[],"_links":{"self":[{"href":"https:\/\/start.finder-portal.com\/pl\/wp-json\/wp\/v2\/product\/5581455","targetHints":{"allow":["GET"]}}],"collection":[{"href":"https:\/\/start.finder-portal.com\/pl\/wp-json\/wp\/v2\/product"}],"about":[{"href":"https:\/\/start.finder-portal.com\/pl\/wp-json\/wp\/v2\/types\/product"}],"wp:featuredmedia":[{"embeddable":true,"href":"https:\/\/start.finder-portal.com\/pl\/wp-json\/wp\/v2\/media\/3472212"}],"wp:attachment":[{"href":"https:\/\/start.finder-portal.com\/pl\/wp-json\/wp\/v2\/media?parent=5581455"}],"wp:term":[{"taxonomy":"product_brand","embeddable":true,"href":"https:\/\/start.finder-portal.com\/pl\/wp-json\/wp\/v2\/product_brand?post=5581455"},{"taxonomy":"product_cat","embeddable":true,"href":"https:\/\/start.finder-portal.com\/pl\/wp-json\/wp\/v2\/product_cat?post=5581455"},{"taxonomy":"product_tag","embeddable":true,"href":"https:\/\/start.finder-portal.com\/pl\/wp-json\/wp\/v2\/product_tag?post=5581455"}],"curies":[{"name":"wp","href":"https:\/\/api.w.org\/{rel}","templated":true}]}}