{"id":5441246,"date":"2026-01-20T16:00:48","date_gmt":"2026-01-20T15:00:48","guid":{"rendered":"https:\/\/start.finder-portal.com\/termos-da-garantia-garantia-de-devolucao-de-30-dias\/"},"modified":"2026-01-20T16:00:50","modified_gmt":"2026-01-20T15:00:50","slug":"termos-da-garantia-garantia-de-devolucao-de-30-dias","status":"publish","type":"page","link":"https:\/\/start.finder-portal.com\/pt-br\/termos-da-garantia-garantia-de-devolucao-de-30-dias\/","title":{"rendered":"Termos da Garantia: Garantia de devolu\u00e7\u00e3o de 30 dias"},"content":{"rendered":"\n<p>Al\u00e9m do seu direito de revoga\u00e7\u00e3o, concedemos uma garantia de devolu\u00e7\u00e3o de dinheiro de 30 dias para que o servi\u00e7o anunciado utilize o portal FINDER, caso voc\u00ea n\u00e3o esteja satisfeito.<\/p>\n<p>A Garantia dourada europaweit. Die Frist f\u00fcr die Berechnung der Garantiedauer beginnt mit dem Rechnungsdatum. <\/p>\n<p>A garantia se aplica em toda a Europa. O per\u00edodo para o c\u00e1lculo do per\u00edodo de garantia come\u00e7a com a data da fatura. <\/p>\n<p> <\/p>\n<p>Em caso de garantia, por favor, entre em contato conosco como fiador:<\/p>\n<p>PAJ UG (haftungsbeschr\u00e4nkt)<br\/>Am Wieschen 1<br\/>51570 Windeck<br\/>Tel.: <a href=\"tel:+49%20(0)%202292%203949959\">+49 (0) 2292 3949959<\/a><br\/>E-mail: <a href=\"mailto:info@paj-gps.de\">info@paj-gps.de<\/a><\/p>\n<p>Eine Inanspruchnahme der Geld-Zur\u00fcck-Garantie k\u00f6nnen Sie formlos per Textform (E-Mail, Fax, Post) geltend machen.<\/p>\n<p>A reivindica\u00e7\u00e3o da garantia de devolu\u00e7\u00e3o pode ser feita informalmente por texto (e-mail, fax, correio). Seu acesso ao FINDER-Portal ser\u00e1 bloqueado a partir da\u00ed. Os reembolsos ser\u00e3o feitos dentro de 1 a 3 semanas ap\u00f3s o valor indicado na fatura.  <\/p>\n<p>Garantieanspr\u00fcche sind nur f\u00fcr die erstmalige Aktivierung eines Ger\u00e4ts bei dem Finder-Portal zul\u00e4ssig und k\u00f6nnen pro Haushalt nur einmal wahrgenommen werden.<\/p>\n<p>As reivindica\u00e7\u00f5es de garantia s\u00f3 s\u00e3o v\u00e1lidas para a primeira ativa\u00e7\u00e3o de um dispositivo no FINDER-Portal e s\u00f3 podem ser realizadas uma vez por resid\u00eancia. Os rastreadores GPS est\u00e3o exclu\u00eddos da garantia de devolu\u00e7\u00e3o do dinheiro e n\u00e3o ser\u00e3o reembolsados. <\/p>\n<p>Se houver suspeita razo\u00e1vel de participa\u00e7\u00e3o injusta, o PAJ reserva-se expressamente o direito de rejeitar o reembolso.<\/p>\n<p>Apenas os dados s\u00e3o registrados para cumprir o contrato (e pseud\u00f4nimos para fins estat\u00edsticos). Os clientes devem observar que seus dados devem ser armazenados para fins cont\u00e1beis. Al\u00e9m disso, os dados n\u00e3o ser\u00e3o compartilhados nem usados para qualquer outro prop\u00f3sito. A pol\u00edtica de privacidade do PAJ se aplica.   <\/p>\n<p>Seus direitos legais sob o contrato firmado conosco n\u00e3o s\u00e3o de forma alguma limitados por esta garantia. Em particular, o direito de retirada permanece inalterado. <\/p>\n\t<div id=\"gap-907541978\" class=\"gap-element clearfix\" style=\"display:block; height:auto;\">\n\t\t\n<style>\n#gap-907541978 {\n  padding-top: 30px;\n}\n<\/style>\n\t<\/div>\n\t\n\n<div class=\"row align-center\"  id=\"row-1890520418\">\n\n\n\t<div id=\"col-644216736\" class=\"col small-12 large-12\"  >\n\t\t\t\t<div class=\"col-inner text-center\"  >\n\t\t\t\n\t\t\t\n\n<a href=\"https:\/\/start.finder-portal.com\/de\/produkt\/finder-portal-lizenz-sp-p\/\" class=\"button primary is-larger\" >\n\t\t<span>Ative seu FINDER agora<\/span>\n\t<\/a>\n\n\n\n\t\t<\/div>\n\t\t\t\t\t<\/div>\n\n\t\n\n<\/div>\n","protected":false},"excerpt":{"rendered":"<p>Al\u00e9m do seu direito de revoga\u00e7\u00e3o, concedemos uma garantia de devolu\u00e7\u00e3o de dinheiro de 30 dias para que o servi\u00e7o anunciado utilize o portal FINDER, caso voc\u00ea n\u00e3o esteja satisfeito. A Garantia dourada europaweit. Die Frist f\u00fcr die Berechnung der Garantiedauer beginnt mit dem Rechnungsdatum. A garantia se aplica em toda a Europa. O per\u00edodo [&#8230;]\n","protected":false},"author":17,"featured_media":0,"parent":0,"menu_order":0,"comment_status":"closed","ping_status":"closed","template":"","meta":{"footnotes":""},"class_list":["post-5441246","page","type-page","status-publish","hentry"],"_links":{"self":[{"href":"https:\/\/start.finder-portal.com\/pt-br\/wp-json\/wp\/v2\/pages\/5441246","targetHints":{"allow":["GET"]}}],"collection":[{"href":"https:\/\/start.finder-portal.com\/pt-br\/wp-json\/wp\/v2\/pages"}],"about":[{"href":"https:\/\/start.finder-portal.com\/pt-br\/wp-json\/wp\/v2\/types\/page"}],"author":[{"embeddable":true,"href":"https:\/\/start.finder-portal.com\/pt-br\/wp-json\/wp\/v2\/users\/17"}],"replies":[{"embeddable":true,"href":"https:\/\/start.finder-portal.com\/pt-br\/wp-json\/wp\/v2\/comments?post=5441246"}],"version-history":[{"count":1,"href":"https:\/\/start.finder-portal.com\/pt-br\/wp-json\/wp\/v2\/pages\/5441246\/revisions"}],"predecessor-version":[{"id":5441248,"href":"https:\/\/start.finder-portal.com\/pt-br\/wp-json\/wp\/v2\/pages\/5441246\/revisions\/5441248"}],"wp:attachment":[{"href":"https:\/\/start.finder-portal.com\/pt-br\/wp-json\/wp\/v2\/media?parent=5441246"}],"curies":[{"name":"wp","href":"https:\/\/api.w.org\/{rel}","templated":true}]}}