{"id":5010768,"date":"2024-08-07T10:59:34","date_gmt":"2024-08-07T08:59:34","guid":{"rendered":"https:\/\/start.finder-portal.com\/product\/licenca-basica-do-portal\/"},"modified":"2026-04-16T10:49:06","modified_gmt":"2026-04-16T08:49:06","slug":"licenca-basica-do-portal","status":"publish","type":"product","link":"https:\/\/start.finder-portal.com\/pt-br\/produto\/licenca-basica-do-portal\/","title":{"rendered":"Licen\u00e7a B\u00e1sica do Portal"},"content":{"rendered":"<h2 style=\"text-align: center;\">Assinatura b\u00e1sica do portal FINDER<\/h2>\n<p style=\"text-align: center;\">Para usar seu rastreador GPS PAJ, voc\u00ea deve selecionar um modelo de assinatura para ativa\u00e7\u00e3o. Uma licen\u00e7a do portal FINDER deve ser adquirida para cada dispositivo. V\u00e1rios FINDER podem ser gerenciados por meio de uma \u00fanica conta.  <\/p>\n\t<div id=\"gap-1701818353\" class=\"gap-element clearfix\" style=\"display:block; height:auto;\">\n\t\t\n<style>\n#gap-1701818353 {\n  padding-top: 30px;\n}\n<\/style>\n\t<\/div>\n\t\n<div class=\"row align-equal align-right row-box-shadow-2 row-box-shadow-5-hover\"  id=\"row-987344542\">\r\n\r\n\n\t<div id=\"col-209236172\" class=\"col medium-4 small-12 large-4\"  >\n\t\t\t\t<div class=\"col-inner text-left\"  >\n\t\t\t\n\t\t\t\r\n\r\n<div class=\"pricing-table-wrapper\">\n  <div class=\"pricing-table ux_price_table text-center\">\n    <div class=\"pricing-table-header\">\n      <div class=\"title uppercase strong\">POR 1 M\u00caS<\/div>\n      <div class=\"price is-xxlarge\"><\/div>\n          <\/div>\n    <div class=\"pricing-table-items items\">\n      \r\n<ul>\r\n \t<li class=\"bullet-checkmark\" style=\"text-align: left;\">O d\u00e9bito \u00e9 feito mensalmente com anteced\u00eancia<\/li>\r\n \t<li class=\"bullet-checkmark\" style=\"text-align: left;\">Cancelamento mensal<\/li>\r\n \t<li class=\"bullet-checkmark\" style=\"text-align: left;\">Renova automaticamente por um m\u00eas de cada vez at\u00e9 que voc\u00ea cancele<\/li>\r\n \t<li class=\"bullet-checkmark\" style=\"text-align: left;\">Garantia de reembolso de 30 dias<\/li>\r\n<\/ul>\r\n    <\/div>\n      <\/div>\n<\/div>\n\n\r\n\r\n\t\t<\/div>\n\t\t\t\t\t<\/div>\n\n\t\r\n\n\t<div id=\"col-1285854278\" class=\"col medium-4 small-12 large-4\"  >\n\t\t\t\t<div class=\"col-inner\"  >\n\t\t\t\n\t\t\t\r\n\r\n<div class=\"pricing-table-wrapper\">\n  <div class=\"pricing-table ux_price_table text-center\">\n    <div class=\"pricing-table-header\">\n      <div class=\"title uppercase strong\">POR 1 ANO<\/div>\n      <div class=\"price is-xxlarge\"><\/div>\n          <\/div>\n    <div class=\"pricing-table-items items\">\n      \r\n<ul>\r\n \t<li class=\"bullet-checkmark\" style=\"text-align: left;\">O d\u00e9bito \u00e9 feito uma vez por ano com anteced\u00eancia<\/li>\r\n \t<li class=\"bullet-checkmark\" style=\"text-align: left;\">Cancel\u00e1vel anualmente<\/li>\r\n \t<li class=\"bullet-checkmark\" style=\"text-align: left;\">Renova automaticamente por um ano de cada vez at\u00e9 que voc\u00ea cancele<\/li>\r\n \t<li class=\"bullet-checkmark\" style=\"text-align: left;\">Garantia de reembolso de 30 dias<\/li>\r\n \t<li class=\"bullet-checkmark\" style=\"text-align: left;\"><strong>Voc\u00ea economiza 60 \u20ac em compara\u00e7\u00e3o com a licen\u00e7a de 1 m\u00eas (equivale a 5 meses)<\/strong><\/li>\r\n<\/ul>\r\n    <\/div>\n      <\/div>\n<\/div>\n\n\r\n\r\n\t\t<\/div>\n\t\t\t\t\t<\/div>\n\n\t\r\n\n\t<div id=\"col-1914532063\" class=\"col medium-4 small-12 large-4\"  >\n\t\t\t\t<div class=\"col-inner\"  >\n\t\t\t\n\t\t\t\r\n\r\n<div class=\"pricing-table-wrapper\">\n  <div class=\"pricing-table ux_price_table text-center\">\n    <div class=\"pricing-table-header\">\n      <div class=\"title uppercase strong\">POR 2 ANOS<\/div>\n      <div class=\"price is-xxlarge\"><\/div>\n          <\/div>\n    <div class=\"pricing-table-items items\">\n      \r\n<ul>\r\n \t<li class=\"bullet-checkmark\" style=\"text-align: left;\">O d\u00e9bito \u00e9 feito a cada 2 anos de anteced\u00eancia<\/li>\r\n \t<li class=\"bullet-checkmark\" style=\"text-align: left;\">Pode ser cancelado a cada 2 anos<\/li>\r\n \t<li class=\"bullet-checkmark\" style=\"text-align: left;\">Renova automaticamente por 2 anos de cada vez at\u00e9 que voc\u00ea cancele<\/li>\r\n \t<li class=\"bullet-checkmark\" style=\"text-align: left;\">Garantia de reembolso de 30 dias<\/li>\r\n \t<li class=\"bullet-checkmark\" style=\"text-align: left;\"><strong>Voc\u00ea economiza 168 \u20ac em compara\u00e7\u00e3o com a licen\u00e7a de 1 m\u00eas (equivale a 14 meses)<\/strong><\/li>\r\n<\/ul>\r\n    <\/div>\n      <\/div>\n<\/div>\n\n\r\n\r\n\t\t<\/div>\n\t\t\t\t\t<\/div>\n\n\t\r\n\r\n<\/div>\r\n<div class=\"row align-middle align-center\"  id=\"row-1771712962\">\r\n\r\n\n\t<div id=\"col-1315008937\" class=\"col medium-4 small-12 large-4\"  >\n\t\t\t\t<div class=\"col-inner\"  >\n\t\t\t\n\t\t\t\r\n<p style=\"text-align: center;\"><p class=\"product woocommerce add_to_cart_inline \" style=\"border:4px solid #ccc; padding: 12px;\"><span class=\"woocommerce-Price-amount amount\"><bdi><span class=\"woocommerce-Price-currencySymbol\">&#36;<\/span>13,00<\/bdi><\/span><span class=\"price-suffix\"><\/span> <span class=\"subscription-details\"> \/ m\u00eas<\/span><a href=\"https:\/\/start.finder-portal.com\/product\/portal-licence-basic\/?attribute_pa_subscription-duration=1-month&#038;variation_id=3545937&#038;add-to-cart=3545903\" aria-describedby=\"woocommerce_loop_add_to_cart_link_describedby_3545937\" data-quantity=\"1\" class=\"button product_type_subscription_variation add_to_cart_button ajax_add_to_cart\" data-product_id=\"3545937\" data-product_sku=\"83001\" aria-label=\"Adicione ao carrinho: &ldquo;Portal Basic License - Licen\u00e7a por 1 m\u00eas&rdquo;\" rel=\"nofollow\" data-success_message=\"\u201cPortal Basic License - Licen\u00e7a por 1 m\u00eas\u201d foi adicionado ao seu carrinho\">Unlock now<\/a>\t<span id=\"woocommerce_loop_add_to_cart_link_describedby_3545937\" class=\"screen-reader-text\">\n\t\t\t<\/span>\n<\/p><\/p>\r\n\t\t<\/div>\n\t\t\t\t\t<\/div>\n\n\t\r\n\n\t<div id=\"col-1180858264\" class=\"col medium-4 small-12 large-4\"  >\n\t\t\t\t<div class=\"col-inner\"  >\n\t\t\t\n\t\t\t\r\n<p style=\"text-align: center;\"><p class=\"product woocommerce add_to_cart_inline \" style=\"border:4px solid #ccc; padding: 12px;\"><span class=\"woocommerce-Price-amount amount\"><bdi><span class=\"woocommerce-Price-currencySymbol\">&#36;<\/span>90,00<\/bdi><\/span><span class=\"price-suffix\"><\/span> <span class=\"subscription-details\"> \/ ano<\/span><a href=\"https:\/\/start.finder-portal.com\/product\/portal-licence-basic\/?attribute_pa_subscription-duration=1-year&#038;variation_id=3545938&#038;add-to-cart=3545903\" aria-describedby=\"woocommerce_loop_add_to_cart_link_describedby_3545938\" data-quantity=\"1\" class=\"button product_type_subscription_variation add_to_cart_button ajax_add_to_cart\" data-product_id=\"3545938\" data-product_sku=\"83002\" aria-label=\"Adicione ao carrinho: &ldquo;Portal Basic License - Licen\u00e7a por 1 ano&rdquo;\" rel=\"nofollow\" data-success_message=\"\u201cPortal Basic License - Licen\u00e7a por 1 ano\u201d foi adicionado ao seu carrinho\">Unlock now<\/a>\t<span id=\"woocommerce_loop_add_to_cart_link_describedby_3545938\" class=\"screen-reader-text\">\n\t\t\t<\/span>\n<\/p><\/p>\r\n\t\t<\/div>\n\t\t\t\t\t<\/div>\n\n\t\r\n\n\t<div id=\"col-1478863804\" class=\"col medium-4 small-12 large-4\"  >\n\t\t\t\t<div class=\"col-inner\"  >\n\t\t\t\n\t\t\t\r\n<p style=\"text-align: center;\"><p class=\"product woocommerce add_to_cart_inline \" style=\"border:4px solid #ccc; padding: 12px;\"><span class=\"woocommerce-Price-amount amount\"><bdi><span class=\"woocommerce-Price-currencySymbol\">&#36;<\/span>132,00<\/bdi><\/span><span class=\"price-suffix\"><\/span> <span class=\"subscription-details\"> cada 2 anos<\/span><a href=\"https:\/\/start.finder-portal.com\/product\/portal-licence-basic\/?attribute_pa_subscription-duration=2-years&#038;variation_id=3545939&#038;add-to-cart=3545903\" aria-describedby=\"woocommerce_loop_add_to_cart_link_describedby_3545939\" data-quantity=\"1\" class=\"button product_type_subscription_variation add_to_cart_button ajax_add_to_cart\" data-product_id=\"3545939\" data-product_sku=\"83003\" aria-label=\"Adicione ao carrinho: &ldquo;Portal Basic License - Licen\u00e7a por 2 anos&rdquo;\" rel=\"nofollow\" data-success_message=\"\u201cPortal Basic License - Licen\u00e7a por 2 anos\u201d foi adicionado ao seu carrinho\">Unlock now<\/a>\t<span id=\"woocommerce_loop_add_to_cart_link_describedby_3545939\" class=\"screen-reader-text\">\n\t\t\t<\/span>\n<\/p><\/p>\r\n\t\t<\/div>\n\t\t\t\t\t<\/div>\n\n\t\r\n\r\n<\/div>\r\n<p style=\"text-align: center;\">Informa\u00e7\u00f5es sobre a garantia de reembolso de 30 dias <a href=\"\/?page_id=715\">podem ser encontradas aqui<\/a>.<\/p>\r\n\t<div id=\"gap-1675825937\" class=\"gap-element clearfix\" style=\"display:block; height:auto;\">\n\t\t\n<style>\n#gap-1675825937 {\n  padding-top: 40px;\n}\n<\/style>\n\t<\/div>\n\t\n","protected":false},"excerpt":{"rendered":"<p>A licen\u00e7a b\u00e1sica do portal para o seu dispositivo PAJ GPS FINDER. Incluindo 3 dias de armazenamento de dados e mapas padr\u00e3o. <\/p>\n","protected":false},"featured_media":3761854,"template":"","meta":[],"product_brand":[],"product_cat":[314],"product_tag":[],"class_list":{"0":"post-5010768","1":"product","2":"type-product","3":"status-publish","4":"has-post-thumbnail","6":"product_cat-novo-modelo-de-precos","8":"first","9":"instock","10":"taxable","11":"shipping-taxable","12":"purchasable","13":"product-type-variable-subscription"},"bundled_by":["5569253"],"bundle_stock_status":"instock","bundle_stock_quantity":null,"bundle_virtual":false,"bundle_layout":"","bundle_add_to_cart_form_location":"","bundle_editable_in_cart":false,"bundle_sold_individually_context":"","bundle_item_grouping":"","bundle_min_size":"","bundle_max_size":"","bundle_price":[],"bundled_items":[],"bundle_sell_ids":[],"exclude_global_add_ons":true,"addons":[{"name":"Assinatura do pacote de servi\u00e7os - Maior prazer com seu dispositivo","type":"checkbox","position":0,"required":false,"title_format":"label","default":"","description_enable":true,"description":"{\"title\":\"Service Package\",\"image\":\"https:\/\/start.finder-portal.com\/wp-content\/uploads\/2018\/04\/service-Package-grey-ICON1.svg\",\"features\":[\"Free repairs\",\"Lost Device Replacement\",\"Comprehensive Coverage\",\"Hassle-Free Billing\"],\"popup_info\":{\"title\":\"Service Package Subscription:\",\"subtitle\":\"Complete Protection for Your GPS Tracker\",\"includes\":[{\"title\":\"Free Repairs\",\"subtitle\":\"For property damage by:\",\"image\":\"https:\/\/start.finder-portal.com\/wp-content\/uploads\/2018\/04\/Free-Repair-2.svg\",\"features\":[\"Material defects\",\"Manufacturing errors\",\"Wear (for original batteries)\",\"Accidents (shock and fall)\",\"Water, moisture and sand damage\"]},{\"title\":\"Device Replacement\",\"subtitle\":\"In case of total loss:\",\"image\":\"https:\/\/start.finder-portal.com\/wp-content\/uploads\/2018\/04\/Device-replacement.svg\",\"features\":[\"One free replacement per year with refurbished unit of same type and quality\"]},{\"title\":\"No Deductibles\",\"image\":\"https:\/\/start.finder-portal.com\/wp-content\/uploads\/2018\/04\/No-Deductible.svg\",\"features\":[\"No customer self-participation\",\"Immediate coverage\"]}],\"footer_text\":\"The cost of the Service Package Subscription is collected along with your Finder Portal license fee. The subscription term aligns with that of your Finder Portal license; different terms are not possible. If your Finder Portal license is cancelled, the service package will also end concurrently.\"}}","placeholder_enable":false,"placeholder":null,"display":"select","restrictions_type":"any_text","adjust_price":false,"price":"","price_type":"flat_fee","restrictions":false,"min":"0","max":"0","options":[{"label":"Incluindo Pacote de Servi\u00e7os PLUS - 1 m\u00eas","price":"3.5","price_type":"flat_fee","image":0,"visibility":true}],"id":1723196040},{"name":"Assinatura do pacote de servi\u00e7os - Maior prazer com seu dispositivo","type":"checkbox","position":1,"required":false,"title_format":"label","default":"","description_enable":true,"description":"{\"title\":\"Service Package\",\"image\":\"https:\/\/start.finder-portal.com\/wp-content\/uploads\/2018\/04\/service-Package-grey-ICON1.svg\",\"features\":[\"Free repairs\",\"Lost Device Replacement\",\"Comprehensive Coverage\",\"Hassle-Free Billing\"],\"popup_info\":{\"title\":\"Service Package Subscription:\",\"subtitle\":\"Complete Protection for Your GPS Tracker\",\"includes\":[{\"title\":\"Free Repairs\",\"subtitle\":\"For property damage by:\",\"image\":\"https:\/\/start.finder-portal.com\/wp-content\/uploads\/2018\/04\/Free-Repair-2.svg\",\"features\":[\"Material defects\",\"Manufacturing errors\",\"Wear (for original batteries)\",\"Accidents (shock and fall)\",\"Water, moisture and sand damage\"]},{\"title\":\"Device Replacement\",\"subtitle\":\"In case of total loss:\",\"image\":\"https:\/\/start.finder-portal.com\/wp-content\/uploads\/2018\/04\/Device-replacement.svg\",\"features\":[\"One free replacement per year with refurbished unit of same type and quality\"]},{\"title\":\"No Deductibles\",\"image\":\"https:\/\/start.finder-portal.com\/wp-content\/uploads\/2018\/04\/No-Deductible.svg\",\"features\":[\"No customer self-participation\",\"Immediate coverage\"]}],\"footer_text\":\"The cost of the Service Package Subscription is collected along with your Finder Portal license fee. The subscription term aligns with that of your Finder Portal license; different terms are not possible. If your Finder Portal license is cancelled, the service package will also end concurrently.\"}}","placeholder_enable":false,"placeholder":null,"display":"select","restrictions_type":"any_text","adjust_price":false,"price":"","price_type":"flat_fee","restrictions":false,"min":"0","max":"0","options":[{"label":"Incluindo Pacote de Servi\u00e7os PLUS - 1 ano","price":"30","price_type":"flat_fee","image":0,"visibility":true}],"id":1723200051},{"name":"Assinatura do pacote de servi\u00e7os - Maior prazer com seu dispositivo","type":"checkbox","position":2,"required":false,"title_format":"label","default":"","description_enable":true,"description":"{\"title\":\"Service Package\",\"image\":\"https:\/\/start.finder-portal.com\/wp-content\/uploads\/2018\/04\/service-Package-grey-ICON1.svg\",\"features\":[\"Free repairs\",\"Lost Device Replacement\",\"Comprehensive Coverage\",\"Hassle-Free Billing\"],\"popup_info\":{\"title\":\"Service Package Subscription:\",\"subtitle\":\"Complete Protection for Your GPS Tracker\",\"includes\":[{\"title\":\"Free Repairs\",\"subtitle\":\"For property damage by:\",\"image\":\"https:\/\/start.finder-portal.com\/wp-content\/uploads\/2018\/04\/Free-Repair-2.svg\",\"features\":[\"Material defects\",\"Manufacturing errors\",\"Wear (for original batteries)\",\"Accidents (shock and fall)\",\"Water, moisture and sand damage\"]},{\"title\":\"Device Replacement\",\"subtitle\":\"In case of total loss:\",\"image\":\"https:\/\/start.finder-portal.com\/wp-content\/uploads\/2018\/04\/Device-replacement.svg\",\"features\":[\"One free replacement per year with refurbished unit of same type and quality\"]},{\"title\":\"No Deductibles\",\"image\":\"https:\/\/start.finder-portal.com\/wp-content\/uploads\/2018\/04\/No-Deductible.svg\",\"features\":[\"No customer self-participation\",\"Immediate coverage\"]}],\"footer_text\":\"The cost of the Service Package Subscription is collected along with your Finder Portal license fee. The subscription term aligns with that of your Finder Portal license; different terms are not possible. If your Finder Portal license is cancelled, the service package will also end concurrently.\"}}","placeholder_enable":false,"placeholder":null,"display":"select","restrictions_type":"any_text","adjust_price":false,"price":"","price_type":"flat_fee","restrictions":false,"min":"0","max":"0","options":[{"label":"Incluindo Pacote de Servi\u00e7os PLUS - 2 anos","price":"48","price_type":"flat_fee","image":0,"visibility":true}],"id":1723200199}],"_links":{"self":[{"href":"https:\/\/start.finder-portal.com\/pt-br\/wp-json\/wp\/v2\/product\/5010768","targetHints":{"allow":["GET"]}}],"collection":[{"href":"https:\/\/start.finder-portal.com\/pt-br\/wp-json\/wp\/v2\/product"}],"about":[{"href":"https:\/\/start.finder-portal.com\/pt-br\/wp-json\/wp\/v2\/types\/product"}],"wp:featuredmedia":[{"embeddable":true,"href":"https:\/\/start.finder-portal.com\/pt-br\/wp-json\/wp\/v2\/media\/3761854"}],"wp:attachment":[{"href":"https:\/\/start.finder-portal.com\/pt-br\/wp-json\/wp\/v2\/media?parent=5010768"}],"wp:term":[{"taxonomy":"product_brand","embeddable":true,"href":"https:\/\/start.finder-portal.com\/pt-br\/wp-json\/wp\/v2\/product_brand?post=5010768"},{"taxonomy":"product_cat","embeddable":true,"href":"https:\/\/start.finder-portal.com\/pt-br\/wp-json\/wp\/v2\/product_cat?post=5010768"},{"taxonomy":"product_tag","embeddable":true,"href":"https:\/\/start.finder-portal.com\/pt-br\/wp-json\/wp\/v2\/product_tag?post=5010768"}],"curies":[{"name":"wp","href":"https:\/\/api.w.org\/{rel}","templated":true}]}}