{"id":5581459,"date":"2024-09-23T15:28:58","date_gmt":"2024-09-23T13:28:58","guid":{"rendered":"https:\/\/start.finder-portal.com\/product\/pacote-premium-do-portal\/"},"modified":"2026-03-06T16:07:42","modified_gmt":"2026-03-06T15:07:42","slug":"pacote-premium-do-portal","status":"publish","type":"product","link":"https:\/\/start.finder-portal.com\/pt-br\/produto\/pacote-premium-do-portal\/","title":{"rendered":"Pacote Premium do Portal"},"content":{"rendered":"<h2 style=\"text-align: center;\">Assinatura premium do portal FINDER<\/h2>\n<p style=\"text-align: center;\">Para usar seu rastreador GPS PAJ, voc\u00ea deve selecionar um modelo de assinatura para ativa\u00e7\u00e3o. Uma licen\u00e7a do portal FINDER deve ser adquirida para cada dispositivo. V\u00e1rios FINDER podem ser gerenciados por meio de uma \u00fanica conta.  <\/p>\n\t<div id=\"gap-1901654382\" class=\"gap-element clearfix\" style=\"display:block; height:auto;\">\n\t\t\n<style>\n#gap-1901654382 {\n  padding-top: 30px;\n}\n<\/style>\n\t<\/div>\n\t\n<div class=\"row align-equal align-right row-box-shadow-2 row-box-shadow-5-hover\"  id=\"row-210955328\">\r\n\r\n\n\t<div id=\"col-1915786692\" class=\"col medium-4 small-12 large-4\"  >\n\t\t\t\t<div class=\"col-inner text-left\"  >\n\t\t\t\n\t\t\t\r\n\r\n<div class=\"pricing-table-wrapper\">\n  <div class=\"pricing-table ux_price_table text-center\">\n    <div class=\"pricing-table-header\">\n      <div class=\"title uppercase strong\">POR 6 MESES<\/div>\n      <div class=\"price is-xxlarge\"><\/div>\n          <\/div>\n    <div class=\"pricing-table-items items\">\n      \r\n\r\n<ul>\r\n<li class=\"bullet-checkmark\" style=\"text-align: left;\">O faturamento \u00e9 de 6 meses de anteced\u00eancia<\/li>\r\n<li class=\"bullet-checkmark\" style=\"text-align: left;\">Cancelamento de 6 meses<\/li>\r\n<li class=\"bullet-checkmark\" style=\"text-align: left;\">Renova automaticamente por 6 meses de cada vez at\u00e9 que voc\u00ea cancele<\/li>\r\n<li class=\"bullet-checkmark\" style=\"text-align: left;\">Garantia de reembolso de 30 dias<\/li>\r\n<\/ul>\r\n\r\n    <\/div>\n      <\/div>\n<\/div>\n\n\r\n\r\n\t\t<\/div>\n\t\t\t\t\t<\/div>\n\n\t\r\n\n\t<div id=\"col-640867299\" class=\"col medium-4 small-12 large-4\"  >\n\t\t\t\t<div class=\"col-inner\"  >\n\t\t\t\n\t\t\t\r\n\r\n<div class=\"pricing-table-wrapper\">\n  <div class=\"pricing-table ux_price_table text-center\">\n    <div class=\"pricing-table-header\">\n      <div class=\"title uppercase strong\">POR 1 ANO<\/div>\n      <div class=\"price is-xxlarge\"><\/div>\n          <\/div>\n    <div class=\"pricing-table-items items\">\n      \r\n\r\n<ul>\r\n<li class=\"bullet-checkmark\" style=\"text-align: left;\">Debitado uma vez por ano antecipadamente<\/li>\r\n<li class=\"bullet-checkmark\" style=\"text-align: left;\">Pode ser cancelado anualmente<\/li>\r\n<li class=\"bullet-checkmark\" style=\"text-align: left;\">Renova automaticamente ano ap\u00f3s ano at\u00e9 ser cancelado<\/li>\r\n<li class=\"bullet-checkmark\" style=\"text-align: left;\">Garantia de reembolso de 30 dias<\/li>\r\n<li class=\"bullet-checkmark\" style=\"text-align: left;\"><strong>Voc\u00ea economiza 24 \u20ac em compara\u00e7\u00e3o com a licen\u00e7a de 6 meses  <\/strong><\/li>\r\n<\/ul>\r\n\r\n    <\/div>\n      <\/div>\n<\/div>\n\n\r\n\r\n\t\t<\/div>\n\t\t\t\t\t<\/div>\n\n\t\r\n\n\t<div id=\"col-1135579725\" class=\"col medium-4 small-12 large-4\"  >\n\t\t\t\t<div class=\"col-inner\"  >\n\t\t\t\n\t\t\t\r\n\r\n<div class=\"pricing-table-wrapper\">\n  <div class=\"pricing-table ux_price_table text-center\">\n    <div class=\"pricing-table-header\">\n      <div class=\"title uppercase strong\">POR 2 ANOS<\/div>\n      <div class=\"price is-xxlarge\"><\/div>\n          <\/div>\n    <div class=\"pricing-table-items items\">\n      \r\n\r\n<ul>\r\n<li class=\"bullet-checkmark\" style=\"text-align: left;\">Debitado a cada 2 anos com anteced\u00eancia<\/li>\r\n<li class=\"bullet-checkmark\" style=\"text-align: left;\">Pode ser cancelado a cada 2 anos<\/li>\r\n<li class=\"bullet-checkmark\" style=\"text-align: left;\">Renova automaticamente por 2 anos de cada vez at\u00e9 ser cancelado<\/li>\r\n<li class=\"bullet-checkmark\" style=\"text-align: left;\">Garantia de reembolso de 30 dias<\/li>\r\n<li class=\"bullet-checkmark\" style=\"text-align: left;\"><strong>Voc\u00ea economiza 96 \u20ac em compara\u00e7\u00e3o com a licen\u00e7a de 6 meses<\/strong><\/li>\r\n<\/ul>\r\n\r\n    <\/div>\n      <\/div>\n<\/div>\n\n\r\n\r\n\t\t<\/div>\n\t\t\t\t\t<\/div>\n\n\t\r\n\r\n<\/div>\r\n<div class=\"row align-middle align-center\"  id=\"row-477239300\">\r\n\r\n\n\t<div id=\"col-1736914965\" class=\"col medium-4 small-12 large-4\"  >\n\t\t\t\t<div class=\"col-inner\"  >\n\t\t\t\n\t\t\t\r\n\r\n<p style=\"text-align: center;\"><p class=\"product woocommerce add_to_cart_inline \" style=\"border:4px solid #ccc; padding: 12px;\"><span class=\"woocommerce-Price-amount amount\"><bdi><span class=\"woocommerce-Price-currencySymbol\">&#36;<\/span>66,00<\/bdi><\/span><span class=\"price-suffix\"><\/span> <span class=\"subscription-details\"> cada 6 meses<\/span><a href=\"https:\/\/start.finder-portal.com\/product\/portal-premium-license\/?attribute_pa_subscription-duration=6-months&#038;variation_id=3546047&#038;add-to-cart=3546042\" aria-describedby=\"woocommerce_loop_add_to_cart_link_describedby_3546047\" data-quantity=\"1\" class=\"button product_type_subscription_variation add_to_cart_button ajax_add_to_cart\" data-product_id=\"3546047\" data-product_sku=\"84001\" aria-label=\"Adicione ao carrinho: &ldquo;Portal Premium License - Licen\u00e7a por 6 meses&rdquo;\" rel=\"nofollow\" data-success_message=\"\u201cPortal Premium License - Licen\u00e7a por 6 meses\u201d foi adicionado ao seu carrinho\">Unlock now<\/a>\t<span id=\"woocommerce_loop_add_to_cart_link_describedby_3546047\" class=\"screen-reader-text\">\n\t\t\t<\/span>\n<\/p><\/p>\r\n\r\n\t\t<\/div>\n\t\t\t\t\t<\/div>\n\n\t\r\n\n\t<div id=\"col-1039142792\" class=\"col medium-4 small-12 large-4\"  >\n\t\t\t\t<div class=\"col-inner\"  >\n\t\t\t\n\t\t\t\r\n\r\n<p style=\"text-align: center;\"><p class=\"product woocommerce add_to_cart_inline \" style=\"border:4px solid #ccc; padding: 12px;\"><span class=\"woocommerce-Price-amount amount\"><bdi><span class=\"woocommerce-Price-currencySymbol\">&#36;<\/span>102,00<\/bdi><\/span><span class=\"price-suffix\"><\/span> <span class=\"subscription-details\"> \/ ano<\/span><a href=\"https:\/\/start.finder-portal.com\/product\/portal-premium-license\/?attribute_pa_subscription-duration=1-year&#038;variation_id=3546048&#038;add-to-cart=3546042\" aria-describedby=\"woocommerce_loop_add_to_cart_link_describedby_3546048\" data-quantity=\"1\" class=\"button product_type_subscription_variation add_to_cart_button ajax_add_to_cart\" data-product_id=\"3546048\" data-product_sku=\"84002\" aria-label=\"Adicione ao carrinho: &ldquo;Portal Premium License - Licen\u00e7a por 1 ano&rdquo;\" rel=\"nofollow\" data-success_message=\"\u201cPortal Premium License - Licen\u00e7a por 1 ano\u201d foi adicionado ao seu carrinho\">Unlock now<\/a>\t<span id=\"woocommerce_loop_add_to_cart_link_describedby_3546048\" class=\"screen-reader-text\">\n\t\t\t<\/span>\n<\/p><\/p>\r\n\r\n\t\t<\/div>\n\t\t\t\t\t<\/div>\n\n\t\r\n\n\t<div id=\"col-696569375\" class=\"col medium-4 small-12 large-4\"  >\n\t\t\t\t<div class=\"col-inner\"  >\n\t\t\t\n\t\t\t\r\n\r\n<p style=\"text-align: center;\"><p class=\"product woocommerce add_to_cart_inline \" style=\"border:4px solid #ccc; padding: 12px;\"><span class=\"woocommerce-Price-amount amount\"><bdi><span class=\"woocommerce-Price-currencySymbol\">&#36;<\/span>156,00<\/bdi><\/span><span class=\"price-suffix\"><\/span> <span class=\"subscription-details\"> cada 2 anos<\/span><a href=\"https:\/\/start.finder-portal.com\/product\/portal-premium-license\/?attribute_pa_subscription-duration=2-years&#038;variation_id=3546049&#038;add-to-cart=3546042\" aria-describedby=\"woocommerce_loop_add_to_cart_link_describedby_3546049\" data-quantity=\"1\" class=\"button product_type_subscription_variation add_to_cart_button ajax_add_to_cart\" data-product_id=\"3546049\" data-product_sku=\"84003\" aria-label=\"Adicione ao carrinho: &ldquo;Portal Premium License - Licen\u00e7a por 2 anos&rdquo;\" rel=\"nofollow\" data-success_message=\"\u201cPortal Premium License - Licen\u00e7a por 2 anos\u201d foi adicionado ao seu carrinho\">Unlock now<\/a>\t<span id=\"woocommerce_loop_add_to_cart_link_describedby_3546049\" class=\"screen-reader-text\">\n\t\t\t<\/span>\n<\/p><\/p>\r\n\r\n\t\t<\/div>\n\t\t\t\t\t<\/div>\n\n\t\r\n\r\n<\/div>\r\n<p style=\"text-align: center;\">Informa\u00e7\u00f5es sobre a garantia de reembolso de 30 dias <a href=\"\/?page_id=715\">podem ser encontradas aqui<\/a>.<\/p>\r\n\t<div id=\"gap-553213789\" class=\"gap-element clearfix\" style=\"display:block; height:auto;\">\n\t\t\n<style>\n#gap-553213789 {\n  padding-top: 40px;\n}\n<\/style>\n\t<\/div>\n\t\n","protected":false},"excerpt":{"rendered":"<p style=\"text-align: left;\">Para usar seu rastreador GPS PAJ, voc\u00ea deve selecionar um modelo de assinatura para ativa\u00e7\u00e3o. Uma licen\u00e7a do portal FINDER deve ser adquirida para cada dispositivo. V\u00e1rios FINDER podem ser gerenciados por meio de uma \u00fanica conta.  <\/p>\n\t<div id=\"gap-1160252841\" class=\"gap-element clearfix\" style=\"display:block; height:auto;\">\n\t\t\n<style>\n#gap-1160252841 {\n  padding-top: 30px;\n}\n<\/style>\n\t<\/div>\n\t\n<div class=\"row align-equal align-right row-box-shadow-2 row-box-shadow-5-hover\"  id=\"row-1406825271\">\r\n\r\n\n\t<div id=\"col-897664443\" class=\"col medium-4 small-12 large-4\"  >\n\t\t\t\t<div class=\"col-inner text-left\"  >\n\t\t\t\n\t\t\t\r\n\r\n<div class=\"pricing-table-wrapper\">\n  <div class=\"pricing-table ux_price_table text-center\">\n    <div class=\"pricing-table-header\">\n      <div class=\"title uppercase strong\">POR 6 MESES<\/div>\n      <div class=\"price is-xxlarge\"><\/div>\n          <\/div>\n    <div class=\"pricing-table-items items\">\n      \r\n\r\n<ul>\r\n<li class=\"bullet-checkmark\" style=\"text-align: left;\">O faturamento \u00e9 de 6 meses de anteced\u00eancia<\/li>\r\n<li class=\"bullet-checkmark\" style=\"text-align: left;\">Cancelamento de 6 meses<\/li>\r\n<li class=\"bullet-checkmark\" style=\"text-align: left;\">Renova automaticamente por 6 meses de cada vez at\u00e9 que voc\u00ea cancele<\/li>\r\n<li class=\"bullet-checkmark\" style=\"text-align: left;\">Garantia de reembolso de 30 dias<\/li>\r\n<\/ul>\r\n\r\n    <\/div>\n      <\/div>\n<\/div>\n\n\r\n\r\n\t\t<\/div>\n\t\t\t\t\t<\/div>\n\n\t\r\n\n\t<div id=\"col-24561996\" class=\"col medium-4 small-12 large-4\"  >\n\t\t\t\t<div class=\"col-inner\"  >\n\t\t\t\n\t\t\t\r\n\r\n<div class=\"pricing-table-wrapper\">\n  <div class=\"pricing-table ux_price_table text-center\">\n    <div class=\"pricing-table-header\">\n      <div class=\"title uppercase strong\">POR 1 ANO<\/div>\n      <div class=\"price is-xxlarge\"><\/div>\n          <\/div>\n    <div class=\"pricing-table-items items\">\n      \r\n\r\n<ul>\r\n<li class=\"bullet-checkmark\" style=\"text-align: left;\">Debitado uma vez por ano antecipadamente<\/li>\r\n<li class=\"bullet-checkmark\" style=\"text-align: left;\">Pode ser cancelado anualmente<\/li>\r\n<li class=\"bullet-checkmark\" style=\"text-align: left;\">Renova automaticamente ano ap\u00f3s ano at\u00e9 ser cancelado<\/li>\r\n<li class=\"bullet-checkmark\" style=\"text-align: left;\">Garantia de reembolso de 30 dias<\/li>\r\n<li class=\"bullet-checkmark\" style=\"text-align: left;\"><strong>Voc\u00ea economiza 24 \u20ac em compara\u00e7\u00e3o com a licen\u00e7a de 6 meses  <\/strong><\/li>\r\n<\/ul>\r\n\r\n    <\/div>\n      <\/div>\n<\/div>\n\n\r\n\r\n\t\t<\/div>\n\t\t\t\t\t<\/div>\n\n\t\r\n\n\t<div id=\"col-1925630960\" class=\"col medium-4 small-12 large-4\"  >\n\t\t\t\t<div class=\"col-inner\"  >\n\t\t\t\n\t\t\t\r\n\r\n<div class=\"pricing-table-wrapper\">\n  <div class=\"pricing-table ux_price_table text-center\">\n    <div class=\"pricing-table-header\">\n      <div class=\"title uppercase strong\">POR 2 ANOS<\/div>\n      <div class=\"price is-xxlarge\"><\/div>\n          <\/div>\n    <div class=\"pricing-table-items items\">\n      \r\n\r\n<ul>\r\n<li class=\"bullet-checkmark\" style=\"text-align: left;\">Debitado a cada 2 anos com anteced\u00eancia<\/li>\r\n<li class=\"bullet-checkmark\" style=\"text-align: left;\">Pode ser cancelado a cada 2 anos<\/li>\r\n<li class=\"bullet-checkmark\" style=\"text-align: left;\">Renova automaticamente por 2 anos de cada vez at\u00e9 ser cancelado<\/li>\r\n<li class=\"bullet-checkmark\" style=\"text-align: left;\">Garantia de reembolso de 30 dias<\/li>\r\n<li class=\"bullet-checkmark\" style=\"text-align: left;\"><strong>Voc\u00ea economiza 96 \u20ac em compara\u00e7\u00e3o com a licen\u00e7a de 6 meses<\/strong><\/li>\r\n<\/ul>\r\n\r\n    <\/div>\n      <\/div>\n<\/div>\n\n\r\n\r\n\t\t<\/div>\n\t\t\t\t\t<\/div>\n\n\t\r\n\r\n<\/div>\r\n<div class=\"row align-middle align-center\"  id=\"row-1986922080\">\r\n\r\n\n\t<div id=\"col-2074660836\" class=\"col medium-4 small-12 large-4\"  >\n\t\t\t\t<div class=\"col-inner\"  >\n\t\t\t\n\t\t\t\r\n\r\n<p style=\"text-align: center;\"><p class=\"product woocommerce add_to_cart_inline \" style=\"border:4px solid #ccc; padding: 12px;\"><span class=\"woocommerce-Price-amount amount\"><bdi><span class=\"woocommerce-Price-currencySymbol\">&#36;<\/span>66,00<\/bdi><\/span><span class=\"price-suffix\"><\/span> <span class=\"subscription-details\"> cada 6 meses<\/span><a href=\"https:\/\/start.finder-portal.com\/product\/portal-premium-license\/?attribute_pa_subscription-duration=6-months&#038;variation_id=3546047&#038;add-to-cart=3546042\" aria-describedby=\"woocommerce_loop_add_to_cart_link_describedby_3546047\" data-quantity=\"1\" class=\"button product_type_subscription_variation add_to_cart_button ajax_add_to_cart\" data-product_id=\"3546047\" data-product_sku=\"84001\" aria-label=\"Adicione ao carrinho: &ldquo;Portal Premium License - Licen\u00e7a por 6 meses&rdquo;\" rel=\"nofollow\" data-success_message=\"\u201cPortal Premium License - Licen\u00e7a por 6 meses\u201d foi adicionado ao seu carrinho\">Unlock now<\/a>\t<span id=\"woocommerce_loop_add_to_cart_link_describedby_3546047\" class=\"screen-reader-text\">\n\t\t\t<\/span>\n<\/p><\/p>\r\n\r\n\t\t<\/div>\n\t\t\t\t\t<\/div>\n\n\t\r\n\n\t<div id=\"col-926870408\" class=\"col medium-4 small-12 large-4\"  >\n\t\t\t\t<div class=\"col-inner\"  >\n\t\t\t\n\t\t\t\r\n\r\n<p style=\"text-align: center;\"><p class=\"product woocommerce add_to_cart_inline \" style=\"border:4px solid #ccc; padding: 12px;\"><span class=\"woocommerce-Price-amount amount\"><bdi><span class=\"woocommerce-Price-currencySymbol\">&#36;<\/span>102,00<\/bdi><\/span><span class=\"price-suffix\"><\/span> <span class=\"subscription-details\"> \/ ano<\/span><a href=\"https:\/\/start.finder-portal.com\/product\/portal-premium-license\/?attribute_pa_subscription-duration=1-year&#038;variation_id=3546048&#038;add-to-cart=3546042\" aria-describedby=\"woocommerce_loop_add_to_cart_link_describedby_3546048\" data-quantity=\"1\" class=\"button product_type_subscription_variation add_to_cart_button ajax_add_to_cart\" data-product_id=\"3546048\" data-product_sku=\"84002\" aria-label=\"Adicione ao carrinho: &ldquo;Portal Premium License - Licen\u00e7a por 1 ano&rdquo;\" rel=\"nofollow\" data-success_message=\"\u201cPortal Premium License - Licen\u00e7a por 1 ano\u201d foi adicionado ao seu carrinho\">Unlock now<\/a>\t<span id=\"woocommerce_loop_add_to_cart_link_describedby_3546048\" class=\"screen-reader-text\">\n\t\t\t<\/span>\n<\/p><\/p>\r\n\r\n\t\t<\/div>\n\t\t\t\t\t<\/div>\n\n\t\r\n\n\t<div id=\"col-2116083340\" class=\"col medium-4 small-12 large-4\"  >\n\t\t\t\t<div class=\"col-inner\"  >\n\t\t\t\n\t\t\t\r\n\r\n<p style=\"text-align: center;\"><p class=\"product woocommerce add_to_cart_inline \" style=\"border:4px solid #ccc; padding: 12px;\"><span class=\"woocommerce-Price-amount amount\"><bdi><span class=\"woocommerce-Price-currencySymbol\">&#36;<\/span>156,00<\/bdi><\/span><span class=\"price-suffix\"><\/span> <span class=\"subscription-details\"> cada 2 anos<\/span><a href=\"https:\/\/start.finder-portal.com\/product\/portal-premium-license\/?attribute_pa_subscription-duration=2-years&#038;variation_id=3546049&#038;add-to-cart=3546042\" aria-describedby=\"woocommerce_loop_add_to_cart_link_describedby_3546049\" data-quantity=\"1\" class=\"button product_type_subscription_variation add_to_cart_button ajax_add_to_cart\" data-product_id=\"3546049\" data-product_sku=\"84003\" aria-label=\"Adicione ao carrinho: &ldquo;Portal Premium License - Licen\u00e7a por 2 anos&rdquo;\" rel=\"nofollow\" data-success_message=\"\u201cPortal Premium License - Licen\u00e7a por 2 anos\u201d foi adicionado ao seu carrinho\">Unlock now<\/a>\t<span id=\"woocommerce_loop_add_to_cart_link_describedby_3546049\" class=\"screen-reader-text\">\n\t\t\t<\/span>\n<\/p><\/p>\r\n\r\n\t\t<\/div>\n\t\t\t\t\t<\/div>\n\n\t\r\n\r\n<\/div>\r\n<p style=\"text-align: center;\">Informa\u00e7\u00f5es sobre a garantia de reembolso de 30 dias <a href=\"\/?page_id=715\">podem ser encontradas aqui<\/a>.<\/p>\r\n\t<div id=\"gap-829925255\" class=\"gap-element clearfix\" style=\"display:block; height:auto;\">\n\t\t\n<style>\n#gap-829925255 {\n  padding-top: 40px;\n}\n<\/style>\n\t<\/div>\n\t\n","protected":false},"featured_media":5569254,"template":"","meta":[],"product_brand":[],"product_cat":[314],"product_tag":[],"class_list":{"0":"post-5581459","1":"product","2":"type-product","3":"status-publish","4":"has-post-thumbnail","6":"product_cat-novo-modelo-de-precos","8":"first","9":"instock","10":"virtual","11":"taxable","12":"purchasable","13":"product-type-bundle"},"bundled_by":[],"bundle_stock_status":"instock","bundle_stock_quantity":"","bundle_virtual":false,"bundle_layout":"default","bundle_add_to_cart_form_location":"default","bundle_editable_in_cart":false,"bundle_sold_individually_context":"product","bundle_item_grouping":"parent","bundle_min_size":"","bundle_max_size":"","bundle_price":{"price":{"min":{"incl_tax":"0","excl_tax":"0"},"max":{"incl_tax":"0","excl_tax":"0"}},"regular_price":{"min":{"incl_tax":"0","excl_tax":"0"},"max":{"incl_tax":"0","excl_tax":"0"}}},"bundled_items":[{"bundled_item_id":1210,"product_id":5010773,"menu_order":0,"quantity_min":1,"quantity_max":1,"quantity_default":1,"priced_individually":true,"shipped_individually":true,"override_title":false,"title":null,"override_description":false,"description":null,"optional":false,"hide_thumbnail":false,"discount":"","override_variations":false,"allowed_variations":[""],"override_default_variation_attributes":false,"default_variation_attributes":[],"single_product_visibility":"visible","cart_visibility":"visible","order_visibility":"visible","single_product_price_visibility":"visible","cart_price_visibility":"visible","order_price_visibility":"visible","stock_status":"in_stock"}],"bundle_sell_ids":[],"exclude_global_add_ons":[],"addons":[],"_links":{"self":[{"href":"https:\/\/start.finder-portal.com\/pt-br\/wp-json\/wp\/v2\/product\/5581459","targetHints":{"allow":["GET"]}}],"collection":[{"href":"https:\/\/start.finder-portal.com\/pt-br\/wp-json\/wp\/v2\/product"}],"about":[{"href":"https:\/\/start.finder-portal.com\/pt-br\/wp-json\/wp\/v2\/types\/product"}],"wp:featuredmedia":[{"embeddable":true,"href":"https:\/\/start.finder-portal.com\/pt-br\/wp-json\/wp\/v2\/media\/5569254"}],"wp:attachment":[{"href":"https:\/\/start.finder-portal.com\/pt-br\/wp-json\/wp\/v2\/media?parent=5581459"}],"wp:term":[{"taxonomy":"product_brand","embeddable":true,"href":"https:\/\/start.finder-portal.com\/pt-br\/wp-json\/wp\/v2\/product_brand?post=5581459"},{"taxonomy":"product_cat","embeddable":true,"href":"https:\/\/start.finder-portal.com\/pt-br\/wp-json\/wp\/v2\/product_cat?post=5581459"},{"taxonomy":"product_tag","embeddable":true,"href":"https:\/\/start.finder-portal.com\/pt-br\/wp-json\/wp\/v2\/product_tag?post=5581459"}],"curies":[{"name":"wp","href":"https:\/\/api.w.org\/{rel}","templated":true}]}}