{"id":1468323,"date":"2022-07-13T18:44:12","date_gmt":"2022-07-13T16:44:12","guid":{"rendered":"https:\/\/start.finder-portal.com\/resubscrever\/"},"modified":"2022-07-13T18:44:13","modified_gmt":"2022-07-13T16:44:13","slug":"resubscrever","status":"publish","type":"page","link":"https:\/\/start.finder-portal.com\/pt-pt\/resubscrever\/","title":{"rendered":"Resubscrever"},"content":{"rendered":"\n\n\t<section class=\"section\" id=\"section_274624481\">\n\t\t<div class=\"section-bg fill\" >\n\t\t\t\t\t\t\t\t\t\n\t\t\t\n\n\t\t<\/div>\n\n\t\t\n\n\t\t<div class=\"section-content relative\">\n\t\t\t\n\n<div class=\"container section-title-container\" ><h2 class=\"section-title section-title-bold-center\"><b aria-hidden=\"true\"><\/b><span class=\"section-title-main\" >Instru\u00e7\u00e3o para reactivar a sua subscri\u00e7\u00e3o<\/span><b aria-hidden=\"true\"><\/b><\/h2><\/div>\n\n<div class=\"row\"  id=\"row-2060819364\">\n\n\n\t<div id=\"col-589637064\" class=\"col small-12 large-12\"  >\n\t\t\t\t<div class=\"col-inner text-center\"  >\n\t\t\t\n\t\t\t\n\n\t<div id=\"text-2656451427\" class=\"text\">\n\t\t\n\n<p>Fez uma pausa na sua subscri\u00e7\u00e3o do portal Finder e gostaria de reactiv\u00e1-lo? Basta seguir os passos abaixo e reactivar a sua subscri\u00e7\u00e3o para poder utilizar novamente o portal com todas as suas fun\u00e7\u00f5es.<\/p>\n\n\t\t\n<style>\n#text-2656451427 {\n  text-align: center;\n}\n<\/style>\n\t<\/div>\n\t\n\n\t\t<\/div>\n\t\t\t\t\n<style>\n#col-589637064 > .col-inner {\n  padding: 0px 190px 0px 190px;\n}\n<\/style>\n\t<\/div>\n\n\t\n\n<\/div>\n\n\t\t<\/div>\n\n\t\t\n<style>\n#section_274624481 {\n  padding-top: 30px;\n  padding-bottom: 30px;\n  min-height: 0px;\n}\n<\/style>\n\t<\/section>\n\t\n\n\t<section class=\"section\" id=\"section_269531811\">\n\t\t<div class=\"section-bg fill\" >\n\t\t\t\t\t\t\t\t\t\n\t\t\t\n\n\t\t<\/div>\n\n\t\t\n\n\t\t<div class=\"section-content relative\">\n\t\t\t\n\n<div class=\"row align-center\"  id=\"row-62998807\">\n\n\n\t<div id=\"col-80960306\" class=\"col medium-4 small-12 large-4\"  >\n\t\t\t\t<div class=\"col-inner\"  >\n\t\t\t\n\t\t\t\n\n\t<div id=\"text-197476929\" class=\"text\">\n\t\t\n\n<h3>Passo 1<\/h3>\n<h2>Seleccionar licen\u00e7a<\/h2>\n<p>Chamar a licen\u00e7a pausada sob o item <a href=\"https:\/\/start.finder-portal.com\/my-account\/subscriptions\/\" target=\"_blank\" rel=\"noopener\">&#8220;Licen\u00e7as de Portal&#8221;.<\/a><\/p>\n\n\t\t\n<style>\n#text-197476929 {\n  text-align: center;\n}\n<\/style>\n\t<\/div>\n\t\n\n\t\t<\/div>\n\t\t\t\t\t<\/div>\n\n\t\n\n\t<div id=\"col-372198988\" class=\"col medium-4 small-12 large-4\"  >\n\t\t\t\t<div class=\"col-inner\"  >\n\t\t\t\n\t\t\t\n\n\t<div id=\"text-3806350647\" class=\"text\">\n\t\t\n\n<h3>Passo 2<\/h3>\n<h2>Resubscrever<\/h2>\n<p>Clicar no bot\u00e3o &#8220;Resubscribe&#8221;. <\/p>\n\n\t\t\n<style>\n#text-3806350647 {\n  text-align: center;\n}\n<\/style>\n\t<\/div>\n\t\n\n\t\t<\/div>\n\t\t\t\t\t<\/div>\n\n\t\n\n\t<div id=\"col-1539196837\" class=\"col medium-4 small-12 large-4\"  >\n\t\t\t\t<div class=\"col-inner\"  >\n\t\t\t\n\t\t\t\n\n\t<div id=\"text-4204496751\" class=\"text\">\n\t\t\n\n<h3>Passo 3<\/h3>\n<h2>Checkout<\/h2>\n<p>Actualize os seus dados de pagamento e complete a compra.<\/p>\n\n\t\t\n<style>\n#text-4204496751 {\n  text-align: center;\n}\n<\/style>\n\t<\/div>\n\t\n\n\t\t<\/div>\n\t\t\t\t\t<\/div>\n\n\t\n\n\n<style>\n#row-62998807 > .col > .col-inner {\n  background-color: rgb(238, 238, 238);\n}\n<\/style>\n<\/div>\n\n\t\t<\/div>\n\n\t\t\n<style>\n#section_269531811 {\n  padding-top: 30px;\n  padding-bottom: 30px;\n  background-color: rgb(238, 238, 238);\n}\n<\/style>\n\t<\/section>\n\t\n","protected":false},"excerpt":{"rendered":"","protected":false},"author":57988,"featured_media":0,"parent":0,"menu_order":0,"comment_status":"closed","ping_status":"closed","template":"","meta":{"footnotes":""},"class_list":["post-1468323","page","type-page","status-publish","hentry"],"_links":{"self":[{"href":"https:\/\/start.finder-portal.com\/pt-pt\/wp-json\/wp\/v2\/pages\/1468323","targetHints":{"allow":["GET"]}}],"collection":[{"href":"https:\/\/start.finder-portal.com\/pt-pt\/wp-json\/wp\/v2\/pages"}],"about":[{"href":"https:\/\/start.finder-portal.com\/pt-pt\/wp-json\/wp\/v2\/types\/page"}],"author":[{"embeddable":true,"href":"https:\/\/start.finder-portal.com\/pt-pt\/wp-json\/wp\/v2\/users\/57988"}],"replies":[{"embeddable":true,"href":"https:\/\/start.finder-portal.com\/pt-pt\/wp-json\/wp\/v2\/comments?post=1468323"}],"version-history":[{"count":1,"href":"https:\/\/start.finder-portal.com\/pt-pt\/wp-json\/wp\/v2\/pages\/1468323\/revisions"}],"predecessor-version":[{"id":1468324,"href":"https:\/\/start.finder-portal.com\/pt-pt\/wp-json\/wp\/v2\/pages\/1468323\/revisions\/1468324"}],"wp:attachment":[{"href":"https:\/\/start.finder-portal.com\/pt-pt\/wp-json\/wp\/v2\/media?parent=1468323"}],"curies":[{"name":"wp","href":"https:\/\/api.w.org\/{rel}","templated":true}]}}