{"id":2559277,"date":"2023-10-26T13:46:23","date_gmt":"2023-10-26T11:46:23","guid":{"rendered":"https:\/\/start.finder-portal.com\/quickstart-battery\/"},"modified":"2024-08-21T13:02:25","modified_gmt":"2024-08-21T11:02:25","slug":"quickstart-battery","status":"publish","type":"page","link":"https:\/\/start.finder-portal.com\/pt-pt\/quickstart-battery\/","title":{"rendered":"Quickstart-Battery"},"content":{"rendered":"\n\n\t<section class=\"section\" id=\"section_1375083087\">\n\t\t<div class=\"section-bg fill\" >\n\t\t\t\t\t\t\t\t\t\n\t\t\t\n\n\t\t<\/div>\n\n\t\t\n\n\t\t<div class=\"section-content relative\">\n\t\t\t\n\n\t<div id=\"gap-1854858463\" class=\"gap-element clearfix\" style=\"display:block; height:auto;\">\n\t\t\n<style>\n#gap-1854858463 {\n  padding-top: 20px;\n}\n@media (min-width:550px) {\n  #gap-1854858463 {\n    padding-top: 20px;\n  }\n}\n<\/style>\n\t<\/div>\n\t\n\n\t<div id=\"text-886053255\" class=\"text\">\n\t\t\n\n<h2>IN\u00cdCIO R\u00c1PIDO<\/h2>\n\t\t\n<style>\n#text-886053255 {\n  font-size: 2rem;\n  text-align: center;\n  color: rgb(0,0,0);\n}\n#text-886053255 > * {\n  color: rgb(0,0,0);\n}\n<\/style>\n\t<\/div>\n\t\n\n\t\t<\/div>\n\n\t\t\n<style>\n#section_1375083087 {\n  padding-top: 0px;\n  padding-bottom: 0px;\n}\n@media (min-width:550px) {\n  #section_1375083087 {\n    padding-top: 10px;\n    padding-bottom: 10px;\n  }\n}\n<\/style>\n\t<\/section>\n\t\n\n\t<section class=\"section\" id=\"section_1484481575\">\n\t\t<div class=\"section-bg fill\" >\n\t\t\t\t\t\t\t\t\t\n\t\t\t\n\n\t\t<\/div>\n\n\t\t\n\n\t\t<div class=\"section-content relative\">\n\t\t\t\n\n\t<div id=\"text-2828322212\" class=\"text\">\n\t\t\n\n<p>Siga estes passos simples: <\/p>\n\t\t\n<style>\n#text-2828322212 {\n  font-size: 1rem;\n  line-height: 1.55;\n  text-align: center;\n  color: rgb(0,0,0);\n}\n#text-2828322212 > * {\n  color: rgb(0,0,0);\n}\n@media (min-width:550px) {\n  #text-2828322212 {\n    font-size: 1.5rem;\n  }\n}\n<\/style>\n\t<\/div>\n\t\n\n\t\t<\/div>\n\n\t\t\n<style>\n#section_1484481575 {\n  padding-top: 0px;\n  padding-bottom: 0px;\n}\n@media (min-width:550px) {\n  #section_1484481575 {\n    padding-top: 10px;\n    padding-bottom: 10px;\n  }\n}\n<\/style>\n\t<\/section>\n\t\n\n\t<section class=\"section\" id=\"section_1679213364\">\n\t\t<div class=\"section-bg fill\" >\n\t\t\t\t\t\t\t\t\t<div class=\"section-bg-overlay absolute fill\"><\/div>\n\t\t\t\n\n\t\t<\/div>\n\n\t\t\n\n\t\t<div class=\"section-content relative\">\n\t\t\t\n\n<div class=\"row align-middle align-center\"  id=\"row-602142444\">\n\n\n\t<div id=\"col-288493687\" class=\"col medium-10 small-12 large-10\"  >\n\t\t\t\t<div class=\"col-inner text-center\" style=\"background-color:rgb(234, 234, 234);\" >\n\t\t\t\n\t<div class=\"is-border\"\n\t\tstyle=\"border-width:0px 0px 0px 0px;margin:0px 0px 0px 0px;\">\n\t<\/div>\n\t\t\t\n\n\t<div class=\"img has-hover x md-x lg-x y md-y lg-y\" id=\"image_249217608\">\n\t\t\t\t\t\t\t\t<div class=\"img-inner dark\" style=\"margin:0px 0px 20px 0px;\">\n\t\t\t<img loading=\"lazy\" decoding=\"async\" width=\"85\" height=\"64\" src=\"https:\/\/start.finder-portal.com\/wp-content\/uploads\/2018\/04\/Battery-power-4.png\" class=\"attachment-large size-large\" alt=\"\" srcset=\"https:\/\/start.finder-portal.com\/wp-content\/uploads\/2018\/04\/Battery-power-4.png 85w, https:\/\/start.finder-portal.com\/wp-content\/uploads\/2018\/04\/Battery-power-4-50x38.png 50w\" sizes=\"auto, (max-width: 85px) 100vw, 85px\" \/>\t\t\t\t\t\t\n\t\t\t\t\t<\/div>\n\t\t\t\t\t\t\t\t\n<style>\n#image_249217608 {\n  width: 20%;\n}\n@media (min-width:550px) {\n  #image_249217608 {\n    width: 6%;\n  }\n}\n<\/style>\n\t<\/div>\n\t\n\n\t<div id=\"text-3650184892\" class=\"text\">\n\t\t\n\n<h1>1. Carregue o dispositivo<\/h1>\n\t\t\n<style>\n#text-3650184892 {\n  text-align: center;\n  color: rgb(0,0,0);\n}\n#text-3650184892 > * {\n  color: rgb(0,0,0);\n}\n@media (min-width:550px) {\n  #text-3650184892 {\n    text-align: center;\n  }\n}\n<\/style>\n\t<\/div>\n\t\n\n\t\t<\/div>\n\t\t\t\t\n<style>\n#col-288493687 > .col-inner {\n  margin: 0px 0px -30px 0px;\n}\n<\/style>\n\t<\/div>\n\n\t\n\n\n<style>\n#row-602142444 > .col > .col-inner {\n  padding: 20px 0px 20px 0px;\n  border-radius: 30px;\n}\n<\/style>\n<\/div>\n\n\t\t<\/div>\n\n\t\t\n<style>\n#section_1679213364 {\n  padding-top: 10px;\n  padding-bottom: 10px;\n  background-color: rgb(255,255,255);\n}\n#section_1679213364 .section-bg-overlay {\n  background-color: rgba(255, 255, 255, 0.85);\n}\n@media (min-width:550px) {\n  #section_1679213364 {\n    padding-top: 10px;\n    padding-bottom: 10px;\n  }\n}\n<\/style>\n\t<\/section>\n\t\n\n\t<section class=\"section\" id=\"section_1130202110\">\n\t\t<div class=\"section-bg fill\" >\n\t\t\t\t\t\t\t\t\t<div class=\"section-bg-overlay absolute fill\"><\/div>\n\t\t\t\n\n\t\t<\/div>\n\n\t\t\n\n\t\t<div class=\"section-content relative\">\n\t\t\t\n\n<div class=\"row align-middle align-center\"  id=\"row-55746960\">\n\n\n\t<div id=\"col-2039717570\" class=\"col medium-10 small-12 large-10\"  >\n\t\t\t\t<div class=\"col-inner text-center\" style=\"background-color:rgb(234, 234, 234);\" >\n\t\t\t\n\t<div class=\"is-border\"\n\t\tstyle=\"border-width:0px 0px 0px 0px;margin:0px 0px 0px 0px;\">\n\t<\/div>\n\t\t\t\n\n\t<div class=\"img has-hover x md-x lg-x y md-y lg-y\" id=\"image_2109102001\">\n\t\t\t\t\t\t\t\t<div class=\"img-inner dark\" >\n\t\t\t<img loading=\"lazy\" decoding=\"async\" width=\"68\" height=\"89\" src=\"https:\/\/start.finder-portal.com\/wp-content\/uploads\/2018\/04\/sim.png\" class=\"attachment-large size-large\" alt=\"\" srcset=\"https:\/\/start.finder-portal.com\/wp-content\/uploads\/2018\/04\/sim.png 68w, https:\/\/start.finder-portal.com\/wp-content\/uploads\/2018\/04\/sim-50x65.png 50w\" sizes=\"auto, (max-width: 68px) 100vw, 68px\" \/>\t\t\t\t\t\t\n\t\t\t\t\t<\/div>\n\t\t\t\t\t\t\t\t\n<style>\n#image_2109102001 {\n  width: 15%;\n}\n@media (min-width:550px) {\n  #image_2109102001 {\n    width: 5%;\n  }\n}\n<\/style>\n\t<\/div>\n\t\n\n\t<div id=\"text-1814256933\" class=\"text\">\n\t\t\n\n<h1>2. Ative seu built-in<br>Cart\u00e3o SIM<\/h1>\n\t\t\n<style>\n#text-1814256933 {\n  text-align: center;\n  color: rgb(0,0,0);\n}\n#text-1814256933 > * {\n  color: rgb(0,0,0);\n}\n@media (min-width:550px) {\n  #text-1814256933 {\n    text-align: center;\n  }\n}\n@media (min-width:850px) {\n  #text-1814256933 {\n    text-align: center;\n  }\n}\n<\/style>\n\t<\/div>\n\t\n\t<div id=\"gap-97401388\" class=\"gap-element clearfix\" style=\"display:block; height:auto;\">\n\t\t\n<style>\n#gap-97401388 {\n  padding-top: 10px;\n}\n@media (min-width:550px) {\n  #gap-97401388 {\n    padding-top: 30px;\n  }\n}\n<\/style>\n\t<\/div>\n\t\n\n\t<div id=\"text-3189621357\" class=\"text\">\n\t\t\n\n<p>\u2022 Escolher uma dura\u00e7\u00e3o de subscri\u00e7\u00e3o<br>\u2022 Selecionar um pacote de servi\u00e7os (opcional)<br>\u2022 Efetuar o pagamento<\/p>\n\t\t\n<style>\n#text-3189621357 {\n  text-align: center;\n  color: rgb(0,0,0);\n}\n#text-3189621357 > * {\n  color: rgb(0,0,0);\n}\n@media (min-width:550px) {\n  #text-3189621357 {\n    text-align: center;\n  }\n}\n@media (min-width:850px) {\n  #text-3189621357 {\n    text-align: center;\n  }\n}\n<\/style>\n\t<\/div>\n\t\n\t<div id=\"gap-602660906\" class=\"gap-element clearfix\" style=\"display:block; height:auto;\">\n\t\t\n<style>\n#gap-602660906 {\n  padding-top: 10px;\n}\n@media (min-width:550px) {\n  #gap-602660906 {\n    padding-top: 30px;\n  }\n}\n<\/style>\n\t<\/div>\n\t\n\n<a href=\"https:\/\/start.finder-portal.com\/pt-pt\/\" target=\"_blank\" class=\"button primary\" rel=\"noopener\" style=\"border-radius:5px;\">\n\t\t<span>Ativar agora<\/span>\n\t<i class=\"icon-angle-right\" aria-hidden=\"true\"><\/i><\/a>\n\n\n\n\t\t<\/div>\n\t\t\t\t\n<style>\n#col-2039717570 > .col-inner {\n  margin: 0px 0px -30px 0px;\n}\n<\/style>\n\t<\/div>\n\n\t\n\n\n<style>\n#row-55746960 > .col > .col-inner {\n  padding: 20px 0px 20px 0px;\n  border-radius: 30px;\n}\n<\/style>\n<\/div>\n\n\t\t<\/div>\n\n\t\t\n<style>\n#section_1130202110 {\n  padding-top: 10px;\n  padding-bottom: 10px;\n  background-color: rgb(255, 255, 255);\n}\n#section_1130202110 .section-bg-overlay {\n  background-color: rgba(255, 255, 255, 0.85);\n}\n@media (min-width:550px) {\n  #section_1130202110 {\n    padding-top: 10px;\n    padding-bottom: 10px;\n  }\n}\n<\/style>\n\t<\/section>\n\t\n\n\t<section class=\"section\" id=\"section_1302381574\">\n\t\t<div class=\"section-bg fill\" >\n\t\t\t\t\t\t\t\t\t<div class=\"section-bg-overlay absolute fill\"><\/div>\n\t\t\t\n\n\t\t<\/div>\n\n\t\t\n\n\t\t<div class=\"section-content relative\">\n\t\t\t\n\n<div class=\"row align-middle align-center\"  id=\"row-92784707\">\n\n\n\t<div id=\"col-572330131\" class=\"col medium-10 small-12 large-10\"  >\n\t\t\t\t<div class=\"col-inner text-center\" style=\"background-color:rgb(234, 234, 234);\" >\n\t\t\t\n\t<div class=\"is-border\"\n\t\tstyle=\"border-width:0px 0px 0px 0px;margin:0px 0px 0px 0px;\">\n\t<\/div>\n\t\t\t\n\n\t<div class=\"img has-hover x md-x lg-x y md-y lg-y\" id=\"image_936506847\">\n\t\t\t\t\t\t\t\t<div class=\"img-inner dark\" >\n\t\t\t<img loading=\"lazy\" decoding=\"async\" width=\"75\" height=\"80\" src=\"https:\/\/start.finder-portal.com\/wp-content\/uploads\/2018\/04\/power-button.png\" class=\"attachment-large size-large\" alt=\"\" srcset=\"https:\/\/start.finder-portal.com\/wp-content\/uploads\/2018\/04\/power-button.png 75w, https:\/\/start.finder-portal.com\/wp-content\/uploads\/2018\/04\/power-button-50x53.png 50w\" sizes=\"auto, (max-width: 75px) 100vw, 75px\" \/>\t\t\t\t\t\t\n\t\t\t\t\t<\/div>\n\t\t\t\t\t\t\t\t\n<style>\n#image_936506847 {\n  width: 18%;\n}\n@media (min-width:550px) {\n  #image_936506847 {\n    width: 6%;\n  }\n}\n<\/style>\n\t<\/div>\n\t\n\n\t<div id=\"text-247626861\" class=\"text\">\n\t\t\n\n<h1>3. Saia para o primeiro uso<\/h1>\n\t\t\n<style>\n#text-247626861 {\n  line-height: 1.85;\n  color: rgb(0,0,0);\n}\n#text-247626861 > * {\n  color: rgb(0,0,0);\n}\n<\/style>\n\t<\/div>\n\t\n\t<div id=\"gap-1044435138\" class=\"gap-element clearfix\" style=\"display:block; height:auto;\">\n\t\t\n<style>\n#gap-1044435138 {\n  padding-top: 10px;\n}\n@media (min-width:550px) {\n  #gap-1044435138 {\n    padding-top: 30px;\n  }\n}\n<\/style>\n\t<\/div>\n\t\n\n\t<div id=\"text-1740636571\" class=\"text\">\n\t\t\n\n<p>\u2022 Saia e ligue o dispositivo<br>\u2022 Caminhe por v\u00e1rios minutos<br>\u2022 O dispositivo calibra-se automaticamente<\/p>\n\t\t\n<style>\n#text-1740636571 {\n  line-height: 1.85;\n  color: rgb(0,0,0);\n}\n#text-1740636571 > * {\n  color: rgb(0,0,0);\n}\n<\/style>\n\t<\/div>\n\t\n\n\t\t<\/div>\n\t\t\t\t\n<style>\n#col-572330131 > .col-inner {\n  margin: 0px 0px -30px 0px;\n}\n<\/style>\n\t<\/div>\n\n\t\n\n\n<style>\n#row-92784707 > .col > .col-inner {\n  padding: 20px 0px 20px 0px;\n  border-radius: 30px;\n}\n<\/style>\n<\/div>\n\n\t\t<\/div>\n\n\t\t\n<style>\n#section_1302381574 {\n  padding-top: 10px;\n  padding-bottom: 10px;\n}\n#section_1302381574 .section-bg-overlay {\n  background-color: rgba(255, 255, 255, 0.85);\n}\n@media (min-width:550px) {\n  #section_1302381574 {\n    padding-top: 10px;\n    padding-bottom: 10px;\n  }\n}\n<\/style>\n\t<\/section>\n\t\n\n\t<section class=\"section\" id=\"section_1421570231\">\n\t\t<div class=\"section-bg fill\" >\n\t\t\t\t\t\t\t\t\t<div class=\"section-bg-overlay absolute fill\"><\/div>\n\t\t\t\n\n\t\t<\/div>\n\n\t\t\n\n\t\t<div class=\"section-content relative\">\n\t\t\t\n\n<div class=\"row align-middle align-center\"  id=\"row-691384850\">\n\n\n\t<div id=\"col-1775273734\" class=\"col medium-10 small-12 large-10\"  >\n\t\t\t\t<div class=\"col-inner text-center\" style=\"background-color:rgb(234, 234, 234);\" >\n\t\t\t\n\t<div class=\"is-border\"\n\t\tstyle=\"border-width:0px 0px 0px 0px;margin:0px 0px 0px 0px;\">\n\t<\/div>\n\t\t\t\n\n\t<div class=\"img has-hover x md-x lg-x y md-y lg-y\" id=\"image_849960200\">\n\t\t\t\t\t\t\t\t<div class=\"img-inner dark\" >\n\t\t\t<img loading=\"lazy\" decoding=\"async\" width=\"69\" height=\"94\" src=\"https:\/\/start.finder-portal.com\/wp-content\/uploads\/2018\/04\/pin.png\" class=\"attachment-large size-large\" alt=\"\" srcset=\"https:\/\/start.finder-portal.com\/wp-content\/uploads\/2018\/04\/pin.png 69w, https:\/\/start.finder-portal.com\/wp-content\/uploads\/2018\/04\/pin-50x68.png 50w\" sizes=\"auto, (max-width: 69px) 100vw, 69px\" \/>\t\t\t\t\t\t\n\t\t\t\t\t<\/div>\n\t\t\t\t\t\t\t\t\n<style>\n#image_849960200 {\n  width: 15%;\n}\n@media (min-width:550px) {\n  #image_849960200 {\n    width: 5%;\n  }\n}\n<\/style>\n\t<\/div>\n\t\n\n\t<div id=\"text-1258679375\" class=\"text\">\n\t\t\n\n<h1>4. Localize seu dispositivo<\/h1>\n\t\t\n<style>\n#text-1258679375 {\n  color: rgb(0,0,0);\n}\n#text-1258679375 > * {\n  color: rgb(0,0,0);\n}\n<\/style>\n\t<\/div>\n\t\n\t<div id=\"gap-1750930723\" class=\"gap-element clearfix\" style=\"display:block; height:auto;\">\n\t\t\n<style>\n#gap-1750930723 {\n  padding-top: 10px;\n}\n@media (min-width:550px) {\n  #gap-1750930723 {\n    padding-top: 30px;\n  }\n}\n<\/style>\n\t<\/div>\n\t\n\n\t<div id=\"text-3425944819\" class=\"text\">\n\t\t\n\n<p>\u2022 Descarregar a aplica\u00e7\u00e3o do Portal PAJ<br>ou<br>\u2022 Aceder ao Portal atrav\u00e9s do seu browser <\/p>\n\t\t\n<style>\n#text-3425944819 {\n  color: rgb(0,0,0);\n}\n#text-3425944819 > * {\n  color: rgb(0,0,0);\n}\n<\/style>\n\t<\/div>\n\t\n\n\t\t<\/div>\n\t\t\t\t\n<style>\n#col-1775273734 > .col-inner {\n  margin: 0px 0px -30px 0px;\n}\n<\/style>\n\t<\/div>\n\n\t\n\n\n<style>\n#row-691384850 > .col > .col-inner {\n  padding: 20px 0px 20px 0px;\n  border-radius: 30px;\n}\n<\/style>\n<\/div>\n\n\t\t<\/div>\n\n\t\t\n<style>\n#section_1421570231 {\n  padding-top: 10px;\n  padding-bottom: 10px;\n}\n#section_1421570231 .section-bg-overlay {\n  background-color: rgba(255, 255, 255, 0.85);\n}\n@media (min-width:550px) {\n  #section_1421570231 {\n    padding-top: 10px;\n    padding-bottom: 10px;\n  }\n}\n<\/style>\n\t<\/section>\n\t\n\n\t<section class=\"section\" id=\"section_2046701489\">\n\t\t<div class=\"section-bg fill\" >\n\t\t\t\t\t\t\t\t\t<div class=\"section-bg-overlay absolute fill\"><\/div>\n\t\t\t\n\n\t\t<\/div>\n\n\t\t\n\n\t\t<div class=\"section-content relative\">\n\t\t\t\n\n<div class=\"row align-middle\" style=\"max-width:600px\" id=\"row-1155770027\">\n\n\n\t<div id=\"col-795486516\" class=\"col medium-6 small-6 large-6\"  >\n\t\t\t\t<div class=\"col-inner\"  >\n\t\t\t\n\t\t\t\n\n\t<div class=\"img has-hover x md-x lg-x y md-y lg-y\" id=\"image_1476635588\">\n\t\t<a class=\"\" href=\"https:\/\/play.google.com\/store\/apps\/details?id=io.ionic.pajgpsv2&#038;hl=de\" target=\"_blank\" rel=\"noopener\" >\t\t\t\t\t\t<div class=\"img-inner dark\" >\n\t\t\t<img loading=\"lazy\" decoding=\"async\" width=\"600\" height=\"232\" src=\"https:\/\/start.finder-portal.com\/wp-content\/uploads\/2018\/04\/google-play-badge-1-1-600x232-1.png\" class=\"attachment-large size-large\" alt=\"\" srcset=\"https:\/\/start.finder-portal.com\/wp-content\/uploads\/2018\/04\/google-play-badge-1-1-600x232-1.png 600w, https:\/\/start.finder-portal.com\/wp-content\/uploads\/2018\/04\/google-play-badge-1-1-600x232-1-200x77.png 200w, https:\/\/start.finder-portal.com\/wp-content\/uploads\/2018\/04\/google-play-badge-1-1-600x232-1-50x19.png 50w, https:\/\/start.finder-portal.com\/wp-content\/uploads\/2018\/04\/google-play-badge-1-1-600x232-1-300x116.png 300w\" sizes=\"auto, (max-width: 600px) 100vw, 600px\" \/>\t\t\t\t\t\t\n\t\t\t\t\t<\/div>\n\t\t\t\t\t\t<\/a>\t\t\n<style>\n#image_1476635588 {\n  width: 100%;\n}\n@media (min-width:550px) {\n  #image_1476635588 {\n    width: 100%;\n  }\n}\n<\/style>\n\t<\/div>\n\t\n\n\n\t\t<\/div>\n\t\t\t\t\n<style>\n#col-795486516 > .col-inner {\n  margin: 0px 0px -20px 0px;\n}\n<\/style>\n\t<\/div>\n\n\t\n\n\t<div id=\"col-1012054062\" class=\"col medium-6 small-6 large-6\"  >\n\t\t\t\t<div class=\"col-inner\"  >\n\t\t\t\n\t\t\t\n\n\t<div class=\"img has-hover x md-x lg-x y md-y lg-y\" id=\"image_2080369828\">\n\t\t<a class=\"\" href=\"https:\/\/apps.apple.com\/de\/app\/paj-portal-v2\/id1554462332\" target=\"_blank\" rel=\"noopener\" >\t\t\t\t\t\t<div class=\"img-inner dark\" >\n\t\t\t<img loading=\"lazy\" decoding=\"async\" width=\"600\" height=\"232\" src=\"https:\/\/start.finder-portal.com\/wp-content\/uploads\/2018\/04\/apple-app-badge-1-600x232-1.png\" class=\"attachment-large size-large\" alt=\"\" srcset=\"https:\/\/start.finder-portal.com\/wp-content\/uploads\/2018\/04\/apple-app-badge-1-600x232-1.png 600w, https:\/\/start.finder-portal.com\/wp-content\/uploads\/2018\/04\/apple-app-badge-1-600x232-1-200x77.png 200w, https:\/\/start.finder-portal.com\/wp-content\/uploads\/2018\/04\/apple-app-badge-1-600x232-1-50x19.png 50w, https:\/\/start.finder-portal.com\/wp-content\/uploads\/2018\/04\/apple-app-badge-1-600x232-1-300x116.png 300w\" sizes=\"auto, (max-width: 600px) 100vw, 600px\" \/>\t\t\t\t\t\t\n\t\t\t\t\t<\/div>\n\t\t\t\t\t\t<\/a>\t\t\n<style>\n#image_2080369828 {\n  width: 100%;\n}\n<\/style>\n\t<\/div>\n\t\n\n\n\t\t<\/div>\n\t\t\t\t\n<style>\n#col-1012054062 > .col-inner {\n  margin: 0px 0px -20px 0px;\n}\n<\/style>\n\t<\/div>\n\n\t\n\n\t<div id=\"col-407389458\" class=\"col small-12 large-12\"  >\n\t\t\t\t<div class=\"col-inner text-center\"  >\n\t\t\t\n\t\t\t\n\n<a href=\"https:\/\/v2.finder-portal.com\/\" target=\"_blank\" class=\"button primary expand\" rel=\"noopener\" >\n\t\t<span>Portal Web<\/span>\n\t<i class=\"icon-angle-right\" aria-hidden=\"true\"><\/i><\/a>\n\n\n\n\t\t<\/div>\n\t\t\t\t\t<\/div>\n\n\t\n\n<\/div>\n\n\t\t<\/div>\n\n\t\t\n<style>\n#section_2046701489 {\n  padding-top: 10px;\n  padding-bottom: 10px;\n  background-color: rgb(255, 255, 255);\n}\n#section_2046701489 .section-bg-overlay {\n  background-color: rgba(255, 255, 255, 0.85);\n}\n@media (min-width:550px) {\n  #section_2046701489 {\n    padding-top: 20px;\n    padding-bottom: 20px;\n  }\n}\n<\/style>\n\t<\/section>\n\t\n\n\t<section class=\"section\" id=\"section_455154739\">\n\t\t<div class=\"section-bg fill\" >\n\t\t\t\t\t\t\t\t\t<div class=\"section-bg-overlay absolute fill\"><\/div>\n\t\t\t\n\n\t\t<\/div>\n\n\t\t\n\n\t\t<div class=\"section-content relative\">\n\t\t\t\n\n<div class=\"row row-large align-middle\"  id=\"row-860246366\">\n\n\n\t<div id=\"col-1306724955\" class=\"col small-12 large-12\"  >\n\t\t\t\t<div class=\"col-inner text-center\"  >\n\t\t\t\n\t\t\t\n\n\t<div id=\"text-3426530894\" class=\"text\">\n\t\t\n\n<h1>Apoio<\/h1>\n\t\t\n<style>\n#text-3426530894 {\n  color: rgb(0,0,0);\n}\n#text-3426530894 > * {\n  color: rgb(0,0,0);\n}\n<\/style>\n\t<\/div>\n\t\n\t<div id=\"gap-549825871\" class=\"gap-element clearfix\" style=\"display:block; height:auto;\">\n\t\t\n<style>\n#gap-549825871 {\n  padding-top: 20px;\n}\n@media (min-width:550px) {\n  #gap-549825871 {\n    padding-top: 30px;\n  }\n}\n<\/style>\n\t<\/div>\n\t\n\n\t<div id=\"text-2667942659\" class=\"text\">\n\t\t\n\n<p>A nossa equipa interna de apoio ao cliente ter\u00e1 todo o prazer em ajud\u00e1-lo com quaisquer quest\u00f5es relacionadas com o seu produto.<\/p>\n\t\t\n<style>\n#text-2667942659 {\n  color: rgb(0,0,0);\n}\n#text-2667942659 > * {\n  color: rgb(0,0,0);\n}\n<\/style>\n\t<\/div>\n\t\n\t<div id=\"gap-115991926\" class=\"gap-element clearfix\" style=\"display:block; height:auto;\">\n\t\t\n<style>\n#gap-115991926 {\n  padding-top: 20px;\n}\n@media (min-width:550px) {\n  #gap-115991926 {\n    padding-top: 30px;\n  }\n}\n<\/style>\n\t<\/div>\n\t\n\n<a href=\"https:\/\/www.paj-gps.pt\/manual-de-instrucoes\/\" target=\"_blank\" class=\"button secondary\" rel=\"noopener\" >\n\t\t<span>Todos os manuais<\/span>\n\t<i class=\"icon-angle-right\" aria-hidden=\"true\"><\/i><\/a>\n\n\n\n\t\t<\/div>\n\t\t\t\t\n<style>\n#col-1306724955 > .col-inner {\n  margin: 0px 0px -20px 0px;\n}\n<\/style>\n\t<\/div>\n\n\t\n\n<\/div>\n<div class=\"row\"  id=\"row-989019671\">\n\n\n\t<div id=\"col-1015246385\" class=\"col small-12 large-12\"  >\n\t\t\t\t<div class=\"col-inner text-center\"  >\n\t\t\t\n\t\t\t\n\n<a href=\"https:\/\/www.paj-gps.pt\/assistencia\/\" target=\"_blank\" class=\"button primary\" rel=\"noopener\" >\n\t\t<span>Servi\u00e7o de ajuda<\/span>\n\t<i class=\"icon-angle-right\" aria-hidden=\"true\"><\/i><\/a>\n\n\n\n\t\t<\/div>\n\t\t\t\t\t<\/div>\n\n\t\n\n<\/div>\n\n\t\t<\/div>\n\n\t\t\n<style>\n#section_455154739 {\n  padding-top: 40px;\n  padding-bottom: 40px;\n  background-color: rgb(193, 193, 193);\n}\n#section_455154739 .section-bg-overlay {\n  background-color: rgba(255, 255, 255, 0.85);\n}\n@media (min-width:550px) {\n  #section_455154739 {\n    padding-top: 20px;\n    padding-bottom: 20px;\n  }\n}\n<\/style>\n\t<\/section>\n\t\n\n","protected":false},"excerpt":{"rendered":"","protected":false},"author":156840,"featured_media":0,"parent":0,"menu_order":0,"comment_status":"closed","ping_status":"closed","template":"","meta":{"footnotes":""},"class_list":["post-2559277","page","type-page","status-publish","hentry"],"_links":{"self":[{"href":"https:\/\/start.finder-portal.com\/pt-pt\/wp-json\/wp\/v2\/pages\/2559277","targetHints":{"allow":["GET"]}}],"collection":[{"href":"https:\/\/start.finder-portal.com\/pt-pt\/wp-json\/wp\/v2\/pages"}],"about":[{"href":"https:\/\/start.finder-portal.com\/pt-pt\/wp-json\/wp\/v2\/types\/page"}],"author":[{"embeddable":true,"href":"https:\/\/start.finder-portal.com\/pt-pt\/wp-json\/wp\/v2\/users\/156840"}],"replies":[{"embeddable":true,"href":"https:\/\/start.finder-portal.com\/pt-pt\/wp-json\/wp\/v2\/comments?post=2559277"}],"version-history":[{"count":2,"href":"https:\/\/start.finder-portal.com\/pt-pt\/wp-json\/wp\/v2\/pages\/2559277\/revisions"}],"predecessor-version":[{"id":3604831,"href":"https:\/\/start.finder-portal.com\/pt-pt\/wp-json\/wp\/v2\/pages\/2559277\/revisions\/3604831"}],"wp:attachment":[{"href":"https:\/\/start.finder-portal.com\/pt-pt\/wp-json\/wp\/v2\/media?parent=2559277"}],"curies":[{"name":"wp","href":"https:\/\/api.w.org\/{rel}","templated":true}]}}