{"id":3521489,"date":"2024-07-31T10:50:56","date_gmt":"2024-07-31T08:50:56","guid":{"rendered":"https:\/\/start.finder-portal.com\/metodos-de-pagamento\/"},"modified":"2024-07-31T11:58:40","modified_gmt":"2024-07-31T09:58:40","slug":"metodos-de-pagamento","status":"publish","type":"page","link":"https:\/\/start.finder-portal.com\/pt-pt\/metodos-de-pagamento\/","title":{"rendered":"M\u00e9todos de pagamento"},"content":{"rendered":"\n<div class=\"row\"  id=\"row-1484888237\">\n\n\n\t<div id=\"col-1986065112\" class=\"col small-12 large-12\"  >\n\t\t\t\t<div class=\"col-inner\"  >\n\t\t\t\n\t\t\t\n\n\t<div id=\"gap-744720000\" class=\"gap-element clearfix\" style=\"display:block; height:auto;\">\n\t\t\n<style>\n#gap-744720000 {\n  padding-top: 30px;\n}\n<\/style>\n\t<\/div>\n\t\n\n<h1 style=\"text-align: center;\"><span style=\"font-size: 120%;\">M\u00e9todos de pagamento<\/span><\/h1>\n\t<div id=\"gap-1529262738\" class=\"gap-element clearfix\" style=\"display:block; height:auto;\">\n\t\t\n<style>\n#gap-1529262738 {\n  padding-top: 30px;\n}\n<\/style>\n\t<\/div>\n\t\n\n\n\t\t<\/div>\n\t\t\t\t\t<\/div>\n\n\t\n\n<\/div>\n<div class=\"row\"  id=\"row-2020565586\">\n\n\n\t<div id=\"col-907075445\" class=\"col medium-3 small-12 large-3\"  >\n\t\t\t\t<div class=\"col-inner\"  >\n\t\t\t\n\t\t\t\n\n\t<div class=\"img has-hover x md-x lg-x y md-y lg-y\" id=\"image_1466352996\">\n\t\t\t\t\t\t\t\t<div class=\"img-inner dark\" >\n\t\t\t<img loading=\"lazy\" decoding=\"async\" width=\"437\" height=\"115\" src=\"https:\/\/start.finder-portal.com\/wp-content\/uploads\/2024\/07\/paypal-logo.png\" class=\"attachment-original size-original\" alt=\"PayPal Logo\" srcset=\"https:\/\/start.finder-portal.com\/wp-content\/uploads\/2024\/07\/paypal-logo.png 437w, https:\/\/start.finder-portal.com\/wp-content\/uploads\/2024\/07\/paypal-logo-200x53.png 200w, https:\/\/start.finder-portal.com\/wp-content\/uploads\/2024\/07\/paypal-logo-50x13.png 50w, https:\/\/start.finder-portal.com\/wp-content\/uploads\/2024\/07\/paypal-logo-300x79.png 300w\" sizes=\"auto, (max-width: 437px) 100vw, 437px\" \/>\t\t\t\t\t\t\n\t\t\t\t\t<\/div>\n\t\t\t\t\t\t\t\t\n<style>\n#image_1466352996 {\n  width: 100%;\n}\n<\/style>\n\t<\/div>\n\t\n\n\n\t\t<\/div>\n\t\t\t\t\t<\/div>\n\n\t\n\n\t<div id=\"col-891029592\" class=\"col medium-9 small-12 large-9\"  >\n\t\t\t\t<div class=\"col-inner\"  >\n\t\t\t\n\t\t\t\n\n<h2>PayPal<\/h2>\n<p class=\"cleaner\">Tamb\u00e9m pode pagar com PayPal. Com a prote\u00e7\u00e3o do comprador PayPal, cada pagamento via PayPal \u00e9 seguro e receber\u00e1 sempre o seu dinheiro de volta em caso de problemas. <\/p>\n<p class=\"cleaner\">Para tal, seleccione PayPal ao escolher o m\u00e9todo de pagamento. Ser\u00e1 automaticamente redireccionado para o PayPal no final do processo de encomenda. Se j\u00e1 for cliente PayPal, pode iniciar sess\u00e3o com os seus dados de utilizador e confirmar o pagamento.  <\/p>\n<p class=\"cleaner\">Se \u00e9 novo no PayPal, pode registar-se como convidado ou abrir uma conta PayPal e depois confirmar o pagamento. Os seus dados banc\u00e1rios e de cart\u00e3o de cr\u00e9dito n\u00e3o ser\u00e3o partilhados com terceiros. Para os compradores, o pagamento com PayPal \u00e9 sempre gratuito.  <\/p>\n\n\t\t<\/div>\n\t\t\t\t\t<\/div>\n\n\t\n\n<\/div>\n<div class=\"row\"  id=\"row-2070462219\">\n\n\n\t<div id=\"col-362776352\" class=\"col medium-3 small-12 large-3\"  >\n\t\t\t\t<div class=\"col-inner\"  >\n\t\t\t\n\t\t\t\n\n\t<div class=\"img has-hover x md-x lg-x y md-y lg-y\" id=\"image_964632720\">\n\t\t\t\t\t\t\t\t<div class=\"img-inner dark\" >\n\t\t\t<img loading=\"lazy\" decoding=\"async\" width=\"512\" height=\"98\" src=\"https:\/\/start.finder-portal.com\/wp-content\/uploads\/2024\/07\/amazon-pay-logo.png\" class=\"attachment-original size-original\" alt=\"Amazon Pay Logo\" srcset=\"https:\/\/start.finder-portal.com\/wp-content\/uploads\/2024\/07\/amazon-pay-logo.png 512w, https:\/\/start.finder-portal.com\/wp-content\/uploads\/2024\/07\/amazon-pay-logo-200x38.png 200w, https:\/\/start.finder-portal.com\/wp-content\/uploads\/2024\/07\/amazon-pay-logo-50x10.png 50w, https:\/\/start.finder-portal.com\/wp-content\/uploads\/2024\/07\/amazon-pay-logo-300x57.png 300w\" sizes=\"auto, (max-width: 512px) 100vw, 512px\" \/>\t\t\t\t\t\t\n\t\t\t\t\t<\/div>\n\t\t\t\t\t\t\t\t\n<style>\n#image_964632720 {\n  width: 100%;\n}\n@media (min-width:850px) {\n  #image_964632720 {\n    width: 70%;\n  }\n}\n<\/style>\n\t<\/div>\n\t\n\n\n\t\t<\/div>\n\t\t\t\t\t<\/div>\n\n\t\n\n\t<div id=\"col-251781220\" class=\"col medium-9 small-12 large-9\"  >\n\t\t\t\t<div class=\"col-inner\"  >\n\t\t\t\n\t\t\t\n\n<h2 class=\"cleaner\">Amazon Pay<\/h2>\n<p class=\"cleaner\">Tamb\u00e9m pode pagar facilmente com o Amazon Pay.<\/p>\n<p class=\"cleaner\">Para isso, seleccione Amazon Pay ao escolher o m\u00e9todo de pagamento. Ser\u00e1 automaticamente redireccionado para a Amazon no final do processo de encomenda e ser-lhe-\u00e1 pedido que inicie sess\u00e3o com a sua conta Amazon. Em seguida, pode pagar comodamente utilizando os m\u00e9todos de pagamento j\u00e1 armazenados na sua conta Amazon.  <\/p>\n\n\t\t<\/div>\n\t\t\t\t\t<\/div>\n\n\t\n\n<\/div>\n<div class=\"row\"  id=\"row-1323810728\">\n\n\n\t<div id=\"col-992005864\" class=\"col medium-3 small-12 large-3\"  >\n\t\t\t\t<div class=\"col-inner\"  >\n\t\t\t\n\t\t\t\n\n\t<div class=\"img has-hover x md-x lg-x y md-y lg-y\" id=\"image_1029555893\">\n\t\t\t\t\t\t\t\t<div class=\"img-inner dark\" >\n\t\t\t<img loading=\"lazy\" decoding=\"async\" width=\"593\" height=\"153\" src=\"https:\/\/start.finder-portal.com\/wp-content\/uploads\/2024\/07\/credit-card-logo-1.png\" class=\"attachment-original size-original\" alt=\"\" srcset=\"https:\/\/start.finder-portal.com\/wp-content\/uploads\/2024\/07\/credit-card-logo-1.png 593w, https:\/\/start.finder-portal.com\/wp-content\/uploads\/2024\/07\/credit-card-logo-1-200x52.png 200w, https:\/\/start.finder-portal.com\/wp-content\/uploads\/2024\/07\/credit-card-logo-1-50x13.png 50w, https:\/\/start.finder-portal.com\/wp-content\/uploads\/2024\/07\/credit-card-logo-1-300x77.png 300w\" sizes=\"auto, (max-width: 593px) 100vw, 593px\" \/>\t\t\t\t\t\t\n\t\t\t\t\t<\/div>\n\t\t\t\t\t\t\t\t\n<style>\n#image_1029555893 {\n  width: 100%;\n}\n@media (min-width:850px) {\n  #image_1029555893 {\n    width: 80%;\n  }\n}\n<\/style>\n\t<\/div>\n\t\n\n\n\t\t<\/div>\n\t\t\t\t\t<\/div>\n\n\t\n\n\t<div id=\"col-1896605455\" class=\"col medium-9 small-12 large-9\"  >\n\t\t\t\t<div class=\"col-inner\"  >\n\t\t\t\n\t\t\t\n\n<h2 class=\"cleaner\">Cart\u00e3o de cr\u00e9dito<\/h2>\n<p class=\"cleaner\">Tamb\u00e9m pode pagar com o seu cart\u00e3o de cr\u00e9dito.<\/p>\n<p class=\"cleaner\">Para tal, seleccione Cart\u00e3o de cr\u00e9dito ao escolher o m\u00e9todo de pagamento e introduza simplesmente os dados do seu cart\u00e3o.<\/p>\n\n\t\t<\/div>\n\t\t\t\t\t<\/div>\n\n\t\n\n<\/div>\n\n","protected":false},"excerpt":{"rendered":"","protected":false},"author":16015,"featured_media":0,"parent":0,"menu_order":0,"comment_status":"closed","ping_status":"closed","template":"","meta":{"footnotes":""},"class_list":["post-3521489","page","type-page","status-publish","hentry"],"_links":{"self":[{"href":"https:\/\/start.finder-portal.com\/pt-pt\/wp-json\/wp\/v2\/pages\/3521489","targetHints":{"allow":["GET"]}}],"collection":[{"href":"https:\/\/start.finder-portal.com\/pt-pt\/wp-json\/wp\/v2\/pages"}],"about":[{"href":"https:\/\/start.finder-portal.com\/pt-pt\/wp-json\/wp\/v2\/types\/page"}],"author":[{"embeddable":true,"href":"https:\/\/start.finder-portal.com\/pt-pt\/wp-json\/wp\/v2\/users\/16015"}],"replies":[{"embeddable":true,"href":"https:\/\/start.finder-portal.com\/pt-pt\/wp-json\/wp\/v2\/comments?post=3521489"}],"version-history":[{"count":2,"href":"https:\/\/start.finder-portal.com\/pt-pt\/wp-json\/wp\/v2\/pages\/3521489\/revisions"}],"predecessor-version":[{"id":3521637,"href":"https:\/\/start.finder-portal.com\/pt-pt\/wp-json\/wp\/v2\/pages\/3521489\/revisions\/3521637"}],"wp:attachment":[{"href":"https:\/\/start.finder-portal.com\/pt-pt\/wp-json\/wp\/v2\/media?parent=3521489"}],"curies":[{"name":"wp","href":"https:\/\/api.w.org\/{rel}","templated":true}]}}