{"id":5057538,"date":"2025-09-25T10:55:52","date_gmt":"2025-09-25T08:55:52","guid":{"rendered":"https:\/\/start.finder-portal.com\/?page_id=5057538"},"modified":"2025-09-25T10:55:52","modified_gmt":"2025-09-25T08:55:52","slug":"troque-seus-dispositivos","status":"publish","type":"page","link":"https:\/\/start.finder-portal.com\/pt-pt\/troque-seus-dispositivos\/","title":{"rendered":"Troque seus dispositivos"},"content":{"rendered":"            <div class=\"tracker-exchange-container\">\n                <h2>Login Obrigat\u00f3rio<\/h2>\n                <p>Fa\u00e7a login para acessar a funcionalidade de troca do rastreador.<\/p>\n                \n                <div class=\"woocommerce-login-form\">\n                    <form class=\"woocommerce-form woocommerce-form-login login\" method=\"post\" >\n\n    \n    \n    <div class=\"form-row\">\n        <label for=\"username\">Nome de utilizador ou email&nbsp;<span class=\"required\" aria-hidden=\"true\">*<\/span><span class=\"screen-reader-text\">Obrigat\u00f3rio<\/span><\/label>\n        <input type=\"text\" class=\"input-text\" name=\"username\" id=\"username\" autocomplete=\"username\" required aria-required=\"true\" \/>\n    <\/div>\n    <div class=\"form-row\">\n        <label for=\"password\">Senha&nbsp;<span class=\"required\" aria-hidden=\"true\">*<\/span><span class=\"screen-reader-text\">Obrigat\u00f3rio<\/span><\/label>\n        <input class=\"input-text woocommerce-Input\" type=\"password\" name=\"password\" id=\"password\" autocomplete=\"current-password\" required aria-required=\"true\" \/>\n    <\/div>\n\n\n    \n    <div class=\"form-row\">\n        <input type=\"hidden\" id=\"woocommerce-login-nonce\" name=\"woocommerce-login-nonce\" value=\"4486a54d8a\" \/><input type=\"hidden\" name=\"_wp_http_referer\" value=\"\/pt-pt\/wp-json\/wp\/v2\/pages\/5057538\" \/>        <input type=\"hidden\" name=\"redirect\" value=\"https:\/\/start.finder-portal.com\/pt-pt\/wp-json\/wp\/v2\/pages\/5057538\/\" \/>\n        <button type=\"submit\" class=\"woocommerce-button button woocommerce-form-login__submit\" name=\"login\" value=\"Iniciar sess\u00e3o\">Iniciar sess\u00e3o<\/button>\n    <\/div>\n\n\t<div class=\"form-row\">\n\t\t<label class=\"woocommerce-form__label woocommerce-form__label-for-checkbox woocommerce-form-login__rememberme\">\n\t\t\t<input class=\"woocommerce-form__input woocommerce-form__input-checkbox\" name=\"rememberme\" type=\"checkbox\" id=\"rememberme\" value=\"forever\" \/> <span>Manter sess\u00e3o<\/span>\n\t\t<\/label>\n\t<\/div>\n\n\t<div class=\"form-row lost-password\">\n\t\t<a href=\"#lost-password\" onclick=\"document.getElementById('lost-password').showModal();\">\n            Perdeu a sua senha?\t\t<\/a>\n\t<\/div>\n\n    \n<\/form>\n\n\n<dialog id=\"lost-password\">\n    <div class=\"modal-dialog modal-dialog--lost-password\">\n        <div class=\"modal-dialog__content\">\n            <h3>\n                Lost <span class=\"colored\">Password<\/span>            <\/h3>\n            <div class=\"woocommerce-notices-wrapper\"><\/div>\n<form method=\"post\" class=\"woocommerce-ResetPassword lost_reset_password\">\n\n\t<p>Perdeu a sua senha? Indique o seu nome de utilizador ou endere\u00e7o de email. Receber\u00e1 uma liga\u00e7\u00e3o para criar uma nova senha via email.<\/p>\n\t<p class=\"woocommerce-form-row woocommerce-form-row--first form-row form-row-first\">\n\t\t<label for=\"user_login\">Nome de utilizador ou email&nbsp;<span class=\"required\" aria-hidden=\"true\">*<\/span><span class=\"screen-reader-text\">Obrigat\u00f3rio<\/span><\/label>\n\t\t<input class=\"woocommerce-Input woocommerce-Input--text input-text\" type=\"text\" name=\"user_login\" id=\"user_login\" autocomplete=\"username\" required aria-required=\"true\" \/>\n\t<\/p>\n\n\t<div class=\"clear\"><\/div>\n\n\t\n\t<p class=\"woocommerce-form-row form-row\">\n\t\t<input type=\"hidden\" name=\"wc_reset_password\" value=\"true\" \/>\n\t\t<button type=\"submit\" class=\"woocommerce-Button button\" value=\"Redefinir senha\">Redefinir senha<\/button>\n\t<\/p>\n\n\t<input type=\"hidden\" id=\"woocommerce-lost-password-nonce\" name=\"woocommerce-lost-password-nonce\" value=\"7db9e9bc06\" \/><input type=\"hidden\" name=\"_wp_http_referer\" value=\"\/pt-pt\/wp-json\/wp\/v2\/pages\/5057538\" \/>\n<\/form>\n            <form method=\"dialog\" class=\"modal-dialog__close\">\n                <button class=\"close-dialog\" type=\"button\">\n                    <svg><use href=\"#pajgps-icon-cross\" \/><\/svg>\n                    <span class=\"screen-reader-text\">\n                        Close                    <\/span>\n                <\/button>\n            <\/form>\n        <\/div>\n    <\/div>\n<\/dialog>\n                <\/div>\n            <\/div>\n            \n","protected":false},"excerpt":{"rendered":"","protected":false},"author":2,"featured_media":0,"parent":0,"menu_order":0,"comment_status":"closed","ping_status":"closed","template":"","meta":{"footnotes":""},"class_list":["post-5057538","page","type-page","status-publish","hentry"],"_links":{"self":[{"href":"https:\/\/start.finder-portal.com\/pt-pt\/wp-json\/wp\/v2\/pages\/5057538","targetHints":{"allow":["GET"]}}],"collection":[{"href":"https:\/\/start.finder-portal.com\/pt-pt\/wp-json\/wp\/v2\/pages"}],"about":[{"href":"https:\/\/start.finder-portal.com\/pt-pt\/wp-json\/wp\/v2\/types\/page"}],"author":[{"embeddable":true,"href":"https:\/\/start.finder-portal.com\/pt-pt\/wp-json\/wp\/v2\/users\/2"}],"replies":[{"embeddable":true,"href":"https:\/\/start.finder-portal.com\/pt-pt\/wp-json\/wp\/v2\/comments?post=5057538"}],"version-history":[{"count":1,"href":"https:\/\/start.finder-portal.com\/pt-pt\/wp-json\/wp\/v2\/pages\/5057538\/revisions"}],"predecessor-version":[{"id":5057539,"href":"https:\/\/start.finder-portal.com\/pt-pt\/wp-json\/wp\/v2\/pages\/5057538\/revisions\/5057539"}],"wp:attachment":[{"href":"https:\/\/start.finder-portal.com\/pt-pt\/wp-json\/wp\/v2\/media?parent=5057538"}],"curies":[{"name":"wp","href":"https:\/\/api.w.org\/{rel}","templated":true}]}}