{"id":5581,"date":"2018-07-08T16:34:05","date_gmt":"2018-07-08T14:34:05","guid":{"rendered":"https:\/\/start.finder-portal.com\/quais-variantes-do-portal-finder-posso-escolher\/"},"modified":"2019-09-24T08:47:46","modified_gmt":"2019-09-24T06:47:46","slug":"quais-variantes-do-portal-finder-posso-escolher","status":"publish","type":"page","link":"https:\/\/start.finder-portal.com\/pt-pt\/quais-variantes-do-portal-finder-posso-escolher\/","title":{"rendered":"Quais op\u00e7\u00f5es do FINDER portal posso escolher?"},"content":{"rendered":"\n<div class=\"row\"  id=\"row-435027607\">\n\n\n\t<div id=\"col-141137771\" class=\"col medium-4 small-12 large-4\"  >\n\t\t\t\t<div class=\"col-inner\"  >\n\t\t\t\n\t\t\t\n\n<div class=\"pricing-table-wrapper\">\n  <div class=\"pricing-table ux_price_table text-center box-shadow-3-hover\">\n    <div class=\"pricing-table-header\">\n      <div class=\"title uppercase strong\">Portal FINDER para 1 m\u00eas<\/div>\n      <div class=\"price is-xxlarge\"><\/div>\n          <\/div>\n    <div class=\"pricing-table-items items\">\n      \n\n<div class=\"bullet-item\" title=\"\"><span class=\"text\">O d\u00e9bito \u00e9 feito mensalmente adiantado<\/span><\/div>\n\n<div class=\"bullet-item\" title=\"\"><span class=\"text\">Cancel\u00e1vel mensal<\/span><\/div>\n\n<div class=\"bullet-item\" title=\"\"><span class=\"text\">Renova automaticamente por um m\u00eas de cada vez at\u00e9 que voc\u00ea cancele<\/span><\/div>\n\n<div class=\"bullet-item\" title=\"\"><span class=\"text\">garantia de reembolso de 30 dias<\/span><\/div>\n\n    <\/div>\n      <\/div>\n<\/div>\n\n\n\n\t\t<\/div>\n\t\t\t\t\t<\/div>\n\n\t\n\n\n\t<div id=\"col-1706093730\" class=\"col medium-4 small-12 large-4\"  >\n\t\t\t\t<div class=\"col-inner\"  >\n\t\t\t\n\t\t\t\n\n<div class=\"pricing-table-wrapper\">\n  <div class=\"pricing-table ux_price_table text-center box-shadow-3-hover\">\n    <div class=\"pricing-table-header\">\n      <div class=\"title uppercase strong\">Portal FINDER por 3 meses<\/div>\n      <div class=\"price is-xxlarge\"><\/div>\n          <\/div>\n    <div class=\"pricing-table-items items\">\n      \n\n<div class=\"bullet-item\" title=\"\"><span class=\"text\">O d\u00e9bito \u00e9 feito a cada 3 meses<\/span><\/div>\n\n<div class=\"bullet-item\" title=\"\"><span class=\"text\">3 mensais cancel\u00e1veis<\/span><\/div>\n\n<div class=\"bullet-item\" title=\"\"><span class=\"text\">Renova automaticamente por 3 meses de cada vez at\u00e9 que voc\u00ea cancele<\/span><\/div>\n\n<div class=\"bullet-item\" title=\"\"><span class=\"text\">garantia de reembolso de 30 dias<\/span><\/div>\n\n<div class=\"bullet-item\" title=\"\"><span class=\"text\">Obter um m\u00eas extra para cada quinta renova\u00e7\u00e3o.<\/span><\/div>\n\n    <\/div>\n      <\/div>\n<\/div>\n\n\n\n\t\t<\/div>\n\t\t\t\t\t<\/div>\n\n\t\n\n\n\t<div id=\"col-935270160\" class=\"col medium-4 small-12 large-4\"  >\n\t\t\t\t<div class=\"col-inner\"  >\n\t\t\t\n\t\t\t\n\n<div class=\"pricing-table-wrapper\">\n  <div class=\"pricing-table ux_price_table text-center box-shadow-3-hover\">\n    <div class=\"pricing-table-header\">\n      <div class=\"title uppercase strong\">Portal FINDER por 1 ano<\/div>\n      <div class=\"price is-xxlarge\"><\/div>\n          <\/div>\n    <div class=\"pricing-table-items items\">\n      \n\n<div class=\"bullet-item\" title=\"\"><span class=\"text\">O d\u00e9bito \u00e9 feito anualmente com anteced\u00eancia<\/span><\/div>\n\n<div class=\"bullet-item\" title=\"\"><span class=\"text\">Anul\u00e1vel anualmente<\/span><\/div>\n\n<div class=\"bullet-item\" title=\"\"><span class=\"text\">Renova automaticamente por um ano de cada vez at\u00e9 que voc\u00ea cancele<\/span><\/div>\n\n<div class=\"bullet-item\" title=\"\"><span class=\"text\">garantia de reembolso de 30 dias<\/span><\/div>\n\n<div class=\"bullet-item\" title=\"\"><span class=\"text\">2 meses gr\u00e1tis em compara\u00e7\u00e3o com a variante mensal<\/span><\/div>\n\n    <\/div>\n      <\/div>\n<\/div>\n\n\n\n\t\t<\/div>\n\t\t\t\t\t<\/div>\n\n\t\n\n<\/div>\n\n\n\n\n\t<section class=\"section\" id=\"section_1607590915\">\n\t\t<div class=\"section-bg fill\" >\n\t\t\t\t\t\t\t\t\t\n\t\t\t\n\n\t\t<\/div>\n\n\t\t\n\n\t\t<div class=\"section-content relative\">\n\t\t\t\n<a href=\"https:\/\/start.finder-portal.com\/product\/portal-finder-lizenz-en\/\" class=\"button secondary is-large box-shadow-3 box-shadow-5-hover reveal-icon expand\" style=\"border-radius:5px;\">\n\t\t<span>Ative o FINDER agora<\/span>\n\t<i class=\"icon-checkmark\" aria-hidden=\"true\"><\/i><\/a>\n\n\t\t<\/div>\n\n\t\t\n<style>\n#section_1607590915 {\n  padding-top: 30px;\n  padding-bottom: 30px;\n}\n<\/style>\n\t<\/section>\n\t\n","protected":false},"excerpt":{"rendered":"","protected":false},"author":17,"featured_media":0,"parent":0,"menu_order":0,"comment_status":"closed","ping_status":"closed","template":"","meta":{"footnotes":""},"class_list":["post-5581","page","type-page","status-publish","hentry"],"_links":{"self":[{"href":"https:\/\/start.finder-portal.com\/pt-pt\/wp-json\/wp\/v2\/pages\/5581","targetHints":{"allow":["GET"]}}],"collection":[{"href":"https:\/\/start.finder-portal.com\/pt-pt\/wp-json\/wp\/v2\/pages"}],"about":[{"href":"https:\/\/start.finder-portal.com\/pt-pt\/wp-json\/wp\/v2\/types\/page"}],"author":[{"embeddable":true,"href":"https:\/\/start.finder-portal.com\/pt-pt\/wp-json\/wp\/v2\/users\/17"}],"replies":[{"embeddable":true,"href":"https:\/\/start.finder-portal.com\/pt-pt\/wp-json\/wp\/v2\/comments?post=5581"}],"version-history":[{"count":0,"href":"https:\/\/start.finder-portal.com\/pt-pt\/wp-json\/wp\/v2\/pages\/5581\/revisions"}],"wp:attachment":[{"href":"https:\/\/start.finder-portal.com\/pt-pt\/wp-json\/wp\/v2\/media?parent=5581"}],"curies":[{"name":"wp","href":"https:\/\/api.w.org\/{rel}","templated":true}]}}