{"id":7140,"date":"2018-07-21T12:34:39","date_gmt":"2018-07-21T10:34:39","guid":{"rendered":"https:\/\/start.finder-portal.com\/direito-de-rescisao\/"},"modified":"2024-01-03T12:32:39","modified_gmt":"2024-01-03T11:32:39","slug":"direito-de-rescisao","status":"publish","type":"page","link":"https:\/\/start.finder-portal.com\/pt-pt\/direito-de-rescisao\/","title":{"rendered":"Instru\u00e7\u00f5es de anula\u00e7\u00e3o e formul\u00e1rio de anula\u00e7\u00e3o"},"content":{"rendered":"\n<div class=\"row\"  id=\"row-1476170627\">\n\n\n\t<div id=\"col-1190892979\" class=\"col small-12 large-12\"  >\n\t\t\t\t<div class=\"col-inner\"  >\n\t\t\t\n\t\t\t\n\n\t<div id=\"gap-2009088497\" class=\"gap-element clearfix\" style=\"display:block; height:auto;\">\n\t\t\n<style>\n#gap-2009088497 {\n  padding-top: 30px;\n}\n<\/style>\n\t<\/div>\n\t\n\n<h1>Instru\u00e7\u00f5es de cancelamento e formul\u00e1rio de cancelamento<\/h1>\n<p>Os consumidores, ou seja, qualquer pessoa que actue com fins total ou principalmente alheios \u00e0 sua atividade comercial, industrial, artesanal ou profissional, t\u00eam o direito de rescindir qualquer contrato nas seguintes condi\u00e7\u00f5es<\/p>\n<h2>A. Instru\u00e7\u00f5es de anula\u00e7\u00e3o<\/h2>\n<h3>Direito de cancelamento<\/h3>\n<p>O utilizador tem o direito de rescindir o contrato no prazo de 30 dias, sem necessidade de indicar qualquer motivo.<\/p>\n<p>O prazo de anula\u00e7\u00e3o expira 30 dias ap\u00f3s a data de celebra\u00e7\u00e3o do contrato.<\/p>\n<p>Para exercer o direito de rescis\u00e3o, o utilizador deve informar-nos (PAJ UG (haftungsbeschr\u00e4nkt), Am Wieschen 1, 51570 Windeck, Deutschland, Tel: +49 (0) 2292 39 499 59, E-Mail: info@paj-gps.de) da sua decis\u00e3o de rescindir este contrato atrav\u00e9s de uma declara\u00e7\u00e3o clara (por exemplo, atrav\u00e9s de uma carta enviada por correio, fax ou e-mail). O modelo de formul\u00e1rio de rescis\u00e3o em anexo pode ser utilizado, mas n\u00e3o \u00e9 obrigat\u00f3rio.<\/p>\n<p>Para respeitar o prazo de anula\u00e7\u00e3o, basta enviar a comunica\u00e7\u00e3o relativa ao exerc\u00edcio do direito de anula\u00e7\u00e3o antes do termo do prazo de retrata\u00e7\u00e3o.<\/p>\n<h3>Efeitos da anula\u00e7\u00e3o<\/h3>\n<p>Em caso de rescis\u00e3o do contrato, reembolsaremos todos os pagamentos recebidos do cliente, incluindo os custos de entrega (exceto os custos suplementares decorrentes do facto de o cliente ter escolhido um tipo de entrega diferente do tipo de entrega normal menos dispendioso por n\u00f3s proposto). O reembolso ser\u00e1 efectuado sem demora injustificada e, o mais tardar, 14 dias ap\u00f3s o dia em que formos informados da sua decis\u00e3o de rescindir o contrato. Efectuaremos o reembolso utilizando os mesmos meios de pagamento que utilizou para a transa\u00e7\u00e3o inicial, salvo acordo expresso em contr\u00e1rio; em qualquer caso, n\u00e3o incorrer\u00e1 em quaisquer taxas como resultado desse reembolso.<\/p>\n<h3>Expira\u00e7\u00e3o do direito de cancelamento<\/h3>\n<p>O direito de rescis\u00e3o caduca prematuramente se tivermos iniciado a execu\u00e7\u00e3o do contrato depois de o cliente ter concordado expressamente em iniciar a execu\u00e7\u00e3o do contrato antes do termo do per\u00edodo de rescis\u00e3o e se o cliente nos tiver confirmado o seu conhecimento de que perde o direito de rescis\u00e3o ao concordar em iniciar a execu\u00e7\u00e3o do contrato e se lhe tivermos fornecido uma confirma\u00e7\u00e3o do contrato num suporte duradouro que contenha o conte\u00fado do contrato, incluindo as condi\u00e7\u00f5es acima mencionadas relativas \u00e0 caducidade prematura do direito de rescis\u00e3o.<\/p>\n<h2>B. Formul\u00e1rio de anula\u00e7\u00e3o<\/h2>\n<p>Se desejar rescindir este contrato, preencha e envie este formul\u00e1rio.<\/p>\n<p>PAJ UG (haftungsbeschr\u00e4nkt)<br>\nAm Wieschen 1<br>\n51570 Windeck<br>\nAlemanha<\/p>\n<p>E-Mail: info@paj-gps.de<\/p>\n<p>Eu\/N\u00f3s (*) comunico\/comunicamos que eu\/n\u00f3s (*) rescindo o meu\/nosso (*) contrato de venda dos seguintes bens (*) \/para a presta\u00e7\u00e3o do seguinte servi\u00e7o (*),<\/p>\n<p>_______________________________________________________<\/p>\n<p>_______________________________________________________<\/p>\n<p>Encomendado em (*) ____________ \/ recebido em (*) __________________<\/p>\n<p>________________________________________________________<br>\nNome do(s) consumidor(es)<\/p>\n<p>________________________________________________________<br>\nEndere\u00e7o do(s) consumidor(es)<\/p>\n<p>________________________________________________________<br>\nAssinatura do(s) consumidor(es) (apenas se este formul\u00e1rio for notificado em papel)<\/p>\n<p>_________________________<br>\nData<\/p>\n<p>(*) Eliminar o que n\u00e3o interessa(*) Eliminar o que n\u00e3o interessa<\/p>\n\n\n\t\t<\/div>\n\t\t\t\t\t<\/div>\n\n\t\n\n<\/div>\n\n","protected":false},"excerpt":{"rendered":"","protected":false},"author":2,"featured_media":0,"parent":0,"menu_order":0,"comment_status":"closed","ping_status":"closed","template":"","meta":{"footnotes":""},"class_list":["post-7140","page","type-page","status-publish","hentry"],"_links":{"self":[{"href":"https:\/\/start.finder-portal.com\/pt-pt\/wp-json\/wp\/v2\/pages\/7140","targetHints":{"allow":["GET"]}}],"collection":[{"href":"https:\/\/start.finder-portal.com\/pt-pt\/wp-json\/wp\/v2\/pages"}],"about":[{"href":"https:\/\/start.finder-portal.com\/pt-pt\/wp-json\/wp\/v2\/types\/page"}],"author":[{"embeddable":true,"href":"https:\/\/start.finder-portal.com\/pt-pt\/wp-json\/wp\/v2\/users\/2"}],"replies":[{"embeddable":true,"href":"https:\/\/start.finder-portal.com\/pt-pt\/wp-json\/wp\/v2\/comments?post=7140"}],"version-history":[{"count":8,"href":"https:\/\/start.finder-portal.com\/pt-pt\/wp-json\/wp\/v2\/pages\/7140\/revisions"}],"predecessor-version":[{"id":2759936,"href":"https:\/\/start.finder-portal.com\/pt-pt\/wp-json\/wp\/v2\/pages\/7140\/revisions\/2759936"}],"wp:attachment":[{"href":"https:\/\/start.finder-portal.com\/pt-pt\/wp-json\/wp\/v2\/media?parent=7140"}],"curies":[{"name":"wp","href":"https:\/\/api.w.org\/{rel}","templated":true}]}}