{"id":3572404,"date":"2024-08-07T10:59:34","date_gmt":"2024-08-07T08:59:34","guid":{"rendered":"https:\/\/start.finder-portal.com\/?post_type=product&#038;p=3572404"},"modified":"2026-04-16T10:49:05","modified_gmt":"2026-04-16T08:49:05","slug":"portal-licenca-basica","status":"publish","type":"product","link":"https:\/\/start.finder-portal.com\/pt-pt\/produto\/portal-licenca-basica\/","title":{"rendered":"Licen\u00e7a B\u00e1sica do Portal"},"content":{"rendered":"<h2 style=\"text-align: center;\">Subscri\u00e7\u00e3o b\u00e1sica do portal FINDER<\/h2>\n<p style=\"text-align: center;\">Para utilizar o seu localizador DE GPS PAJ, tem de selecionar um modelo de subscri\u00e7\u00e3o para ativa\u00e7\u00e3o. Uma licen\u00e7a do portal do FINDER deve ser comprada para cada dispositivo. O FINDER m\u00faltiplo pode ser gerido atrav\u00e9s de uma \u00fanica conta.  <\/p>\n\t<div id=\"gap-2040675804\" class=\"gap-element clearfix\" style=\"display:block; height:auto;\">\n\t\t\n<style>\n#gap-2040675804 {\n  padding-top: 30px;\n}\n<\/style>\n\t<\/div>\n\t\n<div class=\"row align-equal align-right row-box-shadow-2 row-box-shadow-5-hover\"  id=\"row-1718477186\">\r\n\r\n\n\t<div id=\"col-1617758852\" class=\"col medium-4 small-12 large-4\"  >\n\t\t\t\t<div class=\"col-inner text-left\"  >\n\t\t\t\n\t\t\t\r\n\r\n<div class=\"pricing-table-wrapper\">\n  <div class=\"pricing-table ux_price_table text-center\">\n    <div class=\"pricing-table-header\">\n      <div class=\"title uppercase strong\">POR 1 M\u00caS<\/div>\n      <div class=\"price is-xxlarge\"><\/div>\n          <\/div>\n    <div class=\"pricing-table-items items\">\n      \r\n<ul>\n \t<li class=\"bullet-checkmark\" style=\"text-align: left;\">O d\u00e9bito \u00e9 efectuado mensalmente com anteced\u00eancia<\/li>\n \t<li class=\"bullet-checkmark\" style=\"text-align: left;\">Anula\u00e7\u00e3o mensal<\/li>\n \t<li class=\"bullet-checkmark\" style=\"text-align: left;\">Renova\u00e7\u00e3o autom\u00e1tica por um m\u00eas de cada vez at\u00e9 ao seu cancelamento<\/li>\n \t<li class=\"bullet-checkmark\" style=\"text-align: left;\">Garantia de reembolso de 30 dias<\/li>\n<\/ul>\r\n    <\/div>\n      <\/div>\n<\/div>\n\n\r\n\r\n\t\t<\/div>\n\t\t\t\t\t<\/div>\n\n\t\r\n\n\t<div id=\"col-996750539\" class=\"col medium-4 small-12 large-4\"  >\n\t\t\t\t<div class=\"col-inner\"  >\n\t\t\t\n\t\t\t\r\n\r\n<div class=\"pricing-table-wrapper\">\n  <div class=\"pricing-table ux_price_table text-center\">\n    <div class=\"pricing-table-header\">\n      <div class=\"title uppercase strong\">POR 1 ANO<\/div>\n      <div class=\"price is-xxlarge\"><\/div>\n          <\/div>\n    <div class=\"pricing-table-items items\">\n      \r\n<ul>\n \t<li class=\"bullet-checkmark\" style=\"text-align: left;\">O d\u00e9bito \u00e9 efectuado uma vez por ano com anteced\u00eancia<\/li>\n \t<li class=\"bullet-checkmark\" style=\"text-align: left;\">Anualmente cancel\u00e1vel<\/li>\n \t<li class=\"bullet-checkmark\" style=\"text-align: left;\">Renova\u00e7\u00e3o autom\u00e1tica por um ano de cada vez at\u00e9 ao seu cancelamento<\/li>\n \t<li class=\"bullet-checkmark\" style=\"text-align: left;\">Garantia de reembolso de 30 dias<\/li>\n \t<li class=\"bullet-checkmark\" style=\"text-align: left;\"><strong>Poupa 60 euros em compara\u00e7\u00e3o com a licen\u00e7a de 1 m\u00eas (equivale a 5 meses)<\/strong><\/li>\n<\/ul>\r\n    <\/div>\n      <\/div>\n<\/div>\n\n\r\n\r\n\t\t<\/div>\n\t\t\t\t\t<\/div>\n\n\t\r\n\n\t<div id=\"col-925905750\" class=\"col medium-4 small-12 large-4\"  >\n\t\t\t\t<div class=\"col-inner\"  >\n\t\t\t\n\t\t\t\r\n\r\n<div class=\"pricing-table-wrapper\">\n  <div class=\"pricing-table ux_price_table text-center\">\n    <div class=\"pricing-table-header\">\n      <div class=\"title uppercase strong\">POR 2 ANOS<\/div>\n      <div class=\"price is-xxlarge\"><\/div>\n          <\/div>\n    <div class=\"pricing-table-items items\">\n      \r\n<ul>\n \t<li class=\"bullet-checkmark\" style=\"text-align: left;\">O d\u00e9bito \u00e9 efectuado de 2 em 2 anos com anteced\u00eancia<\/li>\n \t<li class=\"bullet-checkmark\" style=\"text-align: left;\">Pode ser cancelado de 2 em 2 anos<\/li>\n \t<li class=\"bullet-checkmark\" style=\"text-align: left;\">Renova\u00e7\u00e3o autom\u00e1tica por 2 anos de cada vez at\u00e9 ao seu cancelamento<\/li>\n \t<li class=\"bullet-checkmark\" style=\"text-align: left;\">Garantia de reembolso de 30 dias<\/li>\n \t<li class=\"bullet-checkmark\" style=\"text-align: left;\"><strong>Poupa 168 euros em compara\u00e7\u00e3o com a licen\u00e7a de 1 m\u00eas (equivale a 14 meses)<\/strong><\/li>\n<\/ul>\r\n    <\/div>\n      <\/div>\n<\/div>\n\n\r\n\r\n\t\t<\/div>\n\t\t\t\t\t<\/div>\n\n\t\r\n\r\n<\/div>\r\n<div class=\"row align-middle align-center\"  id=\"row-1417358934\">\r\n\r\n\n\t<div id=\"col-865152027\" class=\"col medium-4 small-12 large-4\"  >\n\t\t\t\t<div class=\"col-inner\"  >\n\t\t\t\n\t\t\t\r\n<p style=\"text-align: center;\"><p class=\"product woocommerce add_to_cart_inline \" style=\"border:4px solid #ccc; padding: 12px;\"><span class=\"woocommerce-Price-amount amount\"><bdi><span class=\"woocommerce-Price-currencySymbol\">&#36;<\/span>13,00<\/bdi><\/span><span class=\"price-suffix\"><\/span> <span class=\"subscription-details\"> \/ m\u00eas<\/span><a href=\"https:\/\/start.finder-portal.com\/product\/portal-licence-basic\/?attribute_pa_subscription-duration=1-month&#038;variation_id=3545937&#038;add-to-cart=3545903\" aria-describedby=\"woocommerce_loop_add_to_cart_link_describedby_3545937\" data-quantity=\"1\" class=\"button product_type_subscription_variation add_to_cart_button ajax_add_to_cart\" data-product_id=\"3545937\" data-product_sku=\"83001\" aria-label=\"Adiciona ao carrinho: &ldquo;Portal Basic License - License for 1 month&rdquo;\" rel=\"nofollow\" data-success_message=\"&ldquo;Portal Basic License - License for 1 month&rdquo; foi adicionado ao seu carrinho\">Desbloqueie agora<\/a>\t<span id=\"woocommerce_loop_add_to_cart_link_describedby_3545937\" class=\"screen-reader-text\">\n\t\t\t<\/span>\n<\/p><\/p>\r\n\t\t<\/div>\n\t\t\t\t\t<\/div>\n\n\t\r\n\n\t<div id=\"col-1587203686\" class=\"col medium-4 small-12 large-4\"  >\n\t\t\t\t<div class=\"col-inner\"  >\n\t\t\t\n\t\t\t\r\n<p style=\"text-align: center;\"><p class=\"product woocommerce add_to_cart_inline \" style=\"border:4px solid #ccc; padding: 12px;\"><span class=\"woocommerce-Price-amount amount\"><bdi><span class=\"woocommerce-Price-currencySymbol\">&#36;<\/span>90,00<\/bdi><\/span><span class=\"price-suffix\"><\/span> <span class=\"subscription-details\"> \/ ano<\/span><a href=\"https:\/\/start.finder-portal.com\/product\/portal-licence-basic\/?attribute_pa_subscription-duration=1-year&#038;variation_id=3545938&#038;add-to-cart=3545903\" aria-describedby=\"woocommerce_loop_add_to_cart_link_describedby_3545938\" data-quantity=\"1\" class=\"button product_type_subscription_variation add_to_cart_button ajax_add_to_cart\" data-product_id=\"3545938\" data-product_sku=\"83002\" aria-label=\"Adiciona ao carrinho: &ldquo;Portal Basic License - License for 1 Year&rdquo;\" rel=\"nofollow\" data-success_message=\"&ldquo;Portal Basic License - License for 1 Year&rdquo; foi adicionado ao seu carrinho\">Desbloqueie agora<\/a>\t<span id=\"woocommerce_loop_add_to_cart_link_describedby_3545938\" class=\"screen-reader-text\">\n\t\t\t<\/span>\n<\/p><\/p>\r\n\t\t<\/div>\n\t\t\t\t\t<\/div>\n\n\t\r\n\n\t<div id=\"col-1621330272\" class=\"col medium-4 small-12 large-4\"  >\n\t\t\t\t<div class=\"col-inner\"  >\n\t\t\t\n\t\t\t\r\n<p style=\"text-align: center;\"><p class=\"product woocommerce add_to_cart_inline \" style=\"border:4px solid #ccc; padding: 12px;\"><span class=\"woocommerce-Price-amount amount\"><bdi><span class=\"woocommerce-Price-currencySymbol\">&#36;<\/span>132,00<\/bdi><\/span><span class=\"price-suffix\"><\/span> <span class=\"subscription-details\"> cada 2 anos <\/span><a href=\"https:\/\/start.finder-portal.com\/product\/portal-licence-basic\/?attribute_pa_subscription-duration=2-years&#038;variation_id=3545939&#038;add-to-cart=3545903\" aria-describedby=\"woocommerce_loop_add_to_cart_link_describedby_3545939\" data-quantity=\"1\" class=\"button product_type_subscription_variation add_to_cart_button ajax_add_to_cart\" data-product_id=\"3545939\" data-product_sku=\"83003\" aria-label=\"Adiciona ao carrinho: &ldquo;Portal Basic License - License for 2 years&rdquo;\" rel=\"nofollow\" data-success_message=\"&ldquo;Portal Basic License - License for 2 years&rdquo; foi adicionado ao seu carrinho\">Desbloqueie agora<\/a>\t<span id=\"woocommerce_loop_add_to_cart_link_describedby_3545939\" class=\"screen-reader-text\">\n\t\t\t<\/span>\n<\/p><\/p>\r\n\t\t<\/div>\n\t\t\t\t\t<\/div>\n\n\t\r\n\r\n<\/div>\r\n<p style=\"text-align: center;\">Informa\u00e7\u00f5es sobre a garantia de reembolso de 30 dias podem <a href=\"\/?page_id=5579\">ser consultadas aqui<\/a>.<\/p>\n\t<div id=\"gap-268267899\" class=\"gap-element clearfix\" style=\"display:block; height:auto;\">\n\t\t\n<style>\n#gap-268267899 {\n  padding-top: 40px;\n}\n<\/style>\n\t<\/div>\n\t\n","protected":false},"excerpt":{"rendered":"<p>A Licen\u00e7a B\u00e1sica do Portal para o seu Dispositivo PAJ GPS FINDER. Incluindo 3 dias de armazenamento de dados e mapas padr\u00e3o. <\/p>\n","protected":false},"featured_media":3761855,"template":"","meta":[],"product_brand":[],"product_cat":[230],"product_tag":[],"class_list":{"0":"post-3572404","1":"product","2":"type-product","3":"status-publish","4":"has-post-thumbnail","6":"product_cat-new-pricing-model-pt-pt","8":"first","9":"instock","10":"taxable","11":"shipping-taxable","12":"purchasable","13":"product-type-variable-subscription"},"bundled_by":["5569251"],"bundle_stock_status":"instock","bundle_stock_quantity":null,"bundle_virtual":false,"bundle_layout":"","bundle_add_to_cart_form_location":"","bundle_editable_in_cart":false,"bundle_sold_individually_context":"","bundle_item_grouping":"","bundle_min_size":"","bundle_max_size":"","bundle_price":[],"bundled_items":[],"bundle_sell_ids":[],"exclude_global_add_ons":true,"addons":[{"name":"Subscri\u00e7\u00e3o do Pacote de Servi\u00e7os - Maior prazer com o seu dispositivo","type":"checkbox","position":0,"required":false,"title_format":"label","default":"","description_enable":true,"description":"{\"title\":\"Service Package\",\"image\":\"https:\/\/start.finder-portal.com\/wp-content\/uploads\/2018\/04\/service-Package-grey-ICON1.svg\",\"features\":[\"Free repairs\",\"Lost Device Replacement\",\"Comprehensive Coverage\",\"Hassle-Free Billing\"],\"popup_info\":{\"title\":\"Service Package Subscription:\",\"subtitle\":\"Complete Protection for Your GPS Tracker\",\"includes\":[{\"title\":\"Free Repairs\",\"subtitle\":\"For property damage by:\",\"image\":\"https:\/\/start.finder-portal.com\/wp-content\/uploads\/2018\/04\/Free-Repair-2.svg\",\"features\":[\"Material defects\",\"Manufacturing errors\",\"Wear (for original batteries)\",\"Accidents (shock and fall)\",\"Water, moisture and sand damage\"]},{\"title\":\"Device Replacement\",\"subtitle\":\"In case of total loss:\",\"image\":\"https:\/\/start.finder-portal.com\/wp-content\/uploads\/2018\/04\/Device-replacement.svg\",\"features\":[\"One free replacement per year with refurbished unit of same type and quality\"]},{\"title\":\"No Deductibles\",\"image\":\"https:\/\/start.finder-portal.com\/wp-content\/uploads\/2018\/04\/No-Deductible.svg\",\"features\":[\"No customer self-participation\",\"Immediate coverage\"]}],\"footer_text\":\"The cost of the Service Package Subscription is collected along with your Finder Portal license fee. The subscription term aligns with that of your Finder Portal license; different terms are not possible. If your Finder Portal license is cancelled, the service package will also end concurrently.\"}}","placeholder_enable":false,"placeholder":null,"display":"select","restrictions_type":"any_text","adjust_price":false,"price":"","price_type":"flat_fee","restrictions":false,"min":"0","max":"0","options":[{"label":"Incluindo o Pacote de Servi\u00e7os PLUS - 1 m\u00eas","price":"3.5","price_type":"flat_fee","image":0,"visibility":true}],"id":1723196040},{"name":"Subscri\u00e7\u00e3o do Pacote de Servi\u00e7os - Maior prazer com o seu dispositivo","type":"checkbox","position":1,"required":false,"title_format":"label","default":"","description_enable":true,"description":"{\"title\":\"Service Package\",\"image\":\"https:\/\/start.finder-portal.com\/wp-content\/uploads\/2018\/04\/service-Package-grey-ICON1.svg\",\"features\":[\"Free repairs\",\"Lost Device Replacement\",\"Comprehensive Coverage\",\"Hassle-Free Billing\"],\"popup_info\":{\"title\":\"Service Package Subscription:\",\"subtitle\":\"Complete Protection for Your GPS Tracker\",\"includes\":[{\"title\":\"Free Repairs\",\"subtitle\":\"For property damage by:\",\"image\":\"https:\/\/start.finder-portal.com\/wp-content\/uploads\/2018\/04\/Free-Repair-2.svg\",\"features\":[\"Material defects\",\"Manufacturing errors\",\"Wear (for original batteries)\",\"Accidents (shock and fall)\",\"Water, moisture and sand damage\"]},{\"title\":\"Device Replacement\",\"subtitle\":\"In case of total loss:\",\"image\":\"https:\/\/start.finder-portal.com\/wp-content\/uploads\/2018\/04\/Device-replacement.svg\",\"features\":[\"One free replacement per year with refurbished unit of same type and quality\"]},{\"title\":\"No Deductibles\",\"image\":\"https:\/\/start.finder-portal.com\/wp-content\/uploads\/2018\/04\/No-Deductible.svg\",\"features\":[\"No customer self-participation\",\"Immediate coverage\"]}],\"footer_text\":\"The cost of the Service Package Subscription is collected along with your Finder Portal license fee. The subscription term aligns with that of your Finder Portal license; different terms are not possible. If your Finder Portal license is cancelled, the service package will also end concurrently.\"}}","placeholder_enable":false,"placeholder":null,"display":"select","restrictions_type":"any_text","adjust_price":false,"price":"","price_type":"flat_fee","restrictions":false,"min":"0","max":"0","options":[{"label":"Incluindo o Pacote de Servi\u00e7os PLUS - 1 ano","price":"30","price_type":"flat_fee","image":0,"visibility":true}],"id":1723200051},{"name":"Subscri\u00e7\u00e3o do Pacote de Servi\u00e7os - Maior prazer com o seu dispositivo","type":"checkbox","position":2,"required":false,"title_format":"label","default":"","description_enable":true,"description":"{\"title\":\"Service Package\",\"image\":\"https:\/\/start.finder-portal.com\/wp-content\/uploads\/2018\/04\/service-Package-grey-ICON1.svg\",\"features\":[\"Free repairs\",\"Lost Device Replacement\",\"Comprehensive Coverage\",\"Hassle-Free Billing\"],\"popup_info\":{\"title\":\"Service Package Subscription:\",\"subtitle\":\"Complete Protection for Your GPS Tracker\",\"includes\":[{\"title\":\"Free Repairs\",\"subtitle\":\"For property damage by:\",\"image\":\"https:\/\/start.finder-portal.com\/wp-content\/uploads\/2018\/04\/Free-Repair-2.svg\",\"features\":[\"Material defects\",\"Manufacturing errors\",\"Wear (for original batteries)\",\"Accidents (shock and fall)\",\"Water, moisture and sand damage\"]},{\"title\":\"Device Replacement\",\"subtitle\":\"In case of total loss:\",\"image\":\"https:\/\/start.finder-portal.com\/wp-content\/uploads\/2018\/04\/Device-replacement.svg\",\"features\":[\"One free replacement per year with refurbished unit of same type and quality\"]},{\"title\":\"No Deductibles\",\"image\":\"https:\/\/start.finder-portal.com\/wp-content\/uploads\/2018\/04\/No-Deductible.svg\",\"features\":[\"No customer self-participation\",\"Immediate coverage\"]}],\"footer_text\":\"The cost of the Service Package Subscription is collected along with your Finder Portal license fee. The subscription term aligns with that of your Finder Portal license; different terms are not possible. If your Finder Portal license is cancelled, the service package will also end concurrently.\"}}","placeholder_enable":false,"placeholder":null,"display":"select","restrictions_type":"any_text","adjust_price":false,"price":"","price_type":"flat_fee","restrictions":false,"min":"0","max":"0","options":[{"label":"Incluindo o Pacote de Servi\u00e7os PLUS - 2 anos","price":"48","price_type":"flat_fee","image":0,"visibility":true}],"id":1723200199}],"_links":{"self":[{"href":"https:\/\/start.finder-portal.com\/pt-pt\/wp-json\/wp\/v2\/product\/3572404","targetHints":{"allow":["GET"]}}],"collection":[{"href":"https:\/\/start.finder-portal.com\/pt-pt\/wp-json\/wp\/v2\/product"}],"about":[{"href":"https:\/\/start.finder-portal.com\/pt-pt\/wp-json\/wp\/v2\/types\/product"}],"wp:featuredmedia":[{"embeddable":true,"href":"https:\/\/start.finder-portal.com\/pt-pt\/wp-json\/wp\/v2\/media\/3761855"}],"wp:attachment":[{"href":"https:\/\/start.finder-portal.com\/pt-pt\/wp-json\/wp\/v2\/media?parent=3572404"}],"wp:term":[{"taxonomy":"product_brand","embeddable":true,"href":"https:\/\/start.finder-portal.com\/pt-pt\/wp-json\/wp\/v2\/product_brand?post=3572404"},{"taxonomy":"product_cat","embeddable":true,"href":"https:\/\/start.finder-portal.com\/pt-pt\/wp-json\/wp\/v2\/product_cat?post=3572404"},{"taxonomy":"product_tag","embeddable":true,"href":"https:\/\/start.finder-portal.com\/pt-pt\/wp-json\/wp\/v2\/product_tag?post=3572404"}],"curies":[{"name":"wp","href":"https:\/\/api.w.org\/{rel}","templated":true}]}}