{"id":4981468,"date":"2025-08-01T08:49:02","date_gmt":"2025-08-01T06:49:02","guid":{"rendered":"https:\/\/start.finder-portal.com\/?post_type=product&#038;p=4981468"},"modified":"2026-04-16T10:49:00","modified_gmt":"2026-04-16T08:49:00","slug":"service-package","status":"publish","type":"product","link":"https:\/\/start.finder-portal.com\/pt-pt\/produto\/service-package\/","title":{"rendered":"Add-On: Pacote de servi\u00e7o"},"content":{"rendered":"<div class=\"modal-dialog modal-dialog--service-package-subscription\">\n    <div class=\"modal-dialog__content\">\n        <h2>\n            <span>Subscri\u00e7\u00e3o do Pacote de Servi\u00e7os:<\/span>\n        <\/h2>\n        <p class=\"dialog-subheadline\">\n  Prote\u00e7\u00e3o completa para o seu rastreador GPS\n        <\/p>\n\n        <p class=\"dialog-included\">\n            <svg aria-hidden=\"true\">\n                <use href=\"#pajgps-icon-check-mark\"\/>\n            <\/svg>\n            <span>O que est\u00e1 inclu\u00eddo?<\/span>\n        <\/p>\n\n        <ul class=\"service-add-ons-features\">\n            <li class=\"add-on-feature\">\n                <svg aria-hidden=\"true\">\n                    <use href=\"#pajgps-icon-gear-with-wrench\"\/>\n                <\/svg>\n                <h3>\n  Repara\u00e7\u00f5es Gratuitas\n                <\/h3>\n                <div class=\"add-on-feature-details\">\n                    <p>\n  Para danos materiais por:\n                    <\/p>\n                    <ul>\n                        <li>\n                            <svg aria-label=\"Included\">\n                                <use href=\"#pajgps-icon-check-mark\"\/>\n                            <\/svg>\n  Defeitos materiais\n                        <\/li>\n                        <li>\n                            <svg aria-label=\"Included\">\n                                <use href=\"#pajgps-icon-check-mark\"\/>\n                            <\/svg>\n  Erros de fabrico\n                        <\/li>\n                        <li>\n                            <svg aria-label=\"Included\">\n                                <use href=\"#pajgps-icon-check-mark\"\/>\n                            <\/svg>\n  Desgaste (para baterias originais)\n                        <\/li>\n                        <li>\n                            <svg aria-label=\"Included\">\n                                <use href=\"#pajgps-icon-check-mark\"\/>\n                            <\/svg>\n  Acidentes (choque e queda)\n                        <\/li>\n                        <li>\n                            <svg aria-label=\"Included\">\n                                <use href=\"#pajgps-icon-check-mark\"\/>\n                            <\/svg>\n  Danos causados pela \u00e1gua, humidade e areia\n                        <\/li>\n                    <\/ul>\n                <\/div>\n            <\/li>\n\n            <li class=\"add-on-feature\">\n                <svg aria-hidden=\"true\">\n                    <use href=\"#pajgps-icon-packages-with-arrows\"\/>\n                <\/svg>\n                <h3>\n  Substitui\u00e7\u00e3o de dispositivos\n                <\/h3>\n                <div class=\"add-on-feature-details\">\n                    <p>Em caso de perda total:<\/p>\n                    <ul>\n                        <li>\n                            <svg aria-label=\"Included\">\n                                <use href=\"#pajgps-icon-check-mark\"\/>\n                            <\/svg>\n  Uma substitui\u00e7\u00e3o gratuita por ano com unidade remodelada do mesmo tipo e qualidade\n                        <\/li>\n                    <\/ul>\n                <\/div>\n            <\/li>\n\n            <li class=\"add-on-feature\">\n                <svg aria-hidden=\"true\">\n                    <use href=\"#pajgps-icon-money-refund\"\/>\n                <\/svg>\n                <h3>\n  Sem franquias\n                <\/h3>\n                <div class=\"add-on-feature-details\">\n                    <ul>\n                        <li>\n                            <svg aria-label=\"Included\">\n                                <use href=\"#pajgps-icon-check-mark\"\/>\n                            <\/svg>\n  Sem auto-participa\u00e7\u00e3o do cliente\n                        <\/li>\n                        <li>\n                            <svg aria-label=\"Included\">\n                                <use href=\"#pajgps-icon-check-mark\"\/>\n                            <\/svg>\n  Cobertura imediata\n                        <\/li>\n                    <\/ul>\n                <\/div>\n            <\/li>\n        <\/ul>\n    <\/div>\n\n\n    <div class=\"modal-dialog__content modal-dialog--bottom\">\n        <div class=\"billing-information\">\n            <h3 class=\"billing-headline\">\n                <svg aria-hidden=\"true\">\n                    <use href=\"#pajgps-icon-bill\"\/>\n                <\/svg>\n  Informa\u00e7\u00f5es de Fatura\u00e7\u00e3o\n            <\/h3>\n\n            <ul class=\"billing-options\">\n                <li>1 M\u00eas: <strong>3,50 \u20ac Mensal<\/strong> <span>(3,50 \u20ac faturado mensalmente)<\/span><\/li>\n                <li>6 Meses: <strong>3,00 \u20ac Mensal<\/strong> <span>(18,00 \u20ac faturado de 6 em 6 meses)<\/span><\/li>\n                <li>1 Ano: <strong>2,50 \u20ac Mensal<\/strong> <span>(30,00 \u20ac faturado anualmente)<\/span><\/li>\n                <li>2 anos: <strong>2,00 \u20ac mensal<\/strong> <span>(48,00 \u20ac faturado de 2 em 2 anos)<\/span><\/li>\n            <\/ul>\n\n            <p>\n  O custo da Subscri\u00e7\u00e3o do Pacote de Servi\u00e7os \u00e9 recolhido juntamente com a taxa de licen\u00e7a do Portal\n Finder. O prazo de subscri\u00e7\u00e3o est\u00e1 alinhado com o da sua licen\u00e7a do Portal Finder;\n n\u00e3o s\u00e3o poss\u00edveis termos diferentes. Se a licen\u00e7a do Portal do Finder for cancelada, o\n pacote de servi\u00e7o tamb\u00e9m terminar\u00e1 simultaneamente.\n            <\/p>\n\n            <p style=\"font-weight: bold;\">\n  Precisa de mais ajuda? Para obter mais assist\u00eancia ou para resolver quaisquer d\u00favidas, entre em contato com nossa\n equipe de suporte ou visite nossa se\u00e7\u00e3o de perguntas frequentes. \n            <\/p>\n        <\/div>\n    <\/div>\n<\/div>\n\n","protected":false},"excerpt":{"rendered":"<ul>\n<li class=\"tick\">Repara\u00e7\u00f5es gratuitas<\/li>\n<li class=\"tick\">Substitui\u00e7\u00e3o de dispositivos perdidos<\/li>\n<li class=\"tick\">Cobertura de seguro abrangente<\/li>\n<li class=\"tick\">Sem auto-participa\u00e7\u00e3o do cliente<\/li>\n<\/ul>\n","protected":false},"featured_media":4876655,"template":"","meta":[],"product_brand":[],"product_cat":[],"product_tag":[],"class_list":{"0":"post-4981468","1":"product","2":"type-product","3":"status-publish","4":"has-post-thumbnail","7":"first","8":"instock","9":"taxable","10":"shipping-taxable","11":"purchasable","12":"product-type-variable-subscription"},"bundled_by":["5025458"],"bundle_stock_status":"instock","bundle_stock_quantity":null,"bundle_virtual":false,"bundle_layout":"","bundle_add_to_cart_form_location":"","bundle_editable_in_cart":false,"bundle_sold_individually_context":"","bundle_item_grouping":"","bundle_min_size":"","bundle_max_size":"","bundle_price":[],"bundled_items":[],"bundle_sell_ids":[],"exclude_global_add_ons":[],"addons":[],"_links":{"self":[{"href":"https:\/\/start.finder-portal.com\/pt-pt\/wp-json\/wp\/v2\/product\/4981468","targetHints":{"allow":["GET"]}}],"collection":[{"href":"https:\/\/start.finder-portal.com\/pt-pt\/wp-json\/wp\/v2\/product"}],"about":[{"href":"https:\/\/start.finder-portal.com\/pt-pt\/wp-json\/wp\/v2\/types\/product"}],"wp:featuredmedia":[{"embeddable":true,"href":"https:\/\/start.finder-portal.com\/pt-pt\/wp-json\/wp\/v2\/media\/4876655"}],"wp:attachment":[{"href":"https:\/\/start.finder-portal.com\/pt-pt\/wp-json\/wp\/v2\/media?parent=4981468"}],"wp:term":[{"taxonomy":"product_brand","embeddable":true,"href":"https:\/\/start.finder-portal.com\/pt-pt\/wp-json\/wp\/v2\/product_brand?post=4981468"},{"taxonomy":"product_cat","embeddable":true,"href":"https:\/\/start.finder-portal.com\/pt-pt\/wp-json\/wp\/v2\/product_cat?post=4981468"},{"taxonomy":"product_tag","embeddable":true,"href":"https:\/\/start.finder-portal.com\/pt-pt\/wp-json\/wp\/v2\/product_tag?post=4981468"}],"curies":[{"name":"wp","href":"https:\/\/api.w.org\/{rel}","templated":true}]}}